{"id":86668,"date":"2024-07-16T14:16:50","date_gmt":"2024-07-16T12:16:50","guid":{"rendered":"https:\/\/develop.genium.click\/lynxeds\/acerca-del-manual-de-las-aves-del-mundo\/"},"modified":"2024-07-16T14:16:50","modified_gmt":"2024-07-16T12:16:50","slug":"acerca-del-manual-de-las-aves-del-mundo","status":"publish","type":"page","link":"https:\/\/lynxnaturebooks.com\/es\/acerca-del-manual-de-las-aves-del-mundo\/","title":{"rendered":"Acerca del Manual de las Aves del Mundo"},"content":{"rendered":"\n<h1 class=\"wp-block-heading\"><em>Manual de las Aves del Mundo<\/em><\/h1>\n\n<h2 class=\"wp-block-heading\">La mayor obra ornitol\u00f3gica de nuestro tiempo.<\/h2>\n\n<p><img decoding=\"async\" src=\"https:\/\/www.lynxeds.com\/sites\/all\/themes\/lynxeds\/assets\/complete-HBW.jpg\" alt=\"Colecci&#xF3;n completa de HBW\"\/><br\/>&#8220;En Espa\u00f1a tenemos un dicho: no se puede amar lo que no se conoce. Si un p\u00e1jaro se extingue antes de que nadie lo haya fotografiado o escrito sobre \u00e9l, no te importa. Pero una vez que has visto lo hermosa y fascinante que es, s\u00ed te importa. Esperamos que ahora que la gente conoce los hechos, haga algo para salvar la especie antes de que sea demasiado tarde&#8221;.<\/p>\n\n<p>Josep del Hoyo<br\/>En una entrevista con la BBC Wildlife Magazine<\/p>\n\n<div style=\"height:30px\" aria-hidden=\"true\" class=\"wp-block-spacer\"><\/div>\n\n<h2 class=\"wp-block-heading\" id=\"introduction\">Introducci\u00f3n<\/h2>\n\n<p>El<em> Manual de las Aves <\/em> del Mundo (HBW) es la primera obra que ilustra y trata en detalle todas las especies vivas de aves. La enciclopedia de 17 vol\u00famenes contiene textos e ilustraciones de 277 autores y 33 ilustradores de 40 pa\u00edses.<\/p>\n\n<p>Aclamado como el proyecto editorial m\u00e1s notable sobre las aves jam\u00e1s concebido y ejecutado, es tambi\u00e9n la primera obra que abarca toda una Clase del Reino Animal.<\/p>\n\n<p>La serie es recopilada por organizaciones cient\u00edficas, observadores de aves y aficionados a la fauna salvaje de m\u00e1s de 150 pa\u00edses. Imprescindible para bibliotecas, universidades, ornit\u00f3logos y observadores de aves, HBW va camino de convertirse en una valiosa pieza de coleccionista.<\/p>\n\n<p><strong>HBW EN N\u00daMEROS<\/strong><\/p>\n\n<figure class=\"wp-block-table\"><table><tbody><tr><td><strong>CARACTER\u00cdSTICAS<\/strong><\/td><td><strong>PERSONAS IMPLICADAS<\/strong><\/td><\/tr><tr><td>17 vol\u00famenes 1.030 l\u00e1minas 20.617 figuras 7.075 fotos 10.200 mapas 13.367 p\u00e1ginas c. 100.000 referencias bibliogr\u00e1ficas<\/td><td>277 autores de 40 pa\u00edses 33 artistas 1.151 Fot\u00f3grafos de fauna y flora 73 personas que trabajan en edici\u00f3n y administraci\u00f3n<\/td><\/tr><\/tbody><\/table><\/figure>\n\n<p>Nuestro compromiso con la serie <em>Manual de las Aves<\/em> del Mundo ha sido tratar e ilustrar cuidadosamente todas las especies de aves del mundo. Esta tarea dur\u00f3 desde 1992, con la publicaci\u00f3n del Volumen 1, hasta 2011, con la publicaci\u00f3n del Volumen 16, que abarca las \u00faltimas familias de aves. La serie se ha complementado con un Volumen Especial (Volumen 17), publicado en 2013, que abarca 69 especies realmente nuevas para la ciencia que se describieron despu\u00e9s de la publicaci\u00f3n de sus respectivos vol\u00famenes y que, por tanto, no figuraban en los 16 vol\u00famenes anteriores. Tambi\u00e9n incluye las descripciones cient\u00edficas originales de 15 especies, todas nuevas para la ciencia, y un \u00edndice global de toda la serie.<\/p>\n\n<p>El material de cada volumen est\u00e1 organizado sistem\u00e1ticamente por familias, con un texto introductorio sobre los aspectos generales del grupo, que est\u00e1 generosamente ilustrado con fotograf\u00edas en color. A continuaci\u00f3n se describen las especies individuales, con sus correspondientes mapas de distribuci\u00f3n y l\u00e1minas en color, que ilustran todas las especies, incluidas todas las diferencias sexuales y subespec\u00edficas significativas. Adem\u00e1s, cada volumen contiene un pr\u00f3logo sobre un tema ornitol\u00f3gico concreto de inter\u00e9s.<\/p>\n\n<p>Cada volumen abarca m\u00e1s de 300-800 especies en 600-900 p\u00e1ginas a todo color con 45-81 l\u00e1minas de ilustraciones, cientos de fotograf\u00edas y mapas de distribuci\u00f3n, y miles de referencias.<\/p>\n\n<h2 class=\"wp-block-heading\" id=\"history\"><a><\/a>Historia<\/h2>\n\n<p>Antes de que apareciera el primer volumen de HBW en 1992, la mayor\u00eda de la gente le daba pocas posibilidades de \u00e9xito. El mercado estaba saturado de libros sobre aves, y la idea de que una editorial catalana desconocida produjera la obra definitiva en lengua inglesa sobre las aves parec\u00eda rid\u00edcula. De hecho, el <em>Manual de las Aves<\/em> del Mundo es posiblemente la empresa m\u00e1s ambiciosa jam\u00e1s realizada en el campo de la publicaci\u00f3n de historia natural. La historia de c\u00f3mo se hizo realidad es un tributo a la visi\u00f3n y persistencia de un equipo muy unido.<\/p>\n\n<p><em>Un sue\u00f1o alza el vuelo<\/em><\/p>\n\n<p>A principios de los a\u00f1os ochenta, Josep del Hoyo, m\u00e9dico rural catal\u00e1n, comparti\u00f3 con su amigo Jordi Sargatal una idea: elaborar una obra exhaustiva que abarcase todas las aves del mundo. Tras cuestionar inicialmente la cordura de su amigo, Sargatal acab\u00f3 aceptando el proyecto. Como ambos carec\u00edan de fondos para semejante empresa, se dirigieron a Ram\u00f3n Mascort, abogado y empresario con gran inter\u00e9s por los libros y la naturaleza. Mascort les prometi\u00f3 apoyo financiero. Con la contrataci\u00f3n del escoc\u00e9s Andy Elliott -no s\u00f3lo ornit\u00f3logo, sino tambi\u00e9n experto ling\u00fcista- el \u00e9pico proyecto estaba en marcha.<\/p>\n\n<p><em>Aclamaci\u00f3n internacional<\/em><\/p>\n\n<p>Cuando se filtr\u00f3 la noticia del proyecto a principios de la d\u00e9cada de 1990, la mayor\u00eda de los ornit\u00f3logos se mostraron francamente esc\u00e9pticos, sobre todo al enterarse de que la serie ser\u00eda producida por una editorial desconocida de Barcelona dirigida por dos catalanes y un escoc\u00e9s.<\/p>\n\n<p>Sin embargo, el cinismo se convirti\u00f3 en asombro cuando se public\u00f3 el primer volumen en 1992. El mundo ornitol\u00f3gico qued\u00f3 at\u00f3nito, y HBW recibi\u00f3 excelentes cr\u00edticas en casi todas las revistas especializadas del mundo. El \u00e9xito de la serie se ha atribuido a los textos autorizados y bien escritos, al omnipresente rigor acad\u00e9mico, a las impresionantes fotograf\u00edas y a las magn\u00edficas ilustraciones. Fueran cuales fuesen los factores implicados, el resultado fue un prestigio internacional que permiti\u00f3 la incorporaci\u00f3n de renombrados expertos de todo el mundo como autores de futuros vol\u00famenes, lo que a su vez se tradujo en cr\u00edticas cada vez mejores para cada nuevo volumen. Gracias a la colaboraci\u00f3n de expertos escritores y artistas, HBW se ha convertido en un proyecto verdaderamente internacional, que ha recibido contribuciones de 277 especialistas preeminentes, 33 ilustradores y 1.151 fot\u00f3grafos de todo el mundo.<\/p>\n\n<h2 class=\"wp-block-heading\" id=\"general-objectives\">Objetivos generales<\/h2>\n\n<p>HBW pretende ser una obra de referencia exhaustiva sobre la que probablemente sea la m\u00e1s conocida de todas las Clases del Reino Animal. La obra muestra la extraordinaria diversidad de las aves, abarcando aspectos como las relaciones taxon\u00f3micas, la historia evolutiva, la ecolog\u00eda, los h\u00e1bitos generales, las estrategias de reproducci\u00f3n y el estado actual de las poblaciones a escala mundial. Uno de los principales objetivos es ofrecer una cobertura mundial completa desde un punto de vista genuinamente internacional, mejorando la apreciaci\u00f3n de la diversidad de las aves a escala global, en lugar de regional.<\/p>\n\n<p>De acuerdo con el estrecho v\u00ednculo con BirdLife International, el trabajo tambi\u00e9n pretende hacer hincapi\u00e9 en el estatus y la conservaci\u00f3n y contribuir as\u00ed a la protecci\u00f3n de las aves y sus h\u00e1bitats. Hay muchos libros que tratan el tema de la conservaci\u00f3n, pero HBW va un paso m\u00e1s all\u00e1 al analizar el estado y la conservaci\u00f3n de todas las especies, no s\u00f3lo de las que se sabe o se cree que est\u00e1n amenazadas.<\/p>\n\n<h2 class=\"wp-block-heading\" id=\"classification\"><a><\/a>Clasificaci\u00f3n<\/h2>\n\n<p>Dados los grandes avances en el campo de la clasificaci\u00f3n a lo largo de los a\u00f1os, incluidas las pruebas de ADN, la tarea de decidir el tratamiento taxon\u00f3mico a nivel de familia no fue f\u00e1cil. En general, los editores de HBW optaron por clasificaciones m\u00e1s tradicionales, aunque las alternativas m\u00e1s significativas siempre se tienen en cuenta en el texto de HBW.<\/p>\n\n<h2 class=\"wp-block-heading\" id=\"family-texts\"><a><\/a>Textos familiares<\/h2>\n\n<p>Los relatos familiares son ensayos \u00fatiles, fiables y legibles, acompa\u00f1ados de un generoso uso de fotograf\u00edas en color. Es accesible al lector profano sin eludir las obligaciones para con la ciencia. La profundidad de la informaci\u00f3n sobre cada familia, escrita por expertos bien cualificados, es comparable a la informaci\u00f3n proporcionada en muchas monograf\u00edas familiares, y el resultado es una rara combinaci\u00f3n de erudici\u00f3n rigurosa con un entusiasmo contagioso por el tema.<\/p>\n\n<p>Esta informaci\u00f3n, separada de los textos de las descripciones de las especies, ayuda al lector a destacar las similitudes entre aves emparentadas y tambi\u00e9n a mostrar la gama de variaci\u00f3n. El texto de la familia incluye numerosos ejemplos ilustrativos que dan una idea general de los miembros de la familia, incluidas las especies de las que se sabe muy poco.<\/p>\n\n<p>El texto familiar est\u00e1 organizado en diferentes secciones que abarcan los principales aspectos biol\u00f3gicos de las aves. Son los siguientes: <strong>Sistem\u00e1tica<\/strong>, <strong>Aspectos morfol\u00f3gicos<\/strong>, <strong>H\u00e1bitat<\/strong>, <strong>H\u00e1bitos generales<\/strong>, <strong>Voz<\/strong>, <strong>Alimentaci\u00f3n<\/strong>, <strong>Cr\u00eda<\/strong>, <strong>Desplazamientos<\/strong>, <strong>Relaci\u00f3n con el hombre<\/strong> y <strong>Estado y conservaci\u00f3n<\/strong>. El texto familiar se cierra con una <strong>Bibliograf\u00eda general<\/strong>.<\/p>\n\n<h2 class=\"wp-block-heading\" id=\"photographs\"><a><\/a>Fotograf\u00edas<\/h2>\n\n<p>Los textos sobre las familias est\u00e1n ampliamente ilustrados con impresionantes fotos a todo color que muestran un gran n\u00famero de las especies tratadas, incluidas muchas que rara vez han sido fotografiadas. No se ha dejado piedra sin remover para seleccionar cuidadosamente entre los mejores trabajos de 1.151 profesionales, y el resultado es un conjunto de im\u00e1genes visuales, informativas y art\u00edsticas a partes iguales. Las fotograf\u00edas se han seleccionado principalmente con el objetivo de ilustrar aspectos de la biolog\u00eda o la ecolog\u00eda que se mencionan o explican en el texto, como los m\u00e9todos de termorregulaci\u00f3n, las t\u00e9cnicas de alimentaci\u00f3n o el comportamiento reproductor. Las im\u00e1genes van acompa\u00f1adas de leyendas extensas e informativas.<\/p>\n\n<h2 class=\"wp-block-heading\" id=\"species-accounts\"><a><\/a>Cuentas de especies<\/h2>\n\n<p>Las descripciones de las especies ofrecen una descripci\u00f3n detallada y condensada de los temas tratados en el texto de la familia, aunque est\u00e1n dedicadas exclusivamente a cada una de las especies que forman parte de la familia en cuesti\u00f3n. Se abren con un ep\u00edgrafe sobre la nomenclatura de las especies. Tambi\u00e9n se dan nombres en franc\u00e9s, alem\u00e1n y espa\u00f1ol. Las secciones restantes son Taxonom\u00eda, Subespecie y Distribuci\u00f3n, Notas Descriptivas, H\u00e1bitat, Alimentaci\u00f3n, Cr\u00eda, Desplazamientos y Estado y Conservaci\u00f3n. Al final de la descripci\u00f3n de cada especie se incluye una secci\u00f3n de Bibliograf\u00eda.<\/p>\n\n<p>Sin excepci\u00f3n, cada ficha de especie va acompa\u00f1ada de un mapa de distribuci\u00f3n, cuya funci\u00f3n es dar una idea aproximada del \u00e1rea de distribuci\u00f3n de la especie.<\/p>\n\n<h2 class=\"wp-block-heading\" id=\"plates\"><a><\/a>Placas<\/h2>\n\n<p>Las descripciones de las especies est\u00e1n debidamente ilustradas con l\u00e1minas que muestran todas las especies -incluidas todas las diferencias sexuales y subespec\u00edficas significativas- de todas las familias tratadas. Dado que HBW no pretende funcionar como una gu\u00eda de campo, la ilustraci\u00f3n de la variaci\u00f3n del plumaje se ha limitado a los tipos principalmente conocidos (macho y hembra, e importantes variaciones geogr\u00e1ficas), sin incluir los plumajes inmaduros y no reproductores.<\/p>\n\n<p>Todas las aves que aparecen en una l\u00e1mina se han pintado a la misma escala, y se han colocado estrat\u00e9gicamente para que se correspondan con el orden sistem\u00e1tico de las especies en las descripciones de las especies para facilitar la comparaci\u00f3n directa.<\/p>\n\n<p>Es inevitable que se necesite un equipo de artistas para un proyecto de esta magnitud, pero, aunque se aprecian ligeras diferencias de estilo, ninguno ha ca\u00eddo por debajo de un nivel muy aceptable, sobre todo si se tiene en cuenta que muchas de las especies ilustradas en HBW nunca se hab\u00edan ilustrado antes. Las 1.030 l\u00e1minas, con 20.617 figuras, en 17 Vol\u00famenes ser\u00e1n un monumento vivo a todas las aves del mundo.<\/p>\n\n<h2 class=\"wp-block-heading\" id=\"references\"><a><\/a>Referencias<\/h2>\n\n<p>La secci\u00f3n de Referencias al final de cada volumen consta de dos partes. La primera, titulada &#8220;Referencias de descripciones cient\u00edficas&#8221;, contiene los datos bibliogr\u00e1ficos de las descripciones originales de cada g\u00e9nero, especie y subespecie aceptados en HBW. La otra parte, la &#8220;Lista general de referencias&#8221;, incluye las referencias completas de todas las citas que aparecen en el libro.<\/p>\n\n<h2 class=\"wp-block-heading\" id=\"index\"><a><\/a>\u00cdndice<\/h2>\n\n<p>Cada volumen concluye con un \u00edndice que enumera los nombres ingleses y cient\u00edficos con los n\u00fameros de p\u00e1gina de todos los \u00f3rdenes, familias, g\u00e9neros, especies y subespecies tratados en el volumen. Adem\u00e1s, los n\u00fameros de p\u00e1gina de las fotograf\u00edas est\u00e1n incluidos y especialmente marcados en este \u00edndice.<\/p>\n\n<p><em>Algunos libros de aves est\u00e1n pensados para dar consejos pr\u00e1cticos, mientras que otros sirven como obras de referencia o son simplemente una fuente de puro placer. De un modo u otro, HBW supera las expectativas a todos los niveles. Sigue siendo la obra publicada definitiva sobre la avifauna mundial.<\/em><\/p>\n","protected":false},"excerpt":{"rendered":"<p>Manual de las Aves del Mundo La mayor obra ornitol\u00f3gica de nuestro tiempo. &#8220;En Espa\u00f1a tenemos un dicho: no se puede amar lo que no se conoce. Si un p\u00e1jaro [&hellip;]<\/p>\n","protected":false},"author":25123,"featured_media":0,"parent":0,"menu_order":0,"comment_status":"closed","ping_status":"closed","template":"","meta":{"footnotes":""},"class_list":["post-86668","page","type-page","status-publish","hentry"],"_links":{"self":[{"href":"https:\/\/lynxnaturebooks.com\/es\/wp-json\/wp\/v2\/pages\/86668","targetHints":{"allow":["GET"]}}],"collection":[{"href":"https:\/\/lynxnaturebooks.com\/es\/wp-json\/wp\/v2\/pages"}],"about":[{"href":"https:\/\/lynxnaturebooks.com\/es\/wp-json\/wp\/v2\/types\/page"}],"author":[{"embeddable":true,"href":"https:\/\/lynxnaturebooks.com\/es\/wp-json\/wp\/v2\/users\/25123"}],"replies":[{"embeddable":true,"href":"https:\/\/lynxnaturebooks.com\/es\/wp-json\/wp\/v2\/comments?post=86668"}],"version-history":[{"count":1,"href":"https:\/\/lynxnaturebooks.com\/es\/wp-json\/wp\/v2\/pages\/86668\/revisions"}],"predecessor-version":[{"id":86670,"href":"https:\/\/lynxnaturebooks.com\/es\/wp-json\/wp\/v2\/pages\/86668\/revisions\/86670"}],"wp:attachment":[{"href":"https:\/\/lynxnaturebooks.com\/es\/wp-json\/wp\/v2\/media?parent=86668"}],"curies":[{"name":"wp","href":"https:\/\/api.w.org\/{rel}","templated":true}]}}