{"id":85079,"date":"2018-09-10T13:44:41","date_gmt":"2018-09-10T11:44:41","guid":{"rendered":"https:\/\/develop.genium.click\/lynxeds\/introduccion-al-hmw-volumen-4-mamiferos-marinos\/"},"modified":"2025-03-25T10:48:13","modified_gmt":"2025-03-25T09:48:13","slug":"introduccion-al-hmw-volumen-4-mamiferos-marinos","status":"publish","type":"page","link":"https:\/\/lynxnaturebooks.com\/es\/introduccion-al-hmw-volumen-4-mamiferos-marinos\/","title":{"rendered":"Introducci\u00f3n al HMW Volumen 4: Sea Mammals (mam\u00edferos marinos)"},"content":{"rendered":"\n<h1 class=\"wp-block-heading\">Introducci\u00f3n al HMW Volumen 4: Mam\u00edferos marinos<\/h1>\n\n\n\n<p>El volumen 4 del <em>Handbook of the Mammals of the World<\/em> (HMW ) abarca 19 familias de tres \u00f3rdenes. Aunque aqu\u00ed se presentan juntos, su agrupaci\u00f3n bajo el t\u00e9rmino &#8220;mam\u00edferos marinos&#8221; responde m\u00e1s a criterios pr\u00e1cticos que filogen\u00e9ticos. Tradicionalmente, los mam\u00edferos que habitan en ambientes oce\u00e1nicos se han tratado de forma conjunta, por lo que en este volumen hemos reunido las tres familias que incluyen a las focas sin orejas, las focas con orejas y la morsa (<em>Odobenus rosmarus<\/em>), com\u00fanmente llamadas pinn\u00edpedos \u2014del lat\u00edn <em>pinnipedia<\/em>, que significa &#8220;pies en forma de aleta&#8221;\u2014, con los sir\u00e9nidos (manat\u00edes, <em>Trichechus<\/em> spp., y el dugongo, <em>Dugong dugon<\/em>) y los cet\u00e1ceos. Filogen\u00e9ticamente, los pinn\u00edpedos pertenecen al orden Carnivora, que ya fue tratado en el Volumen 1 de esta serie. Los sir\u00e9nidos, por su parte, est\u00e1n evolutivamente m\u00e1s alejados tanto de los pinn\u00edpedos como de los cet\u00e1ceos, pero las similitudes ecol\u00f3gicas entre los tres grupos justifican su tratamiento conjunto en este volumen.<\/p>\n\n\n\n<p>Comenzamos el volumen con un cap\u00edtulo especial dedicado a los mam\u00edferos marinos y su conservaci\u00f3n, en el contexto m\u00e1s amplio de la conservaci\u00f3n marina y el cambio clim\u00e1tico, dado que se trata de cuestiones cada vez m\u00e1s preocupantes. Otro tema que genera preocupaci\u00f3n, y una considerable controversia, es la clasificaci\u00f3n del orden Cetacea. Hemos seguido la disposici\u00f3n tradicional ejemplificada por la tercera edici\u00f3n de <em>Mammal Species of the World<\/em> (MSW), publicada en 2005. No obstante, hemos introducido diversas mejoras y actualizaciones. En este volumen se han incorporado las opiniones de los autores, todos ellos reconocidas autoridades en sus campos. Se han a\u00f1adido descripciones de nuevas especies y revisiones sistem\u00e1ticas en curso, que contin\u00faan ampliando nuestro conocimiento sobre las relaciones filogen\u00e9ticas de las familias tratadas en este volumen. La secci\u00f3n de Sistem\u00e1tica en cada ficha familiar repasa los trabajos taxon\u00f3micos en desarrollo y la investigaci\u00f3n reciente con nuevas t\u00e9cnicas moleculares, que han revolucionado nuestra capacidad de analizar las relaciones evolutivas..<\/p>\n\n\n\n<p>Recientemente, existen pruebas moleculares s\u00f3lidas de la estrecha relaci\u00f3n evolutiva entre los cet\u00e1ceos y la familia Hippopotamidae del orden tradicional Artiodactyla. Esto ha dado lugar a argumentos bien fundamentados para combinar ambos grupos en un \u00fanico orden, Cetartiodactyla. Creemos que a la mayor\u00eda de nuestros lectores les resultar\u00e1 m\u00e1s sencillo utilizar el volumen tal y como est\u00e1 dispuesto, aunque con la advertencia de que podr\u00eda aceptarse pronto una clasificaci\u00f3n ampliamente modificada de las categor\u00edas superiores de los mam\u00edferos. Para conocer las versiones m\u00e1s actualizadas de este estudio en curso sobre las relaciones filogen\u00e9ticas de todos los mam\u00edferos marinos, recomendamos visitar el sitio web de la <a href=\"http:\/\/www.marinemammalscience.org\" target=\"_blank\" rel=\"noopener\">Society for Marine Mammalogy<\/a>.<\/p>\n\n\n\n<p>Los pinn\u00edpedos se encuentran en aguas costeras de todo el mundo. Las focas con orejas de la familia Otariidae incluyen las focas peleteras y los leones marinos. Habitan en todos los oc\u00e9anos excepto en el Atl\u00e1ntico Norte y est\u00e1n mejor adaptadas al desplazamiento en tierra que sus parientes f\u00f3cidos, ya que pueden girar sus aletas traseras bajo el cuerpo. Al igual que los f\u00f3cidos, llevan un estilo de vida anfibio: se reproducen en tierra, pero pasan la mayor parte del tiempo en el agua. Son carn\u00edvoros altamente especializados que se alimentan de peces, crust\u00e1ceos y cefal\u00f3podos, y se han adaptado a una amplia variedad de h\u00e1bitats marinos costeros.<\/p>\n\n\n\n<p>La familia Odobenidae es quiz\u00e1 la m\u00e1s especializada, con una sola especie viva, la Morsa, que habita en las aguas \u00e1rticas y sub\u00e1rticas del hemisferio norte. Las morsas son enormes, con cuerpos casi tan anchos como largos y cabezas peque\u00f1as posadas sobre ellos. Ambos sexos presentan dientes caninos alargados que forman los caracter\u00edsticos colmillos. Cuando nadan, utilizan sus aletas traseras para impulsarse mientras buscan alimento en el fondo marino. En tierra, las morsas pueden caminar sobre sus cuatro extremidades, usando sus colmillos para ayudarse a mover sus pesados cuerpos. Al igual que los f\u00f3cidos, carecen de pabellones auditivos externos. A diferencia de los machos ot\u00e1ridos y f\u00f3cidos, los machos adultos de morsa est\u00e1n casi completamente desnudos, con solo algunos pelos dispersos por el cuerpo. No obstante, su piel es muy gruesa, lo que les proporciona protecci\u00f3n durante las peleas.<\/p>\n\n\n\n<p>La \u00faltima de las familias de pinn\u00edpedos, las focas sin orejas de la familia Phocidae, es m\u00e1s com\u00fan en aguas templadas y polares que en los mares tropicales. Estas verdaderas focas, como tambi\u00e9n se las conoce, est\u00e1n m\u00e1s adaptadas a la vida oce\u00e1nica que sus parientes ot\u00e1ridos y las focas peleteras. Pueden nadar largas distancias, bucear profundamente durante largos periodos de tiempo y, en general, se desenvuelven mucho mejor en el agua que en tierra.<\/p>\n\n\n\n<p>El grueso del volumen est\u00e1 dedicado a los cet\u00e1ceos, con diferencia el grupo m\u00e1s numeroso de mam\u00edferos que habitan los oc\u00e9anos de forma permanente. Las ballenas francas pertenecen a la familia Balaenidae, que consta de cuatro especies repartidas en dos g\u00e9neros y que habitan en todas las aguas excepto las tropicales. Uno de los g\u00e9neros contiene solo a la ballena de Groenlandia (Balaena mysticetus), mientras que las tres especies de ballenas francas verdaderas pertenecen al g\u00e9nero Eubalaena. Su mand\u00edbula superior, curiosamente arqueada, alberga barbas excepcionalmente largas, que utilizan para filtrar kril y peque\u00f1os crust\u00e1ceos del agua. Su aspecto robusto y sus grandes cabezas les confieren una apariencia distintiva entre los cet\u00e1ceos de gran tama\u00f1o. El nombre de ballena franca proviene de los primeros balleneros, que las consideraban la especie \u201cadecuada\u201d para cazar.<\/p>\n\n\n\n<p>El \u00fanico miembro de la familia Neobalaenidae, la ballena franca pigmea <em>(Caperea marginata<\/em>), solo comparte el nombre con las ballenas francas, ya que est\u00e1 relacionada con un grupo f\u00f3sil conocido como cetoterios y probablemente tenga mayor parentesco con los rorcuales y la ballena gris (<em>Eschrichtius robustus<\/em>) que con las ballenas francas. Su distribuci\u00f3n se limita al Oc\u00e9ano Austral y entra en contacto con los extremos de los continentes meridionales. Es, con diferencia, la m\u00e1s peque\u00f1a de las ballenas barbadas.<\/p>\n\n\n\n<p>Otra familia monot\u00edpica, la Eschrichtiidae, contiene \u00fanicamente a la ballena gris. Actualmente est\u00e1 restringida al norte del oc\u00e9ano Pac\u00edfico, donde es una migrante habitual a lo largo de la costa occidental de Norteam\u00e9rica. Su distribuci\u00f3n se extiende por el \u00c1rtico hasta una poblaci\u00f3n en peligro en el oeste del Pac\u00edfico, frente a las costas de Asia. La poblaci\u00f3n del Pac\u00edfico oriental se reproduce frente a las costas de M\u00e9xico, donde resulta muy popular entre los observadores de ballenas.<\/p>\n\n\n\n<p>Los cet\u00e1ceos de mayor tama\u00f1o pertenecen a la familia Balaenopteridae, presente en mares de todo el mundo. Incluye siete especies de rorcuales (<em>Balaenoptera<\/em> spp.) o grandes ballenas barbadas, adem\u00e1s de la ballena jorobada (<em>Megaptera novaeangliae<\/em>). Esta familia contiene al mayor mam\u00edfero vivo, la ballena azul (<em>B. musculus<\/em>), que puede alcanzar hasta 150 toneladas. Fue una de las m\u00e1s afectadas por la industria ballenera del siglo XIX y varias de sus especies est\u00e1n actualmente incluidas como amenazadas en la Lista Roja de la UICN.<\/p>\n\n\n\n<p>El magn\u00edfico Cachalote (<em>Physeter macrocephalus<\/em>) es la \u00fanica especie de la familia Physeteridae. Fue objeto de intensa caza en el siglo XIX por el \u00e1mbar gris y el aceite de esperma. La mand\u00edbula inferior contiene grandes dientes muy valorados en muchas culturas. Moby Dick, el c\u00e9lebre personaje de la novela de Herman Melville, era un cachalote. De hecho, se encontraban entre las ballenas m\u00e1s peligrosas de cazar. A pesar de su persecuci\u00f3n, el cachalote sigue presente en todos los oc\u00e9anos profundos del mundo.<\/p>\n\n\n\n<p>El cachalote pigmeo (<em>Kogia breviceps<\/em>) y el cachalote enano (<em>K. simus<\/em>) se incluyeron anteriormente en la familia Physeteridae, pero actualmente se consideran una familia aparte: Kogiidae. Son mucho m\u00e1s peque\u00f1os y morfol\u00f3gicamente muy distintos a los cachalotes. La familia tiene una distribuci\u00f3n cosmopolita, presente tanto en oc\u00e9anos templados como tropicales. Una caracter\u00edstica que s\u00ed comparten con su pariente mayor es la presencia de un \u00f3rgano de espermaceti.<\/p>\n\n\n\n<p>Con 22 especies en seis g\u00e9neros, la extensa y pel\u00e1gica familia Ziphiidae, o zifios, se cuenta entre las m\u00e1s diversas de los cet\u00e1ceos. Aunque representan aproximadamente una cuarta parte de las especies conocidas de cet\u00e1ceos, siguen siendo uno de los grupos menos comprendidos debido a sus h\u00e1bitos pel\u00e1gicos. Su estado de conservaci\u00f3n es especialmente dif\u00edcil de evaluar porque la mayor parte de lo que sabemos procede de individuos varados ocasionales que aparecen en la costa. Un ejemplo de especie reconocida recientemente es <em>Mesoplodon hotaula<\/em>, un nombre resucitado de la sinonimia de <em>Mesoplodon ginkgodens<\/em> para siete ejemplares de islas dispersas en los oc\u00e9anos \u00cdndico y Pac\u00edfico. Fue descrita como especie nueva en 1963 simplemente porque el autor no conoc\u00eda la descripci\u00f3n anterior de <em>M. ginkgodens<\/em>, y result\u00f3 ser una descripci\u00f3n sorprendentemente premonitoria, ya que estudios moleculares recientes confirmaron la existencia de ambas especies.<\/p>\n\n\n\n<p>Curiosamente, varias especies de delfines se han adaptado a h\u00e1bitats de agua dulce en regiones muy dispares del mundo, y encuentran a sus parientes m\u00e1s cercanos entre los zifios pel\u00e1gicos de amplia distribuci\u00f3n. Anteriormente se pensaba que pertenec\u00edan a dos familias, Platanistidae e Iniidae, pero ahora reconocemos cuatro familias conocidas colectivamente como delfines de r\u00edo.<\/p>\n\n\n\n<p>Platanistidae contiene una \u00fanica especie, el delf\u00edn del r\u00edo del sur de Asia (<em>Platanista gangetica<\/em>), que habita los r\u00edos Ganges e Indo. Estos delfines son casi ciegos y probablemente dependen en gran medida de la ecolocalizaci\u00f3n para orientarse y encontrar alimento.<\/p>\n\n\n\n<p>La familia Iniidae ofrece una ilustraci\u00f3n llamativa de c\u00f3mo incluso especies aparentemente bien conocidas pueden resultar ser compuestas. Se pensaba que los delfines del r\u00edo Amazonas pertenec\u00edan a una sola especie, <em>Inia geoffrensis<\/em> (el arreglo seguido por MSW), o m\u00e1s recientemente, a dos especies, reconociendo tambi\u00e9n al boto boliviano (<em>I. boliviensis<\/em>). Sin embargo, en 2014 se describi\u00f3 una tercera especie, el boto del Araguaia (<em>I. araguaiaensis<\/em>), procedente de un r\u00edo aislado del centro de Brasil. Dado que los delfines de r\u00edo se encuentran entre los mam\u00edferos m\u00e1s raros y amenazados del mundo, el descubrimiento de una nueva especie constituye una noticia verdaderamente emocionante.<\/p>\n\n\n\n<p>La familia Lipotidae contiene una sola especie, el Baiji (<em>Lipotes vexillifer<\/em>), que se encuentra en los tramos medio e inferior del r\u00edo Yangts\u00e9, en China. El Baiji est\u00e1 en peligro debido al desarrollo industrial, la contaminaci\u00f3n de los r\u00edos y la pesca comercial. En un estudio reciente no se registraron avistamientos de esta especie, y es posible que se haya extinguido.<\/p>\n\n\n\n<p>Completando las familias de delfines de r\u00edo, la familia Pontoporiidae incluye \u00fanicamente a la franciscana (<em>Pontoporia blainvillei<\/em>). Esta especie no es un verdadero delf\u00edn de agua dulce, aunque penetra en el r\u00edo de la Plata y su estuario. Es principalmente una especie marina costera, que se extiende hasta unos 50 kil\u00f3metros mar adentro a lo largo del este de Sudam\u00e9rica.<\/p>\n\n\n\n<p>Dos de los cet\u00e1ceos m\u00e1s curiosos, el narval (<em>Monodon monoceros<\/em>) y la beluga (<em>Delphinapterus leucas<\/em>), componen la familia Monodontidae. Ambas especies est\u00e1n restringidas a las aguas \u00e1rticas y sub\u00e1rticas del hemisferio norte. Los narvales son los unicornios del mar, y los machos poseen un \u00fanico colmillo largo que se extiende en espiral desde su hocico romo. Las belugas son las \u00fanicas ballenas completamente blancas y viajan en grupos de hasta varios cientos de individuos.<\/p>\n\n\n\n<p>Con 36 especies en 17 g\u00e9neros, Delphinidae es claramente la familia m\u00e1s diversa de cet\u00e1ceos. Tambi\u00e9n puede considerarse la m\u00e1s compleja desde el punto de vista taxon\u00f3mico. Esta familia de delfines oce\u00e1nicos incluye algunos de los cet\u00e1ceos m\u00e1s familiares, como los delfines mulares (<em>Tursiops spp.<\/em>) y la orca (<em>Orcinus orca<\/em>). Los delf\u00ednidos ocupan pr\u00e1cticamente todas las aguas marinas, desde las zonas costeras hasta h\u00e1bitats de aguas profundas. Aunque aqu\u00ed presentamos la disposici\u00f3n consensuada actual de las especies, esta familia es una de las m\u00e1s susceptibles a cambios en su clasificaci\u00f3n en un futuro pr\u00f3ximo.<\/p>\n\n\n\n<p>La familia Phocoenidae, las marsopas, incluye siete especies en cuatro g\u00e9neros. Las marsopas son animales principalmente costeros que se encuentran en todos los oc\u00e9anos del hemisferio norte, a lo largo de la costa de Sudam\u00e9rica y en aguas circunant\u00e1rticas. Se extienden hasta el sudeste asi\u00e1tico, donde algunas penetran en ciertos sistemas fluviales. Aunque las especies m\u00e1s conocidas, como la marsopa com\u00fan (<em>Phocoena phocoena<\/em>), habitan principalmente bah\u00edas y estuarios, algunas especies se adentran en aguas profundas.<\/p>\n\n\n\n<p>Por \u00faltimo, los sirenios quiz\u00e1 sean los mam\u00edferos marinos m\u00e1s inusuales. Como su nombre sugiere, evocan antiguas historias sobre criaturas marinas m\u00edticas. La familia Trichechidae, los manat\u00edes, contiene tres especies, ampliamente separadas entre poblaciones caribe\u00f1as, amaz\u00f3nicas y del \u00c1frica occidental. La otra familia, Dugongidae, incluye \u00fanicamente una especie viva, el dugongo, que se encuentra sobre todo en aguas australianas e indopac\u00edficas. Una especie recientemente extinta, la vaca marina de Steller (<em>Hydrodamalis gigas<\/em>), estaba restringida a las aguas del Pac\u00edfico Norte. Todos los sirenios vivos son criaturas apacibles y de movimientos lentos que se alimentan de pastos marinos en aguas costeras poco profundas y r\u00edos.<\/p>\n\n\n\n<p>Finalmente, queremos decir unas palabras sobre algunas convenciones propias de este volumen, ya que los mam\u00edferos marinos presentan caracter\u00edsticas \u00fanicas en comparaci\u00f3n con el resto de los mam\u00edferos. En vol\u00famenes anteriores, utilizamos sistem\u00e1ticamente la longitud cabeza-cuerpo, pero en el caso de los cet\u00e1ceos, la medida m\u00e1s habitual es la longitud total, que se toma desde la punta de la mand\u00edbula superior hasta la hendidura de las aletas caudales. Igualmente, conviene hacer una advertencia sobre los mapas de distribuci\u00f3n. En el caso de los mam\u00edferos terrestres, tenemos mayor confianza en sus distribuciones porque normalmente se adhieren a determinados h\u00e1bitats dentro de \u00e1reas relativamente peque\u00f1as. Para las especies oce\u00e1nicas, presentamos las distribuciones como mapas de formas que abarcan vastas extensiones de aguas oce\u00e1nicas, aunque suponemos que los animales no se distribuyen uniformemente por dichas zonas. Muchas distribuciones de mam\u00edferos marinos se conocen principalmente a partir de observaciones a lo largo de las costas o de ejemplares varados en playas. Los avistamientos pel\u00e1gicos sugieren amplias distribuciones para muchas especies, pero los detalles siguen siendo escasos para buena parte de ellas.<\/p>\n\n\n\n<p><strong>Don E. Wilson<\/strong><\/p>\n","protected":false},"excerpt":{"rendered":"<p>Introducci\u00f3n al HMW Volumen 4: Mam\u00edferos marinos El volumen 4 del Handbook of the Mammals of the World (HMW ) abarca 19 familias de tres \u00f3rdenes. Aunque aqu\u00ed se presentan [&hellip;]<\/p>\n","protected":false},"author":25123,"featured_media":0,"parent":0,"menu_order":0,"comment_status":"closed","ping_status":"closed","template":"","meta":{"footnotes":""},"class_list":["post-85079","page","type-page","status-publish","hentry"],"_links":{"self":[{"href":"https:\/\/lynxnaturebooks.com\/es\/wp-json\/wp\/v2\/pages\/85079","targetHints":{"allow":["GET"]}}],"collection":[{"href":"https:\/\/lynxnaturebooks.com\/es\/wp-json\/wp\/v2\/pages"}],"about":[{"href":"https:\/\/lynxnaturebooks.com\/es\/wp-json\/wp\/v2\/types\/page"}],"author":[{"embeddable":true,"href":"https:\/\/lynxnaturebooks.com\/es\/wp-json\/wp\/v2\/users\/25123"}],"replies":[{"embeddable":true,"href":"https:\/\/lynxnaturebooks.com\/es\/wp-json\/wp\/v2\/comments?post=85079"}],"version-history":[{"count":4,"href":"https:\/\/lynxnaturebooks.com\/es\/wp-json\/wp\/v2\/pages\/85079\/revisions"}],"predecessor-version":[{"id":94575,"href":"https:\/\/lynxnaturebooks.com\/es\/wp-json\/wp\/v2\/pages\/85079\/revisions\/94575"}],"wp:attachment":[{"href":"https:\/\/lynxnaturebooks.com\/es\/wp-json\/wp\/v2\/media?parent=85079"}],"curies":[{"name":"wp","href":"https:\/\/api.w.org\/{rel}","templated":true}]}}