{"id":6095,"date":"2019-02-18T16:22:48","date_gmt":"2019-02-18T15:22:48","guid":{"rendered":"https:\/\/www.lynxeds.com\/?page_id=6095"},"modified":"2024-11-26T13:12:06","modified_gmt":"2024-11-26T12:12:06","slug":"contacto","status":"publish","type":"page","link":"https:\/\/lynxnaturebooks.com\/es\/contacto\/","title":{"rendered":"Contacta con nosotros"},"content":{"rendered":"\n<h2 class=\"wp-block-heading\">Contacta con nosotros<\/h2>\n\n\n\n<h3 class=\"wp-block-heading\"><strong>Correo electr\u00f3nico:<\/strong><\/h3>\n\n\n\n<p><a href=\"mailto:lynx@lynxnaturebooks.com\">lynx@lynxnaturebooks.com<\/a><\/p>\n\n\n\n<hr class=\"wp-block-separator has-alpha-channel-opacity\"\/>\n\n\n\n<h3 class=\"wp-block-heading\"><strong>Tel\u00e9fono:  <\/strong><\/h3>\n\n\n\n<p>+34 93 404 43 53<\/p>\n\n\n\n<p>Horario de contacto telef\u00f3nico: <strong>De lunes a viernes<\/strong><br>9:00 h &#8211; 15:00 h (UTC+02:00)<\/p>\n\n\n\n<hr class=\"wp-block-separator has-alpha-channel-opacity\"\/>\n\n\n\n<h3 class=\"wp-block-heading\"><strong>Direcci\u00f3n:<\/strong><\/h3>\n\n\n\n<p>Alada Books, S.L.<br>Tamarit, 144-146, Entl. 1B<br>E-08015 Barcelona<br>Espa\u00f1a<\/p>\n\n\n\n<p><a href=\"https:\/\/lynxnaturebooks.com\/wp-content\/uploads\/2024\/11\/contacto_gpsr.txt\">Documento de contacto de seguridad a efectos de GPSR<\/a>.<\/p>\n","protected":false},"excerpt":{"rendered":"<p>Contacta con nosotros Correo electr\u00f3nico: lynx@lynxnaturebooks.com Tel\u00e9fono: +34 93 404 43 53 Horario de contacto telef\u00f3nico: De lunes a viernes9:00 h &#8211; 15:00 h (UTC+02:00) Direcci\u00f3n: Alada Books, S.L.Tamarit, 144-146, [&hellip;]<\/p>\n","protected":false},"author":25123,"featured_media":0,"parent":0,"menu_order":0,"comment_status":"closed","ping_status":"closed","template":"","meta":{"footnotes":""},"class_list":["post-6095","page","type-page","status-publish","hentry"],"_links":{"self":[{"href":"https:\/\/lynxnaturebooks.com\/es\/wp-json\/wp\/v2\/pages\/6095","targetHints":{"allow":["GET"]}}],"collection":[{"href":"https:\/\/lynxnaturebooks.com\/es\/wp-json\/wp\/v2\/pages"}],"about":[{"href":"https:\/\/lynxnaturebooks.com\/es\/wp-json\/wp\/v2\/types\/page"}],"author":[{"embeddable":true,"href":"https:\/\/lynxnaturebooks.com\/es\/wp-json\/wp\/v2\/users\/25123"}],"replies":[{"embeddable":true,"href":"https:\/\/lynxnaturebooks.com\/es\/wp-json\/wp\/v2\/comments?post=6095"}],"version-history":[{"count":5,"href":"https:\/\/lynxnaturebooks.com\/es\/wp-json\/wp\/v2\/pages\/6095\/revisions"}],"predecessor-version":[{"id":92228,"href":"https:\/\/lynxnaturebooks.com\/es\/wp-json\/wp\/v2\/pages\/6095\/revisions\/92228"}],"wp:attachment":[{"href":"https:\/\/lynxnaturebooks.com\/es\/wp-json\/wp\/v2\/media?parent=6095"}],"curies":[{"name":"wp","href":"https:\/\/api.w.org\/{rel}","templated":true}]}}