{"id":6056,"date":"2018-08-30T11:18:26","date_gmt":"2018-08-30T09:18:26","guid":{"rendered":"https:\/\/www.lynxeds.com\/?page_id=6056"},"modified":"2025-09-26T11:02:16","modified_gmt":"2025-09-26T09:02:16","slug":"terminos-y-condiciones","status":"publish","type":"page","link":"https:\/\/lynxnaturebooks.com\/es\/terminos-y-condiciones\/","title":{"rendered":"T\u00e9rminos y condiciones"},"content":{"rendered":"\n<h1 class=\"wp-block-heading\">T\u00e9rminos y condiciones<\/h1>\n\n<p><strong>Comprar en nuestra p\u00e1gina web es r\u00e1pido, f\u00e1cil y seguro. Toda la informaci\u00f3n que nos env\u00edes se transfiere a trav\u00e9s de nuestro servidor seguro. Para evitar pedidos duplicados, te rogamos que no env\u00edes tu pedido por varios m\u00e9todos.  <\/strong><\/p>\n\n<h3 class=\"wp-block-heading\"><strong>Librer\u00edas y distribuidoras<\/strong><\/h3>\n\n<p>Ofrecemos condiciones y descuentos especiales para librerias. Para m\u00e1s informaci\u00f3n, haz clic <a href=\"https:\/\/lynxnaturebooks.com\/es\/trade-info-esp\/\">aqu\u00ed<\/a>. Por favor, si eres una librer\u00eda, no hagas tu pedido en la web.   <\/p>\n\n<h3 class=\"wp-block-heading\"><strong>Pedidos por correo electr\u00f3nico o tel\u00e9fono<\/strong><\/h3>\n\n<p>Si prefieres no hacer el pedido online, puedes hacerlo por:<\/p>\n\n<p><strong>Correo electr\u00f3nico<\/strong>: lynx@lynxnaturebooks.com<br\/><strong>Tel\u00e9fono<\/strong>: +34 93 404 43 53<\/p>\n\n<hr class=\"wp-block-separator has-alpha-channel-opacity\"\/>\n\n<h3 class=\"wp-block-heading\"><strong>ENV\u00cdOS<\/strong><\/h3>\n\n<p><em>\u00bfA qu\u00e9 pa\u00edses envi\u00e1is?<\/em><\/p>\n\n<p>Ofrecemos env\u00edos a todo el mundo (excepto a Bielorrusia, Ir\u00e1n, Israel, Myanmar, Territorio Palestino, Rusia, Ucrania y Vietnam).<\/p>\n\n<p><em>\u00bfC\u00f3mo se calcula el plazo de entrega?<\/em><\/p>\n\n<p>Los plazos de entrega estimados se calculan en funci\u00f3n de los siguientes factores:<\/p>\n\n<p>\u00b7 Procesamiento del pedido: Una vez autorizado y verificado tu pago, procesaremos tu pedido en 1\u20132 d\u00edas laborables.<\/p>\n\n<p>\u00b7 Tiempo de tr\u00e1nsito: Los plazos de entrega var\u00edan seg\u00fan el destino y el m\u00e9todo de env\u00edo. Aunque nos esforzamos por entregar los pedidos con prontitud, no podemos garantizar plazos de entrega exactos debido a factores que escapan a nuestro control, como retrasos del servicio de mensajer\u00eda o tr\u00e1mites aduaneros. <\/p>\n\n<p><em>Plazos estimados de env\u00edo<\/em><\/p>\n\n<p>Generalmente, los art\u00edculos enviados suelen entregarse seg\u00fan los plazos que se indican a continuaci\u00f3n:<\/p>\n\n<p><strong>Espa\u00f1a y Portugal:<\/strong> Courier (Correos Express): 24-48 horas. Entrega puerta a puerta con n\u00famero de seguimiento.<\/p>\n\n<p><strong>Uni\u00f3n Europea y Reino Unido:<\/strong> Semi-courier con n\u00famero de seguimiento: 3-6 d\u00edas laborables, dependiendo del pa\u00eds de destino. Entrega puerta a puerta con n\u00famero de seguimiento.<\/p>\n\n<p><strong>EE.UU., Canad\u00e1, Australia, Nueva Zelanda, Sud\u00e1frica y Colombia:<\/strong> Mensajer\u00eda con n\u00famero de seguimiento: 5-12 d\u00edas laborables, dependiendo del pa\u00eds de destino. Entrega puerta a puerta con n\u00famero de seguimiento.<\/p>\n\n<p><strong>Resto del mundo:<\/strong> Mensajer\u00eda con n\u00famero de seguimiento: 6-14 d\u00edas laborables, dependiendo del pa\u00eds de destino. Entrega puerta a puerta con n\u00famero de seguimiento.<\/p>\n\n<p>*Ten en cuenta que se trata s\u00f3lo de plazos de entrega estimados. Aproximadamente el 90% de los pedidos llegan dentro de este plazo.<\/p>\n\n<p><em>\u00bfOfrec\u00e9is env\u00edo urgente?<\/em><\/p>\n\n<p>Para <strong>entregas urgentes<\/strong> podemos organizar un servicio expr\u00e9s. Por favor, contacta con nuestro equipo de atenci\u00f3n al cliente (<a href=\"mailto:lynx@lynxnaturebooks.com\">lynx@lynxlynxnaturebooks.com<\/a>) para solicitar un presupuesto. El env\u00edo expr\u00e9s no est\u00e1 disponible para entregas a apartados postales.  <\/p>\n\n<p><em>Gastos de env\u00edo<\/em><\/p>\n\n<p>Los gastos de env\u00edo se calculan en funci\u00f3n de varios factores, incluyendo el destino, el peso del paquete, el m\u00e9todo de env\u00edo y el valor total del pedido. Estos costes se mostrar\u00e1n durante el proceso de pago antes de confirmar la compra. <\/p>\n\n<p><em>Aduanas e impuestos<\/em><\/p>\n\n<p>Ten en cuenta que <strong>los gastos de env\u00edo no incluyen aranceles, impuestos u otras tasas de importaci\u00f3n<\/strong> que puedan aplicarse a tu pedido. Estos costes adicionales est\u00e1n determinados por las normativas aduaneras del pa\u00eds de destino y quedan fuera de nuestro control. <\/p>\n\n<p>Es importante entender que no podemos prever si a tu pedido se le aplicar\u00e1n aranceles o impuestos ni, en su caso, cu\u00e1l ser\u00e1 su importe. Estas tasas suelen cobrarse a la llegada del paquete al pa\u00eds de destino y deben ser pagadas por el destinatario. <\/p>\n\n<p>Recomendamos encarecidamente consultar con tu oficina de aduanas local para obtener m\u00e1s informaci\u00f3n sobre posibles tasas antes de realizar tu pedido. Esto te ayudar\u00e1 a evitar cargos inesperados y retrasos en la recepci\u00f3n de tu paquete. <\/p>\n\n<p>Al realizar un pedido en nuestra p\u00e1gina web, reconoces que eres responsable de cualquier derecho de aduana, impuesto o tasa adicional impuesta por tu pa\u00eds de destino. \u00a1Gracias por tu comprensi\u00f3n! <\/p>\n\n<hr class=\"wp-block-separator has-alpha-channel-opacity\"\/>\n\n<h3 class=\"wp-block-heading\"><strong>M\u00c9TODOS DE PAGO<\/strong><\/h3>\n\n<p>Ofrecemos varias opciones de pago seguro, todas protegidas por encriptaci\u00f3n. Los datos de pago no se almacenan en nuestra base de datos. Los m\u00e9todos de pago disponibles se mostrar\u00e1n durante el pago, incluyendo:  <\/p>\n\n<p><strong>Tarjetas de cr\u00e9dito y d\u00e9bito<\/strong> (Visa, MasterCard, American Express, Google Pay, Apple Pay). Los pagos con tarjeta de cr\u00e9dito se procesan siempre en euros. Alada Books, S.L. no puede responsabilizarse de las posibles fluctuaciones (positivas o negativas) del tipo de cambio en el momento del cargo del importe en las cuentas de nuestros clientes.<\/p>\n\n<p><strong>Transferencia bancaria<\/strong> en euros (\u20ac). Todos los gastos bancarios son responsabilidad del cliente; cuando realices el pago por transferencia bancaria, por favor, indica a tu banco que cubra todos los gastos. La transferencia bancaria debe hacerse a favor de <strong>Alada Books, S.L<\/strong>. Indica tu nombre y apellidos o el nombre de tu empresa. El pedido no se procesar\u00e1 hasta que nuestro banco verifique que se ha recibido el ingreso.<\/p>\n\n<p>\u2022 Beneficiario: Alada Books, S.L.<\/p>\n\n<p>\u2022 Banco: CAIXABANK<\/p>\n\n<p>\u2022 SWIFT: CAIXESBBXXX<\/p>\n\n<p>\u2022 IBAN: ES40 2100 3674 2922 0008 9598<\/p>\n\n<p><strong>PayPal<\/strong><\/p>\n\n<p><strong>iDeal<\/strong><\/p>\n\n<p><strong>Alipay<\/strong><\/p>\n\n<p><strong>Sofort<\/strong><\/p>\n\n<p><strong>WeChat<\/strong><\/p>\n\n<p>Por favor, no env\u00edes dinero en efectivo a trav\u00e9s del correo ordinario\/servicio postal. S\u00f3lo aceptamos los m\u00e9todos de pago indicados durante el proceso de pago.<\/p>\n\n<h3 class=\"wp-block-heading\"><strong>MONEDA Y TIPOS DE CAMBIO<\/strong><\/h3>\n\n<p>Nuestra tienda acepta ahora pagos en diferentes monedas. Ten en cuenta que los importes mostrados en nuestro sitio web pueden diferir del tipo de cambio vigente u oficial en el momento de la compra. <\/p>\n\n<p>Alada Books, S.L. no puede asumir responsabilidad alguna por las diferencias (positivas o negativas) entre los precios mostrados en nuestro sitio web y el importe finalmente cargado por tu banco o proveedor de pagos debido a variaciones en el tipo de cambio, comisiones por conversi\u00f3n u otros cargos.<\/p>\n\n<p>Si eliges pagar mediante transferencia bancaria, el pago deber\u00e1 efectuarse en euros (\u20ac) y todos los gastos bancarios correr\u00e1n por cuenta del cliente.<\/p>\n\n<hr class=\"wp-block-separator has-alpha-channel-opacity\"\/>\n\n<h3 class=\"wp-block-heading\"><strong>POL\u00cdTICA DE DEVOLUCIONES<\/strong><\/h3>\n\n<p><strong>Cancelaciones<\/strong><\/p>\n\n<p>Para cancelar tu pedido, ponte en contacto con nosotros por correo electr\u00f3nico en <a>lynx@lynxnaturebooks.com<\/a> o llamando al +34 93 404 43 53. Si tu pedido a\u00fan no ha sido enviado, lo cancelaremos y procesaremos el reembolso. Si ya ha sido enviado, te daremos instrucciones para devolver los art\u00edculos. Consulta la Pol\u00edtica de devoluciones m\u00e1s abajo para obtener m\u00e1s detalles.   <\/p>\n\n<p><strong>Devoluciones<\/strong><\/p>\n\n<p>Los clientes pueden cancelar o devolver un pedido en un plazo de 30 d\u00edas desde su recepci\u00f3n. Para las devoluciones solicitadas despu\u00e9s de 30 d\u00edas, no se efectuar\u00e1 ning\u00fan reembolso. Para iniciar una devoluci\u00f3n, ponte en contacto con nosotros en   <a href=\"mailto:lynx@lynxnaturebooks.com\"><\/a><a href=\"mailto:lynx@lynxnaturebooks.com\">lynx@lynxnaturebooks.com.<\/a><\/p>\n\n<p><em><strong>Art\u00edculos defectuosos o da\u00f1ados:<\/strong><\/em><\/p>\n\n<p>\u2022 Si tu pedido llega da\u00f1ado o defectuoso, contacta con Atenci\u00f3n al Cliente en <a>lynx@lynxnaturebooks.com<\/a> para recibir instrucciones antes de devolver el art\u00edculo.<\/p>\n\n<p>\u2022 Los clientes tienen derecho al reembolso del coste del franqueo de devoluci\u00f3n de art\u00edculos defectuosos o da\u00f1ados. Las reclamaciones de reembolso de franqueo deben ir acompa\u00f1adas de la documentaci\u00f3n postal correspondiente. Las solicitudes de reembolso de gastos de env\u00edo deben ir acompa\u00f1adas de la documentaci\u00f3n postal adecuada.<\/p>\n\n<p>\u2022 Los art\u00edculos deben estar sin usar y en las mismas condiciones en que se recibieron.<\/p>\n\n<p>\u2022 Los art\u00edculos deben estar en su embalaje original.<\/p>\n\n<p>\u2022 Tras la recepci\u00f3n e inspecci\u00f3n, el cliente recibir\u00e1 un correo electr\u00f3nico confirmando que el art\u00edculo original ha sido recibido y proporcionando la informaci\u00f3n de env\u00edo del art\u00edculo de reemplazo.<\/p>\n\n<p><strong><em>Art\u00edculos no defectuosos\/no da\u00f1ados<\/em>:<\/strong><\/p>\n\n<p>\u2022 Los clientes son responsables de los gastos de env\u00edo de la devoluci\u00f3n.<\/p>\n\n<p>\u2022 Los art\u00edculos deben estar sin usar, en su estado original y en su embalaje.<\/p>\n\n<p>\u2022 Tras la recepci\u00f3n e inspecci\u00f3n, se te notificar\u00e1 el estado de aprobaci\u00f3n del reembolso.<\/p>\n\n<p>\u2022 Los gastos de env\u00edo originales no son reembolsables.<\/p>\n\n<p>\u2022 Si el reembolso es aprobado, se procesar\u00e1 a trav\u00e9s del m\u00e9todo de pago original y se proporcionar\u00e1 el recibo correspondiente.<\/p>\n\n<hr class=\"wp-block-separator has-alpha-channel-opacity\"\/>\n\n<h3 class=\"wp-block-heading\"><strong>USO DEL SERVICIO Y<\/strong><strong> RESPONSABILIDAD<\/strong><\/h3>\n\n<p><strong>Uso correcto del sitio web<\/strong><\/p>\n\n<p>El usuario se compromete a utilizar este sitio, as\u00ed como sus contenidos y servicios, de conformidad con la ley, la presente Pol\u00edtica de Privacidad de Datos, las buenas costumbres y el orden p\u00fablico. Asimismo, el usuario se obliga a no utilizar el sitio web o los servicios que se presten a trav\u00e9s del mismo con fines o efectos il\u00edcitos, contrarios al contenido de la presente Pol\u00edtica de Privacidad, lesivos de los intereses o derechos de terceros, o que puedan da\u00f1ar, inutilizar o deteriorar el sitio web o sus servicios, o impedir un correcto uso del sitio web por terceros.<\/p>\n\n<p>Adem\u00e1s, el usuario se compromete expresamente a no destruir, modificar, inutilizar o da\u00f1ar de cualquier forma los datos, programas o documentos electr\u00f3nicos o cualquier otro elemento contenido en este sitio web.<\/p>\n\n<p>El usuario se compromete a no obstaculizar el acceso de otros usuarios al servicio de acceso mediante el consumo masivo de los recursos del sistema al que Alada Books, S.L. presta sus servicios, as\u00ed como realizar acciones que da\u00f1en, interrumpan o generen errores en dichos sistemas.<\/p>\n\n<p>El usuario se compromete a no introducir programas, virus, macros, miniaplicaciones, controles de cualquier tipo o cualquier otro dispositivo l\u00f3gico o secuencia de caracteres que causen o sean susceptibles de causar cualquier tipo de alteraci\u00f3n en los sistemas inform\u00e1ticos de Alada Books, S.L. o de terceros, o que infrinjan derechos de propiedad intelectual o industrial.<\/p>\n\n<p>El usuario se compromete a no hacer mal uso de la informaci\u00f3n, mensajes, gr\u00e1ficos, ilustraciones, archivos de sonido e imagen, fotograf\u00edas, programas o cualquier otro material accesible a trav\u00e9s de este sitio web, ni de los servicios que ofrece.<\/p>\n\n<p>Alada Books, S.L. declina cualquier responsabilidad derivada de los da\u00f1os o perjuicios que pueda sufrir cualquier visitante de este sitio web en sus recursos tecnol\u00f3gicos (inform\u00e1ticos o telem\u00e1ticos) como consecuencia de las circunstancias o hechos mencionados en los p\u00e1rrafos anteriores. Alada Books, S.L. tampoco garantiza que el sitio web y el servidor est\u00e9n libres de virus y no se hace responsable de los da\u00f1os causados como consecuencia del acceso al sitio web o por la imposibilidad de acceder al mismo.<\/p>\n\n<p><strong>Responsabilidad de Alada Books, S.L. por el uso del sitio web<\/strong><\/p>\n\n<p>Cada usuario es exclusivamente responsable de las infracciones que pueda cometer o de los da\u00f1os que pueda causar o sufrir por el uso que haga del sitio web. Alada Books, S.L. queda eximida de cualquier forma de responsabilidad derivada de las acciones del usuario.<\/p>\n\n<p>El usuario ser\u00e1 el \u00fanico responsable frente a cualquier reclamaci\u00f3n o acci\u00f3n legal, judicial o extrajudicial iniciada por terceras personas contra Alada Books, S.L. basada en la utilizaci\u00f3n por el usuario del sitio web. En estos casos, el usuario correr\u00e1 con los gastos, costes o indemnizaciones que se reclamen a Alada Books, S.L. por las acciones legales emprendidas contra la empresa.<\/p>\n\n<p><strong>Responsabilidad de Alada Books, S.L. por el funcionamiento del sitio web<\/strong><\/p>\n\n<p>Alada Books, S.L. declina cualquier responsabilidad derivada de transmisiones, omisiones, interrupciones, intrusiones no deseadas, deficiencias de telecomunicaciones, virus inform\u00e1ticos, aver\u00edas telef\u00f3nicas o desconexi\u00f3n de las funciones operativas de los sistemas electr\u00f3nicos, motivadas por causas ajenas a su voluntad.<\/p>\n\n<p><strong>Responsabilidad de Alada Books, S.L. por los enlaces en el sitio web<\/strong><\/p>\n\n<p>Alada Books, S.L. declina cualquier responsabilidad en relaci\u00f3n con los contenidos o riesgos (da\u00f1os t\u00e9cnicos, morales o econ\u00f3micos) que puedan existir fuera de los l\u00edmites del sitio web y a los que se pueda acceder mediante enlaces incluidos en el mismo, ya que la funci\u00f3n de los enlaces es \u00fanicamente la de informar sobre un tema en concreto.<\/p>\n\n<p><strong>Alada Books, S.L. no acepta responsabilidad por (incluyendo sin limitaci\u00f3n) lo siguiente:<\/strong><\/p>\n\n<ol class=\"wp-block-list\">\n<li>Cualquier utilizaci\u00f3n por parte de los Usuarios Registrados o Visitantes del material de este sitio web o de sitios web vinculados que suponga una infracci\u00f3n de los derechos de propiedad intelectual y\/o industrial sobre los contenidos de este sitio web o de terceros.<\/li>\n\n\n\n<li>Los da\u00f1os y perjuicios causados a los Usuarios Registrados o Visitantes causados por el funcionamiento normal o anormal de las herramientas de b\u00fasqueda, la organizaci\u00f3n o localizaci\u00f3n de los contenidos o el acceso al sitio web y, en general, los errores o problemas producidos durante el desarrollo o funcionamiento de los elementos t\u00e9cnicos ofrecidos al Usuario Registrado por el sitio web o programa.<\/li>\n\n\n\n<li>El contenido de aquellas p\u00e1ginas web a las que los Usuarios Registrados o Visitantes accedan a trav\u00e9s de enlaces incluidos en el sitio web, autorizados o no.<\/li>\n\n\n\n<li>Actos u omisiones de terceros, incluidos los vinculados contractualmente a Alada Books, S.L.<\/li>\n\n\n\n<li>Acceso de menores a los contenidos de la web: Alada Books, S.L. no permite el acceso a sus servicios web a los menores de catorce a\u00f1os, salvo autorizaci\u00f3n expresa de los padres o tutores.<\/li>\n<\/ol>\n\n<p>S\u00f3lo las personas mayores de 18 a\u00f1os pueden adquirir productos o servicios en la tienda online.<\/p>\n\n<p>Los menores no podr\u00e1n comunicar a Alada Books, S.L. informaci\u00f3n que permita obtener datos relativos a otros miembros de la familia o a la propia familia, tales como la actividad profesional de los padres, informaci\u00f3n econ\u00f3mica, datos sociol\u00f3gicos o cualquier otra, sin el consentimiento de los titulares de dichos datos.<\/p>\n\n<p>Posibles da\u00f1os o perjuicios sufridos por Usuarios Registrados, Visitantes o grupos como consecuencia de comunicaciones o di\u00e1logos en el transcurso de debates, foros, chats o comunidades virtuales organizados en torno al sitio web o sitios web vinculados. Asimismo, los usuarios estar\u00e1n obligados a hacer un uso correcto de los contenidos y servicios ofrecidos por Alada Books, S.L. (como los chats, foros de opini\u00f3n o p\u00e1ginas de comentarios abiertos a los lectores), y a no emplearlos para incurrir en actividades il\u00edcitas, constitutivas de delito, racistas, xen\u00f3fobas, pornogr\u00e1ficas, de apolog\u00eda del terrorismo o atentatorias contra los derechos humanos; as\u00ed como a no provocar da\u00f1os en los equipos y programas inform\u00e1ticos de Alada Books, S.L., sus proveedores o terceros, ni introducir virus inform\u00e1ticos o utilizar cualquier otro hardware o software que pueda provocar los da\u00f1os anteriormente mencionados.<\/p>\n\n<ol class=\"wp-block-list\">\n<li><\/li>\n<\/ol>\n\n<p><strong>Alada Books, S.L. no ser\u00e1 responsable en ning\u00fan caso de:<\/strong><\/p>\n\n<ol class=\"wp-block-list\">\n<li>Errores o retrasos en el acceso al sitio web experimentados por los Usuarios Registrados al introducir sus datos en el formulario de pedido, retrasos o no recepci\u00f3n de la confirmaci\u00f3n de los pedidos o cualquier anomal\u00eda que pueda producirse cuando estas incidencias sean debidas a problemas en la red Internet, caso fortuito o fuerza mayor, o cualquier otro suceso imprevisible ajeno a la voluntad y buena fe de los titulares del sitio web.<\/li>\n\n\n\n<li>Fallos o incidencias que pudieran producirse en las comunicaciones o transmisiones incompletas, ya que no se garantiza que el funcionamiento del sitio web sea siempre ininterrumpido.<\/li>\n\n\n\n<li>Errores o da\u00f1os producidos en el sitio web por un uso incorrecto o de mala fe por parte del Usuario Registrado.<\/li>\n\n\n\n<li>El fallo u otros problemas con la direcci\u00f3n de correo electr\u00f3nico proporcionada por el Usuario Registrado para la confirmaci\u00f3n del pedido.<\/li>\n\n\n\n<li>No obstante, Alada Books, S.L. se compromete a resolver los problemas que puedan surgir y a ofrecer todo el apoyo necesario a los Usuarios Registrados para llegar a una soluci\u00f3n satisfactoria.<\/li>\n\n\n\n<li>Alada Books, S.L. se reserva el derecho de realizar peri\u00f3dicamente campa\u00f1as promocionales para fomentar el registro de nuevos miembros a sus servicios, as\u00ed como de modificar las condiciones durante dichas promociones, prorrogarlas con la debida antelaci\u00f3n o proceder a la exclusi\u00f3n de alg\u00fan participante en caso de detectar anomal\u00edas, abusos o comportamientos poco \u00e9ticos por su parte.<\/li>\n<\/ol>\n\n<hr class=\"wp-block-separator has-alpha-channel-opacity\"\/>\n\n<h4 class=\"wp-block-heading\"><strong>USO DE MATERIALES<\/strong><\/h4>\n\n<p>El copyright de este sitio web y de su contenido (Material) pertenece a Alada Books, S.L. o a sus licenciatarios.<\/p>\n\n<p>Los usuarios finales no pueden publicar, distribuir, retransmitir, vender o facilitar el acceso al contenido del sitio web, ni utilizar instrumentos para la recopilaci\u00f3n o extracci\u00f3n de datos a gran escala, como la miner\u00eda de datos, robots, screen scraping o similares.<\/p>\n\n<p>Los usuarios finales no pueden copiar, extraer, alterar o manipular el Material de ninguna forma que no est\u00e9 estipulada en estos T\u00e9rminos y Condiciones de uso del material. Las solicitudes de uso de este Material deben dirigirse a los propietarios de los derechos de autor, con quienes se pueden negociar los t\u00e9rminos y condiciones de uso del material.<\/p>\n\n<p>El uso permitido del Material es el estipulado anteriormente. El material protegido por derechos de autor de este sitio web no puede ser incorporado a obras o publicaciones en ning\u00fan formato por particulares u organizaciones (incluidos sitios web, aplicaciones, CD, DVD, intranets, extranets, se\u00f1alizaci\u00f3n o carteles, comunicaciones digitales o material impreso para distribuci\u00f3n externa o de cualquier otro tipo). No est\u00e1 permitido utilizar el Material con fines promocionales, administrativos o comerciales con \u00e1nimo de lucro.<\/p>\n","protected":false},"excerpt":{"rendered":"<p>T\u00e9rminos y condiciones Comprar en nuestra p\u00e1gina web es r\u00e1pido, f\u00e1cil y seguro. Toda la informaci\u00f3n que nos env\u00edes se transfiere a trav\u00e9s de nuestro servidor seguro. Para evitar pedidos [&hellip;]<\/p>\n","protected":false},"author":25123,"featured_media":0,"parent":0,"menu_order":0,"comment_status":"closed","ping_status":"closed","template":"","meta":{"footnotes":""},"class_list":["post-6056","page","type-page","status-publish","hentry"],"_links":{"self":[{"href":"https:\/\/lynxnaturebooks.com\/es\/wp-json\/wp\/v2\/pages\/6056","targetHints":{"allow":["GET"]}}],"collection":[{"href":"https:\/\/lynxnaturebooks.com\/es\/wp-json\/wp\/v2\/pages"}],"about":[{"href":"https:\/\/lynxnaturebooks.com\/es\/wp-json\/wp\/v2\/types\/page"}],"author":[{"embeddable":true,"href":"https:\/\/lynxnaturebooks.com\/es\/wp-json\/wp\/v2\/users\/25123"}],"replies":[{"embeddable":true,"href":"https:\/\/lynxnaturebooks.com\/es\/wp-json\/wp\/v2\/comments?post=6056"}],"version-history":[{"count":12,"href":"https:\/\/lynxnaturebooks.com\/es\/wp-json\/wp\/v2\/pages\/6056\/revisions"}],"predecessor-version":[{"id":97876,"href":"https:\/\/lynxnaturebooks.com\/es\/wp-json\/wp\/v2\/pages\/6056\/revisions\/97876"}],"wp:attachment":[{"href":"https:\/\/lynxnaturebooks.com\/es\/wp-json\/wp\/v2\/media?parent=6056"}],"curies":[{"name":"wp","href":"https:\/\/api.w.org\/{rel}","templated":true}]}}