{"id":5160,"date":"2019-01-31T11:44:57","date_gmt":"2019-01-31T10:44:57","guid":{"rendered":"https:\/\/www.lynxeds.com\/?page_id=5160"},"modified":"2024-07-16T08:28:46","modified_gmt":"2024-07-16T06:28:46","slug":"descargar-catalogos","status":"publish","type":"page","link":"https:\/\/lynxnaturebooks.com\/es\/descargar-catalogos\/","title":{"rendered":"Descargar cat\u00e1logos"},"content":{"rendered":"\n<h2 class=\"wp-block-heading\">Cat\u00e1logo de Libros de Naturaleza Lynx<\/h2>\n\n<p>Desc\u00e1rgate nuestro cat\u00e1logo para explorar t\u00edtulos, leer descripciones de libros y encontrar informaci\u00f3n sobre ISBN y precios.<\/p>\n\n<p><strong>Para consultas sobre derechos en el extranjero:<\/strong><\/p>\n\n<p>\u00bfEres un editor interesado en traducir y distribuir los t\u00edtulos de Lynx Nature Books en tu territorio? \u00a1Te animamos a explorar las apasionantes posibilidades! Ponte en contacto con nuestra Directora de Derechos en el Extranjero, Marina Huguet, en <a href=\"mailto:mhuguet@aladabooks.com\">mhuguet@aladabooks.com<\/a>, para obtener m\u00e1s informaci\u00f3n y hablar de posibles oportunidades de licencia.<\/p>\n\n<div style=\"height:19px\" aria-hidden=\"true\" class=\"wp-block-spacer\"><\/div>\n<div class=\"wp-block-image\">\n<figure class=\"aligncenter size-large is-resized\"><a href=\"https:\/\/lynxnaturebooks.com\/wp-content\/uploads\/2024\/06\/Catalogue_Lynx_2024_English.pdf\"><img loading=\"lazy\" decoding=\"async\" width=\"724\" height=\"1024\" src=\"https:\/\/lynxnaturebooks.com\/wp-content\/uploads\/2024\/06\/Catalogue_Lynx_2024_cover-1448x2048-1-724x1024.webp\" alt=\"\" class=\"wp-image-83233\" style=\"width:auto;height:400px\" srcset=\"https:\/\/lynxnaturebooks.com\/wp-content\/uploads\/2024\/06\/Catalogue_Lynx_2024_cover-1448x2048-1-724x1024.webp 724w, https:\/\/lynxnaturebooks.com\/wp-content\/uploads\/2024\/06\/Catalogue_Lynx_2024_cover-1448x2048-1-900x1273.webp 900w, https:\/\/lynxnaturebooks.com\/wp-content\/uploads\/2024\/06\/Catalogue_Lynx_2024_cover-1448x2048-1-212x300.webp 212w, https:\/\/lynxnaturebooks.com\/wp-content\/uploads\/2024\/06\/Catalogue_Lynx_2024_cover-1448x2048-1-768x1086.webp 768w, https:\/\/lynxnaturebooks.com\/wp-content\/uploads\/2024\/06\/Catalogue_Lynx_2024_cover-1448x2048-1-1086x1536.webp 1086w, https:\/\/lynxnaturebooks.com\/wp-content\/uploads\/2024\/06\/Catalogue_Lynx_2024_cover-1448x2048-1.webp 1448w\" sizes=\"auto, (max-width: 724px) 100vw, 724px\" \/><\/a><\/figure>\n<\/div>\n<p class=\"has-text-align-center button-link\"><br\/><a href=\"https:\/\/lynxnaturebooks.com\/wp-content\/uploads\/2024\/06\/Catalogue_Lynx_2024_English.pdf\">Descargar cat\u00e1logo<\/a><br\/><\/p>\n","protected":false},"excerpt":{"rendered":"<p>Cat\u00e1logo de Libros de Naturaleza Lynx Desc\u00e1rgate nuestro cat\u00e1logo para explorar t\u00edtulos, leer descripciones de libros y encontrar informaci\u00f3n sobre ISBN y precios. Para consultas sobre derechos en el extranjero: [&hellip;]<\/p>\n","protected":false},"author":25123,"featured_media":61949,"parent":0,"menu_order":0,"comment_status":"closed","ping_status":"closed","template":"","meta":{"footnotes":""},"class_list":["post-5160","page","type-page","status-publish","has-post-thumbnail","hentry"],"_links":{"self":[{"href":"https:\/\/lynxnaturebooks.com\/es\/wp-json\/wp\/v2\/pages\/5160","targetHints":{"allow":["GET"]}}],"collection":[{"href":"https:\/\/lynxnaturebooks.com\/es\/wp-json\/wp\/v2\/pages"}],"about":[{"href":"https:\/\/lynxnaturebooks.com\/es\/wp-json\/wp\/v2\/types\/page"}],"author":[{"embeddable":true,"href":"https:\/\/lynxnaturebooks.com\/es\/wp-json\/wp\/v2\/users\/25123"}],"replies":[{"embeddable":true,"href":"https:\/\/lynxnaturebooks.com\/es\/wp-json\/wp\/v2\/comments?post=5160"}],"version-history":[{"count":2,"href":"https:\/\/lynxnaturebooks.com\/es\/wp-json\/wp\/v2\/pages\/5160\/revisions"}],"predecessor-version":[{"id":85119,"href":"https:\/\/lynxnaturebooks.com\/es\/wp-json\/wp\/v2\/pages\/5160\/revisions\/85119"}],"wp:featuredmedia":[{"embeddable":true,"href":"https:\/\/lynxnaturebooks.com\/es\/wp-json\/wp\/v2\/media\/61949"}],"wp:attachment":[{"href":"https:\/\/lynxnaturebooks.com\/es\/wp-json\/wp\/v2\/media?parent=5160"}],"curies":[{"name":"wp","href":"https:\/\/api.w.org\/{rel}","templated":true}]}}