{"id":5104,"date":"2019-01-31T10:00:02","date_gmt":"2019-01-31T09:00:02","guid":{"rendered":"https:\/\/www.lynxeds.com\/?page_id=5104"},"modified":"2024-07-16T08:28:09","modified_gmt":"2024-07-16T06:28:09","slug":"prensa","status":"publish","type":"page","link":"https:\/\/lynxnaturebooks.com\/es\/prensa\/","title":{"rendered":"Medios de comunicaci\u00f3n"},"content":{"rendered":"\n<h1 class=\"wp-block-heading\">Multimedia<\/h1>\n\n<h3 class=\"wp-block-heading\">\u00a1Josep del Hoyo y Lynx Edicions aparecen en TV!<\/h3>\n\n<p><strong>Octubre de 2012.<\/strong><\/p>\n\n<p>Josep del Hoyo, m\u00e9dico y ornit\u00f3logo, acaba de recibir el pasado mes de septiembre el Premio a la Conservaci\u00f3n de la Biodiversidad, otorgado por la Fundaci\u00f3n BBVA, por su labor como editor del Manual de las Aves del Mundo,  <span class=\"\">la enciclopedia de aves m\u00e1s completa del mundo, obra clave de la ornitolog\u00eda.<\/span> <span class=\"\">Su calidad editorial la ha convertido en un \u00e9xito de cr\u00edtica y p\u00fablico.<\/span> <span class=\"\">En este reportaje te mostramos la trayectoria profesional de Josep del Hoyo, que le ha llevado a recorrer el mundo en busca de aves y a crear la editorial Lynx.<\/span> <span class=\"\">Junto con los testimonios de su socio y amigo, Jordi Sargatal, nos adentraremos en Lynx y conoceremos los nuevos retos que afrontar\u00e1 la editorial en el futuro, como el &#8220;Manual Vivo&#8221;, la &#8220;Colecci\u00f3n P\u00e1jaros de Internet&#8221; y una nueva colecci\u00f3n sobre mam\u00edferos del mundo.<\/span><\/p>\n<div class=\"wp-block-image\">\n<figure class=\"aligncenter\"><a href=\"http:\/\/rtve.es\/v\/1577347\" target=\"_blank\" rel=\"noopener\"><img loading=\"lazy\" decoding=\"async\" width=\"360\" height=\"204\" src=\"https:\/\/lynxnaturebooks.com\/wp-content\/uploads\/2018\/10\/lynx-at-tv2.gif\" alt=\"\" class=\"wp-image-4054\"\/><\/a><\/figure>\n<\/div>\n<p class=\"has-text-align-center\"><br\/>Mira el v\u00eddeo en <a href=\"http:\/\/rtve.es\/v\/1577347\" target=\"_blank\" rel=\"noopener\">http:\/\/rtve.es\/v\/1577347<\/a><\/p>\n","protected":false},"excerpt":{"rendered":"<p>Multimedia \u00a1Josep del Hoyo y Lynx Edicions aparecen en TV! Octubre de 2012. Josep del Hoyo, m\u00e9dico y ornit\u00f3logo, acaba de recibir el pasado mes de septiembre el Premio a [&hellip;]<\/p>\n","protected":false},"author":25123,"featured_media":0,"parent":0,"menu_order":0,"comment_status":"closed","ping_status":"closed","template":"","meta":{"footnotes":""},"class_list":["post-5104","page","type-page","status-publish","hentry"],"_links":{"self":[{"href":"https:\/\/lynxnaturebooks.com\/es\/wp-json\/wp\/v2\/pages\/5104","targetHints":{"allow":["GET"]}}],"collection":[{"href":"https:\/\/lynxnaturebooks.com\/es\/wp-json\/wp\/v2\/pages"}],"about":[{"href":"https:\/\/lynxnaturebooks.com\/es\/wp-json\/wp\/v2\/types\/page"}],"author":[{"embeddable":true,"href":"https:\/\/lynxnaturebooks.com\/es\/wp-json\/wp\/v2\/users\/25123"}],"replies":[{"embeddable":true,"href":"https:\/\/lynxnaturebooks.com\/es\/wp-json\/wp\/v2\/comments?post=5104"}],"version-history":[{"count":2,"href":"https:\/\/lynxnaturebooks.com\/es\/wp-json\/wp\/v2\/pages\/5104\/revisions"}],"predecessor-version":[{"id":85078,"href":"https:\/\/lynxnaturebooks.com\/es\/wp-json\/wp\/v2\/pages\/5104\/revisions\/85078"}],"wp:attachment":[{"href":"https:\/\/lynxnaturebooks.com\/es\/wp-json\/wp\/v2\/media?parent=5104"}],"curies":[{"name":"wp","href":"https:\/\/api.w.org\/{rel}","templated":true}]}}