{"id":5100,"date":"2018-05-10T14:17:01","date_gmt":"2018-05-10T12:17:01","guid":{"rendered":"https:\/\/www.lynxeds.com\/?page_id=5100"},"modified":"2024-08-05T14:58:14","modified_gmt":"2024-08-05T12:58:14","slug":"quienes-somos","status":"publish","type":"page","link":"https:\/\/lynxnaturebooks.com\/es\/quienes-somos\/","title":{"rendered":"Sobre nosotros"},"content":{"rendered":"\n<h1 class=\"wp-block-heading has-text-align-center\"><strong>Lynx Nature Books<\/strong><\/h1>\n\n\n\n<div class=\"wp-block-columns are-vertically-aligned-center max-width is-layout-flex wp-container-core-columns-is-layout-9d6595d7 wp-block-columns-is-layout-flex\">\n<div class=\"wp-block-column is-vertically-aligned-center is-layout-flow wp-block-column-is-layout-flow\">\n<p class=\"has-medium-font-size\">Lynx Nature Books es reconocida a nivel internacional como la editorial internacional de referencia en ornitolog\u00eda y naturaleza. Somos los editores del <em><a href=\"https:\/\/lynxnaturebooks.com\/es\/categoria\/por-categoria\/enciclopedias\/\">Handbook of the Birds of the World<\/a><\/em>, la primera enciclopedia que aborda e ilustra todas las aves del mundo: una obra \u00fanica que a\u00fana rigor cient\u00edfico, divulgaci\u00f3n y belleza art\u00edstica.<\/p>\n\n\n\n<p>Te damos la bienvenida a Lynx Nature Books, anteriormente conocida como Lynx Edicions, donde seguimos comprometidos con la conservaci\u00f3n de la naturaleza y la biodiversidad, y con nuestra pasi\u00f3n por la transmisi\u00f3n del conocimiento. En esta web encontrar\u00e1s todas nuestras publicaciones, desde obras enciclop\u00e9dicas hasta pr\u00e1cticas gu\u00edas de campo, checklists y monograf\u00edas.<\/p>\n<\/div>\n\n\n\n<div class=\"wp-block-column is-vertically-aligned-center is-layout-flow wp-block-column-is-layout-flow\">\n<figure class=\"wp-block-image\"><img decoding=\"async\" src=\"blob:https:\/\/develop.genium.click\/b0eeb2ef-1e89-4797-86ff-43f8d55b2fac\" alt=\"\"\/><\/figure>\n<\/div>\n<\/div>\n\n\n\n<div style=\"height:10px\" aria-hidden=\"true\" class=\"wp-block-spacer\"><\/div>\n\n\n\n<h2 class=\"wp-block-heading has-text-align-center\"><strong>Prop\u00f3sito, misi\u00f3n y valores<\/strong><\/h2>\n\n\n\n<p>Compartimos un prop\u00f3sito contigo: dejar este mundo mejor de lo que lo encontramos.<\/p>\n\n\n\n<p>Esto nos lleva a nuestra misi\u00f3n: ofrecer conocimiento y recursos sobre la naturaleza tanto al mundo cient\u00edfico como, por extensi\u00f3n, a todas aquellas personas que sienten la necesidad de estudiar y proteger las especies y h\u00e1bitats fr\u00e1giles, y que aman el entorno natural.<\/p>\n\n\n\n<p>Estos son nuestros valores: compromiso con la naturaleza, excelencia en el contenido, atenci\u00f3n a los detalles, preocupaci\u00f3n por la biodiversidad, respeto por los autores y sensibilidad.<\/p>\n\n\n\n<blockquote class=\"wp-block-quote is-layout-flow wp-block-quote-is-layout-flow\">\n<p>\u00ab<em>El Handbook of the Birds of the World<em> es una obra en la cual han participado muchos autores, cerca de 300. Con el equipo editorial, los ilustradores y los fot\u00f3grafos, m\u00e1s de 1.000 personas han participado. Lo novedoso del proyecto es que representa la primera vez que se ha realizado un trabajo detallado a nivel global sobre cada una de las m\u00e1s de 10.000 especies de aves conocidas en el mundo. Y, por supuesto, tantas especies han requerido muchos vol\u00famenes (17), p\u00e1ginas (unas 13.000), ilustraciones (m\u00e1s de 20.000 en 1.030 l\u00e1minas), fotograf\u00edas (m\u00e1s de 7.000) y referencias bibliogr\u00e1ficas (m\u00e1s de 100.000)<\/em><\/em>\u00bb<em>.<\/em><\/p>\n\n\n\n<p>Josep del Hoyo, cofundador de Lynx Edicions<\/p>\n<\/blockquote>\n\n\n\n<div style=\"height:10px\" aria-hidden=\"true\" class=\"wp-block-spacer\"><\/div>\n\n\n\n<h2 class=\"wp-block-heading has-text-align-center\"><strong>Lynx Nature Books: Del talento de los autores<br>a la perfecci\u00f3n de los libros<\/strong><\/h2>\n\n\n\n<p>Trabajamos con los mejores profesionales de cada \u00e1mbito: autores, ilustradores, fot\u00f3grafos, editores expertos, dise\u00f1adores, maquetadores e impresores especializados. Desde las primeras etapas del proceso editorial hasta la presentaci\u00f3n final, aplicamos nuestra amplia experiencia y un riguroso control de calidad para garantizar que cada libro sea una herramienta de divulgaci\u00f3n \u00fanica y una obra de arte que cautive a nuestros lectores. Nuestro compromiso con la excelencia y la atenci\u00f3n a los detalles se refleja en cada p\u00e1gina.<\/p>\n\n\n\n<p class=\"has-text-align-center has-medium-font-size\">\u00danete a nosotros en nuestra misi\u00f3n de conservar la naturaleza,<br>libro a libro.<\/p>\n","protected":false},"excerpt":{"rendered":"<p>Lynx Nature Books Lynx Nature Books es reconocida a nivel internacional como la editorial internacional de referencia en ornitolog\u00eda y naturaleza. Somos los editores del Handbook of the Birds of [&hellip;]<\/p>\n","protected":false},"author":25123,"featured_media":0,"parent":0,"menu_order":0,"comment_status":"closed","ping_status":"closed","template":"","meta":{"footnotes":""},"class_list":["post-5100","page","type-page","status-publish","hentry"],"_links":{"self":[{"href":"https:\/\/lynxnaturebooks.com\/es\/wp-json\/wp\/v2\/pages\/5100","targetHints":{"allow":["GET"]}}],"collection":[{"href":"https:\/\/lynxnaturebooks.com\/es\/wp-json\/wp\/v2\/pages"}],"about":[{"href":"https:\/\/lynxnaturebooks.com\/es\/wp-json\/wp\/v2\/types\/page"}],"author":[{"embeddable":true,"href":"https:\/\/lynxnaturebooks.com\/es\/wp-json\/wp\/v2\/users\/25123"}],"replies":[{"embeddable":true,"href":"https:\/\/lynxnaturebooks.com\/es\/wp-json\/wp\/v2\/comments?post=5100"}],"version-history":[{"count":17,"href":"https:\/\/lynxnaturebooks.com\/es\/wp-json\/wp\/v2\/pages\/5100\/revisions"}],"predecessor-version":[{"id":87789,"href":"https:\/\/lynxnaturebooks.com\/es\/wp-json\/wp\/v2\/pages\/5100\/revisions\/87789"}],"wp:attachment":[{"href":"https:\/\/lynxnaturebooks.com\/es\/wp-json\/wp\/v2\/media?parent=5100"}],"curies":[{"name":"wp","href":"https:\/\/api.w.org\/{rel}","templated":true}]}}