{"id":5095,"date":"2019-01-25T11:19:26","date_gmt":"2019-01-25T10:19:26","guid":{"rendered":"https:\/\/www.lynxeds.com\/awards\/"},"modified":"2024-07-16T08:23:39","modified_gmt":"2024-07-16T06:23:39","slug":"awards","status":"publish","type":"page","link":"https:\/\/lynxnaturebooks.com\/es\/awards\/","title":{"rendered":"Premios"},"content":{"rendered":"\n<h1 class=\"wp-block-heading\">Premios<\/h1>\n\n<p class=\"has-medium-font-size\">A lo largo de los a\u00f1os, <em>Handbook of the Birds of the<\/em> World, Lynx Edicions y Josep del Hoyo, editor de la serie, han recibido numerosos premios de diversas instituciones y revistas internacionales.<\/p>\n\n<div style=\"height:10px\" aria-hidden=\"true\" class=\"wp-block-spacer\"><\/div>\n\n<ul class=\"wp-block-list\">\n<li><strong>HBW Vol. 1: <a href=\"https:\/\/www.lynxeds.com\/wp-content\/uploads\/2019\/02\/Premi_Birdwatch_1992.pdf\" target=\"_blank\" rel=\"noreferrer noopener\">Libro de las Aves del A\u00f1o 1992<\/a><\/strong> &#8211; <em>Observaci\u00f3n de aves<\/em>.<\/li>\n\n\n\n<li><strong>HBW Vol. 1: <a href=\"https:\/\/www.lynxeds.com\/wp-content\/uploads\/2019\/02\/Premi_British_Birds_1993.jpg\" target=\"_blank\" rel=\"noreferrer noopener\">Mejor libro de aves del a\u00f1o 1993<\/a><\/strong>  &#8211;<em> British Birds\/British<\/em> Trust for Ornithology.<\/li>\n\n\n\n<li><strong>HBW Vol. 5: <a href=\"https:\/\/www.lynxeds.com\/wp-content\/uploads\/2019\/02\/Choice_2000.pdf\" target=\"_blank\" rel=\"noreferrer noopener\">T\u00edtulo Acad\u00e9mico Sobresaliente 2000 <\/a> <\/strong>&#8211; Elecci\u00f3n: Rese\u00f1as Actuales para Bibliotecas Acad\u00e9micas&#8217;. <em>Choice<\/em> publica una lista de T\u00edtulos Acad\u00e9micos Destacados que fueron rese\u00f1ados durante el a\u00f1o natural anterior. Esta prestigiosa lista refleja lo mejor de los t\u00edtulos acad\u00e9micos revisados por <em>Choice<\/em> y conlleva el extraordinario reconocimiento de la comunidad de bibliotecas acad\u00e9micas.<\/li>\n\n\n\n<li><strong>Lynx Edicions:<\/strong> <strong>Premio<\/strong> de <strong><em>la Generalitat<\/em><\/strong> de <strong>Catalunya a la Internacionalizaci\u00f3n de la Econom\u00eda Catalana (Premi a la Internacionalitzaci\u00f3 de l&#8217;Economia Catalana), 2002<\/strong>, concedido en reconocimiento a la contribuci\u00f3n del proyecto HBW a la internacionalizaci\u00f3n de la Econom\u00eda Catalana.<\/li>\n\n\n\n<li><strong>HBW Vol. 7: <a href=\"https:\/\/www.lynxeds.com\/wp-content\/uploads\/2019\/02\/BB-BTO_Best_Bird_Book_2002.pdf\" target=\"_blank\" rel=\"noreferrer noopener\">Mejor libro de aves del a\u00f1o 2002<\/a><\/strong>  &#8211; <em>British Birds\/British<\/em> Trust for Ornithology.<\/li>\n\n\n\n<li><strong>HBW Vol. 7: <a href=\"http:\/\/www.worldtwitch.com\/awards_2002.htm\" target=\"_blank\" rel=\"noopener\">Mejor libro de referencia sobre aves<\/a><\/strong> <a href=\"http:\/\/www.worldtwitch.com\/awards_2002.htm\" target=\"_blank\" rel=\"noreferrer noopener\"> <strong>2002<\/strong><\/a> &#8211; <em>WorldTwitch<\/em>.<\/li>\n\n\n\n<li><strong>HBW Vol. 8: <a href=\"http:\/\/www.worldtwitch.com\/awards_2003.htm\" target=\"_blank\" rel=\"noopener\">Mejor libro de referencia sobre aves<\/a><\/strong> <a href=\"http:\/\/www.worldtwitch.com\/awards_2003.htm\" target=\"_blank\" rel=\"noreferrer noopener\"> <strong>2003<\/strong><\/a> &#8211; <em>WorldTwitch<\/em>.<\/li>\n\n\n\n<li><strong>HBW Vol. 9<\/strong><strong>: <a href=\"https:\/\/www.lynxeds.com\/wp-content\/uploads\/2019\/02\/WorldTwitch_2004.pdf\" target=\"_blank\" rel=\"noreferrer noopener\">Mejor libro de referencia sobre aves 2004<\/a><\/strong> &#8211; <em>WorldTwitch<\/em>.<\/li>\n\n\n\n<li><strong>Josep del Hoyo:<\/strong> <strong>2010 <\/strong>&#8211; Su apellido fue elegido por el tax\u00f3nomo alem\u00e1n Norbert Bahr para describir el tax\u00f3n <strong>\n  <em>Buteo albicollis delhoyoi<\/em>\n<\/strong>el nuevo nombre honra al ornit\u00f3logo espa\u00f1ol Josep del Hoyo, iniciador y editor del monumental y magn\u00edfico <em>Manual de las aves del<\/em> mundo, por su destacada contribuci\u00f3n a la conservaci\u00f3n de las aves y a la ciencia ornitol\u00f3gica&#8221;.<\/li>\n\n\n\n<li><strong>Josep del Hoyo: <a href=\"https:\/\/www.biophilia-fbbva.es\/galardonados\/josep-del-hoyo-calduch\/\" target=\"_blank\" rel=\"noreferrer noopener\">Fundaci\u00f3n BBVA 2010<\/a><\/strong>. Premio a la Difusi\u00f3n de Conocimientos y Sensibilizaci\u00f3n sobre la Conservaci\u00f3n de la Biodiversidad.<\/li>\n\n\n\n<li><strong>Trogones. Historia Natural de los Trog\u00f3nidos:<\/strong>  Galardonado en la categor\u00eda de Mejor Dise\u00f1o de Interiores de los Premios Internacionales del Libro 2010 <strong>\n  <a href=\"http:\/\/www.internationalbookawards.com\/home.html\" target=\"_blank\" rel=\"noopener\">Premios Internacionales del Libro<\/a>\n<\/strong>: Finalista Premiado en la categor\u00eda de Mejor Dise\u00f1o de Portada de los Premios Internacionales <strong><a href=\"http:\/\/www.internationalbookawards.com\/home.html\" target=\"_blank\" rel=\"noopener\">del<\/a><\/strong> Libro 2010 <strong>.<\/strong><\/li>\n\n\n\n<li><strong>Lynx Edicions:<a href=\"http:\/\/www.edcnatura.com\/premis-edcnatura\/premis_edcn_2011.php\" target=\"_blank\" rel=\"noreferrer noopener\">Premio a la Divulgaci\u00f3n de la Naturaleza<\/a>, 2011<\/strong>, otorgado por la Asociaci\u00f3n para la Divulgaci\u00f3n y Conservaci\u00f3n de la Naturaleza OMACHA (EDC NATURA).<\/li>\n\n\n\n<li><strong>Josep del Hoyo: SEO\/BirdLife <\/strong>&#8211; Premio<strong> Bernis<\/strong> a la Trayectoria Personal 2012 (<strong>\n  <a href=\"https:\/\/www.seo.org\/2012\/12\/09\/premios-bernis-de-ornitologia-v-edicion\/\" target=\"_blank\" rel=\"noreferrer noopener\">Premio Bernis a la Trayectoria Personal 2012<\/a>\n<\/strong>Con motivo de la finalizaci\u00f3n de la enciclopedia <em>Handbook of the Birds of the World<\/em>, SEO\/Birdlife ha expresado su gratitud y admiraci\u00f3n al editor de esta excepcional publicaci\u00f3n, Josep del Hoyo, concedi\u00e9ndole el Premio Francisco Bernis de Ornitolog\u00eda en la categor\u00eda de Trayectoria Personal&#8221;.<\/li>\n\n\n\n<li><strong>Volumen Especial HBW: Nuevas Especies e \u00cdndice Global: <a href=\"https:\/\/www.lynxeds.com\/wp-content\/uploads\/2019\/02\/Choice_outstanding_academic_title_2014.pdf\" target=\"_blank\" rel=\"noreferrer noopener\">T\u00edtulo Acad\u00e9mico Destacado 2014 <\/a><\/strong>&#8211; &#8216;Choice: Revistas actuales para bibliotecas acad\u00e9micas&#8217;.<\/li>\n\n\n\n<li><strong>Josep del Hoyo: <\/strong>SGE- Sociedad Geogr\u00e1fica<em>Espa\u00f1ola<\/em>. <a href=\"https:\/\/sge.org\/premios-sge\/premios-2014\/premio-sge-investigacion-josep-del-hoyo\/\" target=\"_blank\" rel=\"noreferrer noopener\">\n  <strong>Premio a la investigaci\u00f3n<em>2014<\/em><\/strong>\n<\/a>.<\/li>\n\n\n\n<li><strong>HMW Vol.5: Ganador de la Medalla Whitley 2016<\/strong>: El <a href=\"https:\/\/www.rzsnsw.org.au\/single-post\/2016\/09\/16\/Whitley-Awards-2016\" target=\"_blank\" rel=\"noopener\">\n  <strong>Premios Whitley<\/strong>\n<\/a> buscan y aclaman las mejores publicaciones publicadas en los 12 meses anteriores relacionadas con la zoolog\u00eda de Australasia y la fauna \u00fanica de la regi\u00f3n. La Medalla Whitley y la Menci\u00f3n Especial son los premios m\u00e1s codiciados de las publicaciones zool\u00f3gicas australianas.<\/li>\n\n\n\n<li><strong>Aves de Nueva Guinea: Ganador del Premio Whitley 2017.<\/strong>  Certificado de Reconocimiento al MEJOR LIBRO en la categor\u00eda de GU\u00cdA DE CAMPO.<\/li>\n\n\n\n<li><strong>HMW Vol.9: Bats: <a href=\"https:\/\/www.lynxeds.com\/wp-content\/uploads\/2020\/12\/Choice-Award-2020-HMW9.pdf\" target=\"_blank\" rel=\"noopener\">Outstanding Academic Title 2020-<\/a><\/strong>&#8216;Choice: Rese\u00f1as actuales para bibliotecas acad\u00e9micas&#8217;.<\/li>\n\n\n\n<li><strong>Josep del Hoyo:<\/strong> <strong>2022 <\/strong>&#8211; Su apellido fue elegido para describir el tax\u00f3n <a href=\"https:\/\/doi.org\/10.25226\/bboc.v142i4.2022.a10\" target=\"_blank\" rel=\"noopener\">\n  <strong>\n    <em>Apaloderma camerunense delhoyoi<\/em>\n  <\/strong>\n<\/a>con el siguiente comentario de los autores del trabajo: &#8220;Al concebir, crear y editar el incomparable e inmenso <em>Manual de las aves del<\/em> mundo (1992-2013) Josep del Hoyo hizo una de las mayores contribuciones a la ornitolog\u00eda mundial de un solo ser humano&#8221;.<\/li>\n<\/ul>\n","protected":false},"excerpt":{"rendered":"<p>Premios A lo largo de los a\u00f1os, Handbook of the Birds of the World, Lynx Edicions y Josep del Hoyo, editor de la serie, han recibido numerosos premios de diversas [&hellip;]<\/p>\n","protected":false},"author":25123,"featured_media":0,"parent":0,"menu_order":0,"comment_status":"closed","ping_status":"closed","template":"","meta":{"footnotes":""},"class_list":["post-5095","page","type-page","status-publish","hentry"],"_links":{"self":[{"href":"https:\/\/lynxnaturebooks.com\/es\/wp-json\/wp\/v2\/pages\/5095","targetHints":{"allow":["GET"]}}],"collection":[{"href":"https:\/\/lynxnaturebooks.com\/es\/wp-json\/wp\/v2\/pages"}],"about":[{"href":"https:\/\/lynxnaturebooks.com\/es\/wp-json\/wp\/v2\/types\/page"}],"author":[{"embeddable":true,"href":"https:\/\/lynxnaturebooks.com\/es\/wp-json\/wp\/v2\/users\/25123"}],"replies":[{"embeddable":true,"href":"https:\/\/lynxnaturebooks.com\/es\/wp-json\/wp\/v2\/comments?post=5095"}],"version-history":[{"count":2,"href":"https:\/\/lynxnaturebooks.com\/es\/wp-json\/wp\/v2\/pages\/5095\/revisions"}],"predecessor-version":[{"id":84955,"href":"https:\/\/lynxnaturebooks.com\/es\/wp-json\/wp\/v2\/pages\/5095\/revisions\/84955"}],"wp:attachment":[{"href":"https:\/\/lynxnaturebooks.com\/es\/wp-json\/wp\/v2\/media?parent=5095"}],"curies":[{"name":"wp","href":"https:\/\/api.w.org\/{rel}","templated":true}]}}