{"id":5034,"date":"2019-01-30T16:57:40","date_gmt":"2019-01-30T15:57:40","guid":{"rendered":"https:\/\/www.lynxeds.com\/?page_id=5034"},"modified":"2024-07-16T08:22:01","modified_gmt":"2024-07-16T06:22:01","slug":"poster-filogenetico-de-las-aves-del-mundo","status":"publish","type":"page","link":"https:\/\/lynxnaturebooks.com\/es\/poster-filogenetico-de-las-aves-del-mundo\/","title":{"rendered":"\u00d3rdenes y Familias de las Aves del Mundo Cartel"},"content":{"rendered":"\n<h1 class=\"wp-block-heading\">\u00d3rdenes y Familias de las Aves del Mundo Cartel<\/h1>\n\n<h3 class=\"wp-block-heading\">P\u00f3ster sobre la filogenia de las aves<\/h3>\n\n<h4 class=\"wp-block-heading\">\u00a1Imprescindible para comprender la macrosistem\u00e1tica actual de la Clase Aves!<\/h4>\n\n<p>\u00c1rbol filogen\u00e9tico completamente actualizado, que incorpora los estudios moleculares m\u00e1s recientes que han revolucionado nuestra comprensi\u00f3n de las relaciones entre los \u00f3rdenes y familias de las aves del mundo.<\/p>\n\n<p>Seg\u00fan la clasificaci\u00f3n presentada en <a href=\"https:\/\/lynxnaturebooks.com\/es\/producto\/bird-families-of-the-world\/\" target=\"_blank\" rel=\"noreferrer noopener\">\n  <em>Familias de aves del mundo<\/em>\n<\/a> (Winkler, D.W. <em>et al<\/em>. 2015) y la  <a href=\"https:\/\/lynxnaturebooks.com\/es\/producto\/hbw-and-birdlife-international-illustrated-checklist-of-the-birds-of-the-world-set-of-two-volumes\/\" target=\"_blank\" rel=\"noreferrer noopener\"><em>HBW y BirdLife International Lista Ilustrada de las Aves del Mundo, Vols. 1 &amp; 2<\/em><\/a>  (del Hoyo, J. &amp; Collar, N.J. 2014, 2016), con varias actualizaciones.<\/p>\n\n<p><strong>Especificaciones t\u00e9cnicas:<\/strong><\/p>\n\n<ul class=\"wp-block-list\">\n<li><span class=\"detail\">Idioma:<\/span> Ingl\u00e9s<\/li>\n\n\n\n<li><span class=\"detail\">Fecha de publicaci\u00f3n:<\/span> Julio 2017<\/li>\n\n\n\n<li><span class=\"detail\">Formato:<\/span> 93,3 x 48 cm desplegado; 24 x 31,5 cm plegado<\/li>\n\n\n\n<li>Papel mate, 115 g\/m2<\/li>\n<\/ul>\n\n<p>Este p\u00f3ster gratuito se env\u00eda doblado en 6.<\/p>\n\n<figure class=\"wp-block-image\"><img loading=\"lazy\" decoding=\"async\" width=\"780\" height=\"734\" src=\"https:\/\/lynxnaturebooks.com\/wp-content\/uploads\/2016\/12\/poster_zoom.png\" alt=\"\" class=\"wp-image-4957\" srcset=\"https:\/\/lynxnaturebooks.com\/wp-content\/uploads\/2016\/12\/poster_zoom.png 780w, https:\/\/lynxnaturebooks.com\/wp-content\/uploads\/2016\/12\/poster_zoom-510x480.png 510w, https:\/\/lynxnaturebooks.com\/wp-content\/uploads\/2016\/12\/poster_zoom-300x282.png 300w, https:\/\/lynxnaturebooks.com\/wp-content\/uploads\/2016\/12\/poster_zoom-768x723.png 768w\" sizes=\"auto, (max-width: 780px) 100vw, 780px\" \/><\/figure>\n\n<p><strong>Leyenda de estos primeros planos:<\/strong><\/p>\n\n<p>184. Locustellidae (Aves de los prados y aliados) &#8211; 64 spp (\u20201) &#8211; 185. Donacobiidae (Donacobius) &#8211; 1 sp &#8211; 186. Bernieridae (Tetrakas) &#8211; 11 spp<\/p>\n\n<p>STRIGIFORMES: 79. Strigidae (B\u00fahos t\u00edpicos) &#8211; 225 spp (\u20205) &#8211; 80. Tytonidae (lechuzas) &#8211; 16 spp &#8211; COLIIFORMES: 81. Coliidae (Ratoneros) &#8211; 6 spp<span style=\"color: #696969;\"><strong> <\/strong><\/span><\/p>\n","protected":false},"excerpt":{"rendered":"<p>\u00d3rdenes y Familias de las Aves del Mundo Cartel P\u00f3ster sobre la filogenia de las aves \u00a1Imprescindible para comprender la macrosistem\u00e1tica actual de la Clase Aves! \u00c1rbol filogen\u00e9tico completamente actualizado, [&hellip;]<\/p>\n","protected":false},"author":25123,"featured_media":0,"parent":0,"menu_order":0,"comment_status":"closed","ping_status":"closed","template":"","meta":{"footnotes":""},"class_list":["post-5034","page","type-page","status-publish","hentry"],"_links":{"self":[{"href":"https:\/\/lynxnaturebooks.com\/es\/wp-json\/wp\/v2\/pages\/5034","targetHints":{"allow":["GET"]}}],"collection":[{"href":"https:\/\/lynxnaturebooks.com\/es\/wp-json\/wp\/v2\/pages"}],"about":[{"href":"https:\/\/lynxnaturebooks.com\/es\/wp-json\/wp\/v2\/types\/page"}],"author":[{"embeddable":true,"href":"https:\/\/lynxnaturebooks.com\/es\/wp-json\/wp\/v2\/users\/25123"}],"replies":[{"embeddable":true,"href":"https:\/\/lynxnaturebooks.com\/es\/wp-json\/wp\/v2\/comments?post=5034"}],"version-history":[{"count":2,"href":"https:\/\/lynxnaturebooks.com\/es\/wp-json\/wp\/v2\/pages\/5034\/revisions"}],"predecessor-version":[{"id":84810,"href":"https:\/\/lynxnaturebooks.com\/es\/wp-json\/wp\/v2\/pages\/5034\/revisions\/84810"}],"wp:attachment":[{"href":"https:\/\/lynxnaturebooks.com\/es\/wp-json\/wp\/v2\/media?parent=5034"}],"curies":[{"name":"wp","href":"https:\/\/api.w.org\/{rel}","templated":true}]}}