{"id":46983,"date":"2021-01-18T08:49:34","date_gmt":"2021-01-18T07:49:34","guid":{"rendered":"https:\/\/www.lynxeds.com\/?page_id=46983"},"modified":"2024-07-16T08:22:42","modified_gmt":"2024-07-16T06:22:42","slug":"abw-por-haring-ibon","status":"publish","type":"page","link":"https:\/\/lynxnaturebooks.com\/es\/abw-por-haring-ibon\/","title":{"rendered":"ABW de Haring Ibon"},"content":{"rendered":"\n<h2 class=\"wp-block-heading has-text-align-center\">ABW de Haring Ibon<\/h2>\n\n<p class=\"has-text-align-left\"><span lang=\"EN-US\">Muchas gracias a nuestros colegas de <a href=\"https:\/\/haringibon.com\/\" target=\"_blank\" rel=\"noopener\">Haring Ibon<\/a> por producir este fant\u00e1stico <a href=\"https:\/\/www.youtube.com\/watch?v=_BQaPdPBKrk&amp;ab_channel=HaringIbonPH\" target=\"_blank\" rel=\"noopener\">v\u00eddeo promocional<\/a> de <i>Todas las Aves del<\/i> Mundo para Filipinas.<\/span><\/p>\n\n<p class=\"has-text-align-left\"><span lang=\"EN-US\">Alain Pascua, el talentoso fot\u00f3grafo que est\u00e1 detr\u00e1s de la foto de la portada de ABW, ha creado art\u00edsticamente un v\u00eddeo que destaca varias caracter\u00edsticas del libro, empezando por la magn\u00edfica especie de ave que adorna la propia portada: \u00a1\u00c1guila filipina!<\/span><\/p>\n\n<div style=\"height:25px\" aria-hidden=\"true\" class=\"wp-block-spacer\"><\/div>\n\n<figure class=\"wp-block-embed is-type-video is-provider-youtube wp-block-embed-youtube wp-embed-aspect-16-9 wp-has-aspect-ratio\"><div class=\"wp-block-embed__wrapper\">\n<iframe loading=\"lazy\" title=\"ABW by Haring Ibon\" width=\"500\" height=\"281\" src=\"https:\/\/www.youtube.com\/embed\/u0rBd-v-PkU?feature=oembed\" frameborder=\"0\" allow=\"accelerometer; autoplay; clipboard-write; encrypted-media; gyroscope; picture-in-picture; web-share\" referrerpolicy=\"strict-origin-when-cross-origin\" allowfullscreen><\/iframe>\n<\/div><\/figure>\n","protected":false},"excerpt":{"rendered":"<p>ABW de Haring Ibon Muchas gracias a nuestros colegas de Haring Ibon por producir este fant\u00e1stico v\u00eddeo promocional de Todas las Aves del Mundo para Filipinas. Alain Pascua, el talentoso [&hellip;]<\/p>\n","protected":false},"author":25123,"featured_media":0,"parent":0,"menu_order":0,"comment_status":"closed","ping_status":"closed","template":"","meta":{"footnotes":""},"class_list":["post-46983","page","type-page","status-publish","hentry"],"_links":{"self":[{"href":"https:\/\/lynxnaturebooks.com\/es\/wp-json\/wp\/v2\/pages\/46983","targetHints":{"allow":["GET"]}}],"collection":[{"href":"https:\/\/lynxnaturebooks.com\/es\/wp-json\/wp\/v2\/pages"}],"about":[{"href":"https:\/\/lynxnaturebooks.com\/es\/wp-json\/wp\/v2\/types\/page"}],"author":[{"embeddable":true,"href":"https:\/\/lynxnaturebooks.com\/es\/wp-json\/wp\/v2\/users\/25123"}],"replies":[{"embeddable":true,"href":"https:\/\/lynxnaturebooks.com\/es\/wp-json\/wp\/v2\/comments?post=46983"}],"version-history":[{"count":2,"href":"https:\/\/lynxnaturebooks.com\/es\/wp-json\/wp\/v2\/pages\/46983\/revisions"}],"predecessor-version":[{"id":84874,"href":"https:\/\/lynxnaturebooks.com\/es\/wp-json\/wp\/v2\/pages\/46983\/revisions\/84874"}],"wp:attachment":[{"href":"https:\/\/lynxnaturebooks.com\/es\/wp-json\/wp\/v2\/media?parent=46983"}],"curies":[{"name":"wp","href":"https:\/\/api.w.org\/{rel}","templated":true}]}}