{"id":3324,"date":"2018-08-30T12:58:12","date_gmt":"2018-08-30T10:58:12","guid":{"rendered":"https:\/\/www.lynxeds.com\/?page_id=3324"},"modified":"2024-07-16T08:27:50","modified_gmt":"2024-07-16T06:27:50","slug":"derechos","status":"publish","type":"page","link":"https:\/\/lynxnaturebooks.com\/es\/derechos\/","title":{"rendered":"Derechos"},"content":{"rendered":"\n<h1 class=\"wp-block-heading\">Derechos<\/h1>\n\n<p>Bienvenido a la secci\u00f3n online de Derechos de Lynx Edicions. Aqu\u00ed puedes mantenerte al d\u00eda de las \u00faltimas noticias sobre Derechos de nuestros libros e ilustraci\u00f3n<\/p>\n\n<ul class=\"wp-block-list\">\n<li><a href=\"https:\/\/lynxnaturebooks.com\/book-rights\/\">Libros<\/a><\/li>\n\n\n\n<li><a href=\"https:\/\/lynxnaturebooks.com\/es\/derechos-ilustraciones\/\">Ilustraciones<\/a><\/li>\n<\/ul>\n","protected":false},"excerpt":{"rendered":"<p>Derechos Bienvenido a la secci\u00f3n online de Derechos de Lynx Edicions. Aqu\u00ed puedes mantenerte al d\u00eda de las \u00faltimas noticias sobre Derechos de nuestros libros e ilustraci\u00f3n<\/p>\n","protected":false},"author":25123,"featured_media":0,"parent":0,"menu_order":0,"comment_status":"closed","ping_status":"closed","template":"","meta":{"footnotes":""},"class_list":["post-3324","page","type-page","status-publish","hentry"],"_links":{"self":[{"href":"https:\/\/lynxnaturebooks.com\/es\/wp-json\/wp\/v2\/pages\/3324","targetHints":{"allow":["GET"]}}],"collection":[{"href":"https:\/\/lynxnaturebooks.com\/es\/wp-json\/wp\/v2\/pages"}],"about":[{"href":"https:\/\/lynxnaturebooks.com\/es\/wp-json\/wp\/v2\/types\/page"}],"author":[{"embeddable":true,"href":"https:\/\/lynxnaturebooks.com\/es\/wp-json\/wp\/v2\/users\/25123"}],"replies":[{"embeddable":true,"href":"https:\/\/lynxnaturebooks.com\/es\/wp-json\/wp\/v2\/comments?post=3324"}],"version-history":[{"count":2,"href":"https:\/\/lynxnaturebooks.com\/es\/wp-json\/wp\/v2\/pages\/3324\/revisions"}],"predecessor-version":[{"id":85048,"href":"https:\/\/lynxnaturebooks.com\/es\/wp-json\/wp\/v2\/pages\/3324\/revisions\/85048"}],"wp:attachment":[{"href":"https:\/\/lynxnaturebooks.com\/es\/wp-json\/wp\/v2\/media?parent=3324"}],"curies":[{"name":"wp","href":"https:\/\/api.w.org\/{rel}","templated":true}]}}