{"id":3315,"date":"2018-08-30T12:43:59","date_gmt":"2018-08-30T10:43:59","guid":{"rendered":"https:\/\/www.lynxeds.com\/?page_id=3315"},"modified":"2024-07-16T08:28:00","modified_gmt":"2024-07-16T06:28:00","slug":"derechos-ilustraciones","status":"publish","type":"page","link":"https:\/\/lynxnaturebooks.com\/es\/derechos-ilustraciones\/","title":{"rendered":"Derechos de ilustraci\u00f3n"},"content":{"rendered":"\n<h1 class=\"wp-block-heading\">Derechos de ilustraci\u00f3n<\/h1>\n\n<h4 class=\"wp-block-heading\">Ilustraciones del <em>Manual de los Mam\u00edferos del<\/em> Mundo<\/h4>\n\n<p><strong>La autorizaci\u00f3n de reproducci\u00f3n se ofrece sujeta a las siguientes condiciones:<\/strong><\/p>\n\n<p>1. El permiso se concede para un <strong>uso \u00fanico y para el fin espec\u00edfico<\/strong> indicado; y las ilustraciones no pueden reproducirse por separado de este contenido.<\/p>\n\n<p>Los derechos de reproducci\u00f3n concedidos son personales del cliente y no pueden transferirse a terceros. No concedemos permiso para publicar nuestras ilustraciones con una licencia Creative Commons de acceso abierto.<\/p>\n\n<p>Cualquier otra reproducci\u00f3n (incluidas las reimpresiones) requerir\u00e1 una nueva solicitud, el permiso por escrito de nx Edicions y el pago de una tasa adicional.<\/p>\n\n<p>2. No se podr\u00e1n realizar modificaciones, cambios o alteraciones en las ilustraciones ni en ninguna parte de las mismas sin el consentimiento previo por escrito de Lynx Edicions. S\u00f3lo se puede modificar la escala.<\/p>\n\n<p>3. La l\u00ednea de cr\u00e9ditos completa debe aparecer exactamente como especifica Lynx Edicions. Debe situarse junto a la reproducci\u00f3n de la(s) ilustraci\u00f3n(es); no s\u00f3lo en las secciones de agradecimientos o citas.<\/p>\n\n<ul class=\"wp-block-list\">\n<li>En los impresos, es preferible que los cr\u00e9ditos aparezcan en la misma p\u00e1gina o en la p\u00e1gina opuesta a la ilustraci\u00f3n.<\/li>\n\n\n\n<li>En el caso de pel\u00edculas y tiras de pel\u00edcula, es preferible que el cr\u00e9dito aparezca con las dem\u00e1s &#8220;Fuentes de ilustraci\u00f3n&#8221;.<\/li>\n\n\n\n<li>En las exposiciones y muestras p\u00fablicas, es preferible que el cr\u00e9dito aparezca dentro de la zona de exposici\u00f3n o muestra.<\/li>\n<\/ul>\n\n<p>4. Lynx Edicions se reserva el derecho a denegar el uso de ilustraciones de su colecci\u00f3n a cualquier solicitante.<\/p>\n\n<p>5. No se conceder\u00e1 el permiso hasta que se haya abonado la cuota requerida.<\/p>\n\n<p>6. Una vez publicado el material, deber\u00e1n enviarse a Lynx Edicions dos (2) ejemplares del libro en el que aparezca(n) la(s) ilustraci\u00f3n(es). Si la reproducci\u00f3n aparece en cualquier otro tipo de formato (por ejemplo, p\u00f3ster o art\u00edculo cient\u00edfico), bastar\u00e1 con un enlace o un archivo PDF de la p\u00e1gina o p\u00e1ginas.<\/p>\n\n<p>Alada Books, S.L.<br\/>Attn: Autorizaciones de Ilustraci\u00f3n<br\/>Tamarit, 144-146, Entl. 1B<br\/>E-08015 Barcelona<br\/>Espa\u00f1a<br\/><a href=\"mailto:lynx@lynxnaturebooks.com\">lynx@lynxnaturebooks.com<\/a><\/p>\n\n<p>Una vez enviado y pagado tu pedido, te enviaremos los archivos de las ilustraciones en los 7 d\u00edas laborables siguientes.<\/p>\n","protected":false},"excerpt":{"rendered":"<p>Derechos de ilustraci\u00f3n Ilustraciones del Manual de los Mam\u00edferos del Mundo La autorizaci\u00f3n de reproducci\u00f3n se ofrece sujeta a las siguientes condiciones: 1. El permiso se concede para un uso [&hellip;]<\/p>\n","protected":false},"author":25123,"featured_media":0,"parent":0,"menu_order":0,"comment_status":"closed","ping_status":"closed","template":"","meta":{"footnotes":""},"class_list":["post-3315","page","type-page","status-publish","hentry"],"_links":{"self":[{"href":"https:\/\/lynxnaturebooks.com\/es\/wp-json\/wp\/v2\/pages\/3315","targetHints":{"allow":["GET"]}}],"collection":[{"href":"https:\/\/lynxnaturebooks.com\/es\/wp-json\/wp\/v2\/pages"}],"about":[{"href":"https:\/\/lynxnaturebooks.com\/es\/wp-json\/wp\/v2\/types\/page"}],"author":[{"embeddable":true,"href":"https:\/\/lynxnaturebooks.com\/es\/wp-json\/wp\/v2\/users\/25123"}],"replies":[{"embeddable":true,"href":"https:\/\/lynxnaturebooks.com\/es\/wp-json\/wp\/v2\/comments?post=3315"}],"version-history":[{"count":2,"href":"https:\/\/lynxnaturebooks.com\/es\/wp-json\/wp\/v2\/pages\/3315\/revisions"}],"predecessor-version":[{"id":85064,"href":"https:\/\/lynxnaturebooks.com\/es\/wp-json\/wp\/v2\/pages\/3315\/revisions\/85064"}],"wp:attachment":[{"href":"https:\/\/lynxnaturebooks.com\/es\/wp-json\/wp\/v2\/media?parent=3315"}],"curies":[{"name":"wp","href":"https:\/\/api.w.org\/{rel}","templated":true}]}}