{"id":16281,"date":"2020-05-18T16:17:01","date_gmt":"2020-05-18T14:17:01","guid":{"rendered":"https:\/\/www.lynxeds.com\/?page_id=16281"},"modified":"2024-07-16T08:22:10","modified_gmt":"2024-07-16T06:22:10","slug":"all-the-birds-of-the-world-todas-las-aves-del-mundo","status":"publish","type":"page","link":"https:\/\/lynxnaturebooks.com\/es\/all-the-birds-of-the-world-todas-las-aves-del-mundo\/","title":{"rendered":"Lo m\u00e1s destacado de Todas las aves del mundo"},"content":{"rendered":"\n<div class=\"wp-block-columns are-vertically-aligned-center max-width is-layout-flex wp-container-core-columns-is-layout-9d6595d7 wp-block-columns-is-layout-flex\">\n<div class=\"wp-block-column is-vertically-aligned-center is-layout-flow wp-block-column-is-layout-flow\">\n<h1 class=\"wp-block-heading\"><strong>Un Libro,<br\/>Todos los p\u00e1jaros<\/strong><\/h1>\n\n\n\n<p>Abejarucos, garzas, p\u00e1jaros carpinteros, tangaras, martines pescadores, aves del para\u00edso, golondrinas, colibr\u00edes&#8230; Elige cualquier familia de aves y admira y compara lado a lado a todos sus miembros que viven en el mundo entero.<a href=\"https:\/\/www.lynxeds.com\/product\/all-the-birds-of-the-world\/\" target=\"_blank\" rel=\"noopener\"> <\/a><\/p>\n\n\n\n<p class=\"button-link button-400\"><a href=\"https:\/\/www.lynxeds.com\/product\/all-the-birds-of-the-world\/\" target=\"_blank\" rel=\"noopener\"><\/a><a href=\"https:\/\/www.lynxeds.com\/product\/all-the-birds-of-the-world\/\" target=\"_blank\" rel=\"noopener\">COMPRAR AHORA<\/a><\/p>\n\n\n\n<p class=\"button-link button-400\"><a href=\"https:\/\/www.lynxeds.com\/all-the-birds-of-the-world-mentions\/\" target=\"_blank\" rel=\"noopener\"><\/a><a href=\"https:\/\/www.lynxeds.com\/all-the-birds-of-the-world-mentions\/\" target=\"_blank\" rel=\"noopener\">Ver las primeras reacciones de los lectores<\/a><\/p>\n\n\n\n<p class=\"button-link button-400\"><a href=\"https:\/\/www.lynxeds.com\/all-the-birds-of-the-world-virtual-birdfair-2020\/\" target=\"_blank\" rel=\"noopener\"><\/a><a href=\"https:\/\/www.lynxeds.com\/all-the-birds-of-the-world-virtual-birdfair-2020\/\" target=\"_blank\" rel=\"noopener\">Ver v\u00eddeo de presentaci\u00f3n<\/a><\/p>\n\n\n\n<p class=\"button-link button-400\"><a href=\"https:\/\/www.lynxeds.com\/abw-haring-ibon\/\" target=\"_blank\" rel=\"noopener\"><\/a><a href=\"https:\/\/www.lynxeds.com\/abw-haring-ibon\/\" target=\"_blank\" rel=\"noopener\">Ver v\u00eddeo promocional<\/a><\/p>\n<\/div>\n\n\n\n<div class=\"wp-block-column is-vertically-aligned-center is-layout-flow wp-block-column-is-layout-flow\">\n<figure class=\"wp-block-image size-full\"><img decoding=\"async\" src=\"https:\/\/lynxnaturebooks.com\/wp-content\/uploads\/2024\/06\/All_the_Birds_of_the_World_cover_transp.webp\" alt=\"\" class=\"wp-image-83320\"\/><\/figure>\n<\/div>\n<\/div>\n\n<div style=\"height:27px\" aria-hidden=\"true\" class=\"wp-block-spacer\"><\/div>\n\n<p class=\"has-text-align-center has-medium-font-size\">Por primera vez, puedes contemplar <em>Todas las Aves del<\/em> Mundo juntas en un \u00fanico volumen f\u00e1cil de usar y totalmente ilustrado. Creado para un p\u00fablico amplio, desde observadores de aves principiantes hasta ornit\u00f3logos expertos y cualquier persona interesada en la espectacular diversidad de las aves, este libro tiene algo para todos.<\/p>\n\n<p class=\"has-text-align-center has-medium-font-size\">D\u00e9janos guiarte a trav\u00e9s de los elementos m\u00e1s destacados de este libro \u00fanico:<\/p>\n\n<figure class=\"wp-block-image size-large\"><img decoding=\"async\" src=\"https:\/\/lynxnaturebooks.com\/wp-content\/uploads\/2024\/06\/ABW-152_web-793x1024.jpg\" alt=\"\" class=\"wp-image-83324\"\/><\/figure>\n\n<p class=\"has-text-align-center has-large-font-size\">Presenta todas las formas aceptadas como especies por cualquiera de las cuatro principales listas mundiales: 11.542 en total<\/p>\n\n<figure class=\"wp-block-image size-large\"><img decoding=\"async\" src=\"https:\/\/lynxnaturebooks.com\/wp-content\/uploads\/2024\/06\/ABW-150-full-page-sample-scaled-1-793x1024.jpg\" alt=\"\" class=\"wp-image-83328\"\/><\/figure>\n\n<h2 class=\"wp-block-heading has-text-align-center\">Todas las aves del mundo &#8211; destacados<\/h2>\n\n<div class=\"wp-block-group gallery-slider max-width-wide\"><div class=\"wp-block-group__inner-container is-layout-constrained wp-block-group-is-layout-constrained\">\n<figure class=\"wp-block-gallery has-nested-images columns-4 is-cropped wp-block-gallery-1 is-layout-flex wp-block-gallery-is-layout-flex\">\n<figure class=\"wp-block-image size-large\"><img decoding=\"async\" data-id=\"83392\" src=\"https:\/\/lynxnaturebooks.com\/wp-content\/uploads\/2024\/06\/ABW-453-iucn-status-1-1024x614.jpg\" alt=\"\" class=\"wp-image-83392\"\/><\/figure>\n\n\n\n<figure class=\"wp-block-image size-large\"><img decoding=\"async\" data-id=\"83400\" src=\"https:\/\/lynxnaturebooks.com\/wp-content\/uploads\/2024\/06\/ABW-315-country-endemic-1024x584.jpg\" alt=\"\" class=\"wp-image-83400\"\/><\/figure>\n\n\n\n<figure class=\"wp-block-image size-large\"><img decoding=\"async\" data-id=\"83396\" src=\"https:\/\/lynxnaturebooks.com\/wp-content\/uploads\/2024\/06\/ABW-272-dist-maps-1024x597.jpg\" alt=\"\" class=\"wp-image-83396\"\/><\/figure>\n\n\n\n<figure class=\"wp-block-image size-large\"><img decoding=\"async\" data-id=\"83404\" src=\"https:\/\/lynxnaturebooks.com\/wp-content\/uploads\/2024\/06\/ABW-288-sexual-dimo-1024x572.jpg\" alt=\"\" class=\"wp-image-83404\"\/><\/figure>\n\n\n\n<figure class=\"wp-block-image size-large\"><img decoding=\"async\" data-id=\"83412\" src=\"https:\/\/lynxnaturebooks.com\/wp-content\/uploads\/2024\/06\/ABW-600-alt-range-1024x583.jpg\" alt=\"\" class=\"wp-image-83412\"\/><\/figure>\n\n\n\n<figure class=\"wp-block-image size-large\"><img decoding=\"async\" data-id=\"83416\" src=\"https:\/\/lynxnaturebooks.com\/wp-content\/uploads\/2024\/06\/ABW-083-genus-lines-1.jpg\" alt=\"\" class=\"wp-image-83416\"\/><\/figure>\n\n\n\n<figure class=\"wp-block-image size-large\"><img decoding=\"async\" data-id=\"83420\" src=\"https:\/\/lynxnaturebooks.com\/wp-content\/uploads\/2024\/06\/ABW-794-genus_lines-1024x640.jpg\" alt=\"\" class=\"wp-image-83420\"\/><\/figure>\n\n\n\n<figure class=\"wp-block-image size-large\"><img decoding=\"async\" data-id=\"83424\" src=\"https:\/\/lynxnaturebooks.com\/wp-content\/uploads\/2024\/06\/ABW-722-fam-header-1024x597.jpg\" alt=\"\" class=\"wp-image-83424\"\/><\/figure>\n\n\n\n<figure class=\"wp-block-image size-large\"><img decoding=\"async\" data-id=\"83428\" src=\"https:\/\/lynxnaturebooks.com\/wp-content\/uploads\/2024\/06\/ABW-141-order-header-1024x514.jpg\" alt=\"\" class=\"wp-image-83428\"\/><\/figure>\n\n\n\n<figure class=\"wp-block-image size-large\"><img decoding=\"async\" data-id=\"83432\" src=\"https:\/\/lynxnaturebooks.com\/wp-content\/uploads\/2024\/06\/ABW-207_genux_box-1024x649.jpg\" alt=\"\" class=\"wp-image-83432\"\/><\/figure>\n\n\n\n<figure class=\"wp-block-image size-large\"><img decoding=\"async\" data-id=\"83436\" src=\"https:\/\/lynxnaturebooks.com\/wp-content\/uploads\/2024\/06\/ABW-344-add-range-1024x596.jpg\" alt=\"\" class=\"wp-image-83436\"\/><\/figure>\n\n\n\n<figure class=\"wp-block-image size-large\"><img decoding=\"async\" data-id=\"83440\" src=\"https:\/\/lynxnaturebooks.com\/wp-content\/uploads\/2024\/06\/ABW-264-checkboxes-1024x615.jpg\" alt=\"\" class=\"wp-image-83440\"\/><\/figure>\n\n\n\n<figure class=\"wp-block-image size-large\"><img loading=\"lazy\" decoding=\"async\" width=\"1024\" height=\"632\" data-id=\"83444\" src=\"https:\/\/lynxnaturebooks.com\/wp-content\/uploads\/2024\/06\/ABW-451-qr-codes-1024x632.jpg\" alt=\"\" class=\"wp-image-83444\" srcset=\"https:\/\/lynxnaturebooks.com\/wp-content\/uploads\/2024\/06\/ABW-451-qr-codes-1024x632.jpg 1024w, https:\/\/lynxnaturebooks.com\/wp-content\/uploads\/2024\/06\/ABW-451-qr-codes-900x556.jpg 900w, https:\/\/lynxnaturebooks.com\/wp-content\/uploads\/2024\/06\/ABW-451-qr-codes-300x185.jpg 300w, https:\/\/lynxnaturebooks.com\/wp-content\/uploads\/2024\/06\/ABW-451-qr-codes-768x474.jpg 768w, https:\/\/lynxnaturebooks.com\/wp-content\/uploads\/2024\/06\/ABW-451-qr-codes.jpg 1200w\" sizes=\"auto, (max-width: 1024px) 100vw, 1024px\" \/><\/figure>\n\n\n\n<figure class=\"wp-block-image size-large\"><img loading=\"lazy\" decoding=\"async\" width=\"1024\" height=\"815\" data-id=\"83448\" src=\"https:\/\/lynxnaturebooks.com\/wp-content\/uploads\/2024\/06\/ABW-263-names-ebird-1-1024x815.jpg\" alt=\"\" class=\"wp-image-83448\" srcset=\"https:\/\/lynxnaturebooks.com\/wp-content\/uploads\/2024\/06\/ABW-263-names-ebird-1-1024x815.jpg 1024w, https:\/\/lynxnaturebooks.com\/wp-content\/uploads\/2024\/06\/ABW-263-names-ebird-1-900x716.jpg 900w, https:\/\/lynxnaturebooks.com\/wp-content\/uploads\/2024\/06\/ABW-263-names-ebird-1-300x239.jpg 300w, https:\/\/lynxnaturebooks.com\/wp-content\/uploads\/2024\/06\/ABW-263-names-ebird-1-768x611.jpg 768w, https:\/\/lynxnaturebooks.com\/wp-content\/uploads\/2024\/06\/ABW-263-names-ebird-1.jpg 1200w\" sizes=\"auto, (max-width: 1024px) 100vw, 1024px\" \/><\/figure>\n\n\n\n<figure class=\"wp-block-image size-large\"><img loading=\"lazy\" decoding=\"async\" width=\"1024\" height=\"597\" data-id=\"83452\" src=\"https:\/\/lynxnaturebooks.com\/wp-content\/uploads\/2024\/06\/ABW-742-geog-variation-1-1024x597.jpg\" alt=\"\" class=\"wp-image-83452\" srcset=\"https:\/\/lynxnaturebooks.com\/wp-content\/uploads\/2024\/06\/ABW-742-geog-variation-1-1024x597.jpg 1024w, https:\/\/lynxnaturebooks.com\/wp-content\/uploads\/2024\/06\/ABW-742-geog-variation-1-900x525.jpg 900w, https:\/\/lynxnaturebooks.com\/wp-content\/uploads\/2024\/06\/ABW-742-geog-variation-1-300x175.jpg 300w, https:\/\/lynxnaturebooks.com\/wp-content\/uploads\/2024\/06\/ABW-742-geog-variation-1-768x448.jpg 768w, https:\/\/lynxnaturebooks.com\/wp-content\/uploads\/2024\/06\/ABW-742-geog-variation-1.jpg 1200w\" sizes=\"auto, (max-width: 1024px) 100vw, 1024px\" \/><\/figure>\n\n\n\n<figure class=\"wp-block-image size-large\"><img loading=\"lazy\" decoding=\"async\" width=\"1024\" height=\"679\" data-id=\"83456\" src=\"https:\/\/lynxnaturebooks.com\/wp-content\/uploads\/2024\/06\/ABW-273_country_codes-1024x679.jpg\" alt=\"\" class=\"wp-image-83456\" srcset=\"https:\/\/lynxnaturebooks.com\/wp-content\/uploads\/2024\/06\/ABW-273_country_codes-1024x679.jpg 1024w, https:\/\/lynxnaturebooks.com\/wp-content\/uploads\/2024\/06\/ABW-273_country_codes-900x597.jpg 900w, https:\/\/lynxnaturebooks.com\/wp-content\/uploads\/2024\/06\/ABW-273_country_codes-300x199.jpg 300w, https:\/\/lynxnaturebooks.com\/wp-content\/uploads\/2024\/06\/ABW-273_country_codes-768x509.jpg 768w, https:\/\/lynxnaturebooks.com\/wp-content\/uploads\/2024\/06\/ABW-273_country_codes.jpg 1200w\" sizes=\"auto, (max-width: 1024px) 100vw, 1024px\" \/><\/figure>\n\n\n\n<figure class=\"wp-block-image size-large\"><img loading=\"lazy\" decoding=\"async\" width=\"1024\" height=\"659\" data-id=\"83460\" src=\"https:\/\/lynxnaturebooks.com\/wp-content\/uploads\/2024\/06\/ABW-355-tax-circle-1-1024x659.jpg\" alt=\"\" class=\"wp-image-83460\" srcset=\"https:\/\/lynxnaturebooks.com\/wp-content\/uploads\/2024\/06\/ABW-355-tax-circle-1-1024x659.jpg 1024w, https:\/\/lynxnaturebooks.com\/wp-content\/uploads\/2024\/06\/ABW-355-tax-circle-1-900x579.jpg 900w, https:\/\/lynxnaturebooks.com\/wp-content\/uploads\/2024\/06\/ABW-355-tax-circle-1-300x193.jpg 300w, https:\/\/lynxnaturebooks.com\/wp-content\/uploads\/2024\/06\/ABW-355-tax-circle-1-768x494.jpg 768w, https:\/\/lynxnaturebooks.com\/wp-content\/uploads\/2024\/06\/ABW-355-tax-circle-1.jpg 1200w\" sizes=\"auto, (max-width: 1024px) 100vw, 1024px\" \/><\/figure>\n<\/figure>\n<\/div><\/div>\n\n<h2 class=\"wp-block-heading has-text-align-center\">Detalles t\u00e9cnicos<\/h2>\n\n<div class=\"wp-block-columns are-vertically-aligned-center is-layout-flex wp-container-core-columns-is-layout-9d6595d7 wp-block-columns-is-layout-flex\">\n<div class=\"wp-block-column is-vertically-aligned-center is-layout-flow wp-block-column-is-layout-flow\">\n<figure class=\"wp-block-table\"><table><tbody><tr><th>Peso<\/th><td>4,8 kg<\/td><\/tr><tr><th>Dimensiones<\/th><td>24 \u00d7 31 cm<\/td><\/tr><tr><th>Idioma<\/th><td>Ingl\u00e9s<\/td><\/tr><tr><th>Formato<\/th><td>Tapa dura con sobrecubierta<\/td><\/tr><tr><th>P\u00e1ginas<\/th><td>968<\/td><\/tr><tr><th>ISBN<\/th><td>978-84-16728-37-4<\/td><\/tr><tr><th>Editado por<\/th><td>Josep del Hoyo<\/td><\/tr><tr><th>Publicado por<\/th><td>Lynx Edicions<\/td><\/tr><tr><th>Fecha de publicaci\u00f3n<\/th><td>Agosto 2020<\/td><\/tr><\/tbody><\/table><\/figure>\n<\/div>\n\n\n\n<div class=\"wp-block-column is-vertically-aligned-center is-layout-flow wp-block-column-is-layout-flow\">\n<figure class=\"wp-block-image size-full\"><img loading=\"lazy\" decoding=\"async\" width=\"300\" height=\"340\" src=\"https:\/\/lynxnaturebooks.com\/wp-content\/uploads\/2024\/06\/ABW_size_weight.webp\" alt=\"\" class=\"wp-image-83332\" srcset=\"https:\/\/lynxnaturebooks.com\/wp-content\/uploads\/2024\/06\/ABW_size_weight.webp 300w, https:\/\/lynxnaturebooks.com\/wp-content\/uploads\/2024\/06\/ABW_size_weight-265x300.webp 265w\" sizes=\"auto, (max-width: 300px) 100vw, 300px\" \/><\/figure>\n<\/div>\n<\/div>\n\n<figure class=\"wp-block-image size-large\"><img loading=\"lazy\" decoding=\"async\" width=\"792\" height=\"1024\" src=\"https:\/\/lynxnaturebooks.com\/wp-content\/uploads\/2024\/06\/ABW-231-full-page-sample-big-scaled-1-792x1024.jpg\" alt=\"\" class=\"wp-image-83337\" srcset=\"https:\/\/lynxnaturebooks.com\/wp-content\/uploads\/2024\/06\/ABW-231-full-page-sample-big-scaled-1-792x1024.jpg 792w, https:\/\/lynxnaturebooks.com\/wp-content\/uploads\/2024\/06\/ABW-231-full-page-sample-big-scaled-1-900x1164.jpg 900w, https:\/\/lynxnaturebooks.com\/wp-content\/uploads\/2024\/06\/ABW-231-full-page-sample-big-scaled-1-232x300.jpg 232w, https:\/\/lynxnaturebooks.com\/wp-content\/uploads\/2024\/06\/ABW-231-full-page-sample-big-scaled-1-768x993.jpg 768w, https:\/\/lynxnaturebooks.com\/wp-content\/uploads\/2024\/06\/ABW-231-full-page-sample-big-scaled-1-1188x1536.jpg 1188w, https:\/\/lynxnaturebooks.com\/wp-content\/uploads\/2024\/06\/ABW-231-full-page-sample-big-scaled-1.jpg 1485w\" sizes=\"auto, (max-width: 792px) 100vw, 792px\" \/><\/figure>\n\n<h2 class=\"wp-block-heading has-text-align-center\">Preguntas frecuentes<\/h2>\n\n<div style=\"height:17px\" aria-hidden=\"true\" class=\"wp-block-spacer\"><\/div>\n\n<div class=\"wp-block-group faq max-width\"><div class=\"wp-block-group__inner-container is-layout-constrained wp-block-group-is-layout-constrained\">\n<p class=\"faq-q has-medium-font-size\">\u00bfCu\u00e1les son las diferencias entre Todas las Aves del Mundo y la Lista Ilustrada de las Aves del Mundo?<\/p>\n\n\n\n<div class=\"wp-block-group faq-a\"><div class=\"wp-block-group__inner-container is-layout-constrained wp-block-group-is-layout-constrained\">\n<p><em>Todas las Aves<\/em> del Mundo tiene dos claros antecedentes, con los que comparte muchos de sus objetivos, especialmente el de difundir y promover el inter\u00e9s por las aves en todo el mundo: la serie <em>Handbook of the Birds of the<\/em> World en 17 vol\u00famenes, la primera obra impresa que incluye todas las aves del mundo; y la HBW and BirdLife International <em>Illustrated Checklist of the Birds of the<\/em> World en dos vol\u00famenes, que proporciona una profunda revisi\u00f3n taxon\u00f3mica de la publicaci\u00f3n anterior.  <em>Todas las aves del mundo<\/em> en un solo volumen, pretende acercar a un p\u00fablico m\u00e1s amplio la extraordinaria riqueza y diversidad de la avifauna mundial.<\/p>\n\n\n\n<p>Sin embargo, hay una serie de diferencias entre <em>Todas las aves del<\/em> mundo y la <em>Lista ilustrada<\/em> en dos vol\u00famenes. Una obvia es que el libro actual es un solo volumen y su precio es menos de la cuarta parte del del juego Checklist. Esperamos que sea m\u00e1s accesible a muchas m\u00e1s personas para las que la Lista de control era quiz\u00e1 demasiado t\u00e9cnica y no tan asequible. Adem\u00e1s, los lectores m\u00e1s expertos encontrar\u00e1n que esta nueva obra incluye novedades interesantes que no se encontraban en las obras anteriores, sobre todo la comparaci\u00f3n del tratamiento taxon\u00f3mico dado a cada forma por las cuatro principales listas mundiales.<\/p>\n\n\n\n<p>En resumen, por primera vez, el lector puede contemplar todas las especies de aves del mundo juntas en un solo volumen f\u00e1cil de usar y totalmente ilustrado, y a un precio mucho menor que incluso un volumen de las dem\u00e1s obras que tratan de las aves del mundo. Esperamos que este nuevo libro llegue a un gran n\u00famero de personas, estimulando y desarrollando su inter\u00e9s por las aves, y que para muchas de ellas sea un primer paso hacia la pasi\u00f3n por la conservaci\u00f3n de la naturaleza, la biodiversidad y nuestro planeta.<\/p>\n<\/div><\/div>\n<\/div><\/div>\n\n<div class=\"wp-block-group faq max-width\"><div class=\"wp-block-group__inner-container is-layout-constrained wp-block-group-is-layout-constrained\">\n<p class=\"faq-q has-medium-font-size\">\u00bfNecesito este libro si ya tengo la Lista Ilustrada de las Aves del Mundo?<\/p>\n\n\n\n<div class=\"wp-block-group faq-a\"><div class=\"wp-block-group__inner-container is-layout-constrained wp-block-group-is-layout-constrained\">\n<p><em>Todas las Aves <\/em>del Mundo tiene una serie de caracter\u00edsticas interesantes que no se encuentran en la <em>Lista Ilustrada de las Aves del<\/em> Mundo de HBW y BirdLife International. Una de ellas es que presenta una comparaci\u00f3n especie por especie del tratamiento taxon\u00f3mico de las cuatro principales listas mundiales que clasifican todas las aves del mundo: las de HBW y BirdLife, eBird\/Clements, el COI y Howard y Moore. Creemos que esta comparaci\u00f3n directa y visual ser\u00e1 \u00fatil para los lectores interesados en cuestiones taxon\u00f3micas, y tambi\u00e9n esperamos que sirva como herramienta para avanzar en el proceso en curso de conciliaci\u00f3n de las distintas taxonom\u00edas en una lista unificada. Esta unificaci\u00f3n tendr\u00eda importantes beneficios para todos los que necesitan una lista de aves s\u00f3lida: no s\u00f3lo los ornit\u00f3logos y observadores de aves, sino tambi\u00e9n los gobiernos, los gestores de la fauna salvaje, los ecologistas, los conservacionistas y muchos otros. <em>Todas las Aves del<\/em> Mundo incluye todos los taxones aceptados como especies por cualquiera de estas cuatro grandes listas mundiales, y as\u00ed llegamos al total de 11.524 especies cubiertas.<\/p>\n\n\n\n<p>Otra caracter\u00edstica innovadora del libro es la incorporaci\u00f3n de c\u00f3digos QR para las m\u00e1s de 11.000 especies vivas incluidas en el libro. As\u00ed que, mientras hojeas el libro, ten a mano tu smartphone y accede al instante a los recursos en l\u00ednea del Laboratorio de Ornitolog\u00eda de Cornell: sus proyectos eBird y Macaulay Library. Visualiza fotos y v\u00eddeos y escucha la especie en cuesti\u00f3n con un solo clic. En muchos casos encontrar\u00e1s cientos de registros audiovisuales de una sola especie.<\/p>\n\n\n\n<p>Cada especie tiene su nombre ingl\u00e9s y cient\u00edfico, as\u00ed como nombres alternativos cuando son \u00fatiles, incluidos todos los utilizados por eBird, lo que refleja la gran importancia de ese proyecto y el gran y creciente n\u00famero de sus participantes.<\/p>\n\n\n\n<p>Adem\u00e1s de una detallada Introducci\u00f3n en la que se explica c\u00f3mo utilizar el libro y se ofrece una visi\u00f3n general de las listas mundiales cuyos datos se han incluido, tambi\u00e9n hay cinco ap\u00e9ndices con informaci\u00f3n que creemos que muchos lectores encontrar\u00e1n interesante. Una de ellas trata de las m\u00e1s de 160 especies que se sabe que se han extinguido desde el a\u00f1o 1500, mientras que otra explica casos seleccionados de diferencias de nomenclatura entre las listas mundiales. Un atlas mundial de 37 p\u00e1ginas con mapas de referencia en color ofrece una gran cantidad de detalles relevantes de inter\u00e9s para observadores de aves y ornit\u00f3logos.<\/p>\n<\/div><\/div>\n<\/div><\/div>\n\n<div class=\"wp-block-group faq max-width\"><div class=\"wp-block-group__inner-container is-layout-constrained wp-block-group-is-layout-constrained\">\n<p class=\"faq-q has-medium-font-size\">\u00bfIlustra realmente todas las especies de aves del mundo?<\/p>\n\n\n\n<div class=\"wp-block-group faq-a\"><div class=\"wp-block-group__inner-container is-layout-constrained wp-block-group-is-layout-constrained\">\n<p>S\u00ed, incluye e ilustra todas las especies existentes, cient\u00edficamente descritas y aceptadas por al menos una de las cuatro listas mundiales, es decir, 11.362 especies. Adem\u00e1s, hay un ap\u00e9ndice que incluye las especies que se extinguieron despu\u00e9s de 1500 d.C., un total de 162, y se ilustran todas las que se conocen a partir de espec\u00edmenes. Esta amplia cobertura asciende a 20.865 ilustraciones.<\/p>\n<\/div><\/div>\n<\/div><\/div>\n\n<div class=\"wp-block-group faq max-width\"><div class=\"wp-block-group__inner-container is-layout-constrained wp-block-group-is-layout-constrained\">\n<p class=\"faq-q has-medium-font-size\">\u00bfIncluye especies descubiertas recientemente?<\/p>\n\n\n\n<div class=\"wp-block-group faq-a\"><div class=\"wp-block-group__inner-container is-layout-constrained wp-block-group-is-layout-constrained\">\n<p>Hay varias especies que se han descrito como nuevas para la ciencia en los \u00faltimos a\u00f1os. Todos ellos est\u00e1n incluidos en el libro, siempre que al menos una de las cuatro listas mundiales ya lo haya aceptado. Es el caso de la colina de garganta azul, el pa\u00ed\u00f1o de Pincoya, el autillo de Rinjani, el hormiguero de la Cordillera Azul, las mizomelas de Rote y Alor, el zorzal del bosque del Himalaya y el seedeater de Ibera, entre otros.<\/p>\n<\/div><\/div>\n<\/div><\/div>\n\n<div class=\"wp-block-group faq max-width\"><div class=\"wp-block-group__inner-container is-layout-constrained wp-block-group-is-layout-constrained\">\n<p class=\"faq-q has-medium-font-size\">\u00bfSe incluyen las especies no descritas?<\/p>\n\n\n\n<div class=\"wp-block-group faq-a\"><div class=\"wp-block-group__inner-container is-layout-constrained wp-block-group-is-layout-constrained\">\n<p>El libro incluye e ilustra todas las especies existentes, cient\u00edficamente descritas y aceptadas por al menos una de las cuatro listas mundiales, es decir, 11.362 especies. Pero, como es pr\u00e1ctica habitual en las listas mundiales, no se incluyen las especies no descritas, que por definici\u00f3n a\u00fan no tienen asignado un nombre cient\u00edfico. La raz\u00f3n es que, aunque muchas de estas formas acabar\u00e1n describi\u00e9ndose y acept\u00e1ndose, a veces varios a\u00f1os despu\u00e9s, otras se recalifican posteriormente como subespecies, etc.<\/p>\n<\/div><\/div>\n<\/div><\/div>\n\n<div class=\"wp-block-group faq max-width\"><div class=\"wp-block-group__inner-container is-layout-constrained wp-block-group-is-layout-constrained\">\n<p class=\"faq-q has-medium-font-size\">\u00bfIncluye este libro la reciente escisi\u00f3n de la Lophorina superba?<\/p>\n\n\n\n<div class=\"wp-block-group faq-a\"><div class=\"wp-block-group__inner-container is-layout-constrained wp-block-group-is-layout-constrained\">\n<p>En el g\u00e9nero Lophorina hay 7 especies presentadas en Todas las aves del mundo. Los cuatro Riflebirds, tal y como aparec\u00edan en la Lista Ilustrada, y lo que antes era la Superb Bird-of-paradise, que ahora est\u00e1 dividida en tres especies: Lophorina de Vogelkop, Lophorina de Plumaje Ancho y Lophorina Menor. Este complejo tambi\u00e9n es objeto de un apasionado debate nomenclatural, que se explica con detalle en el <strong>Ap\u00e9ndice 2<\/strong> del libro: Casos seleccionados de diferencias de nomenclatura en las listas mundiales.<\/p>\n<\/div><\/div>\n<\/div><\/div>\n\n<div class=\"wp-block-group faq max-width\"><div class=\"wp-block-group__inner-container is-layout-constrained wp-block-group-is-layout-constrained\">\n<p class=\"faq-q has-medium-font-size\">Tengo otra pregunta. \u00bfQu\u00e9 puedo hacer?<\/p>\n\n\n\n<div class=\"wp-block-group faq-a\"><div class=\"wp-block-group__inner-container is-layout-constrained wp-block-group-is-layout-constrained\">\n<p>Ponte en contacto con nosotros. Estaremos encantados de aclarar cualquier cosa sobre <em>Todas las aves del mundo<\/em> o cualquier otro t\u00edtulo.<\/p>\n\n\n\n<p>Consulta nuestros datos en la <a href=\"https:\/\/www.lynxeds.com\/contact\/\" target=\"_blank\" rel=\"noopener\">p\u00e1gina de contacto<\/a>.<\/p>\n<\/div><\/div>\n<\/div><\/div>\n","protected":false},"excerpt":{"rendered":"<p>Un Libro,Todos los p\u00e1jaros Abejarucos, garzas, p\u00e1jaros carpinteros, tangaras, martines pescadores, aves del para\u00edso, golondrinas, colibr\u00edes&#8230; Elige cualquier familia de aves y admira y compara lado a lado a todos [&hellip;]<\/p>\n","protected":false},"author":25123,"featured_media":0,"parent":0,"menu_order":0,"comment_status":"closed","ping_status":"closed","template":"","meta":{"footnotes":""},"class_list":["post-16281","page","type-page","status-publish","hentry"],"_links":{"self":[{"href":"https:\/\/lynxnaturebooks.com\/es\/wp-json\/wp\/v2\/pages\/16281","targetHints":{"allow":["GET"]}}],"collection":[{"href":"https:\/\/lynxnaturebooks.com\/es\/wp-json\/wp\/v2\/pages"}],"about":[{"href":"https:\/\/lynxnaturebooks.com\/es\/wp-json\/wp\/v2\/types\/page"}],"author":[{"embeddable":true,"href":"https:\/\/lynxnaturebooks.com\/es\/wp-json\/wp\/v2\/users\/25123"}],"replies":[{"embeddable":true,"href":"https:\/\/lynxnaturebooks.com\/es\/wp-json\/wp\/v2\/comments?post=16281"}],"version-history":[{"count":2,"href":"https:\/\/lynxnaturebooks.com\/es\/wp-json\/wp\/v2\/pages\/16281\/revisions"}],"predecessor-version":[{"id":84822,"href":"https:\/\/lynxnaturebooks.com\/es\/wp-json\/wp\/v2\/pages\/16281\/revisions\/84822"}],"wp:attachment":[{"href":"https:\/\/lynxnaturebooks.com\/es\/wp-json\/wp\/v2\/media?parent=16281"}],"curies":[{"name":"wp","href":"https:\/\/api.w.org\/{rel}","templated":true}]}}