{"id":12448,"date":"2020-01-27T16:51:57","date_gmt":"2020-01-27T15:51:57","guid":{"rendered":"https:\/\/www.lynxeds.com\/?page_id=12448"},"modified":"2024-07-16T08:21:53","modified_gmt":"2024-07-16T06:21:53","slug":"coleccion-lynx-illustrated-checklist","status":"publish","type":"page","link":"https:\/\/lynxnaturebooks.com\/es\/coleccion-lynx-illustrated-checklist\/","title":{"rendered":"Colecci\u00f3n de listas de control ilustradas de linces"},"content":{"rendered":"\n<div style=\"height:36px\" aria-hidden=\"true\" class=\"wp-block-spacer\"><\/div>\n<div class=\"wp-block-image\">\n<figure class=\"aligncenter\"><a href=\"https:\/\/lynxnaturebooks.com\/wp-content\/uploads\/2020\/01\/Lynx_Illustrated_Checklists_Collection_logo.png\"><img loading=\"lazy\" decoding=\"async\" width=\"1024\" height=\"116\" src=\"https:\/\/lynxnaturebooks.com\/wp-content\/uploads\/2020\/01\/Lynx_Illustrated_Checklists_Collection_logo-1024x116.png\" alt=\"\" class=\"wp-image-12438\" srcset=\"https:\/\/lynxnaturebooks.com\/wp-content\/uploads\/2020\/01\/Lynx_Illustrated_Checklists_Collection_logo-1024x116.png 1024w, https:\/\/lynxnaturebooks.com\/wp-content\/uploads\/2020\/01\/Lynx_Illustrated_Checklists_Collection_logo-900x102.png 900w, https:\/\/lynxnaturebooks.com\/wp-content\/uploads\/2020\/01\/Lynx_Illustrated_Checklists_Collection_logo-300x34.png 300w, https:\/\/lynxnaturebooks.com\/wp-content\/uploads\/2020\/01\/Lynx_Illustrated_Checklists_Collection_logo-768x87.png 768w, https:\/\/lynxnaturebooks.com\/wp-content\/uploads\/2020\/01\/Lynx_Illustrated_Checklists_Collection_logo-510x58.png 510w, https:\/\/lynxnaturebooks.com\/wp-content\/uploads\/2020\/01\/Lynx_Illustrated_Checklists_Collection_logo.png 1162w\" sizes=\"auto, (max-width: 1024px) 100vw, 1024px\" \/><\/a><\/figure>\n<\/div>\n<p>El <i>Manual de los Mam\u00edferos del Mundo<\/i>, un compendio en 9 vol\u00famenes de todo lo que se sabe sobre cada especie de mam\u00edfero de la Tierra, se complet\u00f3 en 2019. Estos vol\u00famenes, del tama\u00f1o de una mesa de caf\u00e9 y profusamente ilustrados, con m\u00e1s de 1.000 p\u00e1ginas cada uno, son referencias de escritorio muy \u00fatiles, pero no f\u00e1cilmente transportables ni \u00fatiles en visitas de corta duraci\u00f3n a diversas regiones del planeta. En un intento de ampliar el uso de las ingentes cantidades de datos, ilustraciones y mapas recopilados durante el proyecto, Lynx Edicions est\u00e1 preparando una serie de Listas regionales ilustradas de mam\u00edferos para diversas zonas de todo el mundo.<\/p>\n\n<p>La literatura cient\u00edfica dedicada al estudio de los mam\u00edferos ha crecido exponencialmente durante el \u00faltimo siglo. El Proyecto <i>Manual de Mam\u00edferos<\/i> del Mundo intent\u00f3 abarcar este material empleando como autores a algunos de los mejores mastozo\u00f3logos del mundo. Su trabajo fue minucioso y cient\u00edficamente preciso, y produjo un valioso acervo de informaci\u00f3n sobre todas las especies conocidas de mam\u00edferos. Al destilar a\u00fan m\u00e1s esa informaci\u00f3n y ordenar las especies geogr\u00e1ficamente en lugar de taxon\u00f3micamente como en los vol\u00famenes de HMW, un p\u00fablico a\u00fan m\u00e1s amplio podr\u00e1 disfrutar de la informaci\u00f3n.<\/p>\n\n<p>Los mam\u00edferos son uno de los grupos de organismos m\u00e1s conocidos, y nuestro inter\u00e9s por ellos aumenta porque los humanos tambi\u00e9n somos mam\u00edferos. Distribuidos por todo el mundo y presentes en casi todos los h\u00e1bitats, los mam\u00edferos han irradiado un asombroso n\u00famero de formas de vida diferentes. Muchos son grandes y llamativos, como los ungulados y los carn\u00edvoros. Esto facilita su observaci\u00f3n y estudio y, como resultado, a menudo sabemos m\u00e1s sobre su biolog\u00eda que sobre sus parientes m\u00e1s peque\u00f1os y discretos.<\/p>\n\n<p>Esta nueva serie de <i>Listas Ilustradas<\/i> abarcar\u00e1 todos los mam\u00edferos de una regi\u00f3n determinada, hasta el murci\u00e9lago y la musara\u00f1a m\u00e1s peque\u00f1os, as\u00ed como las especies m\u00e1s grandes y vistosas. Como ejemplo, obs\u00e9rvese la asombrosa variedad de peque\u00f1os marsupiales que abarca este volumen inicial. Mucha gente piensa que los marsupiales se limitan a Australia y Nueva Guinea, pero Sudam\u00e9rica alberga sus propias versiones \u00fanicas de estas peque\u00f1as zarig\u00fceyas y parientes. Adem\u00e1s de ser bellos por derecho propio, ocupan una gran variedad de los h\u00e1bitats \u00fanicos de la regi\u00f3n.<\/p>\n\n<p>Esperamos que estas nuevas listas ayuden al lector interesado a conocer toda la fauna de mam\u00edferos de su regi\u00f3n o de las que visite. Aprender m\u00e1s sobre nuestros parientes m\u00e1s cercanos del Reino Animal nos har\u00e1 a todos mejores ciudadanos del planeta. En esta \u00e9poca de r\u00e1pidos cambios clim\u00e1ticos y destrucci\u00f3n del h\u00e1bitat, conocer mejor a nuestros cong\u00e9neres s\u00f3lo puede ayudarnos a mitigar mejor los cambios y retos a los que todos nos enfrentaremos en el pr\u00f3ximo siglo.<\/p>\n\n<p><i>Del prefacio de <a href=\"https:\/\/lynxnaturebooks.com\/es\/producto\/mammals-of-the-southern-cone\/\">Mam\u00edferos del Cono Sur<\/a>, de Don Wilson<\/i><\/p>\n\n<div style=\"height:10px\" aria-hidden=\"true\" class=\"wp-block-spacer\"><\/div>\n\n<div class=\"wp-block-group max-width-wide padding-sides\"><div class=\"wp-block-group__inner-container is-layout-constrained wp-block-group-is-layout-constrained\">\n<h2 class=\"wp-block-heading has-text-align-center\">P\u00e1ginas de muestra<\/h2>\n\n\n\n<figure class=\"wp-block-gallery has-nested-images columns-2 is-cropped wp-block-gallery-1 is-layout-flex wp-block-gallery-is-layout-flex\">\n<figure class=\"wp-block-image size-large\"><img loading=\"lazy\" decoding=\"async\" width=\"1024\" height=\"834\" data-id=\"12583\" src=\"https:\/\/lynxnaturebooks.com\/wp-content\/uploads\/2020\/01\/Mammals-of-the-Southern-Cone-68-69-1024x834.png\" alt=\"Mam&#xED;feros del Cono Sur\" class=\"wp-image-12583\" srcset=\"https:\/\/lynxnaturebooks.com\/wp-content\/uploads\/2020\/01\/Mammals-of-the-Southern-Cone-68-69-1024x834.png 1024w, https:\/\/lynxnaturebooks.com\/wp-content\/uploads\/2020\/01\/Mammals-of-the-Southern-Cone-68-69-900x733.png 900w, https:\/\/lynxnaturebooks.com\/wp-content\/uploads\/2020\/01\/Mammals-of-the-Southern-Cone-68-69-300x244.png 300w, https:\/\/lynxnaturebooks.com\/wp-content\/uploads\/2020\/01\/Mammals-of-the-Southern-Cone-68-69-768x625.png 768w, https:\/\/lynxnaturebooks.com\/wp-content\/uploads\/2020\/01\/Mammals-of-the-Southern-Cone-68-69-510x415.png 510w, https:\/\/lynxnaturebooks.com\/wp-content\/uploads\/2020\/01\/Mammals-of-the-Southern-Cone-68-69.png 1500w\" sizes=\"auto, (max-width: 1024px) 100vw, 1024px\" \/><\/figure>\n\n\n\n<figure class=\"wp-block-image size-large\"><img loading=\"lazy\" decoding=\"async\" width=\"1024\" height=\"834\" data-id=\"12580\" src=\"https:\/\/lynxnaturebooks.com\/wp-content\/uploads\/2020\/01\/Mammals-of-the-Southern-Cone-24-25-1024x834.png\" alt=\"Mam&#xED;feros del Cono Sur\" class=\"wp-image-12580\" srcset=\"https:\/\/lynxnaturebooks.com\/wp-content\/uploads\/2020\/01\/Mammals-of-the-Southern-Cone-24-25-1024x834.png 1024w, https:\/\/lynxnaturebooks.com\/wp-content\/uploads\/2020\/01\/Mammals-of-the-Southern-Cone-24-25-900x733.png 900w, https:\/\/lynxnaturebooks.com\/wp-content\/uploads\/2020\/01\/Mammals-of-the-Southern-Cone-24-25-300x244.png 300w, https:\/\/lynxnaturebooks.com\/wp-content\/uploads\/2020\/01\/Mammals-of-the-Southern-Cone-24-25-768x625.png 768w, https:\/\/lynxnaturebooks.com\/wp-content\/uploads\/2020\/01\/Mammals-of-the-Southern-Cone-24-25-510x415.png 510w, https:\/\/lynxnaturebooks.com\/wp-content\/uploads\/2020\/01\/Mammals-of-the-Southern-Cone-24-25.png 1500w\" sizes=\"auto, (max-width: 1024px) 100vw, 1024px\" \/><\/figure>\n\n\n\n<figure class=\"wp-block-image size-large\"><img loading=\"lazy\" decoding=\"async\" width=\"1024\" height=\"834\" data-id=\"12577\" src=\"https:\/\/lynxnaturebooks.com\/wp-content\/uploads\/2020\/01\/Mammals-of-the-Southern-Cone-16-17-1024x834.png\" alt=\"Mam&#xED;feros del Cono Sur\" class=\"wp-image-12577\" srcset=\"https:\/\/lynxnaturebooks.com\/wp-content\/uploads\/2020\/01\/Mammals-of-the-Southern-Cone-16-17-1024x834.png 1024w, https:\/\/lynxnaturebooks.com\/wp-content\/uploads\/2020\/01\/Mammals-of-the-Southern-Cone-16-17-900x733.png 900w, https:\/\/lynxnaturebooks.com\/wp-content\/uploads\/2020\/01\/Mammals-of-the-Southern-Cone-16-17-300x244.png 300w, https:\/\/lynxnaturebooks.com\/wp-content\/uploads\/2020\/01\/Mammals-of-the-Southern-Cone-16-17-768x625.png 768w, https:\/\/lynxnaturebooks.com\/wp-content\/uploads\/2020\/01\/Mammals-of-the-Southern-Cone-16-17-510x415.png 510w, https:\/\/lynxnaturebooks.com\/wp-content\/uploads\/2020\/01\/Mammals-of-the-Southern-Cone-16-17.png 1500w\" sizes=\"auto, (max-width: 1024px) 100vw, 1024px\" \/><\/figure>\n\n\n\n<figure class=\"wp-block-image size-large\"><img loading=\"lazy\" decoding=\"async\" width=\"1024\" height=\"834\" data-id=\"12568\" src=\"https:\/\/lynxnaturebooks.com\/wp-content\/uploads\/2020\/01\/Mammals-of-the-Southern-Cone-120-121-1024x834.png\" alt=\"Mam&#xED;feros del Cono Sur\" class=\"wp-image-12568\" srcset=\"https:\/\/lynxnaturebooks.com\/wp-content\/uploads\/2020\/01\/Mammals-of-the-Southern-Cone-120-121-1024x834.png 1024w, https:\/\/lynxnaturebooks.com\/wp-content\/uploads\/2020\/01\/Mammals-of-the-Southern-Cone-120-121-900x733.png 900w, https:\/\/lynxnaturebooks.com\/wp-content\/uploads\/2020\/01\/Mammals-of-the-Southern-Cone-120-121-300x244.png 300w, https:\/\/lynxnaturebooks.com\/wp-content\/uploads\/2020\/01\/Mammals-of-the-Southern-Cone-120-121-768x625.png 768w, https:\/\/lynxnaturebooks.com\/wp-content\/uploads\/2020\/01\/Mammals-of-the-Southern-Cone-120-121-510x415.png 510w, https:\/\/lynxnaturebooks.com\/wp-content\/uploads\/2020\/01\/Mammals-of-the-Southern-Cone-120-121.png 1500w\" sizes=\"auto, (max-width: 1024px) 100vw, 1024px\" \/><\/figure>\n<\/figure>\n\n\n\n<h2 class=\"wp-block-heading has-text-align-center\">T\u00edtulos incluidos en la Colecci\u00f3n<\/h2>\n\n\n<div class=\"woocommerce columns-4 \"><ul class=\"products columns-4\">\n<div class=\"wp-block-column\">\n\t<div class=\"product-wrapper\"><a class=\"product-link\" href=\"https:\/\/lynxnaturebooks.com\/es\/producto\/neotropical-primates-2\/\"><div class=\"product-format-categories\"><\/div><div class=\"wp-block-image\"><img loading=\"lazy\" decoding=\"async\" width=\"2335\" height=\"2550\" src=\"https:\/\/lynxnaturebooks.com\/wp-content\/uploads\/2024\/09\/neotropical-primates.webp\" class=\"attachment-full size-full\" alt=\"Neotropical Primates | Lynx Nature Books\" srcset=\"https:\/\/lynxnaturebooks.com\/wp-content\/uploads\/2024\/09\/neotropical-primates.webp 2335w, https:\/\/lynxnaturebooks.com\/wp-content\/uploads\/2024\/09\/neotropical-primates-900x983.webp 900w, https:\/\/lynxnaturebooks.com\/wp-content\/uploads\/2024\/09\/neotropical-primates-275x300.webp 275w, https:\/\/lynxnaturebooks.com\/wp-content\/uploads\/2024\/09\/neotropical-primates-938x1024.webp 938w, https:\/\/lynxnaturebooks.com\/wp-content\/uploads\/2024\/09\/neotropical-primates-768x839.webp 768w, https:\/\/lynxnaturebooks.com\/wp-content\/uploads\/2024\/09\/neotropical-primates-1406x1536.webp 1406w, https:\/\/lynxnaturebooks.com\/wp-content\/uploads\/2024\/09\/neotropical-primates-1875x2048.webp 1875w\" sizes=\"auto, (max-width: 2335px) 100vw, 2335px\" \/><\/div><p class=\"product-title\">Neotropical Primates<\/p><div class=\"pricestock\"><p class=\"stockinfo green\">En stock<\/p><p class=\"product-price\"><span class=\"woocommerce-Price-amount amount\"><bdi><span class=\"woocommerce-Price-currencySymbol\">&#36;<\/span>30.72<\/bdi><\/span><\/p><\/div><\/a><\/div><\/div><div class=\"wp-block-column\">\n\t<div class=\"product-wrapper\"><a class=\"product-link\" href=\"https:\/\/lynxnaturebooks.com\/es\/producto\/mammals-of-china\/\"><div class=\"product-format-categories\"><\/div><div class=\"wp-block-image\"><img loading=\"lazy\" decoding=\"async\" width=\"2335\" height=\"2550\" src=\"https:\/\/lynxnaturebooks.com\/wp-content\/uploads\/2020\/01\/lynx-mammalsofchina-1.webp\" class=\"attachment-full size-full\" alt=\"\" srcset=\"https:\/\/lynxnaturebooks.com\/wp-content\/uploads\/2020\/01\/lynx-mammalsofchina-1.webp 2335w, https:\/\/lynxnaturebooks.com\/wp-content\/uploads\/2020\/01\/lynx-mammalsofchina-1-900x983.webp 900w, https:\/\/lynxnaturebooks.com\/wp-content\/uploads\/2020\/01\/lynx-mammalsofchina-1-275x300.webp 275w, https:\/\/lynxnaturebooks.com\/wp-content\/uploads\/2020\/01\/lynx-mammalsofchina-1-938x1024.webp 938w, https:\/\/lynxnaturebooks.com\/wp-content\/uploads\/2020\/01\/lynx-mammalsofchina-1-768x839.webp 768w, https:\/\/lynxnaturebooks.com\/wp-content\/uploads\/2020\/01\/lynx-mammalsofchina-1-1406x1536.webp 1406w, https:\/\/lynxnaturebooks.com\/wp-content\/uploads\/2020\/01\/lynx-mammalsofchina-1-1875x2048.webp 1875w\" sizes=\"auto, (max-width: 2335px) 100vw, 2335px\" \/><\/div><p class=\"product-title\">Mammals of China<\/p><div class=\"pricestock\"><p class=\"stockinfo green\">En stock<\/p><p class=\"product-price\"><span class=\"woocommerce-Price-amount amount\"><bdi><span class=\"woocommerce-Price-currencySymbol\">&#36;<\/span>35.84<\/bdi><\/span><\/p><\/div><\/a><\/div><\/div><div class=\"wp-block-column\">\n\t<div class=\"product-wrapper\"><a class=\"product-link\" href=\"https:\/\/lynxnaturebooks.com\/es\/producto\/mammals-of-madagascar\/\"><div class=\"product-format-categories\"><\/div><div class=\"wp-block-image\"><img loading=\"lazy\" decoding=\"async\" width=\"2335\" height=\"2550\" src=\"https:\/\/lynxnaturebooks.com\/wp-content\/uploads\/2021\/03\/mammals-madagascar-lynx.webp\" class=\"attachment-full size-full\" alt=\"\" srcset=\"https:\/\/lynxnaturebooks.com\/wp-content\/uploads\/2021\/03\/mammals-madagascar-lynx.webp 2335w, https:\/\/lynxnaturebooks.com\/wp-content\/uploads\/2021\/03\/mammals-madagascar-lynx-275x300.webp 275w, https:\/\/lynxnaturebooks.com\/wp-content\/uploads\/2021\/03\/mammals-madagascar-lynx-938x1024.webp 938w, https:\/\/lynxnaturebooks.com\/wp-content\/uploads\/2021\/03\/mammals-madagascar-lynx-768x839.webp 768w, https:\/\/lynxnaturebooks.com\/wp-content\/uploads\/2021\/03\/mammals-madagascar-lynx-1406x1536.webp 1406w, https:\/\/lynxnaturebooks.com\/wp-content\/uploads\/2021\/03\/mammals-madagascar-lynx-1875x2048.webp 1875w, https:\/\/lynxnaturebooks.com\/wp-content\/uploads\/2021\/03\/mammals-madagascar-lynx-900x983.webp 900w\" sizes=\"auto, (max-width: 2335px) 100vw, 2335px\" \/><\/div><p class=\"product-title\">Mammals of Madagascar<\/p><div class=\"pricestock\"><p class=\"stockinfo green\">En stock<\/p><p class=\"product-price\"><span class=\"woocommerce-Price-amount amount\"><bdi><span class=\"woocommerce-Price-currencySymbol\">&#36;<\/span>28.16<\/bdi><\/span><\/p><\/div><\/a><\/div><\/div><div class=\"wp-block-column\">\n\t<div class=\"product-wrapper\"><a class=\"product-link\" href=\"https:\/\/lynxnaturebooks.com\/es\/producto\/mammals-of-south-asia\/\"><div class=\"product-format-categories\"><\/div><div class=\"wp-block-image\"><img loading=\"lazy\" decoding=\"async\" width=\"2335\" height=\"2550\" src=\"https:\/\/lynxnaturebooks.com\/wp-content\/uploads\/2020\/01\/lynx-Mammals-South-Asia.webp\" class=\"attachment-full size-full\" alt=\"\" srcset=\"https:\/\/lynxnaturebooks.com\/wp-content\/uploads\/2020\/01\/lynx-Mammals-South-Asia.webp 2335w, https:\/\/lynxnaturebooks.com\/wp-content\/uploads\/2020\/01\/lynx-Mammals-South-Asia-900x983.webp 900w, https:\/\/lynxnaturebooks.com\/wp-content\/uploads\/2020\/01\/lynx-Mammals-South-Asia-275x300.webp 275w, https:\/\/lynxnaturebooks.com\/wp-content\/uploads\/2020\/01\/lynx-Mammals-South-Asia-938x1024.webp 938w, https:\/\/lynxnaturebooks.com\/wp-content\/uploads\/2020\/01\/lynx-Mammals-South-Asia-768x839.webp 768w, https:\/\/lynxnaturebooks.com\/wp-content\/uploads\/2020\/01\/lynx-Mammals-South-Asia-1406x1536.webp 1406w, https:\/\/lynxnaturebooks.com\/wp-content\/uploads\/2020\/01\/lynx-Mammals-South-Asia-1875x2048.webp 1875w\" sizes=\"auto, (max-width: 2335px) 100vw, 2335px\" \/><\/div><p class=\"product-title\"><span class=\"title\">Mammals of South Asia<\/span><span class=\"subtitle\">Afghanistan, Pakistan, India, Nepal, Bhutan, Bangladesh, Sri Lanka<\/span><\/p><div class=\"pricestock\"><p class=\"stockinfo green\">En stock<\/p><p class=\"product-price\"><span class=\"woocommerce-Price-amount amount\"><bdi><span class=\"woocommerce-Price-currencySymbol\">&#36;<\/span>35.84<\/bdi><\/span><\/p><\/div><\/a><\/div><\/div><div class=\"wp-block-column\">\n\t<div class=\"product-wrapper\"><a class=\"product-link\" href=\"https:\/\/lynxnaturebooks.com\/es\/producto\/mammals-of-the-southern-cone\/\"><div class=\"product-format-categories\"><\/div><div class=\"wp-block-image\"><img loading=\"lazy\" decoding=\"async\" width=\"2335\" height=\"2550\" src=\"https:\/\/lynxnaturebooks.com\/wp-content\/uploads\/2020\/01\/Mammals-Southern-Cone.webp\" class=\"attachment-full size-full\" alt=\"\" srcset=\"https:\/\/lynxnaturebooks.com\/wp-content\/uploads\/2020\/01\/Mammals-Southern-Cone.webp 2335w, https:\/\/lynxnaturebooks.com\/wp-content\/uploads\/2020\/01\/Mammals-Southern-Cone-900x983.webp 900w, https:\/\/lynxnaturebooks.com\/wp-content\/uploads\/2020\/01\/Mammals-Southern-Cone-275x300.webp 275w, https:\/\/lynxnaturebooks.com\/wp-content\/uploads\/2020\/01\/Mammals-Southern-Cone-938x1024.webp 938w, https:\/\/lynxnaturebooks.com\/wp-content\/uploads\/2020\/01\/Mammals-Southern-Cone-768x839.webp 768w, https:\/\/lynxnaturebooks.com\/wp-content\/uploads\/2020\/01\/Mammals-Southern-Cone-1406x1536.webp 1406w, https:\/\/lynxnaturebooks.com\/wp-content\/uploads\/2020\/01\/Mammals-Southern-Cone-1875x2048.webp 1875w\" sizes=\"auto, (max-width: 2335px) 100vw, 2335px\" \/><\/div><p class=\"product-title\"><span class=\"title\">Mammals of the Southern Cone<\/span><span class=\"subtitle\">Argentina, Chile, Paraguay, Uruguay<\/span><\/p><div class=\"pricestock\"><p class=\"stockinfo green\">En stock<\/p><p class=\"product-price\"><span class=\"woocommerce-Price-amount amount\"><bdi><span class=\"woocommerce-Price-currencySymbol\">&#36;<\/span>28.16<\/bdi><\/span><\/p><\/div><\/a><\/div><\/div><\/ul>\n<\/div>\n<\/div><\/div>\n","protected":false},"excerpt":{"rendered":"<p>El Manual de los Mam\u00edferos del Mundo, un compendio en 9 vol\u00famenes de todo lo que se sabe sobre cada especie de mam\u00edfero de la Tierra, se complet\u00f3 en 2019. [&hellip;]<\/p>\n","protected":false},"author":25123,"featured_media":12443,"parent":0,"menu_order":0,"comment_status":"closed","ping_status":"closed","template":"","meta":{"footnotes":""},"class_list":["post-12448","page","type-page","status-publish","has-post-thumbnail","hentry"],"_links":{"self":[{"href":"https:\/\/lynxnaturebooks.com\/es\/wp-json\/wp\/v2\/pages\/12448","targetHints":{"allow":["GET"]}}],"collection":[{"href":"https:\/\/lynxnaturebooks.com\/es\/wp-json\/wp\/v2\/pages"}],"about":[{"href":"https:\/\/lynxnaturebooks.com\/es\/wp-json\/wp\/v2\/types\/page"}],"author":[{"embeddable":true,"href":"https:\/\/lynxnaturebooks.com\/es\/wp-json\/wp\/v2\/users\/25123"}],"replies":[{"embeddable":true,"href":"https:\/\/lynxnaturebooks.com\/es\/wp-json\/wp\/v2\/comments?post=12448"}],"version-history":[{"count":2,"href":"https:\/\/lynxnaturebooks.com\/es\/wp-json\/wp\/v2\/pages\/12448\/revisions"}],"predecessor-version":[{"id":84808,"href":"https:\/\/lynxnaturebooks.com\/es\/wp-json\/wp\/v2\/pages\/12448\/revisions\/84808"}],"wp:featuredmedia":[{"embeddable":true,"href":"https:\/\/lynxnaturebooks.com\/es\/wp-json\/wp\/v2\/media\/12443"}],"wp:attachment":[{"href":"https:\/\/lynxnaturebooks.com\/es\/wp-json\/wp\/v2\/media?parent=12448"}],"curies":[{"name":"wp","href":"https:\/\/api.w.org\/{rel}","templated":true}]}}