{"id":94124,"date":"2025-07-01T09:41:28","date_gmt":"2025-07-01T07:41:28","guid":{"rendered":"https:\/\/lynxnaturebooks.com\/?post_type=product&#038;p=94124"},"modified":"2026-04-19T02:18:55","modified_gmt":"2026-04-19T00:18:55","slug":"birds-of-new-guinea-2","status":"publish","type":"product","link":"https:\/\/lynxnaturebooks.com\/ca\/producte\/birds-of-new-guinea-2\/","title":{"rendered":"<span class=\"title\">Birds of New Guinea<\/span><span class=\"subtitle\">2nd Edition - Including Bismarck Archipelago and Bouganville<\/span>"},"content":{"rendered":"\n<div class=\"wp-block-group frases-slide\"><div class=\"wp-block-group__inner-container is-layout-constrained wp-block-group-is-layout-constrained\">\n<div class=\"wp-block-group quote-group slide\"><div class=\"wp-block-group__inner-container is-layout-constrained wp-block-group-is-layout-constrained\">\n<p class=\"has-text-align-center has-medium-font-size\">&#8220;Aquest volum, ben editat i atractiu, \u00e9s fruit d\u2019un gran esfor\u00e7,<br>dedicaci\u00f3 i treball meticul\u00f3s, i constitueix una contribuci\u00f3 important<br>a l\u2019ornitologia d\u2019una avifauna apassionant i poc coneguda&#8221;.<\/p>\n\n\n\n<p class=\"has-text-align-center\">Clifford B. Frith, <strong><em><a href=\"https:\/\/afo.birdlife.org.au\/afo\/index.php\/afo\/article\/view\/2376\/2409\" target=\"_blank\" rel=\"noopener\">Australian Field Ornithology<\/a><\/em><\/strong>, 2025<\/p>\n<\/div><\/div>\n\n\n\n<div class=\"wp-block-group quote-group slide\"><div class=\"wp-block-group__inner-container is-layout-constrained wp-block-group-is-layout-constrained\">\n<p class=\"has-text-align-center has-medium-font-size\">&#8220;Una guia de camp incre\u00efblement bona per a aquells que les col\u00b7leccionen,<br>per a aquells que ja hi han estat i per a tothom qui simplement somia<br>viatjar algun dia a aquest indret fant\u00e0stic de la Terra&#8221;.<\/p>\n\n\n\n<p class=\"has-text-align-center\">Eric Schaumburg, <em><strong><a href=\"https:\/\/pub.dof.dk\/publikationer\/495\" target=\"_blank\" rel=\"noopener\">DOFT<\/a><\/strong><\/em>, 2025<\/p>\n<\/div><\/div>\n\n\n\n<div class=\"wp-block-group quote-group slide\"><div class=\"wp-block-group__inner-container is-layout-constrained wp-block-group-is-layout-constrained\">\n<p class=\"has-text-align-center has-medium-font-size\">&#8220;Era dif\u00edcil publicar una guia de camp per a una zona ja tractada<br>en una bona obra de refer\u00e8ncia, per\u00f2 Gregory ho ha aconseguit&#8221;.<\/p>\n\n\n\n<p class=\"has-text-align-center\">Walter Belis, <strong><em><a href=\"https:\/\/www.natuurpunt.be\/dit-is-natuurpunt\/natuurstudie\/natuuroriolus\/boekbesprekingen-uit-natuuroriolus\" target=\"_blank\" rel=\"noopener\">Natuur.oriolus<\/a><\/em><\/strong>, 2025<\/p>\n<\/div><\/div>\n\n\n\n<div class=\"wp-block-group quote-group slide\"><div class=\"wp-block-group__inner-container is-layout-constrained wp-block-group-is-layout-constrained\">\n<p class=\"has-text-align-center has-medium-font-size\">&#8220;Recomanem encaridament que les persones que s\u2019uneixin al nostre viatge<br>a Papua Occidental obtinguin un exemplar d\u2019aquesta guia de camp. (\u2026)<br>Els nostres guies l&#8217;utilitzaran durant el nostre viatge d\u2019observaci\u00f3 d\u2019ocells&#8221;.<\/p>\n\n\n\n<p class=\"has-text-align-center\"><strong><a href=\"https:\/\/calidrisbirdingtours.com\/birds-of-new-guinea-field-guide\/\" target=\"_blank\" rel=\"noopener\">Calidris Birding Tours<\/a><\/strong>, 2025<\/p>\n<\/div><\/div>\n<\/div><\/div>\n\n\n\n<div style=\"height:39px\" aria-hidden=\"true\" class=\"wp-block-spacer\"><\/div>\n\n\n<div class=\"wp-block-columns attributes-columns\"><div class=\"wp-block-column\"><svg width=\"28px\" height=\"35px\" viewBox=\"0 0 28 35\" version=\"1.1\" xmlns=\"http:\/\/www.w3.org\/2000\/svg\" xmlns:xlink=\"http:\/\/www.w3.org\/1999\/xlink\">\n                            <g id=\"Page-1\" stroke=\"none\" stroke-width=\"1\" fill=\"none\" fill-rule=\"evenodd\" opacity=\"0.147770473\">\n                                <g id=\"24\" transform=\"translate(-287.000000, -1522.000000)\" fill=\"#000000\" fill-rule=\"nonzero\" stroke=\"#000000\" stroke-width=\"0.799586777\">\n                                    <g id=\"Group-3\" transform=\"translate(233.000000, 1504.000000)\">\n                                        <g id=\"Shape-3\" transform=\"translate(55.000000, 19.000000)\">\n                                            <path d=\"M13,0 C9.82319737,0 7.22466566,2.63962325 7.22466566,5.86666055 C7.22466566,8.71794192 9.25407358,11.1008511 11.9171246,11.6187379 L11.9171246,13.9333188 L6.8637075,13.9333188 C6.8261332,13.9313284 6.78848231,13.9313284 6.75090801,13.9333188 C6.331882,13.9764915 5.97550223,14.2625282 5.83723204,14.6666514 L0.0618978813,31.5333078 C-0.0555594524,31.8709186 -0.00391373208,32.2454751 0.200335189,32.5373134 C0.40458411,32.8291517 0.7358774,33.0017525 1.08837297,32.9999866 L13,32.9999866 L24.9116267,32.9999866 C25.2641223,33.0017526 25.5954157,32.8291519 25.7996647,32.5373136 C26.0039137,32.2454752 26.0555595,31.8709186 25.9381021,31.5333078 L20.162768,14.6666514 C20.0091004,14.2252213 19.5972147,13.9309628 19.1362925,13.9333188 L14.082875,13.9333188 L14.082875,11.6187379 C16.7459261,11.1008511 18.775334,8.71794192 18.775334,5.86666055 C18.775334,2.63962325 16.1768026,0 13,0 L13,0 Z M12.9999998,2.19999771 C15.0063443,2.19999771 16.6095839,3.82859001 16.6095839,5.86666055 C16.6095839,7.52644516 15.5508938,8.91385538 14.071595,9.3729069 C13.99526,8.77759028 13.4631728,8.35436769 12.8759203,8.42186622 C12.3828087,8.48076346 11.9922861,8.87273886 11.9284046,9.3729069 C10.4491059,8.91385538 9.39041606,7.52644516 9.39041606,5.86666055 C9.39041606,3.82859001 10.9936557,2.19999771 12.9999998,2.19999771 L12.9999998,2.19999771 Z M7.6307439,16.1333239 L12.9999998,16.1333239 L18.3692561,16.1333239 L23.3888335,30.7999752 L12.9999998,30.7999752 L2.61116648,30.7999752 L7.6307439,16.1333239 L7.6307439,16.1333239 Z\" id=\"Shape\"><\/path>\n                                        <\/g>\n                                    <\/g>\n                                <\/g>\n                            <\/g>\n                        <\/svg><p class=\"has-small-font-size\">Pes<\/p><p class=\"attribute\">1.2 kg<\/p><\/div><div class=\"wp-block-column\"><svg width=\"34px\" height=\"35px\" viewBox=\"0 0 34 35\" version=\"1.1\" xmlns=\"http:\/\/www.w3.org\/2000\/svg\" xmlns:xlink=\"http:\/\/www.w3.org\/1999\/xlink\">\n                            <g id=\"Page-1\" stroke=\"none\" stroke-width=\"1\" fill=\"none\" fill-rule=\"evenodd\" opacity=\"0.147770473\">\n                                <g id=\"24\" transform=\"translate(-471.000000, -1523.000000)\" fill=\"#000000\" fill-rule=\"nonzero\">\n                                    <g id=\"Group-3\" transform=\"translate(233.000000, 1504.000000)\">\n                                        <g id=\"Group-10\" transform=\"translate(238.000000, 19.000000)\">\n                                            <polygon id=\"Path\" points=\"0 9.72222222 2 9.72222222 2 33.0555556 0 33.0555556 0 35 6 35 6 33.0555556 4 33.0555556 4 9.72222222 6 9.72222222 6 7.77777778 0 7.77777778\"><\/polygon>\n                                            <polygon id=\"Path\" points=\"32 1.94444444 10 1.94444444 10 0 8 0 8 5.83333333 10 5.83333333 10 3.88888889 32 3.88888889 32 5.83333333 34 5.83333333 34 0 32 0\"><\/polygon>\n                                            <path d=\"M8,7.77777778 L8,30.1388889 L13,35 L33,35 L33,12.6388889 L28,7.77777778 L8,7.77777778 Z M11,10.6944444 L26,10.6944444 L26,28.1944444 L11,28.1944444 L11,10.6944444 Z M30,32.0833333 L14.24,32.0833333 L12.24,30.1388889 L28,30.1388889 L28,11.9 L30,13.8444444 L30,32.0833333 Z\" id=\"Shape\"><\/path>\n                                            <rect id=\"Rectangle\" x=\"13\" y=\"15.5555556\" width=\"11\" height=\"1.94444444\"><\/rect>\n                                            <rect id=\"Rectangle\" x=\"15\" y=\"19.4444444\" width=\"7\" height=\"1.94444444\"><\/rect>\n                                        <\/g>\n                                    <\/g>\n                                <\/g>\n                            <\/g>\n                        <\/svg><p class=\"has-small-font-size\">Dimensions<\/p><p class=\"attribute\">16 &times; 23 cm<\/p><\/div><div class=\"wp-block-column\"><svg width=\"26px\" height=\"30px\" viewBox=\"0 0 26 30\" version=\"1.1\" xmlns=\"http:\/\/www.w3.org\/2000\/svg\" xmlns:xlink=\"http:\/\/www.w3.org\/1999\/xlink\">\n                            <g id=\"Page-1\" stroke=\"none\" stroke-width=\"1\" fill=\"none\" fill-rule=\"evenodd\" opacity=\"0.147770473\">\n                                <g id=\"24\" transform=\"translate(-661.000000, -1528.000000)\" fill=\"#000000\" fill-rule=\"nonzero\">\n                                    <g id=\"Group-3\" transform=\"translate(233.000000, 1504.000000)\">\n                                        <g id=\"Group-12\" transform=\"translate(428.000000, 24.000000)\">\n                                            <path d=\"M0,0 L0,25.8333333 L4.19354839,30 L26,30 L26,4.16666667 L21.8064516,0 M2.01290323,2.5 L20.1290323,2.5 L20.1290323,24.1666667 L2.01290323,24.1666667 L2.01290323,2.5 Z M23.483871,27.5 L5.23354839,27.5 L3.55612903,25.8333333 L21.8064516,25.8333333 L21.8064516,3.53333333 L23.483871,5.2 L23.483871,27.5 Z\" id=\"Shape\"><\/path>\n                                            <rect id=\"Rectangle\" x=\"7.5483871\" y=\"8.33333333\" width=\"10.9032258\" height=\"1.66666667\"><\/rect>\n                                            <rect id=\"Rectangle\" x=\"7.5483871\" y=\"11.6666667\" width=\"10.9032258\" height=\"1.66666667\"><\/rect>\n                                            <rect id=\"Rectangle\" x=\"7.5483871\" y=\"15\" width=\"10.9032258\" height=\"1.66666667\"><\/rect>\n                                            <rect id=\"Rectangle\" x=\"7.5483871\" y=\"18.3333333\" width=\"5.87096774\" height=\"1.66666667\"><\/rect>\n                                        <\/g>\n                                    <\/g>\n                                <\/g>\n                            <\/g>\n                        <\/svg><p class=\"has-small-font-size\">Idioma<\/p><p class=\"attribute\">Angl\u00e8s<\/p><\/div><div class=\"wp-block-column\"><svg width=\"26px\" height=\"30px\" viewBox=\"0 0 26 30\" version=\"1.1\" xmlns=\"http:\/\/www.w3.org\/2000\/svg\" xmlns:xlink=\"http:\/\/www.w3.org\/1999\/xlink\">\n                            <g id=\"Page-1\" stroke=\"none\" stroke-width=\"1\" fill=\"none\" fill-rule=\"evenodd\" opacity=\"0.147770473\">\n                                <g id=\"24\" transform=\"translate(-849.000000, -1528.000000)\" fill=\"#000000\" fill-rule=\"nonzero\">\n                                    <g id=\"Group-3\" transform=\"translate(233.000000, 1504.000000)\">\n                                        <g id=\"Group-11\" transform=\"translate(616.000000, 24.000000)\">\n                                            <path d=\"M0,0 L0,25.8333333 L4.19354839,30 L26,30 L26,4.16666667 L21.8064516,0 L0,0 Z M2.51612903,2.5 L20.1290323,2.5 L20.1290323,24.1666667 L2.51612903,24.1666667 L2.51612903,2.5 Z M23.483871,27.5 L5.23354839,27.5 L3.55612903,25.8333333 L21.8064516,25.8333333 L21.8064516,3.53333333 L23.483871,5.2 L23.483871,27.5 Z\" id=\"Shape\"><\/path>\n                                            <path d=\"M5.03225806,13.3333333 L17.6129032,13.3333333 L17.6129032,5 L5.03225806,5 L5.03225806,13.3333333 Z M6.70967742,6.66666667 L15.9354839,6.66666667 L15.9354839,11.6666667 L6.70967742,11.6666667 L6.70967742,6.66666667 Z\" id=\"Shape\"><\/path>\n                                        <\/g>\n                                    <\/g>\n                                <\/g>\n                            <\/g>\n                        <\/svg><p class=\"has-small-font-size\">Format<\/p><p class=\"attribute\">Flexi-cover, Tapa dura<\/p><\/div><div class=\"wp-block-column\"><svg width=\"26px\" height=\"30px\" viewBox=\"0 0 26 30\" version=\"1.1\" xmlns=\"http:\/\/www.w3.org\/2000\/svg\" xmlns:xlink=\"http:\/\/www.w3.org\/1999\/xlink\">\n                            <g id=\"Page-1\" stroke=\"none\" stroke-width=\"1\" fill=\"none\" fill-rule=\"evenodd\" opacity=\"0.147770473\">\n                                <g id=\"24\" transform=\"translate(-661.000000, -1528.000000)\" fill=\"#000000\" fill-rule=\"nonzero\">\n                                    <g id=\"Group-3\" transform=\"translate(233.000000, 1504.000000)\">\n                                        <g id=\"Group-12\" transform=\"translate(428.000000, 24.000000)\">\n                                            <path d=\"M0,0 L0,25.8333333 L4.19354839,30 L26,30 L26,4.16666667 L21.8064516,0 M2.01290323,2.5 L20.1290323,2.5 L20.1290323,24.1666667 L2.01290323,24.1666667 L2.01290323,2.5 Z M23.483871,27.5 L5.23354839,27.5 L3.55612903,25.8333333 L21.8064516,25.8333333 L21.8064516,3.53333333 L23.483871,5.2 L23.483871,27.5 Z\" id=\"Shape\"><\/path>\n                                            <rect id=\"Rectangle\" x=\"7.5483871\" y=\"8.33333333\" width=\"10.9032258\" height=\"1.66666667\"><\/rect>\n                                            <rect id=\"Rectangle\" x=\"7.5483871\" y=\"11.6666667\" width=\"10.9032258\" height=\"1.66666667\"><\/rect>\n                                            <rect id=\"Rectangle\" x=\"7.5483871\" y=\"15\" width=\"10.9032258\" height=\"1.66666667\"><\/rect>\n                                            <rect id=\"Rectangle\" x=\"7.5483871\" y=\"18.3333333\" width=\"5.87096774\" height=\"1.66666667\"><\/rect>\n                                        <\/g>\n                                    <\/g>\n                                <\/g>\n                            <\/g>\n                        <\/svg><p class=\"has-small-font-size\">P\u00e0gines<\/p><p class=\"attribute\">480<\/p><\/div><div class=\"wp-block-column\"><svg width=\"26px\" height=\"30px\" viewBox=\"0 0 26 30\" version=\"1.1\" xmlns=\"http:\/\/www.w3.org\/2000\/svg\" xmlns:xlink=\"http:\/\/www.w3.org\/1999\/xlink\">\n                            <g id=\"Page-1\" stroke=\"none\" stroke-width=\"1\" fill=\"none\" fill-rule=\"evenodd\" opacity=\"0.147770473\">\n                                <g id=\"24\" transform=\"translate(-849.000000, -1528.000000)\" fill=\"#000000\" fill-rule=\"nonzero\">\n                                    <g id=\"Group-3\" transform=\"translate(233.000000, 1504.000000)\">\n                                        <g id=\"Group-11\" transform=\"translate(616.000000, 24.000000)\">\n                                            <path d=\"M0,0 L0,25.8333333 L4.19354839,30 L26,30 L26,4.16666667 L21.8064516,0 L0,0 Z M2.51612903,2.5 L20.1290323,2.5 L20.1290323,24.1666667 L2.51612903,24.1666667 L2.51612903,2.5 Z M23.483871,27.5 L5.23354839,27.5 L3.55612903,25.8333333 L21.8064516,25.8333333 L21.8064516,3.53333333 L23.483871,5.2 L23.483871,27.5 Z\" id=\"Shape\"><\/path>\n                                            <path d=\"M5.03225806,13.3333333 L17.6129032,13.3333333 L17.6129032,5 L5.03225806,5 L5.03225806,13.3333333 Z M6.70967742,6.66666667 L15.9354839,6.66666667 L15.9354839,11.6666667 L6.70967742,11.6666667 L6.70967742,6.66666667 Z\" id=\"Shape\"><\/path>\n                                        <\/g>\n                                    <\/g>\n                                <\/g>\n                            <\/g>\n                        <\/svg><p class=\"has-small-font-size\">Data de publicaci\u00f3<\/p><p class=\"attribute\">1 de juliol de 2025<\/p><\/div><div class=\"wp-block-column\"><svg width=\"26px\" height=\"30px\" viewBox=\"0 0 26 30\" version=\"1.1\" xmlns=\"http:\/\/www.w3.org\/2000\/svg\" xmlns:xlink=\"http:\/\/www.w3.org\/1999\/xlink\">\n                            <g id=\"Page-1\" stroke=\"none\" stroke-width=\"1\" fill=\"none\" fill-rule=\"evenodd\" opacity=\"0.147770473\">\n                                <g id=\"24\" transform=\"translate(-1222.000000, -1528.000000)\" fill=\"#000000\" fill-rule=\"nonzero\">\n                                    <g id=\"Group-3\" transform=\"translate(233.000000, 1504.000000)\">\n                                        <g id=\"Shape-2\" transform=\"translate(989.000000, 24.000000)\">\n                                            <path d=\"M0,0 L0,25.8333333 L4.19354839,30 L26,30 L26,4.16666667 L21.8064516,0 L0,0 Z M6.70967742,2.5 L10.0645161,2.5 L10.0645161,10.1 L8.38709677,9 L6.70967742,10.1 L6.70967742,2.5 Z M2.51612903,2.5 L5.03225806,2.5 L5.03225806,13.2333333 L8.38709677,11 L11.7419355,13.2333333 L11.7419355,2.5 L20.1290323,2.5 L20.1290323,24.1666667 L2.51612903,24.1666667 L2.51612903,2.5 Z M23.483871,27.5 L5.23354839,27.5 L3.55612903,25.8333333 L21.8064516,25.8333333 L21.8064516,3.53333333 L23.483871,5.2 L23.483871,27.5 Z\" id=\"Shape\"><\/path>\n                                        <\/g>\n                                    <\/g>\n                                <\/g>\n                            <\/g>\n                        <\/svg><p class=\"has-small-font-size\">Publicat per<\/p><p class=\"attribute\">Lynx Nature Books<\/p><\/div><\/div><div id=\"professionals\" class=\"max-width padding-sides\"><h2>Autor\/a<\/h2><div class=\"professionals-wrapper\"><p class=\"professional\"><a href=\"https:\/\/lynxnaturebooks.com\/ca\/professional\/phil-gregory\/\">Phil Gregory<\/a><\/p><\/div><\/div>        <!-- <h2 id=\"autors\" class=\"has-text-align-center\"><\/h2>\n        <div class=\"product-autors max-width-narrow\">\n                    <\/div> -->\n    \n\n\n\n<div class=\"wp-block-group max-width-narrow max-height\"><div class=\"wp-block-group__inner-container is-layout-constrained wp-block-group-is-layout-constrained\">\n<h2 class=\"wp-block-heading has-text-align-center\">Description<\/h2>\n\n\n\n<h3 class=\"wp-block-heading\"><em>Birds of New Guinea<\/em>: la guia de camp essencial dels ocells d\u2019aquesta regi\u00f3<\/h3>\n\n\n\n<p>La segona edici\u00f3 de <em>Birds of New Guinea<\/em> \u00e9s l\u2019\u00fanica guia de camp en un sol volum que ofereix una cobertura completa de les <strong>m\u00e9s de 970 esp\u00e8cies<\/strong> d&#8217;ocells registrades a la regi\u00f3 de Nova Guinea i a les seves illes perif\u00e8riques, com l\u2019arxip\u00e8lag de Bismarck, Bougainville, Raja Ampat i les illes Aru. Amb <strong>m\u00e9s de 500 esp\u00e8cies end\u00e8miques<\/strong>, aquesta guia \u00e9s un recurs indispensable per a observadors d\u2019ocells, investigadors, conservacionistes i professionals de l\u2019ecoturisme que exploren un dels ecosistemes m\u00e9s biodiversos del planeta.<\/p>\n\n\n\n<p>Aquesta edici\u00f3 completament revisada reuneix els aven\u00e7os m\u00e9s recents en recerca cient\u00edfica, observacions de camp i actualitzacions taxon\u00f2miques, tot en un format compacte i preparat per a l\u2019\u00fas en condicions tropicals. Tant si ets un ornit\u00f2leg experimentat com un aficionat entusiasta, aquesta guia t\u2019ofereix tot el necessari per identificar i comprendre els ocells de Nova Guinea.<\/p>\n\n\n\n<h4 class=\"wp-block-heading\">Novetats de la segona edici\u00f3<\/h4>\n\n\n\n<p>Aquesta edici\u00f3 incorpora millores importants:<\/p>\n\n\n\n<ul class=\"wp-block-list\">\n<li><strong>41 esp\u00e8cies noves<\/strong> des de la primera edici\u00f3, totes il\u00b7lustrades i amb mapes de distribuci\u00f3.<\/li>\n\n\n\n<li><strong>Codis QR<\/strong> per a cada esp\u00e8cie que enllacen amb <a href=\"https:\/\/ebird.org\/home\" target=\"_blank\" rel=\"noopener\">recursos en l\u00ednia allotjats pel Cornell Lab of Ornithology<\/a>, on el lector pot veure fotos i v\u00eddeos, i escoltar gravacions d\u2019\u00e0udio de l\u2019esp\u00e8cie en q\u00fcesti\u00f3: una funcionalitat totalment nova.<\/li>\n\n\n\n<li><strong>\u00cdndex ampliat<\/strong> que ara inclou tots els noms alternatius en angl\u00e8s d\u2019\u00fas com\u00fa, cosa que facilita enormement la cerca d\u2019esp\u00e8cies.<\/li>\n\n\n\n<li><strong>Textos i il\u00b7lustracions revisats<\/strong>, amb moltes imatges noves que mostren variacions de plomatge segons l\u2019edat, el sexe i el comportament.<\/li>\n<\/ul>\n\n\n\n<p>Aquestes actualitzacions reflecteixen els darrers coneixements cient\u00edfics, observacions de camp i revisions taxon\u00f2miques, i fan que aquesta segona edici\u00f3 sigui la guia m\u00e9s actualitzada i autoritzada sobre els ocells de Nova Guinea.<\/p>\n\n\n\n<h4 class=\"wp-block-heading\">Caracter\u00edstiques destacades<\/h4>\n\n\n\n<ul class=\"wp-block-list\">\n<li>Cobertura de <strong>m\u00e9s de 970 esp\u00e8cies<\/strong>, incloses totes les end\u00e8miques conegudes.<\/li>\n\n\n\n<li><strong>M\u00e9s de 1.800 il\u00b7lustracions<\/strong> distribu\u00efdes en <strong>216 l\u00e0mines<\/strong> en color, amb plomatges clau de mascles, femelles, immadurs i ocells en vol.<\/li>\n\n\n\n<li><strong>M\u00e9s de 880 mapes de distribuci\u00f3 actualitzats<\/strong> amb les dades m\u00e9s recents.<\/li>\n\n\n\n<li><strong>Taxonomia i nomenclatura actualitzades<\/strong> segons les llistes de refer\u00e8ncia globals.<\/li>\n\n\n\n<li><strong>Fitxes concises<\/strong> per a cada esp\u00e8cie, amb informaci\u00f3 sobre identificaci\u00f3, h\u00e0bitat, comportament, vocalitzacions i estat de conservaci\u00f3.<\/li>\n\n\n\n<li><strong>Codis QR<\/strong> que permeten l\u2019acc\u00e9s instantani a material audiovisual.<\/li>\n\n\n\n<li><strong>\u00cdndex de f\u00e0cil consulta<\/strong> amb noms alternatius per agilitzar la cerca al camp.<\/li>\n<\/ul>\n\n\n\n<h4 class=\"wp-block-heading\">Pensada per al camp: disseny pr\u00e0ctic i estructura clara<\/h4>\n\n\n\n<p>Dissenyada pensant en la funcionalitat, la segona edici\u00f3 de <em>Birds of New Guinea<\/em> incorpora:<\/p>\n\n\n\n<ul class=\"wp-block-list\">\n<li>Paper lleuger i resistent a la humitat, ideal per a condicions tropicals.<\/li>\n\n\n\n<li>Format compacte i port\u00e0til, f\u00e0cil de portar en una motxilla petita.<\/li>\n\n\n\n<li>Disposici\u00f3 a doble p\u00e0gina: il\u00b7lustracions a una cara i text descriptiu a l\u2019altra, per a una consulta r\u00e0pida.<\/li>\n\n\n\n<li>Comparacions visuals clares entre esp\u00e8cies similars i variacions de plomatge.<\/li>\n<\/ul>\n\n\n\n<p>Tant si et trobes en plena selva tropical, explorant aiguamolls costaners o recorrent h\u00e0bitats muntanyencs, aquesta guia est\u00e0 feta per acompanyar-te.<\/p>\n\n\n\n<h4 class=\"wp-block-heading\">A qui s\u2019adre\u00e7a <em>Birds of New Guinea<\/em>?<\/h4>\n\n\n\n<ul class=\"wp-block-list\">\n<li>Observadors d\u2019ocells i fot\u00f2grafs de natura que busquen esp\u00e8cies emblem\u00e0tiques com l\u2019Astrapia de cua de cinta, el cacatua palmera o l\u2019ocell del parad\u00eds emperador.<\/li>\n\n\n\n<li>Ornit\u00f2legs, conservacionistes i investigadors que necessiten una refer\u00e8ncia actual i fiable per a estudis de camp i tasques de conservaci\u00f3.<\/li>\n\n\n\n<li>Guies locals i professionals de l\u2019ecoturisme que treballen a Papua Nova Guinea, Papua Occidental i les illes ve\u00efnes.<\/li>\n\n\n\n<li>Col\u00b7leccionistes de guies de camp i obres de refer\u00e8ncia sobre punts calents de biodiversitat al m\u00f3n.<\/li>\n<\/ul>\n\n\n\n<h4 class=\"wp-block-heading\">Sobre l\u2019autor<\/h4>\n\n\n\n<p>Phil Gregory guia rutes ornitol\u00f2giques per Nova Guinea des dels anys noranta, i ha condensat d\u00e8cades d\u2019experi\u00e8ncia de camp en cada fitxa d\u2019aquesta guia. \u00c9s fundador de <a href=\"https:\/\/birder.travel\/\" target=\"_blank\" rel=\"noopener\">Sicklebill Safaris<\/a>, col\u00b7laborador del <em><a href=\"https:\/\/lynxnaturebooks.com\/ca\/producte\/handbook-of-the-birds-of-the-world\/\">Handbook of the Birds of the World<\/a><\/em> i una autoritat reconeguda a nivell mundial en els ocells de la regi\u00f3.<\/p>\n\n\n\n<p class=\"has-text-align-center button-link button-view-all\"><a href=\"#viewall\">View all<\/a><\/p>\n\n\n\n<div style=\"height:20px\" aria-hidden=\"true\" class=\"wp-block-spacer\"><\/div>\n<\/div><\/div>\n\n\n\n<div class=\"wp-block-group max-width-narrow max-height\"><div class=\"wp-block-group__inner-container is-layout-constrained wp-block-group-is-layout-constrained\"><div class=\"wp-block-group max-width-narrow\"><\/div>\n\n\n\n<p class=\"has-text-align-center button-link button-view-all\"><a href=\"#viewall\">View all<\/a><\/p>\n<\/div><\/div>\n","protected":false},"excerpt":{"rendered":"<p data-start=\"5131\" data-end=\"5429\">Segona edici\u00f3 revisada i actualitzada de la guia de camp m\u00e9s completa sobre els ocells de Nova Guinea, cobrint Papua Occidental, Papua Nova Guinea i les seves illes properes. Inclou taxonomia actualitzada, nous mapes de distribuci\u00f3 i la informaci\u00f3 m\u00e9s recent sobre identificaci\u00f3 i conservaci\u00f3.<\/p>\n","protected":false},"featured_media":95897,"comment_status":"closed","ping_status":"closed","template":"","meta":[],"collection":[],"product_brand":[],"product_cat":[241,253,249,227],"product_tag":[300,298],"class_list":{"0":"post-94124","1":"product","2":"type-product","3":"status-publish","4":"has-post-thumbnail","6":"product_cat-australasian-ca","7":"product_cat-guies-de-camp","8":"product_cat-novetats","9":"product_cat-ocells","10":"product_tag-nova-guinea","11":"product_tag-ocells-del-paradis","13":"first","14":"instock","15":"shipping-taxable","16":"purchasable","17":"product-type-variable"},"_links":{"self":[{"href":"https:\/\/lynxnaturebooks.com\/ca\/wp-json\/wp\/v2\/product\/94124","targetHints":{"allow":["GET"]}}],"collection":[{"href":"https:\/\/lynxnaturebooks.com\/ca\/wp-json\/wp\/v2\/product"}],"about":[{"href":"https:\/\/lynxnaturebooks.com\/ca\/wp-json\/wp\/v2\/types\/product"}],"replies":[{"embeddable":true,"href":"https:\/\/lynxnaturebooks.com\/ca\/wp-json\/wp\/v2\/comments?post=94124"}],"wp:featuredmedia":[{"embeddable":true,"href":"https:\/\/lynxnaturebooks.com\/ca\/wp-json\/wp\/v2\/media\/95897"}],"wp:attachment":[{"href":"https:\/\/lynxnaturebooks.com\/ca\/wp-json\/wp\/v2\/media?parent=94124"}],"wp:term":[{"taxonomy":"collection","embeddable":true,"href":"https:\/\/lynxnaturebooks.com\/ca\/wp-json\/wp\/v2\/collection?post=94124"},{"taxonomy":"product_brand","embeddable":true,"href":"https:\/\/lynxnaturebooks.com\/ca\/wp-json\/wp\/v2\/product_brand?post=94124"},{"taxonomy":"product_cat","embeddable":true,"href":"https:\/\/lynxnaturebooks.com\/ca\/wp-json\/wp\/v2\/product_cat?post=94124"},{"taxonomy":"product_tag","embeddable":true,"href":"https:\/\/lynxnaturebooks.com\/ca\/wp-json\/wp\/v2\/product_tag?post=94124"}],"curies":[{"name":"wp","href":"https:\/\/api.w.org\/{rel}","templated":true}]}}