{"id":87854,"date":"2025-02-11T09:00:00","date_gmt":"2025-02-11T08:00:00","guid":{"rendered":"https:\/\/develop.genium.click\/lynxbeta\/?post_type=product&#038;p=87854"},"modified":"2026-04-21T02:20:59","modified_gmt":"2026-04-21T00:20:59","slug":"birds-of-vietnam-2","status":"publish","type":"product","link":"https:\/\/lynxnaturebooks.com\/ca\/producte\/birds-of-vietnam-2\/","title":{"rendered":"<span class=\"title\">Birds of Vietnam<\/span><span class=\"subtitle\">2nd Edition<\/span>"},"content":{"rendered":"<div class=\"wp-block-columns attributes-columns\"><div class=\"wp-block-column\"><svg width=\"28px\" height=\"35px\" viewBox=\"0 0 28 35\" version=\"1.1\" xmlns=\"http:\/\/www.w3.org\/2000\/svg\" xmlns:xlink=\"http:\/\/www.w3.org\/1999\/xlink\">\n                            <g id=\"Page-1\" stroke=\"none\" stroke-width=\"1\" fill=\"none\" fill-rule=\"evenodd\" opacity=\"0.147770473\">\n                                <g id=\"24\" transform=\"translate(-287.000000, -1522.000000)\" fill=\"#000000\" fill-rule=\"nonzero\" stroke=\"#000000\" stroke-width=\"0.799586777\">\n                                    <g id=\"Group-3\" transform=\"translate(233.000000, 1504.000000)\">\n                                        <g id=\"Shape-3\" transform=\"translate(55.000000, 19.000000)\">\n                                            <path d=\"M13,0 C9.82319737,0 7.22466566,2.63962325 7.22466566,5.86666055 C7.22466566,8.71794192 9.25407358,11.1008511 11.9171246,11.6187379 L11.9171246,13.9333188 L6.8637075,13.9333188 C6.8261332,13.9313284 6.78848231,13.9313284 6.75090801,13.9333188 C6.331882,13.9764915 5.97550223,14.2625282 5.83723204,14.6666514 L0.0618978813,31.5333078 C-0.0555594524,31.8709186 -0.00391373208,32.2454751 0.200335189,32.5373134 C0.40458411,32.8291517 0.7358774,33.0017525 1.08837297,32.9999866 L13,32.9999866 L24.9116267,32.9999866 C25.2641223,33.0017526 25.5954157,32.8291519 25.7996647,32.5373136 C26.0039137,32.2454752 26.0555595,31.8709186 25.9381021,31.5333078 L20.162768,14.6666514 C20.0091004,14.2252213 19.5972147,13.9309628 19.1362925,13.9333188 L14.082875,13.9333188 L14.082875,11.6187379 C16.7459261,11.1008511 18.775334,8.71794192 18.775334,5.86666055 C18.775334,2.63962325 16.1768026,0 13,0 L13,0 Z M12.9999998,2.19999771 C15.0063443,2.19999771 16.6095839,3.82859001 16.6095839,5.86666055 C16.6095839,7.52644516 15.5508938,8.91385538 14.071595,9.3729069 C13.99526,8.77759028 13.4631728,8.35436769 12.8759203,8.42186622 C12.3828087,8.48076346 11.9922861,8.87273886 11.9284046,9.3729069 C10.4491059,8.91385538 9.39041606,7.52644516 9.39041606,5.86666055 C9.39041606,3.82859001 10.9936557,2.19999771 12.9999998,2.19999771 L12.9999998,2.19999771 Z M7.6307439,16.1333239 L12.9999998,16.1333239 L18.3692561,16.1333239 L23.3888335,30.7999752 L12.9999998,30.7999752 L2.61116648,30.7999752 L7.6307439,16.1333239 L7.6307439,16.1333239 Z\" id=\"Shape\"><\/path>\n                                        <\/g>\n                                    <\/g>\n                                <\/g>\n                            <\/g>\n                        <\/svg><p class=\"has-small-font-size\">Pes<\/p><p class=\"attribute\">1 kg<\/p><\/div><div class=\"wp-block-column\"><svg width=\"34px\" height=\"35px\" viewBox=\"0 0 34 35\" version=\"1.1\" xmlns=\"http:\/\/www.w3.org\/2000\/svg\" xmlns:xlink=\"http:\/\/www.w3.org\/1999\/xlink\">\n                            <g id=\"Page-1\" stroke=\"none\" stroke-width=\"1\" fill=\"none\" fill-rule=\"evenodd\" opacity=\"0.147770473\">\n                                <g id=\"24\" transform=\"translate(-471.000000, -1523.000000)\" fill=\"#000000\" fill-rule=\"nonzero\">\n                                    <g id=\"Group-3\" transform=\"translate(233.000000, 1504.000000)\">\n                                        <g id=\"Group-10\" transform=\"translate(238.000000, 19.000000)\">\n                                            <polygon id=\"Path\" points=\"0 9.72222222 2 9.72222222 2 33.0555556 0 33.0555556 0 35 6 35 6 33.0555556 4 33.0555556 4 9.72222222 6 9.72222222 6 7.77777778 0 7.77777778\"><\/polygon>\n                                            <polygon id=\"Path\" points=\"32 1.94444444 10 1.94444444 10 0 8 0 8 5.83333333 10 5.83333333 10 3.88888889 32 3.88888889 32 5.83333333 34 5.83333333 34 0 32 0\"><\/polygon>\n                                            <path d=\"M8,7.77777778 L8,30.1388889 L13,35 L33,35 L33,12.6388889 L28,7.77777778 L8,7.77777778 Z M11,10.6944444 L26,10.6944444 L26,28.1944444 L11,28.1944444 L11,10.6944444 Z M30,32.0833333 L14.24,32.0833333 L12.24,30.1388889 L28,30.1388889 L28,11.9 L30,13.8444444 L30,32.0833333 Z\" id=\"Shape\"><\/path>\n                                            <rect id=\"Rectangle\" x=\"13\" y=\"15.5555556\" width=\"11\" height=\"1.94444444\"><\/rect>\n                                            <rect id=\"Rectangle\" x=\"15\" y=\"19.4444444\" width=\"7\" height=\"1.94444444\"><\/rect>\n                                        <\/g>\n                                    <\/g>\n                                <\/g>\n                            <\/g>\n                        <\/svg><p class=\"has-small-font-size\">Dimensions<\/p><p class=\"attribute\">16 &times; 23 cm<\/p><\/div><div class=\"wp-block-column\"><svg width=\"26px\" height=\"30px\" viewBox=\"0 0 26 30\" version=\"1.1\" xmlns=\"http:\/\/www.w3.org\/2000\/svg\" xmlns:xlink=\"http:\/\/www.w3.org\/1999\/xlink\">\n                            <g id=\"Page-1\" stroke=\"none\" stroke-width=\"1\" fill=\"none\" fill-rule=\"evenodd\" opacity=\"0.147770473\">\n                                <g id=\"24\" transform=\"translate(-661.000000, -1528.000000)\" fill=\"#000000\" fill-rule=\"nonzero\">\n                                    <g id=\"Group-3\" transform=\"translate(233.000000, 1504.000000)\">\n                                        <g id=\"Group-12\" transform=\"translate(428.000000, 24.000000)\">\n                                            <path d=\"M0,0 L0,25.8333333 L4.19354839,30 L26,30 L26,4.16666667 L21.8064516,0 M2.01290323,2.5 L20.1290323,2.5 L20.1290323,24.1666667 L2.01290323,24.1666667 L2.01290323,2.5 Z M23.483871,27.5 L5.23354839,27.5 L3.55612903,25.8333333 L21.8064516,25.8333333 L21.8064516,3.53333333 L23.483871,5.2 L23.483871,27.5 Z\" id=\"Shape\"><\/path>\n                                            <rect id=\"Rectangle\" x=\"7.5483871\" y=\"8.33333333\" width=\"10.9032258\" height=\"1.66666667\"><\/rect>\n                                            <rect id=\"Rectangle\" x=\"7.5483871\" y=\"11.6666667\" width=\"10.9032258\" height=\"1.66666667\"><\/rect>\n                                            <rect id=\"Rectangle\" x=\"7.5483871\" y=\"15\" width=\"10.9032258\" height=\"1.66666667\"><\/rect>\n                                            <rect id=\"Rectangle\" x=\"7.5483871\" y=\"18.3333333\" width=\"5.87096774\" height=\"1.66666667\"><\/rect>\n                                        <\/g>\n                                    <\/g>\n                                <\/g>\n                            <\/g>\n                        <\/svg><p class=\"has-small-font-size\">Idioma<\/p><p class=\"attribute\">Angl\u00e8s<\/p><\/div><div class=\"wp-block-column\"><svg width=\"26px\" height=\"30px\" viewBox=\"0 0 26 30\" version=\"1.1\" xmlns=\"http:\/\/www.w3.org\/2000\/svg\" xmlns:xlink=\"http:\/\/www.w3.org\/1999\/xlink\">\n                            <g id=\"Page-1\" stroke=\"none\" stroke-width=\"1\" fill=\"none\" fill-rule=\"evenodd\" opacity=\"0.147770473\">\n                                <g id=\"24\" transform=\"translate(-849.000000, -1528.000000)\" fill=\"#000000\" fill-rule=\"nonzero\">\n                                    <g id=\"Group-3\" transform=\"translate(233.000000, 1504.000000)\">\n                                        <g id=\"Group-11\" transform=\"translate(616.000000, 24.000000)\">\n                                            <path d=\"M0,0 L0,25.8333333 L4.19354839,30 L26,30 L26,4.16666667 L21.8064516,0 L0,0 Z M2.51612903,2.5 L20.1290323,2.5 L20.1290323,24.1666667 L2.51612903,24.1666667 L2.51612903,2.5 Z M23.483871,27.5 L5.23354839,27.5 L3.55612903,25.8333333 L21.8064516,25.8333333 L21.8064516,3.53333333 L23.483871,5.2 L23.483871,27.5 Z\" id=\"Shape\"><\/path>\n                                            <path d=\"M5.03225806,13.3333333 L17.6129032,13.3333333 L17.6129032,5 L5.03225806,5 L5.03225806,13.3333333 Z M6.70967742,6.66666667 L15.9354839,6.66666667 L15.9354839,11.6666667 L6.70967742,11.6666667 L6.70967742,6.66666667 Z\" id=\"Shape\"><\/path>\n                                        <\/g>\n                                    <\/g>\n                                <\/g>\n                            <\/g>\n                        <\/svg><p class=\"has-small-font-size\">Format<\/p><p class=\"attribute\">Flexi-cover, Tapa dura<\/p><\/div><div class=\"wp-block-column\"><svg width=\"26px\" height=\"30px\" viewBox=\"0 0 26 30\" version=\"1.1\" xmlns=\"http:\/\/www.w3.org\/2000\/svg\" xmlns:xlink=\"http:\/\/www.w3.org\/1999\/xlink\">\n                            <g id=\"Page-1\" stroke=\"none\" stroke-width=\"1\" fill=\"none\" fill-rule=\"evenodd\" opacity=\"0.147770473\">\n                                <g id=\"24\" transform=\"translate(-661.000000, -1528.000000)\" fill=\"#000000\" fill-rule=\"nonzero\">\n                                    <g id=\"Group-3\" transform=\"translate(233.000000, 1504.000000)\">\n                                        <g id=\"Group-12\" transform=\"translate(428.000000, 24.000000)\">\n                                            <path d=\"M0,0 L0,25.8333333 L4.19354839,30 L26,30 L26,4.16666667 L21.8064516,0 M2.01290323,2.5 L20.1290323,2.5 L20.1290323,24.1666667 L2.01290323,24.1666667 L2.01290323,2.5 Z M23.483871,27.5 L5.23354839,27.5 L3.55612903,25.8333333 L21.8064516,25.8333333 L21.8064516,3.53333333 L23.483871,5.2 L23.483871,27.5 Z\" id=\"Shape\"><\/path>\n                                            <rect id=\"Rectangle\" x=\"7.5483871\" y=\"8.33333333\" width=\"10.9032258\" height=\"1.66666667\"><\/rect>\n                                            <rect id=\"Rectangle\" x=\"7.5483871\" y=\"11.6666667\" width=\"10.9032258\" height=\"1.66666667\"><\/rect>\n                                            <rect id=\"Rectangle\" x=\"7.5483871\" y=\"15\" width=\"10.9032258\" height=\"1.66666667\"><\/rect>\n                                            <rect id=\"Rectangle\" x=\"7.5483871\" y=\"18.3333333\" width=\"5.87096774\" height=\"1.66666667\"><\/rect>\n                                        <\/g>\n                                    <\/g>\n                                <\/g>\n                            <\/g>\n                        <\/svg><p class=\"has-small-font-size\">P\u00e0gines<\/p><p class=\"attribute\">408<\/p><\/div><div class=\"wp-block-column\"><svg width=\"26px\" height=\"30px\" viewBox=\"0 0 26 30\" version=\"1.1\" xmlns=\"http:\/\/www.w3.org\/2000\/svg\" xmlns:xlink=\"http:\/\/www.w3.org\/1999\/xlink\">\n                            <g id=\"Page-1\" stroke=\"none\" stroke-width=\"1\" fill=\"none\" fill-rule=\"evenodd\" opacity=\"0.147770473\">\n                                <g id=\"24\" transform=\"translate(-849.000000, -1528.000000)\" fill=\"#000000\" fill-rule=\"nonzero\">\n                                    <g id=\"Group-3\" transform=\"translate(233.000000, 1504.000000)\">\n                                        <g id=\"Group-11\" transform=\"translate(616.000000, 24.000000)\">\n                                            <path d=\"M0,0 L0,25.8333333 L4.19354839,30 L26,30 L26,4.16666667 L21.8064516,0 L0,0 Z M2.51612903,2.5 L20.1290323,2.5 L20.1290323,24.1666667 L2.51612903,24.1666667 L2.51612903,2.5 Z M23.483871,27.5 L5.23354839,27.5 L3.55612903,25.8333333 L21.8064516,25.8333333 L21.8064516,3.53333333 L23.483871,5.2 L23.483871,27.5 Z\" id=\"Shape\"><\/path>\n                                            <path d=\"M5.03225806,13.3333333 L17.6129032,13.3333333 L17.6129032,5 L5.03225806,5 L5.03225806,13.3333333 Z M6.70967742,6.66666667 L15.9354839,6.66666667 L15.9354839,11.6666667 L6.70967742,11.6666667 L6.70967742,6.66666667 Z\" id=\"Shape\"><\/path>\n                                        <\/g>\n                                    <\/g>\n                                <\/g>\n                            <\/g>\n                        <\/svg><p class=\"has-small-font-size\">Data de publicaci\u00f3<\/p><p class=\"attribute\">10 de mar\u00e7 de 2025<\/p><\/div><div class=\"wp-block-column\"><svg width=\"26px\" height=\"30px\" viewBox=\"0 0 26 30\" version=\"1.1\" xmlns=\"http:\/\/www.w3.org\/2000\/svg\" xmlns:xlink=\"http:\/\/www.w3.org\/1999\/xlink\">\n                            <g id=\"Page-1\" stroke=\"none\" stroke-width=\"1\" fill=\"none\" fill-rule=\"evenodd\" opacity=\"0.147770473\">\n                                <g id=\"24\" transform=\"translate(-1222.000000, -1528.000000)\" fill=\"#000000\" fill-rule=\"nonzero\">\n                                    <g id=\"Group-3\" transform=\"translate(233.000000, 1504.000000)\">\n                                        <g id=\"Shape-2\" transform=\"translate(989.000000, 24.000000)\">\n                                            <path d=\"M0,0 L0,25.8333333 L4.19354839,30 L26,30 L26,4.16666667 L21.8064516,0 L0,0 Z M6.70967742,2.5 L10.0645161,2.5 L10.0645161,10.1 L8.38709677,9 L6.70967742,10.1 L6.70967742,2.5 Z M2.51612903,2.5 L5.03225806,2.5 L5.03225806,13.2333333 L8.38709677,11 L11.7419355,13.2333333 L11.7419355,2.5 L20.1290323,2.5 L20.1290323,24.1666667 L2.51612903,24.1666667 L2.51612903,2.5 Z M23.483871,27.5 L5.23354839,27.5 L3.55612903,25.8333333 L21.8064516,25.8333333 L21.8064516,3.53333333 L23.483871,5.2 L23.483871,27.5 Z\" id=\"Shape\"><\/path>\n                                        <\/g>\n                                    <\/g>\n                                <\/g>\n                            <\/g>\n                        <\/svg><p class=\"has-small-font-size\">Publicat per<\/p><p class=\"attribute\">Lynx Nature Books<\/p><\/div><\/div><div id=\"professionals\" class=\"max-width padding-sides\"><h2>Autors<\/h2><div class=\"professionals-wrapper\"><p class=\"professional\"><a href=\"https:\/\/lynxnaturebooks.com\/ca\/professional\/richard-craik\/\">Richard Craik<\/a><\/p><p class=\"professional\"><a href=\"https:\/\/lynxnaturebooks.com\/ca\/professional\/le-quy-minh\/\">L\u00ea Qu\u00fd Minh<\/a><\/p><\/div><\/div>        <!-- <h2 id=\"autors\" class=\"has-text-align-center\"><\/h2>\n        <div class=\"product-autors max-width-narrow\">\n                    <\/div> -->\n    \n\n\n\n<div class=\"wp-block-group max-width-narrow max-height\"><div class=\"wp-block-group__inner-container is-layout-constrained wp-block-group-is-layout-constrained\">\n<h2 class=\"wp-block-heading has-text-align-center\">Descripci\u00f3<\/h2>\n\n\n\n<h3 class=\"wp-block-heading\"><strong><em>Birds of Vietnam<\/em> \u2013 Segona edici\u00f3: La guia de camp m\u00e9s completa sobre els ocells del Vietnam<\/strong><\/h3>\n\n\n\n<p><em>Birds of Vietnam<\/em> \u00e9s la guia de camp definitiva per a qui vulgui con\u00e8ixer la rica i variada avifauna d\u2019aquest punt calent de biodiversitat del sud-est asi\u00e0tic. Reconegut per la seva incre\u00efble diversitat biol\u00f2gica, el Vietnam acull m\u00e9s esp\u00e8cies d\u2019ocells end\u00e8miques i quasi end\u00e8miques que qualsevol altre pa\u00eds del sud-est asi\u00e0tic continental. Aquesta segona edici\u00f3 ofereix la refer\u00e8ncia m\u00e9s completa i actualitzada per a ornit\u00f2legs, investigadors i conservacionistes que exploren l\u2019extraordin\u00e0ria diversitat aviar d&#8217;aquest pa\u00eds.<\/p>\n\n\n\n<p>Amb un total de 931 esp\u00e8cies descrites en detall \u2014incloent-hi 16 esp\u00e8cies i grups de subesp\u00e8cies end\u00e8miques, i 42 esp\u00e8cies i grups de subesp\u00e8cies quasi end\u00e8miques\u2014 <em>Birds of Vietnam<\/em> \u00e9s una eina indispensable al camp. El llibre combina textos detallats, il\u00b7lustracions d\u2019alta qualitat, mapes de distribuci\u00f3 a tot color i recursos digitals per oferir una guia intu\u00eftiva i autoritzada per a la identificaci\u00f3 i l\u2019estudi d\u2019ocells.<\/p>\n\n\n\n<h4 class=\"wp-block-heading\">Caracter\u00edstiques principals<\/h4>\n\n\n\n<ul class=\"wp-block-list\">\n<li>Inclou totes les <strong>931 esp\u00e8cies<\/strong> d\u2019ocells registrades al Vietnam, amb informaci\u00f3 experta sobre estat, h\u00e0bitat, comportament, variaci\u00f3 geogr\u00e0fica, vocalitzacions i esp\u00e8cies semblants.<\/li>\n\n\n\n<li><strong>M\u00e9s de 1.970 il\u00b7lustracions<\/strong>: Representant mascles, femelles, juvenils, ocells en vol i plomatges reproductius i no reproductius.<\/li>\n\n\n\n<li><strong>Mapes de distribuci\u00f3 actualitzats<\/strong>: M\u00e9s de 880 mapes en color per a esp\u00e8cies de pres\u00e8ncia regular i subesp\u00e8cies reproductores, basats en les dades m\u00e9s recents.<\/li>\n\n\n\n<li><strong>Contingut audiovisual integrat<\/strong>: Cada fitxa inclou un codi QR que enlla\u00e7a amb els recursos en l\u00ednia del Cornell Lab of Ornithology, amb sons, v\u00eddeos i fotografies.<\/li>\n\n\n\n<li><strong>Noms locals<\/strong>: S\u2019hi inclouen els noms vietnamites de les esp\u00e8cies per facilitar-ne l\u2019\u00fas i promoure l\u2019educaci\u00f3 ambiental.<\/li>\n\n\n\n<li><strong>Actualitzacions taxon\u00f2miques<\/strong>: Noms cient\u00edfics i anglesos revisats segons la <a href=\"https:\/\/datazone.birdlife.org\/about-our-science\/taxonomy\" target=\"_blank\" rel=\"noopener\"><em>HBW and BirdLife International Digital Checklist<\/em> (versi\u00f3 9, 2024)<\/a>.<\/li>\n\n\n\n<li><strong>Estat de conservaci\u00f3<\/strong>: Totalment actualitzat segons les darreres avaluacions de la Llista Vermella de la UICN, amb millor visibilitat per destacar les esp\u00e8cies amena\u00e7ades.<\/li>\n<\/ul>\n\n\n\n<h4 class=\"wp-block-heading\">Novetats de la segona edici\u00f3<\/h4>\n\n\n\n<p>La segona edici\u00f3 de <em>Birds of Vietnam<\/em> representa una actualitzaci\u00f3 important respecte a la <a href=\"https:\/\/lynxnaturebooks.com\/ca\/producte\/birds-of-vietnam\/\">primera edici\u00f3<\/a> publicada el 2018. Incorpora els descobriments ornitol\u00f2gics m\u00e9s recents i presenta millores significatives en el contingut:<\/p>\n\n\n\n<ul class=\"wp-block-list\">\n<li><strong>Esp\u00e8cies noves:<\/strong> Afegeix 13 esp\u00e8cies d\u2019ocells registrades al Vietnam entre el 2018 i el 2024. Cadascuna compta amb la seva pr\u00f2pia fitxa detallada, mapa de distribuci\u00f3 i codi QR amb acc\u00e9s a contingut multim\u00e8dia.<\/li>\n\n\n\n<li><strong>Mapes de distribuci\u00f3 millorats:<\/strong> Prop de 30 esp\u00e8cies inclouen ara mapes actualitzats que reflecteixen noves observacions, dades de reproducci\u00f3 i treballs de camp recents.<\/li>\n\n\n\n<li><strong>Nomenclatura actualitzada:<\/strong> S\u2019han revisat els noms de totes les esp\u00e8cies i subesp\u00e8cies.<\/li>\n\n\n\n<li><strong>Fitxes ampliades:<\/strong> Molts textos s\u2019han reescrit o ampliat per millorar-ne la claredat i incloure informaci\u00f3 recent sobre vocalitzacions, canvis de distribuci\u00f3 i comportament reproductiu.<\/li>\n<\/ul>\n\n\n\n<h4 class=\"wp-block-heading\"><strong>Per qu\u00e8 triar <em>Birds of Vietnam<\/em>?<\/strong><\/h4>\n\n\n\n<p>Els diversos h\u00e0bitats del Vietnam \u2014des de zones humides costaneres i arrossars fins a turons c\u00e0rstics de roca calc\u00e0ria, boscos montans i terres baixes tropicals\u2014 ofereixen oportunitats excepcionals per a l\u2019observaci\u00f3 d\u2019ocells. L\u2019avifauna del pa\u00eds inclou una \u00e0mplia gamma d\u2019esp\u00e8cies end\u00e8miques, garrins desitjats pels aficionats, pittes de bosc i esp\u00e8cies globalment amena\u00e7ades com el fais\u00e0 del Vietnam i el tallarol-cadernera de gola blanca.<\/p>\n\n\n\n<p><em>Birds of Vietnam<\/em> \u00e9s la guia de camp m\u00e9s completa dedicada als ocells del pa\u00eds. Combina precisi\u00f3 cient\u00edfica amb utilitat pr\u00e0ctica al camp, cosa que la converteix en una eina imprescindible tant per als ornit\u00f2legs i observadors d\u2019ocells que viatgen per la regi\u00f3 com per a grups locals de conservaci\u00f3.<\/p>\n\n\n\n<p>Dissenyada per a observadors de tots els nivells, aquesta guia \u00e9s ideal per a aquells que planegen el seu primer viatge ornitol\u00f2gic al Vietnam, investigadors que necessiten dades de distribuci\u00f3 precises o ornit\u00f2legs experimentats que volen actualitzar les seves guies amb els descobriments m\u00e9s recents. Tant si prepares el teu primer viatge com si ja coneixes els boscos i aiguamolls del pa\u00eds, aquest llibre t\u2019ofereix la refer\u00e8ncia m\u00e9s fiable i actualitzada.<\/p>\n\n\n\n<p class=\"has-text-align-center button-link button-view-all\"><a href=\"#viewall\">Veure-ho tot<\/a><\/p>\n\n\n\n<div style=\"height:20px\" aria-hidden=\"true\" class=\"wp-block-spacer\"><\/div>\n<\/div><\/div>\n\n\n\n<div class=\"wp-block-group max-width-narrow max-height\"><div class=\"wp-block-group__inner-container is-layout-constrained wp-block-group-is-layout-constrained\"><div class=\"wp-block-group max-width-narrow\"><\/div>\n\n\n\n<p class=\"has-text-align-center button-link button-view-all\"><a href=\"#viewall\">Veure-ho tot<\/a><\/p>\n<\/div><\/div>\n","protected":false},"excerpt":{"rendered":"<p><strong>Segona edici\u00f3 totalment actualitzada<\/strong> amb 13 noves esp\u00e8cies d&#8217;ocells registrades al Vietnam, noms cient\u00edfics i en angl\u00e8s revisats, i els darrers estats de conservaci\u00f3 segons la Llista Vermella de la UICN (2024). Inclou mapes de distribuci\u00f3 actualitzats i descripcions d\u2019esp\u00e8cies millorades per a una exploraci\u00f3 completa de la diversa avifauna del Vietnam.<\/p>\n<p><strong><em>Text en angl\u00e8s.<\/em><\/strong><\/p>\n","protected":false},"featured_media":93886,"comment_status":"open","ping_status":"closed","template":"","meta":[],"collection":[],"product_brand":[],"product_cat":[223,253,249,227],"product_tag":[],"class_list":{"0":"post-87854","1":"product","2":"type-product","3":"status-publish","4":"has-post-thumbnail","6":"product_cat-lynx-and-birdlife-international-field-guides-ca","7":"product_cat-guies-de-camp","8":"product_cat-novetats","9":"product_cat-ocells","11":"first","12":"instock","13":"shipping-taxable","14":"purchasable","15":"product-type-variable"},"_links":{"self":[{"href":"https:\/\/lynxnaturebooks.com\/ca\/wp-json\/wp\/v2\/product\/87854","targetHints":{"allow":["GET"]}}],"collection":[{"href":"https:\/\/lynxnaturebooks.com\/ca\/wp-json\/wp\/v2\/product"}],"about":[{"href":"https:\/\/lynxnaturebooks.com\/ca\/wp-json\/wp\/v2\/types\/product"}],"replies":[{"embeddable":true,"href":"https:\/\/lynxnaturebooks.com\/ca\/wp-json\/wp\/v2\/comments?post=87854"}],"wp:featuredmedia":[{"embeddable":true,"href":"https:\/\/lynxnaturebooks.com\/ca\/wp-json\/wp\/v2\/media\/93886"}],"wp:attachment":[{"href":"https:\/\/lynxnaturebooks.com\/ca\/wp-json\/wp\/v2\/media?parent=87854"}],"wp:term":[{"taxonomy":"collection","embeddable":true,"href":"https:\/\/lynxnaturebooks.com\/ca\/wp-json\/wp\/v2\/collection?post=87854"},{"taxonomy":"product_brand","embeddable":true,"href":"https:\/\/lynxnaturebooks.com\/ca\/wp-json\/wp\/v2\/product_brand?post=87854"},{"taxonomy":"product_cat","embeddable":true,"href":"https:\/\/lynxnaturebooks.com\/ca\/wp-json\/wp\/v2\/product_cat?post=87854"},{"taxonomy":"product_tag","embeddable":true,"href":"https:\/\/lynxnaturebooks.com\/ca\/wp-json\/wp\/v2\/product_tag?post=87854"}],"curies":[{"name":"wp","href":"https:\/\/api.w.org\/{rel}","templated":true}]}}