{"id":86419,"date":"2009-10-01T10:00:00","date_gmt":"2009-10-01T08:00:00","guid":{"rendered":"https:\/\/develop.genium.click\/lynxeds\/?post_type=product&#038;p=86419"},"modified":"2024-07-16T15:55:41","modified_gmt":"2024-07-16T13:55:41","slug":"marina-porques","status":"publish","type":"product","link":"https:\/\/lynxnaturebooks.com\/ca\/producte\/marina-porques\/","title":{"rendered":"Marina Porqu\u00e9s"},"content":{"rendered":"<p>Marina Percales sempre pregunta per qu\u00e8, aix\u00ed que la gent li diu Marina Whys. Un dia la seva mare li diu que \u00e9s hora d&#8217;aprendre a llegir. Naturalment, ella vol saber per qu\u00e8. No \u00e9s una pregunta f\u00e0cil de respondre, per\u00f2 al final d&#8217;aquesta hist\u00f2ria sabr\u00e0 per qu\u00e8 ha d&#8217;aprendre a llegir i per qu\u00e8 la convertir\u00e0 en alg\u00fa especial.<\/p>\n<p>La secci\u00f3 de no ficci\u00f3 tracta sobre els \u00e9ssers humans.<\/p>\n","protected":false},"excerpt":{"rendered":"<p>Marina Percales sempre pregunta per qu\u00e8, aix\u00ed que la gent li diu Marina Whys. Un dia la seva mare li diu que \u00e9s hora d&#8217;aprendre a llegir. Naturalment, ella vol saber per qu\u00e8. No \u00e9s una pregunta f\u00e0cil de respondre, per\u00f2 al final d&#8217;aquesta hist\u00f2ria sabr\u00e0 per qu\u00e8 ha d&#8217;aprendre a llegir i per qu\u00e8 la convertir\u00e0 en alg\u00fa especial.<\/p>\n<p>La secci\u00f3 de no ficci\u00f3 tracta dels \u00e9ssers humans.<\/p>\n","protected":false},"featured_media":1423,"comment_status":"open","ping_status":"closed","template":"","meta":[],"collection":[],"product_brand":[],"product_cat":[615,618],"product_tag":[],"class_list":{"0":"post-86419","1":"product","2":"type-product","3":"status-publish","4":"has-post-thumbnail","6":"product_cat-llibres-infantils","7":"product_cat-miscellania-2","9":"first","10":"discontinued","11":"shipping-taxable","12":"product-type-simple"},"_links":{"self":[{"href":"https:\/\/lynxnaturebooks.com\/ca\/wp-json\/wp\/v2\/product\/86419","targetHints":{"allow":["GET"]}}],"collection":[{"href":"https:\/\/lynxnaturebooks.com\/ca\/wp-json\/wp\/v2\/product"}],"about":[{"href":"https:\/\/lynxnaturebooks.com\/ca\/wp-json\/wp\/v2\/types\/product"}],"replies":[{"embeddable":true,"href":"https:\/\/lynxnaturebooks.com\/ca\/wp-json\/wp\/v2\/comments?post=86419"}],"wp:featuredmedia":[{"embeddable":true,"href":"https:\/\/lynxnaturebooks.com\/ca\/wp-json\/wp\/v2\/media\/1423"}],"wp:attachment":[{"href":"https:\/\/lynxnaturebooks.com\/ca\/wp-json\/wp\/v2\/media?parent=86419"}],"wp:term":[{"taxonomy":"collection","embeddable":true,"href":"https:\/\/lynxnaturebooks.com\/ca\/wp-json\/wp\/v2\/collection?post=86419"},{"taxonomy":"product_brand","embeddable":true,"href":"https:\/\/lynxnaturebooks.com\/ca\/wp-json\/wp\/v2\/product_brand?post=86419"},{"taxonomy":"product_cat","embeddable":true,"href":"https:\/\/lynxnaturebooks.com\/ca\/wp-json\/wp\/v2\/product_cat?post=86419"},{"taxonomy":"product_tag","embeddable":true,"href":"https:\/\/lynxnaturebooks.com\/ca\/wp-json\/wp\/v2\/product_tag?post=86419"}],"curies":[{"name":"wp","href":"https:\/\/api.w.org\/{rel}","templated":true}]}}