{"id":85137,"date":"2023-11-20T00:01:35","date_gmt":"2023-11-20T00:01:35","guid":{"rendered":"https:\/\/develop.genium.click\/lynxeds\/product\/seabirds-seabirds-count-conjunt-de-dos-llibres\/"},"modified":"2025-03-01T00:00:01","modified_gmt":"2025-02-28T23:00:01","slug":"seabirds-seabirds-count-conjunt-de-dos-llibres","status":"publish","type":"product","link":"https:\/\/lynxnaturebooks.com\/ca\/producte\/seabirds-seabirds-count-conjunt-de-dos-llibres\/","title":{"rendered":"<span class=\"title\">Seabirds & Seabirds Count<\/span><span class=\"subtitle\">(SET of two books)<\/span>"},"content":{"rendered":"<div class=\"wp-block-columns attributes-columns\"><div class=\"wp-block-column\"><svg width=\"26px\" height=\"30px\" viewBox=\"0 0 26 30\" version=\"1.1\" xmlns=\"http:\/\/www.w3.org\/2000\/svg\" xmlns:xlink=\"http:\/\/www.w3.org\/1999\/xlink\">\n                            <g id=\"Page-1\" stroke=\"none\" stroke-width=\"1\" fill=\"none\" fill-rule=\"evenodd\" opacity=\"0.147770473\">\n                                <g id=\"24\" transform=\"translate(-849.000000, -1528.000000)\" fill=\"#000000\" fill-rule=\"nonzero\">\n                                    <g id=\"Group-3\" transform=\"translate(233.000000, 1504.000000)\">\n                                        <g id=\"Group-11\" transform=\"translate(616.000000, 24.000000)\">\n                                            <path d=\"M0,0 L0,25.8333333 L4.19354839,30 L26,30 L26,4.16666667 L21.8064516,0 L0,0 Z M2.51612903,2.5 L20.1290323,2.5 L20.1290323,24.1666667 L2.51612903,24.1666667 L2.51612903,2.5 Z M23.483871,27.5 L5.23354839,27.5 L3.55612903,25.8333333 L21.8064516,25.8333333 L21.8064516,3.53333333 L23.483871,5.2 L23.483871,27.5 Z\" id=\"Shape\"><\/path>\n                                            <path d=\"M5.03225806,13.3333333 L17.6129032,13.3333333 L17.6129032,5 L5.03225806,5 L5.03225806,13.3333333 Z M6.70967742,6.66666667 L15.9354839,6.66666667 L15.9354839,11.6666667 L6.70967742,11.6666667 L6.70967742,6.66666667 Z\" id=\"Shape\"><\/path>\n                                        <\/g>\n                                    <\/g>\n                                <\/g>\n                            <\/g>\n                        <\/svg><p class=\"has-small-font-size\">Data de publicaci\u00f3<\/p><p class=\"attribute\">novembre 2023<\/p><\/div><\/div><div id=\"professionals\" class=\"max-width padding-sides\"><\/div>        <!-- <h2 id=\"autors\" class=\"has-text-align-center\"><\/h2>\n        <div class=\"product-autors max-width-narrow\">\n                    <\/div> -->\n    \n\n<div class=\"wp-block-group max-width-narrow max-height\"><div class=\"wp-block-group__inner-container is-layout-constrained wp-block-group-is-layout-constrained\">\n<h2 class=\"wp-block-heading has-text-align-center\">Descripci\u00f3<\/h2>\n\n\n\n<p>Aquest paquet inclou dos llibres essencials per a qualsevol persona interessada en les aus marines:<\/p>\n\n\n\n<ul class=\"wp-block-list\">\n<li><a href=\"https:\/\/lynxnaturebooks.com\/ca\/producte\/seabirds\/\"><em>Ocells marins<\/em> : la nova guia d&#8217;identificaci\u00f3<\/a> : aquesta guia completa cobreix les 434 esp\u00e8cies d&#8217;aus marines del m\u00f3n, amb descripcions detallades, il\u00b7lustracions i mapes.<\/li>\n\n\n\n<li><a href=\"https:\/\/lynxnaturebooks.com\/ca\/producte\/seabirds-count\/\"><em>Recompte d&#8217;aus marines<\/em> &#8211; Un cens d&#8217;aus marines reproductores a Gran Bretanya i Irlanda (2015\u20132021)<\/a> : aquest llibre presenta els resultats del quart cens d&#8217;aus marines reproductores de Gran Bretanya i Irlanda, amb estimacions de poblaci\u00f3, tend\u00e8ncies i mapes de distribuci\u00f3 actualitzats.<\/li>\n<\/ul>\n\n\n\n<p><strong>Per qu\u00e8 comprar aquest paquet?<\/strong><\/p>\n\n\n\n<ul class=\"wp-block-list\">\n<li>Estalvia diners (21\u20ac) comprant dos llibres junts a un preu redu\u00eft.<\/li>\n\n\n\n<li>Aconsegueix dos llibres imprescindibles per a qualsevol persona interessada en les aus marines.<\/li>\n\n\n\n<li>Obteniu informaci\u00f3 sobre les 434 esp\u00e8cies d&#8217;aus marines del m\u00f3n.<\/li>\n\n\n\n<li>Estigueu al dia de les darreres investigacions sobre aus marines.<\/li>\n\n\n\n<li>Donar suport a la conservaci\u00f3 de les aus marines.<\/li>\n<\/ul>\n\n\n\n<p><strong>Per a qui va aquest paquet?<\/strong><\/p>\n\n\n\n<ul class=\"wp-block-list\">\n<li>Observadors d&#8217;ocells<\/li>\n\n\n\n<li>Naturalistes<\/li>\n\n\n\n<li>Conservacionistes<\/li>\n\n\n\n<li>Estudiants<\/li>\n\n\n\n<li>Qualsevol persona interessada en les aus marines<\/li>\n<\/ul>\n\n\n\n<p class=\"has-text-align-center button-link button-view-all\"><a href=\"#viewall\">Veure tot<\/a><\/p>\n<\/div><\/div>\n\n<div style=\"height:20px\" aria-hidden=\"true\" class=\"wp-block-spacer\"><\/div>\n\n<div class=\"wp-block-group max-width-narrow max-height\"><div class=\"wp-block-group__inner-container is-layout-constrained wp-block-group-is-layout-constrained\"><div class=\"wp-block-group max-width-narrow\"><\/div>\n\n\n\n<p class=\"has-text-align-center button-link button-view-all\"><a href=\"#viewall\">Veure tot<\/a><\/p>\n<\/div><\/div>\n","protected":false},"excerpt":{"rendered":"<p>En conjunt, aquests llibres aporten una gran quantitat d&#8217;informaci\u00f3 sobre les aus marines, des de la seva identificaci\u00f3 i ecologia fins al seu estat de conservaci\u00f3. S\u00f3n essencials per a qualsevol persona que vulgui aprendre m\u00e9s sobre aquestes fascinants esp\u00e8cies d&#8217;ocells.<\/p>\n","protected":false},"featured_media":83759,"comment_status":"open","ping_status":"closed","template":"","meta":[],"collection":[],"product_brand":[],"product_cat":[221,180,227],"product_tag":[],"class_list":{"0":"post-85137","1":"product","2":"type-product","3":"status-publish","4":"has-post-thumbnail","6":"product_cat-ofertes","7":"product_cat-monografies","8":"product_cat-ocells","10":"first","11":"instock","12":"sale","13":"shipping-taxable","14":"purchasable","15":"product-type-simple"},"_links":{"self":[{"href":"https:\/\/lynxnaturebooks.com\/ca\/wp-json\/wp\/v2\/product\/85137","targetHints":{"allow":["GET"]}}],"collection":[{"href":"https:\/\/lynxnaturebooks.com\/ca\/wp-json\/wp\/v2\/product"}],"about":[{"href":"https:\/\/lynxnaturebooks.com\/ca\/wp-json\/wp\/v2\/types\/product"}],"replies":[{"embeddable":true,"href":"https:\/\/lynxnaturebooks.com\/ca\/wp-json\/wp\/v2\/comments?post=85137"}],"wp:featuredmedia":[{"embeddable":true,"href":"https:\/\/lynxnaturebooks.com\/ca\/wp-json\/wp\/v2\/media\/83759"}],"wp:attachment":[{"href":"https:\/\/lynxnaturebooks.com\/ca\/wp-json\/wp\/v2\/media?parent=85137"}],"wp:term":[{"taxonomy":"collection","embeddable":true,"href":"https:\/\/lynxnaturebooks.com\/ca\/wp-json\/wp\/v2\/collection?post=85137"},{"taxonomy":"product_brand","embeddable":true,"href":"https:\/\/lynxnaturebooks.com\/ca\/wp-json\/wp\/v2\/product_brand?post=85137"},{"taxonomy":"product_cat","embeddable":true,"href":"https:\/\/lynxnaturebooks.com\/ca\/wp-json\/wp\/v2\/product_cat?post=85137"},{"taxonomy":"product_tag","embeddable":true,"href":"https:\/\/lynxnaturebooks.com\/ca\/wp-json\/wp\/v2\/product_tag?post=85137"}],"curies":[{"name":"wp","href":"https:\/\/api.w.org\/{rel}","templated":true}]}}