{"id":75880,"date":"2023-07-31T12:10:26","date_gmt":"2023-07-31T12:10:26","guid":{"rendered":"https:\/\/www.lynxeds.com\/?post_type=product&#038;p=75880"},"modified":"2026-01-02T00:09:25","modified_gmt":"2026-01-01T23:09:25","slug":"lemurs-of-madagascar","status":"publish","type":"product","link":"https:\/\/lynxnaturebooks.com\/ca\/producte\/lemurs-of-madagascar\/","title":{"rendered":"<span class=\"title\">Lemurs of Madagascar<\/span><span class=\"subtitle\">Fifth Edition<\/span>"},"content":{"rendered":"<div class=\"wp-block-columns attributes-columns\"><div class=\"wp-block-column\"><svg width=\"28px\" height=\"35px\" viewBox=\"0 0 28 35\" version=\"1.1\" xmlns=\"http:\/\/www.w3.org\/2000\/svg\" xmlns:xlink=\"http:\/\/www.w3.org\/1999\/xlink\">\n                            <g id=\"Page-1\" stroke=\"none\" stroke-width=\"1\" fill=\"none\" fill-rule=\"evenodd\" opacity=\"0.147770473\">\n                                <g id=\"24\" transform=\"translate(-287.000000, -1522.000000)\" fill=\"#000000\" fill-rule=\"nonzero\" stroke=\"#000000\" stroke-width=\"0.799586777\">\n                                    <g id=\"Group-3\" transform=\"translate(233.000000, 1504.000000)\">\n                                        <g id=\"Shape-3\" transform=\"translate(55.000000, 19.000000)\">\n                                            <path d=\"M13,0 C9.82319737,0 7.22466566,2.63962325 7.22466566,5.86666055 C7.22466566,8.71794192 9.25407358,11.1008511 11.9171246,11.6187379 L11.9171246,13.9333188 L6.8637075,13.9333188 C6.8261332,13.9313284 6.78848231,13.9313284 6.75090801,13.9333188 C6.331882,13.9764915 5.97550223,14.2625282 5.83723204,14.6666514 L0.0618978813,31.5333078 C-0.0555594524,31.8709186 -0.00391373208,32.2454751 0.200335189,32.5373134 C0.40458411,32.8291517 0.7358774,33.0017525 1.08837297,32.9999866 L13,32.9999866 L24.9116267,32.9999866 C25.2641223,33.0017526 25.5954157,32.8291519 25.7996647,32.5373136 C26.0039137,32.2454752 26.0555595,31.8709186 25.9381021,31.5333078 L20.162768,14.6666514 C20.0091004,14.2252213 19.5972147,13.9309628 19.1362925,13.9333188 L14.082875,13.9333188 L14.082875,11.6187379 C16.7459261,11.1008511 18.775334,8.71794192 18.775334,5.86666055 C18.775334,2.63962325 16.1768026,0 13,0 L13,0 Z M12.9999998,2.19999771 C15.0063443,2.19999771 16.6095839,3.82859001 16.6095839,5.86666055 C16.6095839,7.52644516 15.5508938,8.91385538 14.071595,9.3729069 C13.99526,8.77759028 13.4631728,8.35436769 12.8759203,8.42186622 C12.3828087,8.48076346 11.9922861,8.87273886 11.9284046,9.3729069 C10.4491059,8.91385538 9.39041606,7.52644516 9.39041606,5.86666055 C9.39041606,3.82859001 10.9936557,2.19999771 12.9999998,2.19999771 L12.9999998,2.19999771 Z M7.6307439,16.1333239 L12.9999998,16.1333239 L18.3692561,16.1333239 L23.3888335,30.7999752 L12.9999998,30.7999752 L2.61116648,30.7999752 L7.6307439,16.1333239 L7.6307439,16.1333239 Z\" id=\"Shape\"><\/path>\n                                        <\/g>\n                                    <\/g>\n                                <\/g>\n                            <\/g>\n                        <\/svg><p class=\"has-small-font-size\">Pes<\/p><p class=\"attribute\">2.2 kg<\/p><\/div><div class=\"wp-block-column\"><svg width=\"34px\" height=\"35px\" viewBox=\"0 0 34 35\" version=\"1.1\" xmlns=\"http:\/\/www.w3.org\/2000\/svg\" xmlns:xlink=\"http:\/\/www.w3.org\/1999\/xlink\">\n                            <g id=\"Page-1\" stroke=\"none\" stroke-width=\"1\" fill=\"none\" fill-rule=\"evenodd\" opacity=\"0.147770473\">\n                                <g id=\"24\" transform=\"translate(-471.000000, -1523.000000)\" fill=\"#000000\" fill-rule=\"nonzero\">\n                                    <g id=\"Group-3\" transform=\"translate(233.000000, 1504.000000)\">\n                                        <g id=\"Group-10\" transform=\"translate(238.000000, 19.000000)\">\n                                            <polygon id=\"Path\" points=\"0 9.72222222 2 9.72222222 2 33.0555556 0 33.0555556 0 35 6 35 6 33.0555556 4 33.0555556 4 9.72222222 6 9.72222222 6 7.77777778 0 7.77777778\"><\/polygon>\n                                            <polygon id=\"Path\" points=\"32 1.94444444 10 1.94444444 10 0 8 0 8 5.83333333 10 5.83333333 10 3.88888889 32 3.88888889 32 5.83333333 34 5.83333333 34 0 32 0\"><\/polygon>\n                                            <path d=\"M8,7.77777778 L8,30.1388889 L13,35 L33,35 L33,12.6388889 L28,7.77777778 L8,7.77777778 Z M11,10.6944444 L26,10.6944444 L26,28.1944444 L11,28.1944444 L11,10.6944444 Z M30,32.0833333 L14.24,32.0833333 L12.24,30.1388889 L28,30.1388889 L28,11.9 L30,13.8444444 L30,32.0833333 Z\" id=\"Shape\"><\/path>\n                                            <rect id=\"Rectangle\" x=\"13\" y=\"15.5555556\" width=\"11\" height=\"1.94444444\"><\/rect>\n                                            <rect id=\"Rectangle\" x=\"15\" y=\"19.4444444\" width=\"7\" height=\"1.94444444\"><\/rect>\n                                        <\/g>\n                                    <\/g>\n                                <\/g>\n                            <\/g>\n                        <\/svg><p class=\"has-small-font-size\">Dimensions<\/p><p class=\"attribute\">16 &times; 23 cm<\/p><\/div><div class=\"wp-block-column\"><svg width=\"26px\" height=\"30px\" viewBox=\"0 0 26 30\" version=\"1.1\" xmlns=\"http:\/\/www.w3.org\/2000\/svg\" xmlns:xlink=\"http:\/\/www.w3.org\/1999\/xlink\">\n                            <g id=\"Page-1\" stroke=\"none\" stroke-width=\"1\" fill=\"none\" fill-rule=\"evenodd\" opacity=\"0.147770473\">\n                                <g id=\"24\" transform=\"translate(-661.000000, -1528.000000)\" fill=\"#000000\" fill-rule=\"nonzero\">\n                                    <g id=\"Group-3\" transform=\"translate(233.000000, 1504.000000)\">\n                                        <g id=\"Group-12\" transform=\"translate(428.000000, 24.000000)\">\n                                            <path d=\"M0,0 L0,25.8333333 L4.19354839,30 L26,30 L26,4.16666667 L21.8064516,0 M2.01290323,2.5 L20.1290323,2.5 L20.1290323,24.1666667 L2.01290323,24.1666667 L2.01290323,2.5 Z M23.483871,27.5 L5.23354839,27.5 L3.55612903,25.8333333 L21.8064516,25.8333333 L21.8064516,3.53333333 L23.483871,5.2 L23.483871,27.5 Z\" id=\"Shape\"><\/path>\n                                            <rect id=\"Rectangle\" x=\"7.5483871\" y=\"8.33333333\" width=\"10.9032258\" height=\"1.66666667\"><\/rect>\n                                            <rect id=\"Rectangle\" x=\"7.5483871\" y=\"11.6666667\" width=\"10.9032258\" height=\"1.66666667\"><\/rect>\n                                            <rect id=\"Rectangle\" x=\"7.5483871\" y=\"15\" width=\"10.9032258\" height=\"1.66666667\"><\/rect>\n                                            <rect id=\"Rectangle\" x=\"7.5483871\" y=\"18.3333333\" width=\"5.87096774\" height=\"1.66666667\"><\/rect>\n                                        <\/g>\n                                    <\/g>\n                                <\/g>\n                            <\/g>\n                        <\/svg><p class=\"has-small-font-size\">Idioma<\/p><p class=\"attribute\">Angl\u00e8s<\/p><\/div><div class=\"wp-block-column\"><svg width=\"26px\" height=\"30px\" viewBox=\"0 0 26 30\" version=\"1.1\" xmlns=\"http:\/\/www.w3.org\/2000\/svg\" xmlns:xlink=\"http:\/\/www.w3.org\/1999\/xlink\">\n                            <g id=\"Page-1\" stroke=\"none\" stroke-width=\"1\" fill=\"none\" fill-rule=\"evenodd\" opacity=\"0.147770473\">\n                                <g id=\"24\" transform=\"translate(-849.000000, -1528.000000)\" fill=\"#000000\" fill-rule=\"nonzero\">\n                                    <g id=\"Group-3\" transform=\"translate(233.000000, 1504.000000)\">\n                                        <g id=\"Group-11\" transform=\"translate(616.000000, 24.000000)\">\n                                            <path d=\"M0,0 L0,25.8333333 L4.19354839,30 L26,30 L26,4.16666667 L21.8064516,0 L0,0 Z M2.51612903,2.5 L20.1290323,2.5 L20.1290323,24.1666667 L2.51612903,24.1666667 L2.51612903,2.5 Z M23.483871,27.5 L5.23354839,27.5 L3.55612903,25.8333333 L21.8064516,25.8333333 L21.8064516,3.53333333 L23.483871,5.2 L23.483871,27.5 Z\" id=\"Shape\"><\/path>\n                                            <path d=\"M5.03225806,13.3333333 L17.6129032,13.3333333 L17.6129032,5 L5.03225806,5 L5.03225806,13.3333333 Z M6.70967742,6.66666667 L15.9354839,6.66666667 L15.9354839,11.6666667 L6.70967742,11.6666667 L6.70967742,6.66666667 Z\" id=\"Shape\"><\/path>\n                                        <\/g>\n                                    <\/g>\n                                <\/g>\n                            <\/g>\n                        <\/svg><p class=\"has-small-font-size\">Format<\/p><p class=\"attribute\">Flexi-cover, Tapa dura<\/p><\/div><div class=\"wp-block-column\"><svg width=\"26px\" height=\"30px\" viewBox=\"0 0 26 30\" version=\"1.1\" xmlns=\"http:\/\/www.w3.org\/2000\/svg\" xmlns:xlink=\"http:\/\/www.w3.org\/1999\/xlink\">\n                            <g id=\"Page-1\" stroke=\"none\" stroke-width=\"1\" fill=\"none\" fill-rule=\"evenodd\" opacity=\"0.147770473\">\n                                <g id=\"24\" transform=\"translate(-661.000000, -1528.000000)\" fill=\"#000000\" fill-rule=\"nonzero\">\n                                    <g id=\"Group-3\" transform=\"translate(233.000000, 1504.000000)\">\n                                        <g id=\"Group-12\" transform=\"translate(428.000000, 24.000000)\">\n                                            <path d=\"M0,0 L0,25.8333333 L4.19354839,30 L26,30 L26,4.16666667 L21.8064516,0 M2.01290323,2.5 L20.1290323,2.5 L20.1290323,24.1666667 L2.01290323,24.1666667 L2.01290323,2.5 Z M23.483871,27.5 L5.23354839,27.5 L3.55612903,25.8333333 L21.8064516,25.8333333 L21.8064516,3.53333333 L23.483871,5.2 L23.483871,27.5 Z\" id=\"Shape\"><\/path>\n                                            <rect id=\"Rectangle\" x=\"7.5483871\" y=\"8.33333333\" width=\"10.9032258\" height=\"1.66666667\"><\/rect>\n                                            <rect id=\"Rectangle\" x=\"7.5483871\" y=\"11.6666667\" width=\"10.9032258\" height=\"1.66666667\"><\/rect>\n                                            <rect id=\"Rectangle\" x=\"7.5483871\" y=\"15\" width=\"10.9032258\" height=\"1.66666667\"><\/rect>\n                                            <rect id=\"Rectangle\" x=\"7.5483871\" y=\"18.3333333\" width=\"5.87096774\" height=\"1.66666667\"><\/rect>\n                                        <\/g>\n                                    <\/g>\n                                <\/g>\n                            <\/g>\n                        <\/svg><p class=\"has-small-font-size\">P\u00e0gines<\/p><p class=\"attribute\">975<\/p><\/div><div class=\"wp-block-column\"><svg width=\"26px\" height=\"30px\" viewBox=\"0 0 26 30\" version=\"1.1\" xmlns=\"http:\/\/www.w3.org\/2000\/svg\" xmlns:xlink=\"http:\/\/www.w3.org\/1999\/xlink\">\n                            <g id=\"Page-1\" stroke=\"none\" stroke-width=\"1\" fill=\"none\" fill-rule=\"evenodd\" opacity=\"0.147770473\">\n                                <g id=\"24\" transform=\"translate(-849.000000, -1528.000000)\" fill=\"#000000\" fill-rule=\"nonzero\">\n                                    <g id=\"Group-3\" transform=\"translate(233.000000, 1504.000000)\">\n                                        <g id=\"Group-11\" transform=\"translate(616.000000, 24.000000)\">\n                                            <path d=\"M0,0 L0,25.8333333 L4.19354839,30 L26,30 L26,4.16666667 L21.8064516,0 L0,0 Z M2.51612903,2.5 L20.1290323,2.5 L20.1290323,24.1666667 L2.51612903,24.1666667 L2.51612903,2.5 Z M23.483871,27.5 L5.23354839,27.5 L3.55612903,25.8333333 L21.8064516,25.8333333 L21.8064516,3.53333333 L23.483871,5.2 L23.483871,27.5 Z\" id=\"Shape\"><\/path>\n                                            <path d=\"M5.03225806,13.3333333 L17.6129032,13.3333333 L17.6129032,5 L5.03225806,5 L5.03225806,13.3333333 Z M6.70967742,6.66666667 L15.9354839,6.66666667 L15.9354839,11.6666667 L6.70967742,11.6666667 L6.70967742,6.66666667 Z\" id=\"Shape\"><\/path>\n                                        <\/g>\n                                    <\/g>\n                                <\/g>\n                            <\/g>\n                        <\/svg><p class=\"has-small-font-size\">Data de publicaci\u00f3<\/p><p class=\"attribute\">August 2023<\/p><\/div><div class=\"wp-block-column\"><svg width=\"26px\" height=\"30px\" viewBox=\"0 0 26 30\" version=\"1.1\" xmlns=\"http:\/\/www.w3.org\/2000\/svg\" xmlns:xlink=\"http:\/\/www.w3.org\/1999\/xlink\">\n                            <g id=\"Page-1\" stroke=\"none\" stroke-width=\"1\" fill=\"none\" fill-rule=\"evenodd\" opacity=\"0.147770473\">\n                                <g id=\"24\" transform=\"translate(-1222.000000, -1528.000000)\" fill=\"#000000\" fill-rule=\"nonzero\">\n                                    <g id=\"Group-3\" transform=\"translate(233.000000, 1504.000000)\">\n                                        <g id=\"Shape-2\" transform=\"translate(989.000000, 24.000000)\">\n                                            <path d=\"M0,0 L0,25.8333333 L4.19354839,30 L26,30 L26,4.16666667 L21.8064516,0 L0,0 Z M6.70967742,2.5 L10.0645161,2.5 L10.0645161,10.1 L8.38709677,9 L6.70967742,10.1 L6.70967742,2.5 Z M2.51612903,2.5 L5.03225806,2.5 L5.03225806,13.2333333 L8.38709677,11 L11.7419355,13.2333333 L11.7419355,2.5 L20.1290323,2.5 L20.1290323,24.1666667 L2.51612903,24.1666667 L2.51612903,2.5 Z M23.483871,27.5 L5.23354839,27.5 L3.55612903,25.8333333 L21.8064516,25.8333333 L21.8064516,3.53333333 L23.483871,5.2 L23.483871,27.5 Z\" id=\"Shape\"><\/path>\n                                        <\/g>\n                                    <\/g>\n                                <\/g>\n                            <\/g>\n                        <\/svg><p class=\"has-small-font-size\">Publicat per<\/p><p class=\"attribute\">Re:wild<\/p><\/div><\/div><div id=\"professionals\" class=\"max-width padding-sides\"><h2>Autors<\/h2><div class=\"professionals-wrapper\"><p class=\"professional\"><a href=\"https:\/\/lynxnaturebooks.com\/ca\/professional\/russell-a-mittermeier\/\">Russell A. Mittermeier<\/a><\/p><p class=\"professional\"><a href=\"https:\/\/lynxnaturebooks.com\/ca\/professional\/kim-e-reuter\/\">Kim E. Reuter<\/a><\/p><p class=\"professional\"><a href=\"https:\/\/lynxnaturebooks.com\/ca\/professional\/anthony-b-rylands\/\">Anthony B. Rylands<\/a><\/p><p class=\"professional\"><a href=\"https:\/\/lynxnaturebooks.com\/ca\/professional\/edward-e-louis-jr\/\">Edward E. Louis Jr.<\/a><\/p><p class=\"professional\"><a href=\"https:\/\/lynxnaturebooks.com\/ca\/professional\/jonah-ratsimbazafy\/\">Jonah Ratsimbazafy<\/a><\/p><p class=\"professional\"><a href=\"https:\/\/lynxnaturebooks.com\/ca\/professional\/lily-arison-rene-de-roland\/\">Lily-Arison Rene de Roland<\/a><\/p><p class=\"professional\"><a href=\"https:\/\/lynxnaturebooks.com\/ca\/professional\/olivier-langrand\/\">Olivier Langrand<\/a><\/p><p class=\"professional\"><a href=\"https:\/\/lynxnaturebooks.com\/ca\/professional\/christoph-schwitzer\/\">Christoph Schwitzer<\/a><\/p><p class=\"professional\"><a href=\"https:\/\/lynxnaturebooks.com\/ca\/professional\/steig-e-johnson\/\">Steig E. Johnson<\/a><\/p><p class=\"professional\"><a href=\"https:\/\/lynxnaturebooks.com\/ca\/professional\/laurie-r-godfrey\/\">Laurie R. Godfrey<\/a><\/p><p class=\"professional\"><a href=\"https:\/\/lynxnaturebooks.com\/ca\/professional\/marina-b-blanco\/\">Marina B. Blanco<\/a><\/p><p class=\"professional\"><a href=\"https:\/\/lynxnaturebooks.com\/ca\/professional\/cortni-borgerson\/\">Cortni Borgerson<\/a><\/p><p class=\"professional\"><a href=\"https:\/\/lynxnaturebooks.com\/ca\/professional\/timothy-m-eppley\/\">Timothy M. Eppley<\/a><\/p><p class=\"professional\"><a href=\"https:\/\/lynxnaturebooks.com\/ca\/professional\/tiana-andriamanana\/\">Tiana Andriamanana<\/a><\/p><p class=\"professional\"><a href=\"https:\/\/lynxnaturebooks.com\/ca\/professional\/sylviane-volampeno\/\">Sylviane Volampeno<\/a><\/p><p class=\"professional\"><a href=\"https:\/\/lynxnaturebooks.com\/ca\/professional\/seheno-andriantsaralaza\/\">Seheno Andriantsaralaza<\/a><\/p><p class=\"professional\"><a href=\"https:\/\/lynxnaturebooks.com\/ca\/professional\/patricia-c-wright-serge-rajaobelina\/\">Patricia C. Wright<\/a><\/p><p class=\"professional\"><a href=\"https:\/\/lynxnaturebooks.com\/ca\/professional\/serge-rajaobelina\/\">Serge Rajaobelina<\/a><\/p><\/div><h2>Il\u00b7lustrador<\/h2><div class=\"professionals-wrapper\"><p class=\"professional\"><a href=\"https:\/\/lynxnaturebooks.com\/ca\/professional\/stephen-d-nash\/\">Stephen D. Nash<\/a><\/p><\/div><\/div>        <!-- <h2 id=\"autors\" class=\"has-text-align-center\"><\/h2>\n        <div class=\"product-autors max-width-narrow\">\n                    <\/div> -->\n    \n\n<div class=\"wp-block-group max-width-narrow max-height\"><div class=\"wp-block-group__inner-container is-layout-constrained wp-block-group-is-layout-constrained\">\n<h2 class=\"wp-block-heading has-text-align-center\">Descripci\u00f3<\/h2>\n\n\n\n<p>Madagascar \u00e9s un dels dos pa\u00efsos m\u00e9s rics de la Terra per a primats i es considera una de les quatre regions principals de primats a nivell mundial, comparable en molts aspectes a la regi\u00f3 neotropical, \u00c0frica continental i \u00c0sia tropical, subtropical i temperada. A m\u00e9s, amb cinc fam\u00edlies de primats, 15 g\u00e8neres i 112 t\u00e0xons, tots ells end\u00e8mics, els seus nivells d&#8217;endemisme s\u00f3n inigualables per a cap pa\u00eds; de fet, \u00e9s la llar de cinc de les 16 fam\u00edlies de primats i 15 dels 81 g\u00e8neres. Tanmateix, Madagascar no nom\u00e9s \u00e9s important per als primats; tamb\u00e9 \u00e9s un dels punts calents de biodiversitat de m\u00e0xima prioritat en general. Ja ha perdut de l&#8217;ordre del 90% de la seva vegetaci\u00f3 natural original, i els seus nivells d&#8217;endemisme a nivell familiar per a tots els organismes no tenen comparaci\u00f3 amb cap altre punt calent, el que significa que conserva no nom\u00e9s esp\u00e8cies \u00faniques sin\u00f3 tamb\u00e9 llinatges evolutius profunds. En proporcionar aquesta guia per facilitar la identificaci\u00f3 de les esp\u00e8cies ins\u00edgnia m\u00e9s conegudes de Madagascar, els autors esperen estimular l&#8217;inter\u00e8s per aquest &#8220;continent insular&#8221; i animar a tots els interessats pel nostre m\u00f3n natural a visitar aquest lloc tan especial.<\/p>\n\n\n\n<p>En aquesta guia, l&#8217;equip d&#8217;autors experts explica els or\u00edgens, el descobriment, l&#8217;estudi i la conservaci\u00f3 dels l\u00e8murs de Madagascar i proporciona comptes d&#8217;esp\u00e8cies de tots els t\u00e0xons coneguts actualment. Tamb\u00e9 \u00e9s important assenyalar que seguim descobrint esp\u00e8cies que abans eren desconegudes per la ci\u00e8ncia. Fa vint-i-nou anys, en el moment de la primera edici\u00f3 d&#8217;aquesta guia, nom\u00e9s es reconeixien 50 classes diferents de l\u00e8murs. Aquesta edici\u00f3 cobreix 112, dels quals 53 s&#8217;han descrit des d&#8217;aquella primera guia a causa de la millor comprensi\u00f3 de la seva sistem\u00e0tica i \u00e0mbits geogr\u00e0fics. A m\u00e9s, \u00e9s molt probable que en els propers anys es descobreixin i descriguin altres esp\u00e8cies de l\u00e8murs noves.<\/p>\n\n\n\n<p>La guia est\u00e0 il\u00b7lustrada amb m\u00e9s de 600 dibuixos, fotografies i mapes per ajudar a la identificaci\u00f3 del camp. Tamb\u00e9 s&#8217;introdueix el concepte d&#8217;observaci\u00f3 de primats i la llista de vida dels primats per animar a tots els interessats en els primats a veure tants d&#8217;aquests meravellosos animals com sigui possible a la natura i ajudar-los a conservar-los en els seus h\u00e0bitats naturals. Vost\u00e8, el lector, ja sigui cient\u00edfic, observador de primats, naturalista en aparici\u00f3, viatger d&#8217;aventures o visitant ocasional de Madagascar, est\u00e0 fent una contribuci\u00f3 molt important al futur de la biodiversitat en aquest rac\u00f3 sorprenent del nostre planeta. Aquesta guia pret\u00e9n millorar la teva experi\u00e8ncia i conv\u00e8ncer-te de visitar aquesta &#8220;Terra dels l\u00e8murs&#8221; una i altra vegada.<\/p>\n\n\n\n<p class=\"has-text-align-center button-link button-view-all\"><a href=\"#viewall\">Veure tot<\/a><\/p>\n<\/div><\/div>\n\n<div style=\"height:20px\" aria-hidden=\"true\" class=\"wp-block-spacer\"><\/div>\n\n<div class=\"wp-block-group max-width-narrow max-height\"><div class=\"wp-block-group__inner-container is-layout-constrained wp-block-group-is-layout-constrained\"><div class=\"wp-block-group max-width-narrow\"><\/div>\n\n\n\n<p class=\"has-text-align-center button-link button-view-all\"><a href=\"#viewall\">Veure tot<\/a><\/p>\n<\/div><\/div>\n","protected":false},"excerpt":{"rendered":"<p>La cinquena edici\u00f3 d&#8217;aquesta guia de renom mundial ofereix informaci\u00f3 detallada sobre els or\u00edgens, el descobriment, l&#8217;estudi i la conservaci\u00f3 dels l\u00e8murs de Madagascar i els comptes complets d&#8217;esp\u00e8cies de tots els t\u00e0xons coneguts actualment. La guia est\u00e0 il\u00b7lustrada amb m\u00e9s de 600 dibuixos, fotografies i mapes per ajudar a la identificaci\u00f3 del camp. Tamb\u00e9 introdueix el concepte d&#8217;observaci\u00f3 de primats i llista de vida dels primats per animar els lectors a veure tants primats com sigui possible a la natura i ajudar a conservar-los en els seus h\u00e0bitats naturals.<\/p>\n<p><img loading=\"lazy\" decoding=\"async\" class=\"alignnone size-full wp-image-77412\" src=\"https:\/\/lynxnaturebooks.com\/wp-content\/uploads\/2023\/09\/rewild-logo-color.png\" alt=\"\" width=\"90\" height=\"39\"><\/p>\n<p><strong>Publicat per Re:wild com a part de la s\u00e8rie Re:wild Tropical Field Guide.<\/strong><\/p>\n","protected":false},"featured_media":83829,"comment_status":"open","ping_status":"closed","template":"","meta":[],"collection":[],"product_brand":[],"product_cat":[233,187,180],"product_tag":[],"class_list":{"0":"post-75880","1":"product","2":"type-product","3":"status-publish","4":"has-post-thumbnail","6":"product_cat-afrotropical-ca","7":"product_cat-mamifers","8":"product_cat-monografies","10":"first","11":"instock","12":"shipping-taxable","13":"purchasable","14":"product-type-variable","15":"has-default-attributes"},"_links":{"self":[{"href":"https:\/\/lynxnaturebooks.com\/ca\/wp-json\/wp\/v2\/product\/75880","targetHints":{"allow":["GET"]}}],"collection":[{"href":"https:\/\/lynxnaturebooks.com\/ca\/wp-json\/wp\/v2\/product"}],"about":[{"href":"https:\/\/lynxnaturebooks.com\/ca\/wp-json\/wp\/v2\/types\/product"}],"replies":[{"embeddable":true,"href":"https:\/\/lynxnaturebooks.com\/ca\/wp-json\/wp\/v2\/comments?post=75880"}],"wp:featuredmedia":[{"embeddable":true,"href":"https:\/\/lynxnaturebooks.com\/ca\/wp-json\/wp\/v2\/media\/83829"}],"wp:attachment":[{"href":"https:\/\/lynxnaturebooks.com\/ca\/wp-json\/wp\/v2\/media?parent=75880"}],"wp:term":[{"taxonomy":"collection","embeddable":true,"href":"https:\/\/lynxnaturebooks.com\/ca\/wp-json\/wp\/v2\/collection?post=75880"},{"taxonomy":"product_brand","embeddable":true,"href":"https:\/\/lynxnaturebooks.com\/ca\/wp-json\/wp\/v2\/product_brand?post=75880"},{"taxonomy":"product_cat","embeddable":true,"href":"https:\/\/lynxnaturebooks.com\/ca\/wp-json\/wp\/v2\/product_cat?post=75880"},{"taxonomy":"product_tag","embeddable":true,"href":"https:\/\/lynxnaturebooks.com\/ca\/wp-json\/wp\/v2\/product_tag?post=75880"}],"curies":[{"name":"wp","href":"https:\/\/api.w.org\/{rel}","templated":true}]}}