{"id":71650,"date":"2023-05-14T14:00:54","date_gmt":"2023-05-14T14:00:54","guid":{"rendered":"https:\/\/www.lynxeds.com\/?post_type=product&#038;p=71650"},"modified":"2026-04-22T13:58:55","modified_gmt":"2026-04-22T11:58:55","slug":"all-the-birds-of-the-world-all-the-mammals-of-the-world-set-of-two-volumes","status":"publish","type":"product","link":"https:\/\/lynxnaturebooks.com\/ca\/producte\/all-the-birds-of-the-world-all-the-mammals-of-the-world-set-of-two-volumes\/","title":{"rendered":"<span class=\"title\">All the Birds of the World & All the Mammals of the World<\/span><span class=\"subtitle\">(SET of two books)<\/span>"},"content":{"rendered":"\n<div class=\"wp-block-group frases-slide\"><div class=\"wp-block-group__inner-container is-layout-constrained wp-block-group-is-layout-constrained\">\n<div class=\"wp-block-group quote-group slide\"><div class=\"wp-block-group__inner-container is-layout-constrained wp-block-group-is-layout-constrained\">\n<p class=\"has-text-align-center has-medium-font-size\">\u201cM\u2019ho estic passant d\u2019all\u00f2 m\u00e9s b\u00e9 fullejant <strong><em>All the Birds of the World<\/em><\/strong>.<br>\u00c9s un llibre realment incre\u00efble: m\u00e9s de 20.000 il\u00b7lustracions<br>que detallen cadascuna de les 11.524 esp\u00e8cies d\u2019ocells del m\u00f3n.<br>\u00c9s un aut\u00e8ntic plaer dedicar-li temps, tot i que l\u2019ap\u00e8ndix sobre cada ocell<br>que se sap que s\u2019ha extingit des de l\u2019any 1500 \u00e9s colpidor\u201d.<\/p>\n\n\n\n<p class=\"has-text-align-center\">Penny Sarchet, <strong><em>New Scientist<\/em><\/strong><\/p>\n<\/div><\/div>\n\n\n\n<div class=\"wp-block-group quote-group slide\"><div class=\"wp-block-group__inner-container is-layout-constrained wp-block-group-is-layout-constrained\">\n<p class=\"has-text-align-center has-medium-font-size\">\u201c<strong><em>All the Mammals of the World<\/em><\/strong> marca un altre fita important en la publicaci\u00f3 d\u2019hist\u00f2ria natural. \u00c9s un llibre especial i \u00fanic al m\u00f3n\u201d.<\/p>\n\n\n\n<p class=\"has-text-align-center\"><a href=\"https:\/\/www.researchgate.net\/publication\/374544194_Book_Review_All_the_Mammals_of_the_World_published_by_Lynx_Nature_Books\" target=\"_blank\" rel=\"noopener\">Gehan de Silva Wijeyeratne<\/a><\/p>\n<\/div><\/div>\n\n\n\n<div class=\"wp-block-group quote-group slide\"><div class=\"wp-block-group__inner-container is-layout-constrained wp-block-group-is-layout-constrained\">\n<p class=\"has-text-align-center has-medium-font-size\">\u201c<strong><em>All the Birds of the World<\/em><\/strong> \u00e9s sorprenent. Si t\u2019interessen els ocells, o si necessites un regal per a alg\u00fa a qui li interessin, fes una ullada a aquest volum.<br>Aquest llibre de 967 p\u00e0gines cont\u00e9 una s\u00e8rie d\u2019excel\u00b7lents il\u00b7lustracions en color<br>de les 11.324 esp\u00e8cies d\u2019ocells conegudes del m\u00f3n. Per a cada esp\u00e8cie s\u2019il\u00b7lustren ambd\u00f3s sexes, si difereixen, i inclou moltes races \u2014en total, 20.865 il\u00b7lustracions\u201d.<\/p>\n\n\n\n<p class=\"has-text-align-center\">Dan Tallman, <strong><a href=\"https:\/\/dantallmansbirdblog.blogspot.com\/2020\/12\/review-all-birds-of-world.html\" target=\"_blank\" rel=\"noopener\">Dan Tallman\u2019s Bird Blog<\/a><\/strong><\/p>\n<\/div><\/div>\n\n\n\n<div class=\"wp-block-group quote-group slide\"><div class=\"wp-block-group__inner-container is-layout-constrained wp-block-group-is-layout-constrained\">\n<p class=\"has-text-align-center has-medium-font-size\">\u201c<strong><em>All the Mammals of the World<\/em><\/strong> \u00e9s un llibre visualment impressionant que resulta un aut\u00e8ntic plaer simplement prendre i fullejar, quelcom que el contacte visual amb el lleopard de les neus de la portada ja anuncia abans de passar la primera p\u00e0gina. (\u2026) Sens dubte \u00e9s una inversi\u00f3 per a tota la vida que qualsevol naturalista en pot\u00e8ncia mai deixar\u00e0 d\u2019admirar. Altament recomanable\u201d.<\/p>\n\n\n\n<p class=\"has-text-align-center\"><a href=\"https:\/\/www.birdguides.com\/reviews\/all-the-mammals-of-the-world\" target=\"_blank\" rel=\"noopener\"><strong>BirdGuides<\/strong><\/a><\/p>\n<\/div><\/div>\n<\/div><\/div>\n\n\n\n<div style=\"height:39px\" aria-hidden=\"true\" class=\"wp-block-spacer\"><\/div>\n\n\n<div class=\"wp-block-columns attributes-columns\"><div class=\"wp-block-column\"><svg width=\"28px\" height=\"35px\" viewBox=\"0 0 28 35\" version=\"1.1\" xmlns=\"http:\/\/www.w3.org\/2000\/svg\" xmlns:xlink=\"http:\/\/www.w3.org\/1999\/xlink\">\n                            <g id=\"Page-1\" stroke=\"none\" stroke-width=\"1\" fill=\"none\" fill-rule=\"evenodd\" opacity=\"0.147770473\">\n                                <g id=\"24\" transform=\"translate(-287.000000, -1522.000000)\" fill=\"#000000\" fill-rule=\"nonzero\" stroke=\"#000000\" stroke-width=\"0.799586777\">\n                                    <g id=\"Group-3\" transform=\"translate(233.000000, 1504.000000)\">\n                                        <g id=\"Shape-3\" transform=\"translate(55.000000, 19.000000)\">\n                                            <path d=\"M13,0 C9.82319737,0 7.22466566,2.63962325 7.22466566,5.86666055 C7.22466566,8.71794192 9.25407358,11.1008511 11.9171246,11.6187379 L11.9171246,13.9333188 L6.8637075,13.9333188 C6.8261332,13.9313284 6.78848231,13.9313284 6.75090801,13.9333188 C6.331882,13.9764915 5.97550223,14.2625282 5.83723204,14.6666514 L0.0618978813,31.5333078 C-0.0555594524,31.8709186 -0.00391373208,32.2454751 0.200335189,32.5373134 C0.40458411,32.8291517 0.7358774,33.0017525 1.08837297,32.9999866 L13,32.9999866 L24.9116267,32.9999866 C25.2641223,33.0017526 25.5954157,32.8291519 25.7996647,32.5373136 C26.0039137,32.2454752 26.0555595,31.8709186 25.9381021,31.5333078 L20.162768,14.6666514 C20.0091004,14.2252213 19.5972147,13.9309628 19.1362925,13.9333188 L14.082875,13.9333188 L14.082875,11.6187379 C16.7459261,11.1008511 18.775334,8.71794192 18.775334,5.86666055 C18.775334,2.63962325 16.1768026,0 13,0 L13,0 Z M12.9999998,2.19999771 C15.0063443,2.19999771 16.6095839,3.82859001 16.6095839,5.86666055 C16.6095839,7.52644516 15.5508938,8.91385538 14.071595,9.3729069 C13.99526,8.77759028 13.4631728,8.35436769 12.8759203,8.42186622 C12.3828087,8.48076346 11.9922861,8.87273886 11.9284046,9.3729069 C10.4491059,8.91385538 9.39041606,7.52644516 9.39041606,5.86666055 C9.39041606,3.82859001 10.9936557,2.19999771 12.9999998,2.19999771 L12.9999998,2.19999771 Z M7.6307439,16.1333239 L12.9999998,16.1333239 L18.3692561,16.1333239 L23.3888335,30.7999752 L12.9999998,30.7999752 L2.61116648,30.7999752 L7.6307439,16.1333239 L7.6307439,16.1333239 Z\" id=\"Shape\"><\/path>\n                                        <\/g>\n                                    <\/g>\n                                <\/g>\n                            <\/g>\n                        <\/svg><p class=\"has-small-font-size\">Pes<\/p><p class=\"attribute\">9 kg<\/p><\/div><div class=\"wp-block-column\"><svg width=\"34px\" height=\"35px\" viewBox=\"0 0 34 35\" version=\"1.1\" xmlns=\"http:\/\/www.w3.org\/2000\/svg\" xmlns:xlink=\"http:\/\/www.w3.org\/1999\/xlink\">\n                            <g id=\"Page-1\" stroke=\"none\" stroke-width=\"1\" fill=\"none\" fill-rule=\"evenodd\" opacity=\"0.147770473\">\n                                <g id=\"24\" transform=\"translate(-471.000000, -1523.000000)\" fill=\"#000000\" fill-rule=\"nonzero\">\n                                    <g id=\"Group-3\" transform=\"translate(233.000000, 1504.000000)\">\n                                        <g id=\"Group-10\" transform=\"translate(238.000000, 19.000000)\">\n                                            <polygon id=\"Path\" points=\"0 9.72222222 2 9.72222222 2 33.0555556 0 33.0555556 0 35 6 35 6 33.0555556 4 33.0555556 4 9.72222222 6 9.72222222 6 7.77777778 0 7.77777778\"><\/polygon>\n                                            <polygon id=\"Path\" points=\"32 1.94444444 10 1.94444444 10 0 8 0 8 5.83333333 10 5.83333333 10 3.88888889 32 3.88888889 32 5.83333333 34 5.83333333 34 0 32 0\"><\/polygon>\n                                            <path d=\"M8,7.77777778 L8,30.1388889 L13,35 L33,35 L33,12.6388889 L28,7.77777778 L8,7.77777778 Z M11,10.6944444 L26,10.6944444 L26,28.1944444 L11,28.1944444 L11,10.6944444 Z M30,32.0833333 L14.24,32.0833333 L12.24,30.1388889 L28,30.1388889 L28,11.9 L30,13.8444444 L30,32.0833333 Z\" id=\"Shape\"><\/path>\n                                            <rect id=\"Rectangle\" x=\"13\" y=\"15.5555556\" width=\"11\" height=\"1.94444444\"><\/rect>\n                                            <rect id=\"Rectangle\" x=\"15\" y=\"19.4444444\" width=\"7\" height=\"1.94444444\"><\/rect>\n                                        <\/g>\n                                    <\/g>\n                                <\/g>\n                            <\/g>\n                        <\/svg><p class=\"has-small-font-size\">Dimensions<\/p><p class=\"attribute\">39 &times; 31 &times; 22 cm<\/p><\/div><div class=\"wp-block-column\"><svg width=\"26px\" height=\"30px\" viewBox=\"0 0 26 30\" version=\"1.1\" xmlns=\"http:\/\/www.w3.org\/2000\/svg\" xmlns:xlink=\"http:\/\/www.w3.org\/1999\/xlink\">\n                            <g id=\"Page-1\" stroke=\"none\" stroke-width=\"1\" fill=\"none\" fill-rule=\"evenodd\" opacity=\"0.147770473\">\n                                <g id=\"24\" transform=\"translate(-661.000000, -1528.000000)\" fill=\"#000000\" fill-rule=\"nonzero\">\n                                    <g id=\"Group-3\" transform=\"translate(233.000000, 1504.000000)\">\n                                        <g id=\"Group-12\" transform=\"translate(428.000000, 24.000000)\">\n                                            <path d=\"M0,0 L0,25.8333333 L4.19354839,30 L26,30 L26,4.16666667 L21.8064516,0 M2.01290323,2.5 L20.1290323,2.5 L20.1290323,24.1666667 L2.01290323,24.1666667 L2.01290323,2.5 Z M23.483871,27.5 L5.23354839,27.5 L3.55612903,25.8333333 L21.8064516,25.8333333 L21.8064516,3.53333333 L23.483871,5.2 L23.483871,27.5 Z\" id=\"Shape\"><\/path>\n                                            <rect id=\"Rectangle\" x=\"7.5483871\" y=\"8.33333333\" width=\"10.9032258\" height=\"1.66666667\"><\/rect>\n                                            <rect id=\"Rectangle\" x=\"7.5483871\" y=\"11.6666667\" width=\"10.9032258\" height=\"1.66666667\"><\/rect>\n                                            <rect id=\"Rectangle\" x=\"7.5483871\" y=\"15\" width=\"10.9032258\" height=\"1.66666667\"><\/rect>\n                                            <rect id=\"Rectangle\" x=\"7.5483871\" y=\"18.3333333\" width=\"5.87096774\" height=\"1.66666667\"><\/rect>\n                                        <\/g>\n                                    <\/g>\n                                <\/g>\n                            <\/g>\n                        <\/svg><p class=\"has-small-font-size\">Idioma<\/p><p class=\"attribute\">Angl\u00e8s<\/p><\/div><div class=\"wp-block-column\"><svg width=\"26px\" height=\"30px\" viewBox=\"0 0 26 30\" version=\"1.1\" xmlns=\"http:\/\/www.w3.org\/2000\/svg\" xmlns:xlink=\"http:\/\/www.w3.org\/1999\/xlink\">\n                            <g id=\"Page-1\" stroke=\"none\" stroke-width=\"1\" fill=\"none\" fill-rule=\"evenodd\" opacity=\"0.147770473\">\n                                <g id=\"24\" transform=\"translate(-849.000000, -1528.000000)\" fill=\"#000000\" fill-rule=\"nonzero\">\n                                    <g id=\"Group-3\" transform=\"translate(233.000000, 1504.000000)\">\n                                        <g id=\"Group-11\" transform=\"translate(616.000000, 24.000000)\">\n                                            <path d=\"M0,0 L0,25.8333333 L4.19354839,30 L26,30 L26,4.16666667 L21.8064516,0 L0,0 Z M2.51612903,2.5 L20.1290323,2.5 L20.1290323,24.1666667 L2.51612903,24.1666667 L2.51612903,2.5 Z M23.483871,27.5 L5.23354839,27.5 L3.55612903,25.8333333 L21.8064516,25.8333333 L21.8064516,3.53333333 L23.483871,5.2 L23.483871,27.5 Z\" id=\"Shape\"><\/path>\n                                            <path d=\"M5.03225806,13.3333333 L17.6129032,13.3333333 L17.6129032,5 L5.03225806,5 L5.03225806,13.3333333 Z M6.70967742,6.66666667 L15.9354839,6.66666667 L15.9354839,11.6666667 L6.70967742,11.6666667 L6.70967742,6.66666667 Z\" id=\"Shape\"><\/path>\n                                        <\/g>\n                                    <\/g>\n                                <\/g>\n                            <\/g>\n                        <\/svg><p class=\"has-small-font-size\">Data de publicaci\u00f3<\/p><p class=\"attribute\">maig 2023<\/p><\/div><div class=\"wp-block-column\"><svg width=\"26px\" height=\"30px\" viewBox=\"0 0 26 30\" version=\"1.1\" xmlns=\"http:\/\/www.w3.org\/2000\/svg\" xmlns:xlink=\"http:\/\/www.w3.org\/1999\/xlink\">\n                            <g id=\"Page-1\" stroke=\"none\" stroke-width=\"1\" fill=\"none\" fill-rule=\"evenodd\" opacity=\"0.147770473\">\n                                <g id=\"24\" transform=\"translate(-1222.000000, -1528.000000)\" fill=\"#000000\" fill-rule=\"nonzero\">\n                                    <g id=\"Group-3\" transform=\"translate(233.000000, 1504.000000)\">\n                                        <g id=\"Shape-2\" transform=\"translate(989.000000, 24.000000)\">\n                                            <path d=\"M0,0 L0,25.8333333 L4.19354839,30 L26,30 L26,4.16666667 L21.8064516,0 L0,0 Z M6.70967742,2.5 L10.0645161,2.5 L10.0645161,10.1 L8.38709677,9 L6.70967742,10.1 L6.70967742,2.5 Z M2.51612903,2.5 L5.03225806,2.5 L5.03225806,13.2333333 L8.38709677,11 L11.7419355,13.2333333 L11.7419355,2.5 L20.1290323,2.5 L20.1290323,24.1666667 L2.51612903,24.1666667 L2.51612903,2.5 Z M23.483871,27.5 L5.23354839,27.5 L3.55612903,25.8333333 L21.8064516,25.8333333 L21.8064516,3.53333333 L23.483871,5.2 L23.483871,27.5 Z\" id=\"Shape\"><\/path>\n                                        <\/g>\n                                    <\/g>\n                                <\/g>\n                            <\/g>\n                        <\/svg><p class=\"has-small-font-size\">Publicat per<\/p><p class=\"attribute\">Lynx Edicions<\/p><\/div><\/div><div id=\"professionals\" class=\"max-width padding-sides\"><\/div>        <!-- <h2 id=\"autors\" class=\"has-text-align-center\"><\/h2>\n        <div class=\"product-autors max-width-narrow\">\n                    <\/div> -->\n    \n\n\n\n<div class=\"wp-block-group max-width-narrow max-height\"><div class=\"wp-block-group__inner-container is-layout-constrained wp-block-group-is-layout-constrained\">\n<h2 class=\"wp-block-heading has-text-align-center\">Descripci\u00f3<\/h2>\n\n\n\n<p>Per primera vegada pots explorar tots els ocells i tots els mam\u00edfers del planeta en dos volums \u00fanics, f\u00e0cils d\u2019utilitzar i completament il\u00b7lustrats. Creat per a un p\u00fablic ampli \u2014des d\u2019amants ocasionals de la natura fins a ornit\u00f2legs, mastozo\u00f2legs, investigadors i conservacionistes\u2014 aquest conjunt ofereix la visi\u00f3 m\u00e9s completa i visualment impressionant de la biodiversitat global d\u2019ocells i mam\u00edfers mai publicada.<\/p>\n\n\n\n<p>Junts, <em>All the Birds of the World<\/em> i <em>All the Mammals of the World<\/em> presenten m\u00e9s de 18.000 esp\u00e8cies, amb il\u00b7lustracions, mapes i dades que destaquen la riquesa i fragilitat de la vida a la Terra.<\/p>\n\n\n\n<h3 class=\"wp-block-heading\"><em><a href=\"https:\/\/lynxnaturebooks.com\/es\/producto\/all-the-birds-of-the-world\/\">All the Birds of the World<\/a><\/em><\/h3>\n\n\n\n<ul class=\"wp-block-list\">\n<li>Inclou les 11.524 esp\u00e8cies d\u2019ocells reconegudes per les quatre principals llistes mundials.<\/li>\n\n\n\n<li>20.865 il\u00b7lustracions que mostren dimorfisme sexual, morfos i subesp\u00e8cies clau.<\/li>\n\n\n\n<li>11.558 mapes de distribuci\u00f3, amb notes sobre rangs altitudinals.<\/li>\n\n\n\n<li>Estat de conservaci\u00f3 segons UICN\/BirdLife International indicat.<\/li>\n\n\n\n<li>Codis QR amb enlla\u00e7os a fotos, sons i v\u00eddeos, esp\u00e8cie per esp\u00e8cie.<\/li>\n\n\n\n<li>Ap\u00e8ndix amb totes les esp\u00e8cies extingides des de 1500.<\/li>\n\n\n\n<li>Un atles mundial de 37 p\u00e0gines de mapes en color per a observadors d\u2019ocells i ornit\u00f2legs.<\/li>\n<\/ul>\n\n\n\n<h3 class=\"wp-block-heading\"><em><a href=\"https:\/\/lynxnaturebooks.com\/es\/producto\/all-the-mammals-of-the-world\/\">All the Mammals of the World<\/a><\/em><\/h3>\n\n\n\n<ul class=\"wp-block-list\">\n<li>Inclou 6.581 esp\u00e8cies de mam\u00edfers, de les quals 6.459 esp\u00e8cies silvestres vives, 19 dom\u00e8stiques i 103 extingides.<\/li>\n\n\n\n<li>7.349 il\u00b7lustracions que representen cada esp\u00e8cie, aix\u00ed com dimorfismes, morfos i subesp\u00e8cies distintives.<\/li>\n\n\n\n<li>6.459 mapes de distribuci\u00f3, amb resums i notes altitudinals.<\/li>\n\n\n\n<li>Estat de risc d\u2019extinci\u00f3 segons la <em><a href=\"https:\/\/www.iucnredlist.org\/\" target=\"_blank\" rel=\"noopener\">Llista Roja de la UICN<\/a><\/em> indicat per a cada esp\u00e8cie.<\/li>\n\n\n\n<li>Ap\u00e8ndixs sobre esp\u00e8cies extintes i dom\u00e8stiques, a m\u00e9s dels \u00faltims canvis taxon\u00f2mics (107 esp\u00e8cies recentment descrites i 106 divisions).<\/li>\n<\/ul>\n\n\n\n<h3 class=\"wp-block-heading\"><strong><strong>Per qu\u00e8 aquest set \u00e9s important<\/strong><\/strong><\/h3>\n\n\n\n<p>Reunint els grups de vertebrats m\u00e9s carism\u00e0tics i familiars, aquest pack et permet:<\/p>\n\n\n\n<ul class=\"wp-block-list\">\n<li>Contemplar tota la diversitat global d\u2019ocells i mam\u00edfers en un sol conjunt.<\/li>\n\n\n\n<li>Comparar patrons d\u2019evoluci\u00f3, distribuci\u00f3 i endemisme entre grups.<\/li>\n\n\n\n<li>Utilitzar ambd\u00f3s llibres com a eines essencials per a l\u2019educaci\u00f3, la recerca i la conservaci\u00f3.<\/li>\n\n\n\n<li>Possuir un parell de volums d\u2019hist\u00f2ria natural de refer\u00e8ncia, dissenyats per ser tan inspiradors com autoritzats.<\/li>\n<\/ul>\n\n\n\n<p>Junts, aquests dos llibres representen la porta d\u2019entrada definitiva al m\u00f3n viu: un tresor per a col\u00b7leccionistes i una celebraci\u00f3 de la biodiversitat de la Terra.<\/p>\n\n\n\n<p>Compra nom\u00e9s <em>All the Birds of the World<\/em> <a href=\"https:\/\/lynxnaturebooks.com\/ca\/producte\/all-the-birds-of-the-world\/\">aqu\u00ed<\/a>.<br>Compra nom\u00e9s <em>All the Mammals of the World<\/em> <a href=\"https:\/\/lynxnaturebooks.com\/ca\/producte\/all-the-mammals-of-the-world\/\">aqu\u00ed<\/a>.<\/p>\n\n\n\n<p class=\"has-text-align-center button-link button-view-all\"><a href=\"#viewall\">View all<\/a><\/p>\n\n\n\n<div style=\"height:117px\" aria-hidden=\"true\" class=\"wp-block-spacer\"><\/div>\n<\/div><\/div>\n\n\n\n<div class=\"wp-block-group max-width-narrow max-height\"><div class=\"wp-block-group__inner-container is-layout-constrained wp-block-group-is-layout-constrained\"><div class=\"wp-block-group max-width-narrow\"><\/div>\n\n\n\n<p class=\"has-text-align-center button-link button-view-all\"><a href=\"#viewall\">View all<\/a><\/p>\n<\/div><\/div>\n\n\n\n<div style=\"height:73px\" aria-hidden=\"true\" class=\"wp-block-spacer\"><\/div>\n\n\n\n<div class=\"wp-block-columns is-layout-flex wp-container-core-columns-is-layout-9d6595d7 wp-block-columns-is-layout-flex\">\n<div class=\"wp-block-column is-layout-flow wp-block-column-is-layout-flow\">\n<figure class=\"wp-block-image size-full\"><img loading=\"lazy\" decoding=\"async\" width=\"873\" height=\"635\" src=\"https:\/\/lynxnaturebooks.com\/wp-content\/uploads\/2024\/05\/obert.jpg\" alt=\"\" class=\"wp-image-82954\" srcset=\"https:\/\/lynxnaturebooks.com\/wp-content\/uploads\/2024\/05\/obert.jpg 873w, https:\/\/lynxnaturebooks.com\/wp-content\/uploads\/2024\/05\/obert-300x218.jpg 300w, https:\/\/lynxnaturebooks.com\/wp-content\/uploads\/2024\/05\/obert-768x559.jpg 768w\" sizes=\"auto, (max-width: 873px) 100vw, 873px\" \/><\/figure>\n<\/div>\n\n\n\n<div class=\"wp-block-column is-layout-flow wp-block-column-is-layout-flow\">\n<figure class=\"wp-block-image size-full\"><img loading=\"lazy\" decoding=\"async\" width=\"873\" height=\"636\" src=\"https:\/\/lynxnaturebooks.com\/wp-content\/uploads\/2024\/05\/birds-interior.jpg\" alt=\"\" class=\"wp-image-82950\" srcset=\"https:\/\/lynxnaturebooks.com\/wp-content\/uploads\/2024\/05\/birds-interior.jpg 873w, https:\/\/lynxnaturebooks.com\/wp-content\/uploads\/2024\/05\/birds-interior-300x219.jpg 300w, https:\/\/lynxnaturebooks.com\/wp-content\/uploads\/2024\/05\/birds-interior-768x560.jpg 768w\" sizes=\"auto, (max-width: 873px) 100vw, 873px\" \/><\/figure>\n<\/div>\n<\/div>\n","protected":false},"excerpt":{"rendered":"<p data-start=\"223\" data-end=\"641\">Per primera vegada pots explorar tots els ocells i tots els mam\u00edfers del planeta en dos volums \u00fanics, f\u00e0cils d\u2019utilitzar i completament il\u00b7lustrats. Creat per a un p\u00fablic ampli \u2014des d\u2019amants ocasionals de la natura fins a ornit\u00f2legs, mastozo\u00f2legs, investigadors i conservacionistes\u2014 aquest conjunt ofereix la visi\u00f3 m\u00e9s completa i visualment impressionant de la biodiversitat global d\u2019ocells i mam\u00edfers mai publicada.<\/p>\n<p data-start=\"643\" data-end=\"842\">Junts, <em data-start=\"650\" data-end=\"678\">All the Birds of the World<\/em> i <em data-start=\"681\" data-end=\"711\">All the Mammals of the World<\/em> inclouen m\u00e9s de 18.000 esp\u00e8cies, amb il\u00b7lustracions, mapes i dades que destaquen la riquesa i fragilitat de la vida a la Terra.<\/p>\n","protected":false},"featured_media":83745,"comment_status":"open","ping_status":"closed","template":"","meta":[],"collection":[],"product_brand":[],"product_cat":[187,259,227,221],"product_tag":[315],"class_list":{"0":"post-71650","1":"product","2":"type-product","3":"status-publish","4":"has-post-thumbnail","6":"product_cat-mamifers","7":"product_cat-referencia","8":"product_cat-ocells","9":"product_cat-ofertes","10":"product_tag-mes-venuts","12":"first","13":"instock","14":"sale","15":"shipping-taxable","16":"purchasable","17":"product-type-simple"},"_links":{"self":[{"href":"https:\/\/lynxnaturebooks.com\/ca\/wp-json\/wp\/v2\/product\/71650","targetHints":{"allow":["GET"]}}],"collection":[{"href":"https:\/\/lynxnaturebooks.com\/ca\/wp-json\/wp\/v2\/product"}],"about":[{"href":"https:\/\/lynxnaturebooks.com\/ca\/wp-json\/wp\/v2\/types\/product"}],"replies":[{"embeddable":true,"href":"https:\/\/lynxnaturebooks.com\/ca\/wp-json\/wp\/v2\/comments?post=71650"}],"wp:featuredmedia":[{"embeddable":true,"href":"https:\/\/lynxnaturebooks.com\/ca\/wp-json\/wp\/v2\/media\/83745"}],"wp:attachment":[{"href":"https:\/\/lynxnaturebooks.com\/ca\/wp-json\/wp\/v2\/media?parent=71650"}],"wp:term":[{"taxonomy":"collection","embeddable":true,"href":"https:\/\/lynxnaturebooks.com\/ca\/wp-json\/wp\/v2\/collection?post=71650"},{"taxonomy":"product_brand","embeddable":true,"href":"https:\/\/lynxnaturebooks.com\/ca\/wp-json\/wp\/v2\/product_brand?post=71650"},{"taxonomy":"product_cat","embeddable":true,"href":"https:\/\/lynxnaturebooks.com\/ca\/wp-json\/wp\/v2\/product_cat?post=71650"},{"taxonomy":"product_tag","embeddable":true,"href":"https:\/\/lynxnaturebooks.com\/ca\/wp-json\/wp\/v2\/product_tag?post=71650"}],"curies":[{"name":"wp","href":"https:\/\/api.w.org\/{rel}","templated":true}]}}