{"id":71645,"date":"2023-05-04T15:00:24","date_gmt":"2023-05-04T15:00:24","guid":{"rendered":"https:\/\/www.lynxeds.com\/?post_type=product&#038;p=71645"},"modified":"2026-01-14T07:25:56","modified_gmt":"2026-01-14T06:25:56","slug":"all-the-mammals-of-the-world","status":"publish","type":"product","link":"https:\/\/lynxnaturebooks.com\/ca\/producte\/all-the-mammals-of-the-world\/","title":{"rendered":"All the Mammals of the World"},"content":{"rendered":"\n<div class=\"wp-block-group quote-group\"><div class=\"wp-block-group__inner-container is-layout-constrained wp-block-group-is-layout-constrained\">\n<p class=\"has-text-align-center has-medium-font-size\">&#8220;Aquest \u00e9s un llibre visualment impressionant que \u00e9s una alegria absoluta de recollir-lo i fullejar-lo, cosa que el contacte visual amb el lleopard de les neus a la portada pot ser el cas fins i tot abans de passar la primera p\u00e0gina. (&#8230;) Sens dubte, \u00e9s una inversi\u00f3 per a tota la vida que no deixar\u00e0 d&#8217;impressionar a qualsevol naturalista en aparici\u00f3. Ve molt recomanable.&#8221;<\/p>\n\n\n\n<p class=\"has-text-align-center\"><em><a href=\"https:\/\/www.birdguides.com\/reviews\/all-the-mammals-of-the-world\" target=\"_blank\" rel=\"noopener\">BirdGuides<\/a><\/em> , gener de 2024<\/p>\n<\/div><\/div>\n\n\n\n<div style=\"height:47px\" aria-hidden=\"true\" class=\"wp-block-spacer\"><\/div>\n\n\n<div class=\"wp-block-columns attributes-columns\"><div class=\"wp-block-column\"><svg width=\"28px\" height=\"35px\" viewBox=\"0 0 28 35\" version=\"1.1\" xmlns=\"http:\/\/www.w3.org\/2000\/svg\" xmlns:xlink=\"http:\/\/www.w3.org\/1999\/xlink\">\n                            <g id=\"Page-1\" stroke=\"none\" stroke-width=\"1\" fill=\"none\" fill-rule=\"evenodd\" opacity=\"0.147770473\">\n                                <g id=\"24\" transform=\"translate(-287.000000, -1522.000000)\" fill=\"#000000\" fill-rule=\"nonzero\" stroke=\"#000000\" stroke-width=\"0.799586777\">\n                                    <g id=\"Group-3\" transform=\"translate(233.000000, 1504.000000)\">\n                                        <g id=\"Shape-3\" transform=\"translate(55.000000, 19.000000)\">\n                                            <path d=\"M13,0 C9.82319737,0 7.22466566,2.63962325 7.22466566,5.86666055 C7.22466566,8.71794192 9.25407358,11.1008511 11.9171246,11.6187379 L11.9171246,13.9333188 L6.8637075,13.9333188 C6.8261332,13.9313284 6.78848231,13.9313284 6.75090801,13.9333188 C6.331882,13.9764915 5.97550223,14.2625282 5.83723204,14.6666514 L0.0618978813,31.5333078 C-0.0555594524,31.8709186 -0.00391373208,32.2454751 0.200335189,32.5373134 C0.40458411,32.8291517 0.7358774,33.0017525 1.08837297,32.9999866 L13,32.9999866 L24.9116267,32.9999866 C25.2641223,33.0017526 25.5954157,32.8291519 25.7996647,32.5373136 C26.0039137,32.2454752 26.0555595,31.8709186 25.9381021,31.5333078 L20.162768,14.6666514 C20.0091004,14.2252213 19.5972147,13.9309628 19.1362925,13.9333188 L14.082875,13.9333188 L14.082875,11.6187379 C16.7459261,11.1008511 18.775334,8.71794192 18.775334,5.86666055 C18.775334,2.63962325 16.1768026,0 13,0 L13,0 Z M12.9999998,2.19999771 C15.0063443,2.19999771 16.6095839,3.82859001 16.6095839,5.86666055 C16.6095839,7.52644516 15.5508938,8.91385538 14.071595,9.3729069 C13.99526,8.77759028 13.4631728,8.35436769 12.8759203,8.42186622 C12.3828087,8.48076346 11.9922861,8.87273886 11.9284046,9.3729069 C10.4491059,8.91385538 9.39041606,7.52644516 9.39041606,5.86666055 C9.39041606,3.82859001 10.9936557,2.19999771 12.9999998,2.19999771 L12.9999998,2.19999771 Z M7.6307439,16.1333239 L12.9999998,16.1333239 L18.3692561,16.1333239 L23.3888335,30.7999752 L12.9999998,30.7999752 L2.61116648,30.7999752 L7.6307439,16.1333239 L7.6307439,16.1333239 Z\" id=\"Shape\"><\/path>\n                                        <\/g>\n                                    <\/g>\n                                <\/g>\n                            <\/g>\n                        <\/svg><p class=\"has-small-font-size\">Pes<\/p><p class=\"attribute\">4.3 kg<\/p><\/div><div class=\"wp-block-column\"><svg width=\"34px\" height=\"35px\" viewBox=\"0 0 34 35\" version=\"1.1\" xmlns=\"http:\/\/www.w3.org\/2000\/svg\" xmlns:xlink=\"http:\/\/www.w3.org\/1999\/xlink\">\n                            <g id=\"Page-1\" stroke=\"none\" stroke-width=\"1\" fill=\"none\" fill-rule=\"evenodd\" opacity=\"0.147770473\">\n                                <g id=\"24\" transform=\"translate(-471.000000, -1523.000000)\" fill=\"#000000\" fill-rule=\"nonzero\">\n                                    <g id=\"Group-3\" transform=\"translate(233.000000, 1504.000000)\">\n                                        <g id=\"Group-10\" transform=\"translate(238.000000, 19.000000)\">\n                                            <polygon id=\"Path\" points=\"0 9.72222222 2 9.72222222 2 33.0555556 0 33.0555556 0 35 6 35 6 33.0555556 4 33.0555556 4 9.72222222 6 9.72222222 6 7.77777778 0 7.77777778\"><\/polygon>\n                                            <polygon id=\"Path\" points=\"32 1.94444444 10 1.94444444 10 0 8 0 8 5.83333333 10 5.83333333 10 3.88888889 32 3.88888889 32 5.83333333 34 5.83333333 34 0 32 0\"><\/polygon>\n                                            <path d=\"M8,7.77777778 L8,30.1388889 L13,35 L33,35 L33,12.6388889 L28,7.77777778 L8,7.77777778 Z M11,10.6944444 L26,10.6944444 L26,28.1944444 L11,28.1944444 L11,10.6944444 Z M30,32.0833333 L14.24,32.0833333 L12.24,30.1388889 L28,30.1388889 L28,11.9 L30,13.8444444 L30,32.0833333 Z\" id=\"Shape\"><\/path>\n                                            <rect id=\"Rectangle\" x=\"13\" y=\"15.5555556\" width=\"11\" height=\"1.94444444\"><\/rect>\n                                            <rect id=\"Rectangle\" x=\"15\" y=\"19.4444444\" width=\"7\" height=\"1.94444444\"><\/rect>\n                                        <\/g>\n                                    <\/g>\n                                <\/g>\n                            <\/g>\n                        <\/svg><p class=\"has-small-font-size\">Dimensions<\/p><p class=\"attribute\">24 &times; 31 cm<\/p><\/div><div class=\"wp-block-column\"><svg width=\"26px\" height=\"30px\" viewBox=\"0 0 26 30\" version=\"1.1\" xmlns=\"http:\/\/www.w3.org\/2000\/svg\" xmlns:xlink=\"http:\/\/www.w3.org\/1999\/xlink\">\n                            <g id=\"Page-1\" stroke=\"none\" stroke-width=\"1\" fill=\"none\" fill-rule=\"evenodd\" opacity=\"0.147770473\">\n                                <g id=\"24\" transform=\"translate(-661.000000, -1528.000000)\" fill=\"#000000\" fill-rule=\"nonzero\">\n                                    <g id=\"Group-3\" transform=\"translate(233.000000, 1504.000000)\">\n                                        <g id=\"Group-12\" transform=\"translate(428.000000, 24.000000)\">\n                                            <path d=\"M0,0 L0,25.8333333 L4.19354839,30 L26,30 L26,4.16666667 L21.8064516,0 M2.01290323,2.5 L20.1290323,2.5 L20.1290323,24.1666667 L2.01290323,24.1666667 L2.01290323,2.5 Z M23.483871,27.5 L5.23354839,27.5 L3.55612903,25.8333333 L21.8064516,25.8333333 L21.8064516,3.53333333 L23.483871,5.2 L23.483871,27.5 Z\" id=\"Shape\"><\/path>\n                                            <rect id=\"Rectangle\" x=\"7.5483871\" y=\"8.33333333\" width=\"10.9032258\" height=\"1.66666667\"><\/rect>\n                                            <rect id=\"Rectangle\" x=\"7.5483871\" y=\"11.6666667\" width=\"10.9032258\" height=\"1.66666667\"><\/rect>\n                                            <rect id=\"Rectangle\" x=\"7.5483871\" y=\"15\" width=\"10.9032258\" height=\"1.66666667\"><\/rect>\n                                            <rect id=\"Rectangle\" x=\"7.5483871\" y=\"18.3333333\" width=\"5.87096774\" height=\"1.66666667\"><\/rect>\n                                        <\/g>\n                                    <\/g>\n                                <\/g>\n                            <\/g>\n                        <\/svg><p class=\"has-small-font-size\">Idioma<\/p><p class=\"attribute\">Angl\u00e8s<\/p><\/div><div class=\"wp-block-column\"><svg width=\"26px\" height=\"30px\" viewBox=\"0 0 26 30\" version=\"1.1\" xmlns=\"http:\/\/www.w3.org\/2000\/svg\" xmlns:xlink=\"http:\/\/www.w3.org\/1999\/xlink\">\n                            <g id=\"Page-1\" stroke=\"none\" stroke-width=\"1\" fill=\"none\" fill-rule=\"evenodd\" opacity=\"0.147770473\">\n                                <g id=\"24\" transform=\"translate(-661.000000, -1528.000000)\" fill=\"#000000\" fill-rule=\"nonzero\">\n                                    <g id=\"Group-3\" transform=\"translate(233.000000, 1504.000000)\">\n                                        <g id=\"Group-12\" transform=\"translate(428.000000, 24.000000)\">\n                                            <path d=\"M0,0 L0,25.8333333 L4.19354839,30 L26,30 L26,4.16666667 L21.8064516,0 M2.01290323,2.5 L20.1290323,2.5 L20.1290323,24.1666667 L2.01290323,24.1666667 L2.01290323,2.5 Z M23.483871,27.5 L5.23354839,27.5 L3.55612903,25.8333333 L21.8064516,25.8333333 L21.8064516,3.53333333 L23.483871,5.2 L23.483871,27.5 Z\" id=\"Shape\"><\/path>\n                                            <rect id=\"Rectangle\" x=\"7.5483871\" y=\"8.33333333\" width=\"10.9032258\" height=\"1.66666667\"><\/rect>\n                                            <rect id=\"Rectangle\" x=\"7.5483871\" y=\"11.6666667\" width=\"10.9032258\" height=\"1.66666667\"><\/rect>\n                                            <rect id=\"Rectangle\" x=\"7.5483871\" y=\"15\" width=\"10.9032258\" height=\"1.66666667\"><\/rect>\n                                            <rect id=\"Rectangle\" x=\"7.5483871\" y=\"18.3333333\" width=\"5.87096774\" height=\"1.66666667\"><\/rect>\n                                        <\/g>\n                                    <\/g>\n                                <\/g>\n                            <\/g>\n                        <\/svg><p class=\"has-small-font-size\">P\u00e0gines<\/p><p class=\"attribute\">800<\/p><\/div><div class=\"wp-block-column\"><svg width=\"26px\" height=\"30px\" viewBox=\"0 0 26 30\" version=\"1.1\" xmlns=\"http:\/\/www.w3.org\/2000\/svg\" xmlns:xlink=\"http:\/\/www.w3.org\/1999\/xlink\">\n                            <g id=\"Page-1\" stroke=\"none\" stroke-width=\"1\" fill=\"none\" fill-rule=\"evenodd\" opacity=\"0.147770473\">\n                                <g id=\"24\" transform=\"translate(-849.000000, -1528.000000)\" fill=\"#000000\" fill-rule=\"nonzero\">\n                                    <g id=\"Group-3\" transform=\"translate(233.000000, 1504.000000)\">\n                                        <g id=\"Group-11\" transform=\"translate(616.000000, 24.000000)\">\n                                            <path d=\"M0,0 L0,25.8333333 L4.19354839,30 L26,30 L26,4.16666667 L21.8064516,0 L0,0 Z M2.51612903,2.5 L20.1290323,2.5 L20.1290323,24.1666667 L2.51612903,24.1666667 L2.51612903,2.5 Z M23.483871,27.5 L5.23354839,27.5 L3.55612903,25.8333333 L21.8064516,25.8333333 L21.8064516,3.53333333 L23.483871,5.2 L23.483871,27.5 Z\" id=\"Shape\"><\/path>\n                                            <path d=\"M5.03225806,13.3333333 L17.6129032,13.3333333 L17.6129032,5 L5.03225806,5 L5.03225806,13.3333333 Z M6.70967742,6.66666667 L15.9354839,6.66666667 L15.9354839,11.6666667 L6.70967742,11.6666667 L6.70967742,6.66666667 Z\" id=\"Shape\"><\/path>\n                                        <\/g>\n                                    <\/g>\n                                <\/g>\n                            <\/g>\n                        <\/svg><p class=\"has-small-font-size\">Data de publicaci\u00f3<\/p><p class=\"attribute\">maig 2023<\/p><\/div><div class=\"wp-block-column\"><svg width=\"26px\" height=\"30px\" viewBox=\"0 0 26 30\" version=\"1.1\" xmlns=\"http:\/\/www.w3.org\/2000\/svg\" xmlns:xlink=\"http:\/\/www.w3.org\/1999\/xlink\">\n                            <g id=\"Page-1\" stroke=\"none\" stroke-width=\"1\" fill=\"none\" fill-rule=\"evenodd\" opacity=\"0.147770473\">\n                                <g id=\"24\" transform=\"translate(-1222.000000, -1528.000000)\" fill=\"#000000\" fill-rule=\"nonzero\">\n                                    <g id=\"Group-3\" transform=\"translate(233.000000, 1504.000000)\">\n                                        <g id=\"Shape-2\" transform=\"translate(989.000000, 24.000000)\">\n                                            <path d=\"M0,0 L0,25.8333333 L4.19354839,30 L26,30 L26,4.16666667 L21.8064516,0 L0,0 Z M6.70967742,2.5 L10.0645161,2.5 L10.0645161,10.1 L8.38709677,9 L6.70967742,10.1 L6.70967742,2.5 Z M2.51612903,2.5 L5.03225806,2.5 L5.03225806,13.2333333 L8.38709677,11 L11.7419355,13.2333333 L11.7419355,2.5 L20.1290323,2.5 L20.1290323,24.1666667 L2.51612903,24.1666667 L2.51612903,2.5 Z M23.483871,27.5 L5.23354839,27.5 L3.55612903,25.8333333 L21.8064516,25.8333333 L21.8064516,3.53333333 L23.483871,5.2 L23.483871,27.5 Z\" id=\"Shape\"><\/path>\n                                        <\/g>\n                                    <\/g>\n                                <\/g>\n                            <\/g>\n                        <\/svg><p class=\"has-small-font-size\">Publicat per<\/p><p class=\"attribute\">Lynx Nature Books<\/p><\/div><\/div><div id=\"professionals\" class=\"max-width padding-sides\"><h2>Il\u00b7lustradors<\/h2><div class=\"professionals-wrapper\"><p class=\"professional\"><a href=\"https:\/\/lynxnaturebooks.com\/professional\/toni-llobet\/\">Toni Llobet<\/a><\/p><p class=\"professional\"><a href=\"https:\/\/lynxnaturebooks.com\/professional\/ilian-velikov\/\">Ilian Velikov<\/a><\/p><p class=\"professional\"><a href=\"https:\/\/lynxnaturebooks.com\/ca\/professional\/lluis-sogorb\/\">Llu\u00eds Sogorb<\/a><\/p><p class=\"professional\"><a href=\"https:\/\/lynxnaturebooks.com\/ca\/professional\/faansie-peacock\/\">Faansie Peacock<\/a><\/p><p class=\"professional\"><a href=\"https:\/\/lynxnaturebooks.com\/professional\/francesc-jutglar\/\">Francesc Jutglar<\/a><\/p><p class=\"professional\"><a href=\"https:\/\/lynxnaturebooks.com\/ca\/professional\/alex-mascarell\/\">\u00c0lex Mascarell<\/a><\/p><p class=\"professional\"><a href=\"https:\/\/lynxnaturebooks.com\/ca\/professional\/blanca-marti\/\">Blanca Mart\u00ed<\/a><\/p><p class=\"professional\"><a href=\"https:\/\/lynxnaturebooks.com\/ca\/professional\/jesus-rodriguez-osorio\/\">Jes\u00fas Rodr\u00edguez-Osorio<\/a><\/p><\/div><\/div>        <!-- <h2 id=\"autors\" class=\"has-text-align-center\"><\/h2>\n        <div class=\"product-autors max-width-narrow\">\n                    <\/div> -->\n    \n\n\n\n<div style=\"height:37px\" aria-hidden=\"true\" class=\"wp-block-spacer\"><\/div>\n\n\n\n<div class=\"wp-block-columns same-height max-width-wide is-layout-flex wp-container-core-columns-is-layout-9d6595d7 wp-block-columns-is-layout-flex\">\n<div class=\"wp-block-column is-layout-flow wp-block-column-is-layout-flow\">\n<div class=\"wp-block-columns are-vertically-aligned-center rounded-corners  has-fons-background-color has-background is-layout-flex wp-container-core-columns-is-layout-9d6595d7 wp-block-columns-is-layout-flex\">\n<div class=\"wp-block-column is-vertically-aligned-center is-layout-flow wp-block-column-is-layout-flow\">\n<figure class=\"wp-block-gallery has-nested-images columns-default is-cropped wp-block-gallery-1 is-layout-flex wp-block-gallery-is-layout-flex\">\n<figure class=\"wp-block-image size-full\"><img loading=\"lazy\" decoding=\"async\" width=\"300\" height=\"204\" data-id=\"83702\" src=\"https:\/\/lynxnaturebooks.com\/wp-content\/uploads\/2024\/06\/All-the-Mammals-of-the-World_open-book-300x204-1.webp\" alt=\"\" class=\"wp-image-83702\"\/><\/figure>\n<\/figure>\n<\/div>\n\n\n\n<div class=\"wp-block-column is-vertically-aligned-center is-layout-flow wp-block-column-is-layout-flow\">\n<p class=\"has-medium-font-size\">Explora la riquesa de detalls i caracter\u00edstiques que inclou cada p\u00e0gina!<\/p>\n\n\n\n<p class=\"button-link\"><a href=\"https:\/\/www.lynxeds.com\/info-all-the-mammals-of-the-world\/\" target=\"_blank\" rel=\"noopener\">FES UNA ULLADA<\/a><\/p>\n<\/div>\n<\/div>\n<\/div>\n\n\n\n<div class=\"wp-block-column is-layout-flow wp-block-column-is-layout-flow\">\n<div class=\"wp-block-columns are-vertically-aligned-center rounded-corners has-fons-background-color has-background is-layout-flex wp-container-core-columns-is-layout-9d6595d7 wp-block-columns-is-layout-flex\">\n<div class=\"wp-block-column is-vertically-aligned-center is-layout-flow wp-block-column-is-layout-flow\">\n<figure class=\"wp-block-image size-full\"><img loading=\"lazy\" decoding=\"async\" width=\"2335\" height=\"2550\" src=\"https:\/\/lynxnaturebooks.com\/wp-content\/uploads\/2023\/05\/lynx-All-the-Birds-All-the-Mammals-World-set.webp\" alt=\"\" class=\"wp-image-83744\" srcset=\"https:\/\/lynxnaturebooks.com\/wp-content\/uploads\/2023\/05\/lynx-All-the-Birds-All-the-Mammals-World-set.webp 2335w, https:\/\/lynxnaturebooks.com\/wp-content\/uploads\/2023\/05\/lynx-All-the-Birds-All-the-Mammals-World-set-900x983.webp 900w, https:\/\/lynxnaturebooks.com\/wp-content\/uploads\/2023\/05\/lynx-All-the-Birds-All-the-Mammals-World-set-275x300.webp 275w, https:\/\/lynxnaturebooks.com\/wp-content\/uploads\/2023\/05\/lynx-All-the-Birds-All-the-Mammals-World-set-938x1024.webp 938w, https:\/\/lynxnaturebooks.com\/wp-content\/uploads\/2023\/05\/lynx-All-the-Birds-All-the-Mammals-World-set-768x839.webp 768w, https:\/\/lynxnaturebooks.com\/wp-content\/uploads\/2023\/05\/lynx-All-the-Birds-All-the-Mammals-World-set-1406x1536.webp 1406w, https:\/\/lynxnaturebooks.com\/wp-content\/uploads\/2023\/05\/lynx-All-the-Birds-All-the-Mammals-World-set-1875x2048.webp 1875w\" sizes=\"auto, (max-width: 2335px) 100vw, 2335px\" \/><\/figure>\n<\/div>\n\n\n\n<div class=\"wp-block-column is-vertically-aligned-center is-layout-flow wp-block-column-is-layout-flow\">\n<p class=\"has-medium-font-size\">Estalvia comprant el pack <em>All the Birds of the World<\/em> i <em>All the Mammals of the World<\/em><\/p>\n\n\n\n<p class=\"button-link\"><a href=\"https:\/\/lynxnaturebooks.com\/ca\/producte\/all-the-birds-of-the-world-all-the-mammals-of-the-world-set-of-two-volumes\/\">APROFITA L&#8217;OFERTA<\/a><\/p>\n<\/div>\n<\/div>\n<\/div>\n<\/div>\n\n\n\n<div style=\"height:37px\" aria-hidden=\"true\" class=\"wp-block-spacer\"><\/div>\n\n\n\n<div class=\"wp-block-group max-width-narrow max-height\"><div class=\"wp-block-group__inner-container is-layout-constrained wp-block-group-is-layout-constrained\">\n<h2 class=\"wp-block-heading has-text-align-center\">Descripci\u00f3<\/h2>\n\n\n\n<p>Per primera vegada, podeu contemplar <em>tots els mam\u00edfers del m\u00f3n<\/em> junts en un sol volum f\u00e0cil d&#8217;utilitzar i totalment il\u00b7lustrat. Creat per a un p\u00fablic ampli, des d&#8217;entusiastes de la vida salvatge fins a experts en mam\u00edfers, investigadors, conservacionistes i qualsevol persona interessada en l&#8217;espectacular diversitat dels mam\u00edfers, aquest llibre t\u00e9 alguna cosa per a tothom.<\/p>\n\n\n\n<ul class=\"wp-block-list\">\n<li>Presenta 6.581 esp\u00e8cies en total, incloses 6.459 esp\u00e8cies salvatges existents, 19 esp\u00e8cies dom\u00e8stiques i 103 esp\u00e8cies extingides.<\/li>\n\n\n\n<li>7349 il\u00b7lustracions que cobreixen totes les esp\u00e8cies, aix\u00ed com el dimorfisme sexual, els morfos i algunes subesp\u00e8cies distintives.<\/li>\n\n\n\n<li>Les mesures rellevants de longitud i massa es proporcionen quan estiguin disponibles, aix\u00ed com dades addicionals per als grups quan siguin importants.<\/li>\n\n\n\n<li>6459 mapes de distribuci\u00f3, amb resum escrit i notes sobre rangs altitudinals.<\/li>\n\n\n\n<li>Totes les 2834 esp\u00e8cies end\u00e8miques d&#8217;un pa\u00eds clarament marcades.<\/li>\n\n\n\n<li>Els noms comuns de les esp\u00e8cies es proporcionen en angl\u00e8s, franc\u00e8s, alemany i espanyol, aix\u00ed com noms cient\u00edfics.<\/li>\n\n\n\n<li>La categoria de risc d&#8217;extinci\u00f3 de la Llista Vermella de la UICN es d\u00f3na per a cada esp\u00e8cie per destacar la import\u00e0ncia de l&#8217;estudi i la conservaci\u00f3.<\/li>\n\n\n\n<li>Resum taxon\u00f2mic del nombre de subesp\u00e8cies per a cada t\u00e0xon.<\/li>\n\n\n\n<li>Ap\u00e8ndix que enumera tots els canvis taxon\u00f2mics des de la <a href=\"https:\/\/www.lynxeds.com\/product\/illustrated-checklist-of-the-mammals-of-the-world\/\" target=\"_blank\" rel=\"noopener\"><em>Llista de verificaci\u00f3 il\u00b7lustrada dels mam\u00edfers del m\u00f3n<\/em><\/a> fins a l&#8217;actualitat, incloses 107 esp\u00e8cies descrites recentment i 106 esp\u00e8cies dividides, i s&#8217;explica els casos m\u00e9s importants.<\/li>\n\n\n\n<li>M\u00e9s de 100 esp\u00e8cies que se sap que s&#8217;han extingit des de l&#8217;any 1500 es van presentar per separat amb textos i mapes de distribuci\u00f3 al seu propi ap\u00e8ndix.<\/li>\n\n\n\n<li>Resum de les esp\u00e8cies dom\u00e8stiques reconegudes proporcionat en un ap\u00e8ndix separat.<\/li>\n\n\n\n<li>Un atles mundial de 37 p\u00e0gines de mapes de refer\u00e8ncia en color, amb detalls rellevants d&#8217;inter\u00e8s per als entusiastes i professionals dels mam\u00edfers.<\/li>\n\n\n\n<li>La manera m\u00e9s f\u00e0cil i divertida de navegar per tots els mam\u00edfers del m\u00f3n.<\/li>\n<\/ul>\n\n\n\n<p><em>Tots els mam\u00edfers del m\u00f3n<\/em> t\u00e9 dos antecedents clars, amb els quals comparteix molts dels seus objectius, especialment el de difondre i promoure l&#8217;inter\u00e8s pels mam\u00edfers i la fauna a tot el m\u00f3n: la s\u00e8rie <a href=\"https:\/\/www.lynxeds.com\/product-category\/by-category\/encyclopedias\/hmw\/\" target=\"_blank\" rel=\"noopener\"><em>Handbook of the Mammals of the World<\/em><\/a> en 9 volums, la primera obra impresa. incloure tots els mam\u00edfers del m\u00f3n; i la <a href=\"https:\/\/www.lynxeds.com\/product\/illustrated-checklist-of-the-mammals-of-the-world\/\" target=\"_blank\" rel=\"noopener\"><em>Llista de verificaci\u00f3 il\u00b7lustrada dels mam\u00edfers del m\u00f3n<\/em><\/a> en dos volums, que ofereix una revisi\u00f3 taxon\u00f2mica de la publicaci\u00f3 anterior.  <em>Tots els mam\u00edfers del m\u00f3n<\/em> en un sol volum pret\u00e9n acostar l&#8217;extraordin\u00e0ria riquesa i diversitat dels mam\u00edfers del m\u00f3n a un p\u00fablic m\u00e9s ampli.<\/p>\n\n\n\n<p>Hi ha una s\u00e8rie de difer\u00e8ncies entre <em>Tots els mam\u00edfers del m\u00f3n<\/em> i la llista de verificaci\u00f3 il\u00b7lustrada en dos volums. Una \u00f2bvia \u00e9s que el llibre actual \u00e9s un sol volum, i el seu preu \u00e9s molt inferior al de la Checklist. Esperem que sigui m\u00e9s accessible per a moltes m\u00e9s persones per a les quals la llista de verificaci\u00f3 potser era massa t\u00e8cnica i no tan assequible.<\/p>\n\n\n\n<p>En resum, per primera vegada, el lector pot contemplar totes les esp\u00e8cies de mam\u00edfers del m\u00f3n en un sol volum il\u00b7lustrat, f\u00e0cil d&#8217;utilitzar, i a un preu significativament m\u00e9s baix que fins i tot un volum de les altres obres que cobreixen els mam\u00edfers del m\u00f3n. m\u00f3n. Esperem que aquest nou llibre arribi a un gran nombre de persones, despertant i augmentant el seu inter\u00e8s pels mam\u00edfers i la vida salvatge, i que per a molts d&#8217;ells sigui un primer pas cap a la passi\u00f3 per la natura, la biodiversitat i la preservaci\u00f3 del nostre planeta. .<\/p>\n\n\n\n<p class=\"has-text-align-center button-link button-view-all\">Veure-ho tot<\/p>\n<\/div><\/div>\n\n\n\n<div style=\"height:20px\" aria-hidden=\"true\" class=\"wp-block-spacer\"><\/div>\n\n\n\n<div class=\"wp-block-group max-width-narrow max-height\"><div class=\"wp-block-group__inner-container is-layout-constrained wp-block-group-is-layout-constrained\"><div class=\"wp-block-group max-width-narrow\"><\/div>\n\n\n\n<p class=\"has-text-align-center button-link button-view-all\">Veure-ho tot<\/p>\n<\/div><\/div>\n","protected":false},"excerpt":{"rendered":"<p>Per primera vegada, podeu contemplar tots els mam\u00edfers del m\u00f3n junts en un sol volum f\u00e0cil d&#8217;utilitzar i totalment il\u00b7lustrat. Creat per a un p\u00fablic ampli, des d&#8217;entusiastes de la vida salvatge fins a experts en mam\u00edfers, investigadors, conservacionistes i qualsevol persona interessada en l&#8217;espectacular diversitat dels mam\u00edfers, aquest llibre t\u00e9 alguna cosa per a tothom.<\/p>\n","protected":false},"featured_media":83736,"comment_status":"open","ping_status":"closed","template":"","meta":[],"collection":[],"product_brand":[],"product_cat":[187,259],"product_tag":[315],"class_list":{"0":"post-71645","1":"product","2":"type-product","3":"status-publish","4":"has-post-thumbnail","6":"product_cat-mamifers","7":"product_cat-referencia","8":"product_tag-mes-venuts","10":"first","11":"instock","12":"sale","13":"shipping-taxable","14":"purchasable","15":"product-type-simple"},"_links":{"self":[{"href":"https:\/\/lynxnaturebooks.com\/ca\/wp-json\/wp\/v2\/product\/71645","targetHints":{"allow":["GET"]}}],"collection":[{"href":"https:\/\/lynxnaturebooks.com\/ca\/wp-json\/wp\/v2\/product"}],"about":[{"href":"https:\/\/lynxnaturebooks.com\/ca\/wp-json\/wp\/v2\/types\/product"}],"replies":[{"embeddable":true,"href":"https:\/\/lynxnaturebooks.com\/ca\/wp-json\/wp\/v2\/comments?post=71645"}],"wp:featuredmedia":[{"embeddable":true,"href":"https:\/\/lynxnaturebooks.com\/ca\/wp-json\/wp\/v2\/media\/83736"}],"wp:attachment":[{"href":"https:\/\/lynxnaturebooks.com\/ca\/wp-json\/wp\/v2\/media?parent=71645"}],"wp:term":[{"taxonomy":"collection","embeddable":true,"href":"https:\/\/lynxnaturebooks.com\/ca\/wp-json\/wp\/v2\/collection?post=71645"},{"taxonomy":"product_brand","embeddable":true,"href":"https:\/\/lynxnaturebooks.com\/ca\/wp-json\/wp\/v2\/product_brand?post=71645"},{"taxonomy":"product_cat","embeddable":true,"href":"https:\/\/lynxnaturebooks.com\/ca\/wp-json\/wp\/v2\/product_cat?post=71645"},{"taxonomy":"product_tag","embeddable":true,"href":"https:\/\/lynxnaturebooks.com\/ca\/wp-json\/wp\/v2\/product_tag?post=71645"}],"curies":[{"name":"wp","href":"https:\/\/api.w.org\/{rel}","templated":true}]}}