{"id":69925,"date":"2024-12-20T09:30:51","date_gmt":"2024-12-20T08:30:51","guid":{"rendered":"https:\/\/www.lynxeds.com\/?post_type=product&#038;p=69925"},"modified":"2026-04-07T02:04:56","modified_gmt":"2026-04-07T00:04:56","slug":"aves-de-europa-identificacion","status":"publish","type":"product","link":"https:\/\/lynxnaturebooks.com\/ca\/producte\/aves-de-europa-identificacion\/","title":{"rendered":"<span class=\"title\">Aves de Europa<\/span><span class=\"subtitle\">Identificaci\u00f3n de todas las especies y plumajes<\/span>"},"content":{"rendered":"\n<div class=\"wp-block-group quote-group\"><div class=\"wp-block-group__inner-container is-layout-constrained wp-block-group-is-layout-constrained\">\n<p class=\"has-text-align-center has-medium-font-size\">&#8220;El nivell del present manual de Nils van Duivendijk \u00e9s excel\u00b7lent, tant per la quantitat de material, el disseny que ha elaborat Sam Gobin, la qualitat de les fotos incloses, el nivell de detall que es comenta en els peus de foto, i l&#8217;actualitat de la informaci\u00f3. (&#8230;) \u00c9s una obra imprescindible a la biblioteca de tot ocellaire seri\u00f3s&#8221;.<\/p>\n\n\n\n<p class=\"has-text-align-center\">Jos\u00e9 Luis Copete, <em><a href=\"https:\/\/ardeola.org\/uploads\/articles\/docs\/09-seccio%C2%A6un-bib-web-661_1549354380.pdf\" target=\"_blank\" rel=\"noopener\"><strong>Ardeola 72(1), 2025, 133-139<\/strong><\/a><\/em>, gener de 2025<\/p>\n<\/div><\/div>\n\n\n\n<div style=\"height:41px\" aria-hidden=\"true\" class=\"wp-block-spacer\"><\/div>\n\n\n<div class=\"wp-block-columns attributes-columns\"><div class=\"wp-block-column\"><svg width=\"28px\" height=\"35px\" viewBox=\"0 0 28 35\" version=\"1.1\" xmlns=\"http:\/\/www.w3.org\/2000\/svg\" xmlns:xlink=\"http:\/\/www.w3.org\/1999\/xlink\">\n                            <g id=\"Page-1\" stroke=\"none\" stroke-width=\"1\" fill=\"none\" fill-rule=\"evenodd\" opacity=\"0.147770473\">\n                                <g id=\"24\" transform=\"translate(-287.000000, -1522.000000)\" fill=\"#000000\" fill-rule=\"nonzero\" stroke=\"#000000\" stroke-width=\"0.799586777\">\n                                    <g id=\"Group-3\" transform=\"translate(233.000000, 1504.000000)\">\n                                        <g id=\"Shape-3\" transform=\"translate(55.000000, 19.000000)\">\n                                            <path d=\"M13,0 C9.82319737,0 7.22466566,2.63962325 7.22466566,5.86666055 C7.22466566,8.71794192 9.25407358,11.1008511 11.9171246,11.6187379 L11.9171246,13.9333188 L6.8637075,13.9333188 C6.8261332,13.9313284 6.78848231,13.9313284 6.75090801,13.9333188 C6.331882,13.9764915 5.97550223,14.2625282 5.83723204,14.6666514 L0.0618978813,31.5333078 C-0.0555594524,31.8709186 -0.00391373208,32.2454751 0.200335189,32.5373134 C0.40458411,32.8291517 0.7358774,33.0017525 1.08837297,32.9999866 L13,32.9999866 L24.9116267,32.9999866 C25.2641223,33.0017526 25.5954157,32.8291519 25.7996647,32.5373136 C26.0039137,32.2454752 26.0555595,31.8709186 25.9381021,31.5333078 L20.162768,14.6666514 C20.0091004,14.2252213 19.5972147,13.9309628 19.1362925,13.9333188 L14.082875,13.9333188 L14.082875,11.6187379 C16.7459261,11.1008511 18.775334,8.71794192 18.775334,5.86666055 C18.775334,2.63962325 16.1768026,0 13,0 L13,0 Z M12.9999998,2.19999771 C15.0063443,2.19999771 16.6095839,3.82859001 16.6095839,5.86666055 C16.6095839,7.52644516 15.5508938,8.91385538 14.071595,9.3729069 C13.99526,8.77759028 13.4631728,8.35436769 12.8759203,8.42186622 C12.3828087,8.48076346 11.9922861,8.87273886 11.9284046,9.3729069 C10.4491059,8.91385538 9.39041606,7.52644516 9.39041606,5.86666055 C9.39041606,3.82859001 10.9936557,2.19999771 12.9999998,2.19999771 L12.9999998,2.19999771 Z M7.6307439,16.1333239 L12.9999998,16.1333239 L18.3692561,16.1333239 L23.3888335,30.7999752 L12.9999998,30.7999752 L2.61116648,30.7999752 L7.6307439,16.1333239 L7.6307439,16.1333239 Z\" id=\"Shape\"><\/path>\n                                        <\/g>\n                                    <\/g>\n                                <\/g>\n                            <\/g>\n                        <\/svg><p class=\"has-small-font-size\">Pes<\/p><p class=\"attribute\">3.35 kg<\/p><\/div><div class=\"wp-block-column\"><svg width=\"34px\" height=\"35px\" viewBox=\"0 0 34 35\" version=\"1.1\" xmlns=\"http:\/\/www.w3.org\/2000\/svg\" xmlns:xlink=\"http:\/\/www.w3.org\/1999\/xlink\">\n                            <g id=\"Page-1\" stroke=\"none\" stroke-width=\"1\" fill=\"none\" fill-rule=\"evenodd\" opacity=\"0.147770473\">\n                                <g id=\"24\" transform=\"translate(-471.000000, -1523.000000)\" fill=\"#000000\" fill-rule=\"nonzero\">\n                                    <g id=\"Group-3\" transform=\"translate(233.000000, 1504.000000)\">\n                                        <g id=\"Group-10\" transform=\"translate(238.000000, 19.000000)\">\n                                            <polygon id=\"Path\" points=\"0 9.72222222 2 9.72222222 2 33.0555556 0 33.0555556 0 35 6 35 6 33.0555556 4 33.0555556 4 9.72222222 6 9.72222222 6 7.77777778 0 7.77777778\"><\/polygon>\n                                            <polygon id=\"Path\" points=\"32 1.94444444 10 1.94444444 10 0 8 0 8 5.83333333 10 5.83333333 10 3.88888889 32 3.88888889 32 5.83333333 34 5.83333333 34 0 32 0\"><\/polygon>\n                                            <path d=\"M8,7.77777778 L8,30.1388889 L13,35 L33,35 L33,12.6388889 L28,7.77777778 L8,7.77777778 Z M11,10.6944444 L26,10.6944444 L26,28.1944444 L11,28.1944444 L11,10.6944444 Z M30,32.0833333 L14.24,32.0833333 L12.24,30.1388889 L28,30.1388889 L28,11.9 L30,13.8444444 L30,32.0833333 Z\" id=\"Shape\"><\/path>\n                                            <rect id=\"Rectangle\" x=\"13\" y=\"15.5555556\" width=\"11\" height=\"1.94444444\"><\/rect>\n                                            <rect id=\"Rectangle\" x=\"15\" y=\"19.4444444\" width=\"7\" height=\"1.94444444\"><\/rect>\n                                        <\/g>\n                                    <\/g>\n                                <\/g>\n                            <\/g>\n                        <\/svg><p class=\"has-small-font-size\">Dimensions<\/p><p class=\"attribute\">17 &times; 24 cm<\/p><\/div><div class=\"wp-block-column\"><svg width=\"26px\" height=\"30px\" viewBox=\"0 0 26 30\" version=\"1.1\" xmlns=\"http:\/\/www.w3.org\/2000\/svg\" xmlns:xlink=\"http:\/\/www.w3.org\/1999\/xlink\">\n                            <g id=\"Page-1\" stroke=\"none\" stroke-width=\"1\" fill=\"none\" fill-rule=\"evenodd\" opacity=\"0.147770473\">\n                                <g id=\"24\" transform=\"translate(-661.000000, -1528.000000)\" fill=\"#000000\" fill-rule=\"nonzero\">\n                                    <g id=\"Group-3\" transform=\"translate(233.000000, 1504.000000)\">\n                                        <g id=\"Group-12\" transform=\"translate(428.000000, 24.000000)\">\n                                            <path d=\"M0,0 L0,25.8333333 L4.19354839,30 L26,30 L26,4.16666667 L21.8064516,0 M2.01290323,2.5 L20.1290323,2.5 L20.1290323,24.1666667 L2.01290323,24.1666667 L2.01290323,2.5 Z M23.483871,27.5 L5.23354839,27.5 L3.55612903,25.8333333 L21.8064516,25.8333333 L21.8064516,3.53333333 L23.483871,5.2 L23.483871,27.5 Z\" id=\"Shape\"><\/path>\n                                            <rect id=\"Rectangle\" x=\"7.5483871\" y=\"8.33333333\" width=\"10.9032258\" height=\"1.66666667\"><\/rect>\n                                            <rect id=\"Rectangle\" x=\"7.5483871\" y=\"11.6666667\" width=\"10.9032258\" height=\"1.66666667\"><\/rect>\n                                            <rect id=\"Rectangle\" x=\"7.5483871\" y=\"15\" width=\"10.9032258\" height=\"1.66666667\"><\/rect>\n                                            <rect id=\"Rectangle\" x=\"7.5483871\" y=\"18.3333333\" width=\"5.87096774\" height=\"1.66666667\"><\/rect>\n                                        <\/g>\n                                    <\/g>\n                                <\/g>\n                            <\/g>\n                        <\/svg><p class=\"has-small-font-size\">Idioma<\/p><p class=\"attribute\">Espanyol<\/p><\/div><div class=\"wp-block-column\"><svg width=\"26px\" height=\"30px\" viewBox=\"0 0 26 30\" version=\"1.1\" xmlns=\"http:\/\/www.w3.org\/2000\/svg\" xmlns:xlink=\"http:\/\/www.w3.org\/1999\/xlink\">\n                            <g id=\"Page-1\" stroke=\"none\" stroke-width=\"1\" fill=\"none\" fill-rule=\"evenodd\" opacity=\"0.147770473\">\n                                <g id=\"24\" transform=\"translate(-849.000000, -1528.000000)\" fill=\"#000000\" fill-rule=\"nonzero\">\n                                    <g id=\"Group-3\" transform=\"translate(233.000000, 1504.000000)\">\n                                        <g id=\"Group-11\" transform=\"translate(616.000000, 24.000000)\">\n                                            <path d=\"M0,0 L0,25.8333333 L4.19354839,30 L26,30 L26,4.16666667 L21.8064516,0 L0,0 Z M2.51612903,2.5 L20.1290323,2.5 L20.1290323,24.1666667 L2.51612903,24.1666667 L2.51612903,2.5 Z M23.483871,27.5 L5.23354839,27.5 L3.55612903,25.8333333 L21.8064516,25.8333333 L21.8064516,3.53333333 L23.483871,5.2 L23.483871,27.5 Z\" id=\"Shape\"><\/path>\n                                            <path d=\"M5.03225806,13.3333333 L17.6129032,13.3333333 L17.6129032,5 L5.03225806,5 L5.03225806,13.3333333 Z M6.70967742,6.66666667 L15.9354839,6.66666667 L15.9354839,11.6666667 L6.70967742,11.6666667 L6.70967742,6.66666667 Z\" id=\"Shape\"><\/path>\n                                        <\/g>\n                                    <\/g>\n                                <\/g>\n                            <\/g>\n                        <\/svg><p class=\"has-small-font-size\">Format<\/p><p class=\"attribute\">Tapa dura<\/p><\/div><div class=\"wp-block-column\"><svg width=\"26px\" height=\"30px\" viewBox=\"0 0 26 30\" version=\"1.1\" xmlns=\"http:\/\/www.w3.org\/2000\/svg\" xmlns:xlink=\"http:\/\/www.w3.org\/1999\/xlink\">\n                            <g id=\"Page-1\" stroke=\"none\" stroke-width=\"1\" fill=\"none\" fill-rule=\"evenodd\" opacity=\"0.147770473\">\n                                <g id=\"24\" transform=\"translate(-661.000000, -1528.000000)\" fill=\"#000000\" fill-rule=\"nonzero\">\n                                    <g id=\"Group-3\" transform=\"translate(233.000000, 1504.000000)\">\n                                        <g id=\"Group-12\" transform=\"translate(428.000000, 24.000000)\">\n                                            <path d=\"M0,0 L0,25.8333333 L4.19354839,30 L26,30 L26,4.16666667 L21.8064516,0 M2.01290323,2.5 L20.1290323,2.5 L20.1290323,24.1666667 L2.01290323,24.1666667 L2.01290323,2.5 Z M23.483871,27.5 L5.23354839,27.5 L3.55612903,25.8333333 L21.8064516,25.8333333 L21.8064516,3.53333333 L23.483871,5.2 L23.483871,27.5 Z\" id=\"Shape\"><\/path>\n                                            <rect id=\"Rectangle\" x=\"7.5483871\" y=\"8.33333333\" width=\"10.9032258\" height=\"1.66666667\"><\/rect>\n                                            <rect id=\"Rectangle\" x=\"7.5483871\" y=\"11.6666667\" width=\"10.9032258\" height=\"1.66666667\"><\/rect>\n                                            <rect id=\"Rectangle\" x=\"7.5483871\" y=\"15\" width=\"10.9032258\" height=\"1.66666667\"><\/rect>\n                                            <rect id=\"Rectangle\" x=\"7.5483871\" y=\"18.3333333\" width=\"5.87096774\" height=\"1.66666667\"><\/rect>\n                                        <\/g>\n                                    <\/g>\n                                <\/g>\n                            <\/g>\n                        <\/svg><p class=\"has-small-font-size\">P\u00e0gines<\/p><p class=\"attribute\">1056<\/p><\/div><div class=\"wp-block-column\"><svg width=\"26px\" height=\"30px\" viewBox=\"0 0 26 30\" version=\"1.1\" xmlns=\"http:\/\/www.w3.org\/2000\/svg\" xmlns:xlink=\"http:\/\/www.w3.org\/1999\/xlink\">\n                            <g id=\"Page-1\" stroke=\"none\" stroke-width=\"1\" fill=\"none\" fill-rule=\"evenodd\" opacity=\"0.147770473\">\n                                <g id=\"24\" transform=\"translate(-849.000000, -1528.000000)\" fill=\"#000000\" fill-rule=\"nonzero\">\n                                    <g id=\"Group-3\" transform=\"translate(233.000000, 1504.000000)\">\n                                        <g id=\"Group-11\" transform=\"translate(616.000000, 24.000000)\">\n                                            <path d=\"M0,0 L0,25.8333333 L4.19354839,30 L26,30 L26,4.16666667 L21.8064516,0 L0,0 Z M2.51612903,2.5 L20.1290323,2.5 L20.1290323,24.1666667 L2.51612903,24.1666667 L2.51612903,2.5 Z M23.483871,27.5 L5.23354839,27.5 L3.55612903,25.8333333 L21.8064516,25.8333333 L21.8064516,3.53333333 L23.483871,5.2 L23.483871,27.5 Z\" id=\"Shape\"><\/path>\n                                            <path d=\"M5.03225806,13.3333333 L17.6129032,13.3333333 L17.6129032,5 L5.03225806,5 L5.03225806,13.3333333 Z M6.70967742,6.66666667 L15.9354839,6.66666667 L15.9354839,11.6666667 L6.70967742,11.6666667 L6.70967742,6.66666667 Z\" id=\"Shape\"><\/path>\n                                        <\/g>\n                                    <\/g>\n                                <\/g>\n                            <\/g>\n                        <\/svg><p class=\"has-small-font-size\">Data de publicaci\u00f3<\/p><p class=\"attribute\">December 2024<\/p><\/div><div class=\"wp-block-column\"><svg width=\"26px\" height=\"30px\" viewBox=\"0 0 26 30\" version=\"1.1\" xmlns=\"http:\/\/www.w3.org\/2000\/svg\" xmlns:xlink=\"http:\/\/www.w3.org\/1999\/xlink\">\n                            <g id=\"Page-1\" stroke=\"none\" stroke-width=\"1\" fill=\"none\" fill-rule=\"evenodd\" opacity=\"0.147770473\">\n                                <g id=\"24\" transform=\"translate(-1222.000000, -1528.000000)\" fill=\"#000000\" fill-rule=\"nonzero\">\n                                    <g id=\"Group-3\" transform=\"translate(233.000000, 1504.000000)\">\n                                        <g id=\"Shape-2\" transform=\"translate(989.000000, 24.000000)\">\n                                            <path d=\"M0,0 L0,25.8333333 L4.19354839,30 L26,30 L26,4.16666667 L21.8064516,0 L0,0 Z M6.70967742,2.5 L10.0645161,2.5 L10.0645161,10.1 L8.38709677,9 L6.70967742,10.1 L6.70967742,2.5 Z M2.51612903,2.5 L5.03225806,2.5 L5.03225806,13.2333333 L8.38709677,11 L11.7419355,13.2333333 L11.7419355,2.5 L20.1290323,2.5 L20.1290323,24.1666667 L2.51612903,24.1666667 L2.51612903,2.5 Z M23.483871,27.5 L5.23354839,27.5 L3.55612903,25.8333333 L21.8064516,25.8333333 L21.8064516,3.53333333 L23.483871,5.2 L23.483871,27.5 Z\" id=\"Shape\"><\/path>\n                                        <\/g>\n                                    <\/g>\n                                <\/g>\n                            <\/g>\n                        <\/svg><p class=\"has-small-font-size\">Publicat per<\/p><p class=\"attribute\">Lynx Nature Books<\/p><\/div><\/div><div id=\"professionals\" class=\"max-width padding-sides\"><h2>Autors<\/h2><div class=\"professionals-wrapper\"><p class=\"professional\"><a href=\"https:\/\/lynxnaturebooks.com\/ca\/professional\/nils-van-duivendijk\/\">Nils van Duivendijk<\/a><\/p><p class=\"professional\"><a href=\"https:\/\/lynxnaturebooks.com\/ca\/professional\/marc-guyt-agami\/\">Marc Guyt\/AGAMI<\/a><\/p><\/div><\/div>        <!-- <h2 id=\"autors\" class=\"has-text-align-center\"><\/h2>\n        <div class=\"product-autors max-width-narrow\">\n                    <\/div> -->\n    \n\n\n\n<div class=\"wp-block-group max-width-narrow max-height\"><div class=\"wp-block-group__inner-container is-layout-constrained wp-block-group-is-layout-constrained\">\n<h2 class=\"wp-block-heading has-text-align-center\">Descripci\u00f3<\/h2>\n\n\n\n<p>Hi ha moltes guies d\u2019identificaci\u00f3 d\u2019ocells per a Europa, per\u00f2 aquest handbook \u00e9s \u00fanic en el seu enfocament. Es tracta d\u2019un h\u00edbrid entre una guia de camp i un compendi de coneixements clau per a la identificaci\u00f3. Amb les caracter\u00edstiques d\u2019una guia de camp i tota la informaci\u00f3 sobre muda, edat i sexe, aquest llibre \u00e9s un complement indispensable per a tot observador d\u2019ocells.<\/p>\n\n\n\n<p>En representar exactament el que \u00e9s important per a la identificaci\u00f3, \u00e9s un llibre clar i pr\u00e0ctic. Combina informaci\u00f3 destinada a la identificaci\u00f3 extreta de nombrosos llibres i articles, aix\u00ed com l\u2019\u00e0mplia experi\u00e8ncia de camp dels autors. Inclou totes les variacions fenot\u00edpiques recognoscibles, amb totes les caracter\u00edstiques representades en les millors fotos possibles, clarament indicades i etiquetades amb textos concisos.<\/p>\n\n\n\n<p>Edici\u00f3 en castell\u00e0 del prestigi\u00f3s <em>Handboek Europese vogels \u2013 Alle kenmerken in beeld<\/em>, tradu\u00eft per Daniel Roca, Marcel Gil-Velasco i Bernat Espluga, que estan entusiasmats amb el projecte. Marcel va <a href=\"https:\/\/twitter.com\/marcel_gil\/status\/1672423583023235073\" target=\"_blank\" rel=\"noopener\">tuitejar<\/a>: \u201c<strong><em>De veritat que tant a Dani com a mi, aquesta guia ens ha impactat com feia temps que no ho feia un llibre d\u2019ocells. Recull absolutament tot el que sabem de id i es permeti endinsar-se una mica en all\u00f2 especulatiu. Instant classic!!<\/em><\/strong>\u201c<\/p>\n\n\n\n<p><strong>El que opinen cr\u00edtics i lectors sobre el <em>Handboek Europese vogels \u2013 Alle kenmerken in beeld&nbsp; <\/em>(traducci\u00f3 de l\u2019holand\u00e8s):<\/strong><\/p>\n\n\n\n<ul class=\"wp-block-list\">\n<li><em>\u201cJa se\u2019l coneix com el nou referent en la identificaci\u00f3 d\u2019ocells, i amb ra\u00f3. El \u2018Handboek Europese vogels\u2019 hauria de ser a la biblioteca de tot observador d\u2019ocells i fins i tot en la seva motxilla o en l\u2019alforja de la seva bicicleta\u201d<\/em>&nbsp;\u2013 Gert Ottens en&nbsp;<a href=\"https:\/\/www.vogelbescherming.nl\/actueel\/bericht\/nieuw-handboek-europese-vogels-alle-kenmerken-in-beeld\" target=\"_blank\" rel=\"noopener\">BirdLife Netherlands<\/a><\/li>\n\n\n\n<li><em>\u201cAquest llibre d\u2019identificaci\u00f3 \u00e9s tot el que esperava que fos, i aix\u00f2 \u00e9s bo. T\u00e9 un disseny elegant i funcional. (\u2026) Si no compres aquest llibre \u00e9s que no et prens seriosament el teu inter\u00e8s per la identificaci\u00f3 d\u2019ocells\u201d<\/em>&nbsp;\u2013 Vincent van der Spek en <a href=\"https:\/\/www.dutchbirding.nl\/recensies\/1812\/handboek_europese_vogels\" target=\"_blank\" rel=\"noopener\">Dutch Birding<\/a>&nbsp;<\/li>\n\n\n\n<li><em>\u201c*Nils ha anat un pas m\u00e9s enll\u00e0, produint un incre\u00efble conjunt de dos volums, complet amb punts d\u2019identificaci\u00f3 i, aquesta vegada, fotografies (\u2026) el seu objectiu \u00e9s oferir quanta m\u00e9s informaci\u00f3 millor sobre identificaci\u00f3 visual, parant esment tant a les esp\u00e8cies m\u00e9s comunes com a les rareses\u201d<\/em> \u2013 James Lidster en <a href=\"https:\/\/britishbirds.co.uk\/content\/handboek-europese-vogels-alle-kenmerken-beeld-two-volume-set\" target=\"_blank\" rel=\"noopener\">British Birds<\/a><\/li>\n\n\n\n<li><em>\u201cPersonalment \u00e9s el (els) llibre(s) sobre observaci\u00f3 d\u2019ocells que he estat esperant tota la meva vida\u201d<\/em> \u2013&nbsp;James Lidster en <a href=\"https:\/\/www.birdforum.net\/threads\/handboek-europese-vogels.416781\/page-3\" target=\"_blank\" rel=\"noopener\">Birdforum<\/a><\/li>\n\n\n\n<li><em>\u201cEm vaig quedar meravellat immediatament. Aquest \u00e9s un treball d\u2019identificaci\u00f3 sobre els ocells europeus tan incre\u00efblement detallat i extens que no crec que es pugui millorar; \u00fanic i inigualable\u201d<\/em> \u2013 hahjk en&nbsp;<a href=\"https:\/\/www.bol.com\/nl\/nl\/p\/handboek-europese-vogels-set-deel-1-en-2\/9300000042258333\/?bltgh=q4s-pv3ivKIBjT8BsjpJjw.2_13.14.ProductImage\" target=\"_blank\" rel=\"noopener\">bol.com<\/a> (ressenya online)<\/li>\n\n\n\n<li><em>\u201cPersonalment, crec que aquest llibre \u00e9s el millor que s\u2019ha fet d\u2019aquest tipus\u201d<\/em> \u2013 Chris99991 en <a href=\"https:\/\/www.bol.com\/nl\/nl\/p\/handboek-europese-vogels-set-deel-1-en-2\/9300000042258333\/?bltgh=q4s-pv3ivKIBjT8BsjpJjw.2_13.14.ProductImage\" target=\"_blank\" rel=\"noopener\">bol.com<\/a> (ressenya online)<\/li>\n\n\n\n<li><em>\u201cEncantat de tenir-lo a la fi a les meves mans! \u2026 L\u2019anterior llibre de\u2019n Nils \u00e9s l\u2019\u00fanic llibre d\u2019ocells que porto en el meu cotxe i ara aquest el reempla\u00e7ar\u00e0\u201d <\/em>\u2013 Peter Stronach en <a href=\"https:\/\/twitter.com\/macstronach\/status\/1591130997462294529\" target=\"_blank\" rel=\"noopener\">Twitter<\/a><\/li>\n<\/ul>\n\n\n\n<p class=\"has-text-align-center button-link button-view-all\"><a href=\"#viewall\">Veure tot<\/a><\/p>\n<\/div><\/div>\n\n\n\n<div style=\"height:20px\" aria-hidden=\"true\" class=\"wp-block-spacer\"><\/div>\n\n\n\n<div class=\"wp-block-group max-width-narrow max-height\"><div class=\"wp-block-group__inner-container is-layout-constrained wp-block-group-is-layout-constrained\"><div class=\"wp-block-group max-width-narrow\"><\/div>\n\n\n\n<p class=\"has-text-align-center button-link button-view-all\"><a href=\"#viewall\">Veure tot<\/a><\/p>\n<\/div><\/div>\n","protected":false},"excerpt":{"rendered":"<p>Hi ha moltes guies d\u2019identificaci\u00f3 d\u2019ocells per a Europa, per\u00f2 aquest handbook \u00e9s \u00fanic en el seu enfocament. Es tracta d\u2019un h\u00edbrid entre una guia de camp i un compendi de coneixements clau per a la identificaci\u00f3. Amb les caracter\u00edstiques d\u2019una guia de camp i tota la informaci\u00f3 sobre muda, edat i sexe, aquest llibre \u00e9s un complement indispensable per a tot observador d\u2019ocells.<\/p>\n<p>Edici\u00f3 en castell\u00e0 del prestigi\u00f3s <em>Handboek Europese vogels \u2013 Alle kenmerken in beeld<\/em>, tradu\u00eft per Marcel Gil-Velasco, Daniel Roca i Bernat Espluga.<\/p>\n<p><strong>Obra en dos volums.<\/strong><\/p>\n<p><strong><em>Text en castell\u00e0.<\/em><\/strong><\/p>\n","protected":false},"featured_media":92153,"comment_status":"closed","ping_status":"closed","template":"","meta":[],"collection":[],"product_brand":[],"product_cat":[253,249,227,179],"product_tag":[],"class_list":{"0":"post-69925","1":"product","2":"type-product","3":"status-publish","4":"has-post-thumbnail","6":"product_cat-guies-de-camp","7":"product_cat-novetats","8":"product_cat-ocells","9":"product_cat-paleartica-ca","11":"first","12":"instock","13":"shipping-taxable","14":"purchasable","15":"product-type-simple"},"_links":{"self":[{"href":"https:\/\/lynxnaturebooks.com\/ca\/wp-json\/wp\/v2\/product\/69925","targetHints":{"allow":["GET"]}}],"collection":[{"href":"https:\/\/lynxnaturebooks.com\/ca\/wp-json\/wp\/v2\/product"}],"about":[{"href":"https:\/\/lynxnaturebooks.com\/ca\/wp-json\/wp\/v2\/types\/product"}],"replies":[{"embeddable":true,"href":"https:\/\/lynxnaturebooks.com\/ca\/wp-json\/wp\/v2\/comments?post=69925"}],"wp:featuredmedia":[{"embeddable":true,"href":"https:\/\/lynxnaturebooks.com\/ca\/wp-json\/wp\/v2\/media\/92153"}],"wp:attachment":[{"href":"https:\/\/lynxnaturebooks.com\/ca\/wp-json\/wp\/v2\/media?parent=69925"}],"wp:term":[{"taxonomy":"collection","embeddable":true,"href":"https:\/\/lynxnaturebooks.com\/ca\/wp-json\/wp\/v2\/collection?post=69925"},{"taxonomy":"product_brand","embeddable":true,"href":"https:\/\/lynxnaturebooks.com\/ca\/wp-json\/wp\/v2\/product_brand?post=69925"},{"taxonomy":"product_cat","embeddable":true,"href":"https:\/\/lynxnaturebooks.com\/ca\/wp-json\/wp\/v2\/product_cat?post=69925"},{"taxonomy":"product_tag","embeddable":true,"href":"https:\/\/lynxnaturebooks.com\/ca\/wp-json\/wp\/v2\/product_tag?post=69925"}],"curies":[{"name":"wp","href":"https:\/\/api.w.org\/{rel}","templated":true}]}}