{"id":69642,"date":"2023-11-16T10:00:38","date_gmt":"2023-11-16T10:00:38","guid":{"rendered":"https:\/\/www.lynxeds.com\/?post_type=product&#038;p=69642"},"modified":"2026-04-07T02:04:57","modified_gmt":"2026-04-07T00:04:57","slug":"seabirds-count","status":"publish","type":"product","link":"https:\/\/lynxnaturebooks.com\/ca\/producte\/seabirds-count\/","title":{"rendered":"<span class=\"title\">Seabirds Count<\/span><span class=\"subtitle\">A census of breeding seabirds in Britain and Ireland (2015\u20132021)<\/span>"},"content":{"rendered":"\n<div class=\"wp-block-group frases-slide\"><div class=\"wp-block-group__inner-container is-layout-constrained wp-block-group-is-layout-constrained\">\n<div class=\"wp-block-group quote-group slide\"><div class=\"wp-block-group__inner-container is-layout-constrained wp-block-group-is-layout-constrained\">\n<p class=\"has-text-align-center has-medium-font-size\">\u201cAquest \u00e9s un llibre magn\u00edfic, ple d\u2019informaci\u00f3 interessant sobre ocells marins, i cada esp\u00e8cie est\u00e0 il\u00b7lustrada amb un preci\u00f3s dibuix en color de Richard Vaughan, aix\u00ed com diverses fotografies a color de bona qualitat i mida. (\u2026) En definitiva, un llibre meravell\u00f3s que he gaudit molt i que recomano a tothom que s\u2019interessi per les aus marines i els ecosistemes marins\u201d.<\/p>\n\n\n\n<p class=\"has-text-align-center\">Ruedi Nagar, <a href=\"https:\/\/onlinelibrary.wiley.com\/doi\/10.1111\/ibi.13353\" target=\"_blank\" rel=\"noopener\"><em><strong>Ibis<\/strong><\/em> 166(4)<\/a>, setembre de 2024<\/p>\n<\/div><\/div>\n\n\n\n<div class=\"wp-block-group quote-group slide\"><div class=\"wp-block-group__inner-container is-layout-constrained wp-block-group-is-layout-constrained\">\n<p class=\"has-text-align-center has-medium-font-size\">\u201cCadascuna de les 25 esp\u00e8cies t\u00e9 un cap\u00edtol, que ofereix tant una introducci\u00f3 a l\u2019ocell i la seva ecologia com tamb\u00e9 els m\u00e8todes utilitzats per fer-ne el cens, tot aix\u00f2 il\u00b7lustrat generosament amb excel\u00b7lents fotografies dels ocells i els seus h\u00e0bitats, i acompanyat per un conjunt d\u2019il\u00b7lustracions en color de Robert Vaughan\u201d.<\/p>\n\n\n\n<p class=\"has-text-align-center\">Keith Betton, <a href=\"https:\/\/www.britishwildlife.com\/article\/article-volume-35-number-6-page-466\/?_gl=1*1hf5l40*_up*MQ..*_ga*MTY2MjA1MDE2Ny4xNzE3NjczMzYw*_ga_GZKD5741EY*MTcxNzY3MzM1OC4xLjAuMTcxNzY3MzM1OC4wLjAuMA..*_ga_C1ESRKL7J8*MTcxNzY3MzM1OC4xLjAuMTcxNzY3MzM1OC4wLjAuMA..\" target=\"_blank\" rel=\"noopener\"><em><strong>British Wildlife<\/strong><\/em><\/a>, maig de 2024<\/p>\n<\/div><\/div>\n\n\n\n<div class=\"wp-block-group quote-group slide\"><div class=\"wp-block-group__inner-container is-layout-constrained wp-block-group-is-layout-constrained\">\n<p class=\"has-text-align-center has-medium-font-size\">\u201c\u00c9s un llibre de natura molt ben editat, amb elements de disseny ben resolts que li donen un aspecte net, amb taules i mapes ben dissenyats. (\u2026) Esdevindr\u00e0 una obra de refer\u00e8ncia essencial per a qualsevol treball futur de seguiment d\u2019ocells marins a la regi\u00f3\u201d.<\/p>\n\n\n\n<p class=\"has-text-align-center\">Gehan de Silva Wijeyeratne, <strong><em><a href=\"https:\/\/www.researchgate.net\/publication\/384068784_Book_Review_Seabirds_Count_A_census_of_breeding_seabirds_in_Britain_and_Ireland_2015-2021_published_by_Lynx_Nature_Books\" target=\"_blank\" rel=\"noopener\">ResearchGate<\/a><\/em><\/strong>, setembre de 2024<\/p>\n<\/div><\/div>\n\n\n\n<div class=\"wp-block-group quote-group slide\"><div class=\"wp-block-group__inner-container is-layout-constrained wp-block-group-is-layout-constrained\">\n<p class=\"has-text-align-center has-medium-font-size\">\u201cUna publicaci\u00f3 que promet ser una fita en la recerca per a la conservaci\u00f3 dels ocells marins\u201d.<\/p>\n\n\n\n<p class=\"has-text-align-center\">Walter Belis, <strong><em>Alauda<\/em><\/strong>, gener de 2024<\/p>\n<\/div><\/div>\n<\/div><\/div>\n\n\n\n<div style=\"height:42px\" aria-hidden=\"true\" class=\"wp-block-spacer\"><\/div>\n\n\n<div class=\"wp-block-columns attributes-columns\"><div class=\"wp-block-column\"><svg width=\"28px\" height=\"35px\" viewBox=\"0 0 28 35\" version=\"1.1\" xmlns=\"http:\/\/www.w3.org\/2000\/svg\" xmlns:xlink=\"http:\/\/www.w3.org\/1999\/xlink\">\n                            <g id=\"Page-1\" stroke=\"none\" stroke-width=\"1\" fill=\"none\" fill-rule=\"evenodd\" opacity=\"0.147770473\">\n                                <g id=\"24\" transform=\"translate(-287.000000, -1522.000000)\" fill=\"#000000\" fill-rule=\"nonzero\" stroke=\"#000000\" stroke-width=\"0.799586777\">\n                                    <g id=\"Group-3\" transform=\"translate(233.000000, 1504.000000)\">\n                                        <g id=\"Shape-3\" transform=\"translate(55.000000, 19.000000)\">\n                                            <path d=\"M13,0 C9.82319737,0 7.22466566,2.63962325 7.22466566,5.86666055 C7.22466566,8.71794192 9.25407358,11.1008511 11.9171246,11.6187379 L11.9171246,13.9333188 L6.8637075,13.9333188 C6.8261332,13.9313284 6.78848231,13.9313284 6.75090801,13.9333188 C6.331882,13.9764915 5.97550223,14.2625282 5.83723204,14.6666514 L0.0618978813,31.5333078 C-0.0555594524,31.8709186 -0.00391373208,32.2454751 0.200335189,32.5373134 C0.40458411,32.8291517 0.7358774,33.0017525 1.08837297,32.9999866 L13,32.9999866 L24.9116267,32.9999866 C25.2641223,33.0017526 25.5954157,32.8291519 25.7996647,32.5373136 C26.0039137,32.2454752 26.0555595,31.8709186 25.9381021,31.5333078 L20.162768,14.6666514 C20.0091004,14.2252213 19.5972147,13.9309628 19.1362925,13.9333188 L14.082875,13.9333188 L14.082875,11.6187379 C16.7459261,11.1008511 18.775334,8.71794192 18.775334,5.86666055 C18.775334,2.63962325 16.1768026,0 13,0 L13,0 Z M12.9999998,2.19999771 C15.0063443,2.19999771 16.6095839,3.82859001 16.6095839,5.86666055 C16.6095839,7.52644516 15.5508938,8.91385538 14.071595,9.3729069 C13.99526,8.77759028 13.4631728,8.35436769 12.8759203,8.42186622 C12.3828087,8.48076346 11.9922861,8.87273886 11.9284046,9.3729069 C10.4491059,8.91385538 9.39041606,7.52644516 9.39041606,5.86666055 C9.39041606,3.82859001 10.9936557,2.19999771 12.9999998,2.19999771 L12.9999998,2.19999771 Z M7.6307439,16.1333239 L12.9999998,16.1333239 L18.3692561,16.1333239 L23.3888335,30.7999752 L12.9999998,30.7999752 L2.61116648,30.7999752 L7.6307439,16.1333239 L7.6307439,16.1333239 Z\" id=\"Shape\"><\/path>\n                                        <\/g>\n                                    <\/g>\n                                <\/g>\n                            <\/g>\n                        <\/svg><p class=\"has-small-font-size\">Pes<\/p><p class=\"attribute\">1.6 kg<\/p><\/div><div class=\"wp-block-column\"><svg width=\"34px\" height=\"35px\" viewBox=\"0 0 34 35\" version=\"1.1\" xmlns=\"http:\/\/www.w3.org\/2000\/svg\" xmlns:xlink=\"http:\/\/www.w3.org\/1999\/xlink\">\n                            <g id=\"Page-1\" stroke=\"none\" stroke-width=\"1\" fill=\"none\" fill-rule=\"evenodd\" opacity=\"0.147770473\">\n                                <g id=\"24\" transform=\"translate(-471.000000, -1523.000000)\" fill=\"#000000\" fill-rule=\"nonzero\">\n                                    <g id=\"Group-3\" transform=\"translate(233.000000, 1504.000000)\">\n                                        <g id=\"Group-10\" transform=\"translate(238.000000, 19.000000)\">\n                                            <polygon id=\"Path\" points=\"0 9.72222222 2 9.72222222 2 33.0555556 0 33.0555556 0 35 6 35 6 33.0555556 4 33.0555556 4 9.72222222 6 9.72222222 6 7.77777778 0 7.77777778\"><\/polygon>\n                                            <polygon id=\"Path\" points=\"32 1.94444444 10 1.94444444 10 0 8 0 8 5.83333333 10 5.83333333 10 3.88888889 32 3.88888889 32 5.83333333 34 5.83333333 34 0 32 0\"><\/polygon>\n                                            <path d=\"M8,7.77777778 L8,30.1388889 L13,35 L33,35 L33,12.6388889 L28,7.77777778 L8,7.77777778 Z M11,10.6944444 L26,10.6944444 L26,28.1944444 L11,28.1944444 L11,10.6944444 Z M30,32.0833333 L14.24,32.0833333 L12.24,30.1388889 L28,30.1388889 L28,11.9 L30,13.8444444 L30,32.0833333 Z\" id=\"Shape\"><\/path>\n                                            <rect id=\"Rectangle\" x=\"13\" y=\"15.5555556\" width=\"11\" height=\"1.94444444\"><\/rect>\n                                            <rect id=\"Rectangle\" x=\"15\" y=\"19.4444444\" width=\"7\" height=\"1.94444444\"><\/rect>\n                                        <\/g>\n                                    <\/g>\n                                <\/g>\n                            <\/g>\n                        <\/svg><p class=\"has-small-font-size\">Dimensions<\/p><p class=\"attribute\">16 &times; 24 cm<\/p><\/div><div class=\"wp-block-column\"><svg width=\"26px\" height=\"30px\" viewBox=\"0 0 26 30\" version=\"1.1\" xmlns=\"http:\/\/www.w3.org\/2000\/svg\" xmlns:xlink=\"http:\/\/www.w3.org\/1999\/xlink\">\n                            <g id=\"Page-1\" stroke=\"none\" stroke-width=\"1\" fill=\"none\" fill-rule=\"evenodd\" opacity=\"0.147770473\">\n                                <g id=\"24\" transform=\"translate(-661.000000, -1528.000000)\" fill=\"#000000\" fill-rule=\"nonzero\">\n                                    <g id=\"Group-3\" transform=\"translate(233.000000, 1504.000000)\">\n                                        <g id=\"Group-12\" transform=\"translate(428.000000, 24.000000)\">\n                                            <path d=\"M0,0 L0,25.8333333 L4.19354839,30 L26,30 L26,4.16666667 L21.8064516,0 M2.01290323,2.5 L20.1290323,2.5 L20.1290323,24.1666667 L2.01290323,24.1666667 L2.01290323,2.5 Z M23.483871,27.5 L5.23354839,27.5 L3.55612903,25.8333333 L21.8064516,25.8333333 L21.8064516,3.53333333 L23.483871,5.2 L23.483871,27.5 Z\" id=\"Shape\"><\/path>\n                                            <rect id=\"Rectangle\" x=\"7.5483871\" y=\"8.33333333\" width=\"10.9032258\" height=\"1.66666667\"><\/rect>\n                                            <rect id=\"Rectangle\" x=\"7.5483871\" y=\"11.6666667\" width=\"10.9032258\" height=\"1.66666667\"><\/rect>\n                                            <rect id=\"Rectangle\" x=\"7.5483871\" y=\"15\" width=\"10.9032258\" height=\"1.66666667\"><\/rect>\n                                            <rect id=\"Rectangle\" x=\"7.5483871\" y=\"18.3333333\" width=\"5.87096774\" height=\"1.66666667\"><\/rect>\n                                        <\/g>\n                                    <\/g>\n                                <\/g>\n                            <\/g>\n                        <\/svg><p class=\"has-small-font-size\">Idioma<\/p><p class=\"attribute\">Angl\u00e8s<\/p><\/div><div class=\"wp-block-column\"><svg width=\"26px\" height=\"30px\" viewBox=\"0 0 26 30\" version=\"1.1\" xmlns=\"http:\/\/www.w3.org\/2000\/svg\" xmlns:xlink=\"http:\/\/www.w3.org\/1999\/xlink\">\n                            <g id=\"Page-1\" stroke=\"none\" stroke-width=\"1\" fill=\"none\" fill-rule=\"evenodd\" opacity=\"0.147770473\">\n                                <g id=\"24\" transform=\"translate(-849.000000, -1528.000000)\" fill=\"#000000\" fill-rule=\"nonzero\">\n                                    <g id=\"Group-3\" transform=\"translate(233.000000, 1504.000000)\">\n                                        <g id=\"Group-11\" transform=\"translate(616.000000, 24.000000)\">\n                                            <path d=\"M0,0 L0,25.8333333 L4.19354839,30 L26,30 L26,4.16666667 L21.8064516,0 L0,0 Z M2.51612903,2.5 L20.1290323,2.5 L20.1290323,24.1666667 L2.51612903,24.1666667 L2.51612903,2.5 Z M23.483871,27.5 L5.23354839,27.5 L3.55612903,25.8333333 L21.8064516,25.8333333 L21.8064516,3.53333333 L23.483871,5.2 L23.483871,27.5 Z\" id=\"Shape\"><\/path>\n                                            <path d=\"M5.03225806,13.3333333 L17.6129032,13.3333333 L17.6129032,5 L5.03225806,5 L5.03225806,13.3333333 Z M6.70967742,6.66666667 L15.9354839,6.66666667 L15.9354839,11.6666667 L6.70967742,11.6666667 L6.70967742,6.66666667 Z\" id=\"Shape\"><\/path>\n                                        <\/g>\n                                    <\/g>\n                                <\/g>\n                            <\/g>\n                        <\/svg><p class=\"has-small-font-size\">Format<\/p><p class=\"attribute\">Tapa dura<\/p><\/div><div class=\"wp-block-column\"><svg width=\"26px\" height=\"30px\" viewBox=\"0 0 26 30\" version=\"1.1\" xmlns=\"http:\/\/www.w3.org\/2000\/svg\" xmlns:xlink=\"http:\/\/www.w3.org\/1999\/xlink\">\n                            <g id=\"Page-1\" stroke=\"none\" stroke-width=\"1\" fill=\"none\" fill-rule=\"evenodd\" opacity=\"0.147770473\">\n                                <g id=\"24\" transform=\"translate(-661.000000, -1528.000000)\" fill=\"#000000\" fill-rule=\"nonzero\">\n                                    <g id=\"Group-3\" transform=\"translate(233.000000, 1504.000000)\">\n                                        <g id=\"Group-12\" transform=\"translate(428.000000, 24.000000)\">\n                                            <path d=\"M0,0 L0,25.8333333 L4.19354839,30 L26,30 L26,4.16666667 L21.8064516,0 M2.01290323,2.5 L20.1290323,2.5 L20.1290323,24.1666667 L2.01290323,24.1666667 L2.01290323,2.5 Z M23.483871,27.5 L5.23354839,27.5 L3.55612903,25.8333333 L21.8064516,25.8333333 L21.8064516,3.53333333 L23.483871,5.2 L23.483871,27.5 Z\" id=\"Shape\"><\/path>\n                                            <rect id=\"Rectangle\" x=\"7.5483871\" y=\"8.33333333\" width=\"10.9032258\" height=\"1.66666667\"><\/rect>\n                                            <rect id=\"Rectangle\" x=\"7.5483871\" y=\"11.6666667\" width=\"10.9032258\" height=\"1.66666667\"><\/rect>\n                                            <rect id=\"Rectangle\" x=\"7.5483871\" y=\"15\" width=\"10.9032258\" height=\"1.66666667\"><\/rect>\n                                            <rect id=\"Rectangle\" x=\"7.5483871\" y=\"18.3333333\" width=\"5.87096774\" height=\"1.66666667\"><\/rect>\n                                        <\/g>\n                                    <\/g>\n                                <\/g>\n                            <\/g>\n                        <\/svg><p class=\"has-small-font-size\">P\u00e0gines<\/p><p class=\"attribute\">528<\/p><\/div><div class=\"wp-block-column\"><svg width=\"26px\" height=\"30px\" viewBox=\"0 0 26 30\" version=\"1.1\" xmlns=\"http:\/\/www.w3.org\/2000\/svg\" xmlns:xlink=\"http:\/\/www.w3.org\/1999\/xlink\">\n                            <g id=\"Page-1\" stroke=\"none\" stroke-width=\"1\" fill=\"none\" fill-rule=\"evenodd\" opacity=\"0.147770473\">\n                                <g id=\"24\" transform=\"translate(-849.000000, -1528.000000)\" fill=\"#000000\" fill-rule=\"nonzero\">\n                                    <g id=\"Group-3\" transform=\"translate(233.000000, 1504.000000)\">\n                                        <g id=\"Group-11\" transform=\"translate(616.000000, 24.000000)\">\n                                            <path d=\"M0,0 L0,25.8333333 L4.19354839,30 L26,30 L26,4.16666667 L21.8064516,0 L0,0 Z M2.51612903,2.5 L20.1290323,2.5 L20.1290323,24.1666667 L2.51612903,24.1666667 L2.51612903,2.5 Z M23.483871,27.5 L5.23354839,27.5 L3.55612903,25.8333333 L21.8064516,25.8333333 L21.8064516,3.53333333 L23.483871,5.2 L23.483871,27.5 Z\" id=\"Shape\"><\/path>\n                                            <path d=\"M5.03225806,13.3333333 L17.6129032,13.3333333 L17.6129032,5 L5.03225806,5 L5.03225806,13.3333333 Z M6.70967742,6.66666667 L15.9354839,6.66666667 L15.9354839,11.6666667 L6.70967742,11.6666667 L6.70967742,6.66666667 Z\" id=\"Shape\"><\/path>\n                                        <\/g>\n                                    <\/g>\n                                <\/g>\n                            <\/g>\n                        <\/svg><p class=\"has-small-font-size\">Data de publicaci\u00f3<\/p><p class=\"attribute\">November 2023<\/p><\/div><div class=\"wp-block-column\"><svg width=\"26px\" height=\"30px\" viewBox=\"0 0 26 30\" version=\"1.1\" xmlns=\"http:\/\/www.w3.org\/2000\/svg\" xmlns:xlink=\"http:\/\/www.w3.org\/1999\/xlink\">\n                            <g id=\"Page-1\" stroke=\"none\" stroke-width=\"1\" fill=\"none\" fill-rule=\"evenodd\" opacity=\"0.147770473\">\n                                <g id=\"24\" transform=\"translate(-1222.000000, -1528.000000)\" fill=\"#000000\" fill-rule=\"nonzero\">\n                                    <g id=\"Group-3\" transform=\"translate(233.000000, 1504.000000)\">\n                                        <g id=\"Shape-2\" transform=\"translate(989.000000, 24.000000)\">\n                                            <path d=\"M0,0 L0,25.8333333 L4.19354839,30 L26,30 L26,4.16666667 L21.8064516,0 L0,0 Z M6.70967742,2.5 L10.0645161,2.5 L10.0645161,10.1 L8.38709677,9 L6.70967742,10.1 L6.70967742,2.5 Z M2.51612903,2.5 L5.03225806,2.5 L5.03225806,13.2333333 L8.38709677,11 L11.7419355,13.2333333 L11.7419355,2.5 L20.1290323,2.5 L20.1290323,24.1666667 L2.51612903,24.1666667 L2.51612903,2.5 Z M23.483871,27.5 L5.23354839,27.5 L3.55612903,25.8333333 L21.8064516,25.8333333 L21.8064516,3.53333333 L23.483871,5.2 L23.483871,27.5 Z\" id=\"Shape\"><\/path>\n                                        <\/g>\n                                    <\/g>\n                                <\/g>\n                            <\/g>\n                        <\/svg><p class=\"has-small-font-size\">Publicat per<\/p><p class=\"attribute\">Lynx Nature Books<\/p><\/div><\/div><div id=\"professionals\" class=\"max-width padding-sides\"><h2>Autors<\/h2><div class=\"professionals-wrapper\"><p class=\"professional\"><a href=\"https:\/\/lynxnaturebooks.com\/ca\/professional\/daisy-burnell\/\">Daisy Burnell<\/a><\/p><p class=\"professional\"><a href=\"https:\/\/lynxnaturebooks.com\/ca\/professional\/allan-j-perkins\/\">Allan J. Perkins<\/a><\/p><p class=\"professional\"><a href=\"https:\/\/lynxnaturebooks.com\/ca\/professional\/stephen-f-newton\/\">Stephen F. Newton<\/a><\/p><p class=\"professional\"><a href=\"https:\/\/lynxnaturebooks.com\/ca\/professional\/mark-bolton\/\">Mark Bolton<\/a><\/p><p class=\"professional\"><a href=\"https:\/\/lynxnaturebooks.com\/ca\/professional\/t-david-tierney\/\">T. David Tierney<\/a><\/p><p class=\"professional\"><a href=\"https:\/\/lynxnaturebooks.com\/ca\/professional\/timothy-e-dunn\/\">Timothy E. Dunn<\/a><\/p><\/div><\/div>        <!-- <h2 id=\"autors\" class=\"has-text-align-center\"><\/h2>\n        <div class=\"product-autors max-width-narrow\">\n                    <\/div> -->\n    \n\n\n\n<div class=\"wp-block-group max-width-narrow max-height\"><div class=\"wp-block-group__inner-container is-layout-constrained wp-block-group-is-layout-constrained\">\n<h2 class=\"wp-block-heading has-text-align-center\">Descripci\u00f3<\/h2>\n\n\n\n<p><a href=\"https:\/\/jncc.gov.uk\/our-work\/seabirds-count\/\" target=\"_blank\" rel=\"noopener\"><em>Seabirds Count<\/em><\/a> \u00e9s el quart cens de les poblacions d&#8217;aus marines reproductores d&#8217;import\u00e0ncia internacional a Gran Bretanya i Irlanda. Entre el 2015 i el 2021 es van recollir dades de m\u00e9s de 10.000 llocs i m\u00e9s de 5.500 quadrats urbans d&#8217;1 km a Gran Bretanya i Irlanda, la qual cosa va donar com a resultat m\u00e9s de 40.000 registres enviats a la base de dades en l\u00ednia del Seabird Monitoring Program (SMP) i als formularis de dades de gavines urbanes en l\u00ednia. Durant els \u00faltims dos anys, el Consell Editorial de Seabirds Count juntament amb 30 autors i coautors d&#8217;esp\u00e8cies i 26 revisors han treballat incansablement per donar vida als resultats d&#8217;aquest impressionant esfor\u00e7.<\/p>\n\n\n\n<p>Cadascuna de les esp\u00e8cies que es reprodueixen regularment tenen ara estimacions actualitzades de la poblaci\u00f3 reproductiva. Els cap\u00edtols sobre esp\u00e8cies presenten estimacions i tend\u00e8ncies poblacionals a diferents escales geogr\u00e0fiques juntament amb mapes de distribuci\u00f3. La interpretaci\u00f3 dels autors de les esp\u00e8cies complementa els resultats, basant-se en investigacions recents per reunir els possibles impulsors del canvi poblacional i distributiu. Tamb\u00e9 s&#8217;inclou un cap\u00edtol separat que destaca les rares esp\u00e8cies d&#8217;ocells marins reproductors que s&#8217;han trobat a Gran Bretanya i Irlanda als censos.<\/p>\n\n\n\n<p>Aquest llibre \u00e9s el producte de milers d&#8217;hores d&#8217;enquesta invertides als nostres penya-segats, erms i a pobles i ciutats i d&#8217;uns quants quil\u00f2metres caminats per fins a 1.000 aparelladors professionals i voluntaris. No hauria estat possible sense la seva passi\u00f3 i determinaci\u00f3 per recollir les dades necess\u00e0ries per produir aquests resultats. De la mateixa manera, aquest projecte ni tan sols hauria existit sense els esfor\u00e7os del grup de direcci\u00f3 del cens original, un grup format per m\u00e9s de 20 organitzacions (que s&#8217;enumeren a continuaci\u00f3). De la mateixa manera, sense les generoses contribucions de cinc empreses de renovables marines, els governs del Regne Unit, Gal\u00b7les, Escoc\u00e8s i irland\u00e8s alguns dels llocs i esp\u00e8cies m\u00e9s importants no haurien estat enquestats.<\/p>\n\n\n\n<p>Aquest llibre reuneix els resultats de tots aquests esfor\u00e7os proporcionant una base de refer\u00e8ncia actualitzada essencial per avaluar els impactes futurs que s&#8217;enfronten les aus marines a Gran Bretanya i Irlanda i per jutjar l&#8217;\u00e8xit de les accions de conservaci\u00f3 adoptades per abordar-los. Aquestes dades vitals ens ajudaran a entendre les relacions entre les aus marines i les pressions a les quals s&#8217;enfronten.<\/p>\n\n\n\n<p>GRUP DE DIRECCI\u00d3 DEL COMPTE D&#8217;OCELLS MARINS: BirdWatch Ireland, The British Trust for Ornithology, Departament d&#8217;Agricultura, Medi Ambient i Afers Rurals (Irlanda del Nord), Departament de Medi Ambient, Alimentaci\u00f3 i Agricultura (Illa de Man), Servei de Parcs Nacionals i Vida Silvestre, Departament d&#8217;Habitatge, Govern local i patrimoni (Rep\u00fablica d&#8217;Irlanda), JNCC, Manx Birdlife, Manx National Heritage, The National Trust, National Trust for Scotland, Natural England, Natural Resources Wales, Scottish Natural Heritage (ara NatureScot), RSPB, Scottish Wildlife Trust, The Seabird Group, Shetland Oil Terminal Environmental Advisory Group, Govern dels Estats de Guernsey, UK Centre for Ecology and Hydrology, Fair Isle Bird Observatory Trust, Highland Ringing Group, Wildlife Trust of South and West Wales i la Universitat de Gloucestershire.<\/p>\n\n\n\n<p class=\"has-text-align-center button-link button-view-all\"><a href=\"#viewall\">Veure tot<\/a><\/p>\n<\/div><\/div>\n\n\n\n<div style=\"height:20px\" aria-hidden=\"true\" class=\"wp-block-spacer\"><\/div>\n\n\n\n<div class=\"wp-block-group max-width-narrow max-height\"><div class=\"wp-block-group__inner-container is-layout-constrained wp-block-group-is-layout-constrained\"><div class=\"wp-block-group max-width-narrow\"><\/div>\n\n\n\n<p class=\"has-text-align-center button-link button-view-all\"><a href=\"#viewall\">Veure tot<\/a><\/p>\n<\/div><\/div>\n","protected":false},"excerpt":{"rendered":"<p><a href=\"https:\/\/jncc.gov.uk\/our-work\/seabirds-count\/\">Seabirds Count<\/a> \u00e9s el quart cens de les poblacions d&#8217;aus marines reproductores d&#8217;import\u00e0ncia internacional a Gran Bretanya i Irlanda. Es van estudiar m\u00e9s de 10.000 llocs i 25 esp\u00e8cies entre el 2015 i el 2021, proporcionant una actualitzaci\u00f3 completa de l&#8217;estat d&#8217;aquestes poblacions. Aquestes dades vitals ens ajudaran a entendre les relacions entre les aus marines i les pressions a les quals s&#8217;enfronten. Il\u00b7lustracions proporcionades per Robert Vaughan.<\/p>\n","protected":false},"featured_media":83754,"comment_status":"open","ping_status":"closed","template":"","meta":[],"collection":[],"product_brand":[],"product_cat":[607,227,179],"product_tag":[],"class_list":{"0":"post-69642","1":"product","2":"type-product","3":"status-publish","4":"has-post-thumbnail","6":"product_cat-conservacio-i-biodiversitat-per-categoria","7":"product_cat-ocells","8":"product_cat-paleartica-ca","10":"first","11":"instock","12":"shipping-taxable","13":"purchasable","14":"product-type-simple"},"_links":{"self":[{"href":"https:\/\/lynxnaturebooks.com\/ca\/wp-json\/wp\/v2\/product\/69642","targetHints":{"allow":["GET"]}}],"collection":[{"href":"https:\/\/lynxnaturebooks.com\/ca\/wp-json\/wp\/v2\/product"}],"about":[{"href":"https:\/\/lynxnaturebooks.com\/ca\/wp-json\/wp\/v2\/types\/product"}],"replies":[{"embeddable":true,"href":"https:\/\/lynxnaturebooks.com\/ca\/wp-json\/wp\/v2\/comments?post=69642"}],"wp:featuredmedia":[{"embeddable":true,"href":"https:\/\/lynxnaturebooks.com\/ca\/wp-json\/wp\/v2\/media\/83754"}],"wp:attachment":[{"href":"https:\/\/lynxnaturebooks.com\/ca\/wp-json\/wp\/v2\/media?parent=69642"}],"wp:term":[{"taxonomy":"collection","embeddable":true,"href":"https:\/\/lynxnaturebooks.com\/ca\/wp-json\/wp\/v2\/collection?post=69642"},{"taxonomy":"product_brand","embeddable":true,"href":"https:\/\/lynxnaturebooks.com\/ca\/wp-json\/wp\/v2\/product_brand?post=69642"},{"taxonomy":"product_cat","embeddable":true,"href":"https:\/\/lynxnaturebooks.com\/ca\/wp-json\/wp\/v2\/product_cat?post=69642"},{"taxonomy":"product_tag","embeddable":true,"href":"https:\/\/lynxnaturebooks.com\/ca\/wp-json\/wp\/v2\/product_tag?post=69642"}],"curies":[{"name":"wp","href":"https:\/\/api.w.org\/{rel}","templated":true}]}}