{"id":64847,"date":"2006-02-01T10:00:00","date_gmt":"2006-02-01T09:00:00","guid":{"rendered":"https:\/\/www.lynxeds.com\/product\/reconoce-facilmente-las-plantas-silvestres\/"},"modified":"2024-07-16T15:55:44","modified_gmt":"2024-07-16T13:55:44","slug":"reconoce-facilmente-las-plantas-silvestres","status":"publish","type":"product","link":"https:\/\/lynxnaturebooks.com\/ca\/producte\/reconoce-facilmente-las-plantas-silvestres\/","title":{"rendered":"Reconoce f\u00e1cilmente las plantas silvestres"},"content":{"rendered":"<p>Aquesta guia original ofereix consells per identificar les plantes no nom\u00e9s per caracter\u00edstiques visibles com la forma i el color de les flors i les fulles, sin\u00f3 tamb\u00e9 per altres caracter\u00edstiques sensorials com la sensaci\u00f3, l&#8217;olfacte i el gust de la planta. El seu sistema d&#8217;identificaci\u00f3 il\u00b7lustrat, lliure de terminologia t\u00e8cnica, dota al lector dels coneixements necessaris per a una investigaci\u00f3 posterior mitjan\u00e7ant treballs m\u00e9s complets.<\/p>\n<ul>\n<li>Combina diversos m\u00e8todes d&#8217;identificaci\u00f3 de plantes: claus de plantes silvestres, dibuixos que mostren el color i l&#8217;estructura de les plantes i descripcions il\u00b7lustrades.<\/li>\n<li>Els quadres de text ofereixen descripcions clares i animades de les il\u00b7lustracions i subratllen els fets m\u00e9s interessants.<\/li>\n<li>Cont\u00e9 informaci\u00f3 addicional sobre els usos pr\u00e0ctics de cada planta.<\/li>\n<li>Amb aquest llibre, tant els especialistes experimentats com els aficionats curiosos podran identificar f\u00e0cilment m\u00e9s de 300 esp\u00e8cies vegetals comunes a Europa occidental.<\/li>\n<\/ul>\n<p><u><strong>Sobre els autors:  <\/strong><\/u><\/p>\n<p><strong>Fran\u00e7ois Couplan<\/strong> (etnobot\u00e0nic, doctorat en ci\u00e8ncies, Museu Nacional d&#8217;Hist\u00f2ria Natural, Par\u00eds) d\u00f3na confer\u00e8ncies des de 1975 sobre la identificaci\u00f3 i els usos de les plantes silvestres, destacant el contacte directe amb la vegetaci\u00f3 a trav\u00e9s de la vista, el tacte, l&#8217;olfacte i el gust. \u00c9s autor de m\u00e9s de 30 t\u00edtols relacionats amb el m\u00f3n de les plantes.<\/p>\n<p><strong>Yves Doux<\/strong> \u00e9s un artista especialitzat en la t\u00e8cnica de l&#8217;aquarel\u00b7la que pinta gaireb\u00e9 \u00edntegrament en aquest mitj\u00e0. Els models utilitzats per a les seves pintures sempre estan extrets directament del m\u00f3n natural.<\/p>\n","protected":false},"excerpt":{"rendered":"<p>Aquesta guia original ofereix consells per identificar les plantes no nom\u00e9s per caracter\u00edstiques visibles com la forma i el color de les flors i les fulles, sin\u00f3 tamb\u00e9 per altres caracter\u00edstiques sensorials com la sensaci\u00f3, l&#8217;olfacte i el gust de la planta. El seu sistema d&#8217;identificaci\u00f3 il\u00b7lustrat, lliure de terminologia t\u00e8cnica, dota al lector dels coneixements necessaris per a una investigaci\u00f3 posterior mitjan\u00e7ant treballs m\u00e9s complets.<\/p>\n<p><strong><em>Text en castell\u00e0<\/em><\/strong><\/p>\n","protected":false},"featured_media":4575,"comment_status":"open","ping_status":"closed","template":"","meta":[],"collection":[],"product_brand":[],"product_cat":[202,253],"product_tag":[],"class_list":{"0":"post-64847","1":"product","2":"type-product","3":"status-publish","4":"has-post-thumbnail","6":"product_cat-botanica-ca","7":"product_cat-guies-de-camp","9":"first","10":"discontinued","11":"shipping-taxable","12":"product-type-simple"},"_links":{"self":[{"href":"https:\/\/lynxnaturebooks.com\/ca\/wp-json\/wp\/v2\/product\/64847","targetHints":{"allow":["GET"]}}],"collection":[{"href":"https:\/\/lynxnaturebooks.com\/ca\/wp-json\/wp\/v2\/product"}],"about":[{"href":"https:\/\/lynxnaturebooks.com\/ca\/wp-json\/wp\/v2\/types\/product"}],"replies":[{"embeddable":true,"href":"https:\/\/lynxnaturebooks.com\/ca\/wp-json\/wp\/v2\/comments?post=64847"}],"wp:featuredmedia":[{"embeddable":true,"href":"https:\/\/lynxnaturebooks.com\/ca\/wp-json\/wp\/v2\/media\/4575"}],"wp:attachment":[{"href":"https:\/\/lynxnaturebooks.com\/ca\/wp-json\/wp\/v2\/media?parent=64847"}],"wp:term":[{"taxonomy":"collection","embeddable":true,"href":"https:\/\/lynxnaturebooks.com\/ca\/wp-json\/wp\/v2\/collection?post=64847"},{"taxonomy":"product_brand","embeddable":true,"href":"https:\/\/lynxnaturebooks.com\/ca\/wp-json\/wp\/v2\/product_brand?post=64847"},{"taxonomy":"product_cat","embeddable":true,"href":"https:\/\/lynxnaturebooks.com\/ca\/wp-json\/wp\/v2\/product_cat?post=64847"},{"taxonomy":"product_tag","embeddable":true,"href":"https:\/\/lynxnaturebooks.com\/ca\/wp-json\/wp\/v2\/product_tag?post=64847"}],"curies":[{"name":"wp","href":"https:\/\/api.w.org\/{rel}","templated":true}]}}