{"id":3295,"date":"2002-05-01T10:00:00","date_gmt":"2002-05-01T08:00:00","guid":{"rendered":"https:\/\/www.lynxeds.com\/product\/guia-de-las-orquideas-de-espana-y-europa\/"},"modified":"2024-07-16T15:55:47","modified_gmt":"2024-07-16T13:55:47","slug":"guia-de-las-orquideas-de-espana-y-europa","status":"publish","type":"product","link":"https:\/\/lynxnaturebooks.com\/ca\/producte\/guia-de-las-orquideas-de-espana-y-europa\/","title":{"rendered":"Gu\u00eda de las Orquideas de Espa\u00f1a y Europa"},"content":{"rendered":"<p>Una guia exhaustiva per identificar les orqu\u00eddies europees en la qual es descriuen i il\u00b7lustren 487 esp\u00e8cies reportades i un bon nombre de varietats. Informaci\u00f3 general sobre l&#8217;anatomia i la reproducci\u00f3 de les orqu\u00eddies, aix\u00ed com sobre les seves extraordin\u00e0ries estrat\u00e8gies per atraure insectes pol\u00b7linitzadors. Tamb\u00e9 inclou els coneixements m\u00e9s actualitzats sobre la sistem\u00e0tica de les orqu\u00eddies. Es proporcionen entrades amb informaci\u00f3 descriptiva per a cada esp\u00e8cie i inclouen informaci\u00f3 sobre l&#8217;etimologia del nom cient\u00edfic i els principals sin\u00f2nims, aix\u00ed com les principals caracter\u00edstiques morfol\u00f2giques de cada esp\u00e8cie, variabilitat, h\u00e0bitats, distribuci\u00f3, abund\u00e0ncia, insectes pol\u00b7linitzadors i si existeix alguna identificaci\u00f3. problemes. Claus dicot\u00f2miques per a la identificaci\u00f3 d&#8217;esp\u00e8cies que s\u00f3n \u00fatils tant per als bot\u00e0nics professionals com per als aficionats a les orqu\u00eddies i permeten una identificaci\u00f3 precisa de les diferents esp\u00e8cies que es troben a Europa. Tamb\u00e9 es facilita informaci\u00f3 sobre els casos en qu\u00e8 la identificaci\u00f3 \u00e9s m\u00e9s dif\u00edcil, com els h\u00edbrids i les formes aberrants. 1075 fotografies i aquarel\u00b7les, dibuixos en blanc i negre i esquemes que il\u00b7lustren totes les esp\u00e8cies i en representen les caracter\u00edstiques principals per facilitar la identificaci\u00f3.<\/p>\n","protected":false},"excerpt":{"rendered":"<p>Una guia exhaustiva per identificar les orqu\u00eddies europees en la qual es descriuen i il\u00b7lustren 487 esp\u00e8cies reportades i un bon nombre de varietats.<\/p>\n<p><strong><em>Text en castell\u00e0<\/em><\/strong><\/p>\n","protected":false},"featured_media":5398,"comment_status":"open","ping_status":"closed","template":"","meta":[],"collection":[],"product_brand":[],"product_cat":[202,253,179],"product_tag":[],"class_list":{"0":"post-3295","1":"product","2":"type-product","3":"status-publish","4":"has-post-thumbnail","6":"product_cat-botanica-ca","7":"product_cat-guies-de-camp","8":"product_cat-paleartica-ca","10":"first","11":"discontinued","12":"shipping-taxable","13":"product-type-simple"},"_links":{"self":[{"href":"https:\/\/lynxnaturebooks.com\/ca\/wp-json\/wp\/v2\/product\/3295","targetHints":{"allow":["GET"]}}],"collection":[{"href":"https:\/\/lynxnaturebooks.com\/ca\/wp-json\/wp\/v2\/product"}],"about":[{"href":"https:\/\/lynxnaturebooks.com\/ca\/wp-json\/wp\/v2\/types\/product"}],"replies":[{"embeddable":true,"href":"https:\/\/lynxnaturebooks.com\/ca\/wp-json\/wp\/v2\/comments?post=3295"}],"wp:featuredmedia":[{"embeddable":true,"href":"https:\/\/lynxnaturebooks.com\/ca\/wp-json\/wp\/v2\/media\/5398"}],"wp:attachment":[{"href":"https:\/\/lynxnaturebooks.com\/ca\/wp-json\/wp\/v2\/media?parent=3295"}],"wp:term":[{"taxonomy":"collection","embeddable":true,"href":"https:\/\/lynxnaturebooks.com\/ca\/wp-json\/wp\/v2\/collection?post=3295"},{"taxonomy":"product_brand","embeddable":true,"href":"https:\/\/lynxnaturebooks.com\/ca\/wp-json\/wp\/v2\/product_brand?post=3295"},{"taxonomy":"product_cat","embeddable":true,"href":"https:\/\/lynxnaturebooks.com\/ca\/wp-json\/wp\/v2\/product_cat?post=3295"},{"taxonomy":"product_tag","embeddable":true,"href":"https:\/\/lynxnaturebooks.com\/ca\/wp-json\/wp\/v2\/product_tag?post=3295"}],"curies":[{"name":"wp","href":"https:\/\/api.w.org\/{rel}","templated":true}]}}