{"id":3293,"date":"2005-07-16T10:37:28","date_gmt":"2005-07-16T08:37:28","guid":{"rendered":"https:\/\/www.lynxeds.com\/product\/bosques-maduros-vielles-forets\/"},"modified":"2024-07-16T14:42:03","modified_gmt":"2024-07-16T12:42:03","slug":"bosques-maduros-vielles-forets","status":"publish","type":"product","link":"https:\/\/lynxnaturebooks.com\/ca\/producte\/bosques-maduros-vielles-forets\/","title":{"rendered":"Bosques Maduros \/ Vielles For\u00eats"},"content":{"rendered":"<p>Una magn\u00edfica col\u00b7lecci\u00f3 d&#8217;obres d&#8217;artistes de la natura de renom internacional la font d&#8217;inspiraci\u00f3 dels quals \u00e9s l&#8217;encisadora bellesa dels boscos madurs del Pirineu catal\u00e0, on es van reunir la primavera i l&#8217;estiu del 2001 amb l&#8217;objectiu de dur a terme aquest projecte. Obra d&#8217;art magn\u00edficament reprodu\u00efda pels millors il\u00b7lustradors de natura del m\u00f3n, incl\u00f2s Robert Bateman, per citar-ne nom\u00e9s un.<\/p>\n","protected":false},"excerpt":{"rendered":"<p>Una magn\u00edfica col\u00b7lecci\u00f3 d&#8217;obres d&#8217;artistes de la natura de renom internacional la font d&#8217;inspiraci\u00f3 dels quals \u00e9s l&#8217;encisadora bellesa dels boscos madurs del Pirineu catal\u00e0, on es van reunir la primavera i l&#8217;estiu del 2001 amb l&#8217;objectiu de dur a terme aquest projecte. Obra d&#8217;art magn\u00edficament reprodu\u00efda pels millors il\u00b7lustradors de natura del m\u00f3n, incl\u00f2s Robert Bateman, per citar-ne nom\u00e9s un.<\/p>\n","protected":false},"featured_media":1709,"comment_status":"open","ping_status":"closed","template":"","meta":[],"collection":[],"product_brand":[],"product_cat":[182,202],"product_tag":[],"class_list":{"0":"post-3293","1":"product","2":"type-product","3":"status-publish","4":"has-post-thumbnail","6":"product_cat-art-i-prosa","7":"product_cat-botanica-ca","9":"first","10":"discontinued","11":"shipping-taxable","12":"product-type-simple"},"_links":{"self":[{"href":"https:\/\/lynxnaturebooks.com\/ca\/wp-json\/wp\/v2\/product\/3293","targetHints":{"allow":["GET"]}}],"collection":[{"href":"https:\/\/lynxnaturebooks.com\/ca\/wp-json\/wp\/v2\/product"}],"about":[{"href":"https:\/\/lynxnaturebooks.com\/ca\/wp-json\/wp\/v2\/types\/product"}],"replies":[{"embeddable":true,"href":"https:\/\/lynxnaturebooks.com\/ca\/wp-json\/wp\/v2\/comments?post=3293"}],"wp:featuredmedia":[{"embeddable":true,"href":"https:\/\/lynxnaturebooks.com\/ca\/wp-json\/wp\/v2\/media\/1709"}],"wp:attachment":[{"href":"https:\/\/lynxnaturebooks.com\/ca\/wp-json\/wp\/v2\/media?parent=3293"}],"wp:term":[{"taxonomy":"collection","embeddable":true,"href":"https:\/\/lynxnaturebooks.com\/ca\/wp-json\/wp\/v2\/collection?post=3293"},{"taxonomy":"product_brand","embeddable":true,"href":"https:\/\/lynxnaturebooks.com\/ca\/wp-json\/wp\/v2\/product_brand?post=3293"},{"taxonomy":"product_cat","embeddable":true,"href":"https:\/\/lynxnaturebooks.com\/ca\/wp-json\/wp\/v2\/product_cat?post=3293"},{"taxonomy":"product_tag","embeddable":true,"href":"https:\/\/lynxnaturebooks.com\/ca\/wp-json\/wp\/v2\/product_tag?post=3293"}],"curies":[{"name":"wp","href":"https:\/\/api.w.org\/{rel}","templated":true}]}}