{"id":3271,"date":"2002-07-01T10:00:00","date_gmt":"2002-07-01T08:00:00","guid":{"rendered":"https:\/\/www.lynxeds.com\/product\/mamiferos-carnivoros-ibericos\/"},"modified":"2024-07-16T15:55:46","modified_gmt":"2024-07-16T13:55:46","slug":"mamiferos-carnivoros-ibericos","status":"publish","type":"product","link":"https:\/\/lynxnaturebooks.com\/ca\/producte\/mamiferos-carnivoros-ibericos\/","title":{"rendered":"Mam\u00edferos Carn\u00edvoros Ib\u00e9ricos"},"content":{"rendered":"<p>Una guia completa per con\u00e8ixer els mam\u00edfers carn\u00edvors ib\u00e8rics. Per a qualsevol naturalista seriosament interessat en els mam\u00edfers, recon\u00e8ixer els signes de pres\u00e8ncia que deixen els mam\u00edfers al terreny \u00e9s fonamental. Les seves petjades ben impresas en el fang compacte d&#8217;una costa i la inspecci\u00f3 atenta dels seus excrements ens proporcionen molta informaci\u00f3 que, amb el temps, podem aprendre a processar i assimilar. Aquest \u00e9s l&#8217;objectiu principal d&#8217;aquesta publicaci\u00f3: despertar, d&#8217;una manera entretinguda i completa, aquesta qualitat latent de la ca\u00e7a i el rastreig que tots encara protegim i, d&#8217;aquesta manera, fer un salt de gegant en la nostra aproximaci\u00f3 a la fascinant fauna del voltant. nosaltres.<\/p>\n<ul>\n<li>Text detallat per a cadascuna de les esp\u00e8cies, amb informaci\u00f3 sobre identificaci\u00f3, h\u00e0bitat, h\u00e0bits, alimentaci\u00f3, reproducci\u00f3 i estat de conservaci\u00f3.<\/li>\n<li>Mapes que indiquen la distribuci\u00f3 per tota la Pen\u00ednsula Ib\u00e8rica. Magn\u00edfiques fotografies en color de totes les esp\u00e8cies.<\/li>\n<li>Fotografies i dibuixos a mida real dels principals signes de pres\u00e8ncia i una descripci\u00f3 detallada de com trobar-los i recon\u00e8ixer-los.<\/li>\n<\/ul>\n","protected":false},"excerpt":{"rendered":"<p>Una guia completa per con\u00e8ixer els mam\u00edfers carn\u00edvors ib\u00e8rics.<\/p>\n","protected":false},"featured_media":5329,"comment_status":"open","ping_status":"closed","template":"","meta":[],"collection":[],"product_brand":[],"product_cat":[187,180,179],"product_tag":[],"class_list":{"0":"post-3271","1":"product","2":"type-product","3":"status-publish","4":"has-post-thumbnail","6":"product_cat-mamifers","7":"product_cat-monografies","8":"product_cat-paleartica-ca","10":"first","11":"discontinued","12":"shipping-taxable","13":"product-type-simple"},"_links":{"self":[{"href":"https:\/\/lynxnaturebooks.com\/ca\/wp-json\/wp\/v2\/product\/3271","targetHints":{"allow":["GET"]}}],"collection":[{"href":"https:\/\/lynxnaturebooks.com\/ca\/wp-json\/wp\/v2\/product"}],"about":[{"href":"https:\/\/lynxnaturebooks.com\/ca\/wp-json\/wp\/v2\/types\/product"}],"replies":[{"embeddable":true,"href":"https:\/\/lynxnaturebooks.com\/ca\/wp-json\/wp\/v2\/comments?post=3271"}],"wp:featuredmedia":[{"embeddable":true,"href":"https:\/\/lynxnaturebooks.com\/ca\/wp-json\/wp\/v2\/media\/5329"}],"wp:attachment":[{"href":"https:\/\/lynxnaturebooks.com\/ca\/wp-json\/wp\/v2\/media?parent=3271"}],"wp:term":[{"taxonomy":"collection","embeddable":true,"href":"https:\/\/lynxnaturebooks.com\/ca\/wp-json\/wp\/v2\/collection?post=3271"},{"taxonomy":"product_brand","embeddable":true,"href":"https:\/\/lynxnaturebooks.com\/ca\/wp-json\/wp\/v2\/product_brand?post=3271"},{"taxonomy":"product_cat","embeddable":true,"href":"https:\/\/lynxnaturebooks.com\/ca\/wp-json\/wp\/v2\/product_cat?post=3271"},{"taxonomy":"product_tag","embeddable":true,"href":"https:\/\/lynxnaturebooks.com\/ca\/wp-json\/wp\/v2\/product_tag?post=3271"}],"curies":[{"name":"wp","href":"https:\/\/api.w.org\/{rel}","templated":true}]}}