{"id":3262,"date":"2005-02-01T10:00:00","date_gmt":"2005-02-01T09:00:00","guid":{"rendered":"https:\/\/www.lynxeds.com\/product\/locell-meravellos\/"},"modified":"2024-07-16T15:55:45","modified_gmt":"2024-07-16T13:55:45","slug":"locell-meravellos","status":"publish","type":"product","link":"https:\/\/lynxnaturebooks.com\/ca\/producte\/locell-meravellos\/","title":{"rendered":"L&#8217;ocell Meravell\u00f3s"},"content":{"rendered":"<p>L&#8217;Ocell meravell\u00f3s viu en una g\u00e0bia molt luxosa i c\u00f2moda, per\u00f2 no \u00e9s feli\u00e7. Li agradaria ser lliure i volar&#8230; Aquesta hist\u00f2ria ens mostrar\u00e0 que els ocells no s&#8217;han de tancar en g\u00e0bies. Tamb\u00e9 explorarem nocions com l&#8217;amistat, el respecte i la generositat.<\/p>\n<p>Secci\u00f3 de no ficci\u00f3 sobre els ocells del parad\u00eds.<\/p>\n","protected":false},"excerpt":{"rendered":"<p>L&#8217;Ocell meravell\u00f3s viu en una g\u00e0bia molt luxosa i c\u00f2moda, per\u00f2 no \u00e9s feli\u00e7. Li agradaria ser lliure i volar&#8230; Aquesta hist\u00f2ria ens mostrar\u00e0 que els ocells no s&#8217;han de tancar en g\u00e0bies. Tamb\u00e9 explorarem nocions com l&#8217;amistat, el respecte i la generositat.<\/p>\n<p>Secci\u00f3 de no ficci\u00f3 sobre els ocells del parad\u00eds.<\/p>\n","protected":false},"featured_media":1591,"comment_status":"open","ping_status":"closed","template":"","meta":[],"collection":[],"product_brand":[],"product_cat":[615,618],"product_tag":[],"class_list":{"0":"post-3262","1":"product","2":"type-product","3":"status-publish","4":"has-post-thumbnail","6":"product_cat-llibres-infantils","7":"product_cat-miscellania-2","9":"first","10":"discontinued","11":"shipping-taxable","12":"product-type-simple"},"_links":{"self":[{"href":"https:\/\/lynxnaturebooks.com\/ca\/wp-json\/wp\/v2\/product\/3262","targetHints":{"allow":["GET"]}}],"collection":[{"href":"https:\/\/lynxnaturebooks.com\/ca\/wp-json\/wp\/v2\/product"}],"about":[{"href":"https:\/\/lynxnaturebooks.com\/ca\/wp-json\/wp\/v2\/types\/product"}],"replies":[{"embeddable":true,"href":"https:\/\/lynxnaturebooks.com\/ca\/wp-json\/wp\/v2\/comments?post=3262"}],"wp:featuredmedia":[{"embeddable":true,"href":"https:\/\/lynxnaturebooks.com\/ca\/wp-json\/wp\/v2\/media\/1591"}],"wp:attachment":[{"href":"https:\/\/lynxnaturebooks.com\/ca\/wp-json\/wp\/v2\/media?parent=3262"}],"wp:term":[{"taxonomy":"collection","embeddable":true,"href":"https:\/\/lynxnaturebooks.com\/ca\/wp-json\/wp\/v2\/collection?post=3262"},{"taxonomy":"product_brand","embeddable":true,"href":"https:\/\/lynxnaturebooks.com\/ca\/wp-json\/wp\/v2\/product_brand?post=3262"},{"taxonomy":"product_cat","embeddable":true,"href":"https:\/\/lynxnaturebooks.com\/ca\/wp-json\/wp\/v2\/product_cat?post=3262"},{"taxonomy":"product_tag","embeddable":true,"href":"https:\/\/lynxnaturebooks.com\/ca\/wp-json\/wp\/v2\/product_tag?post=3262"}],"curies":[{"name":"wp","href":"https:\/\/api.w.org\/{rel}","templated":true}]}}