{"id":3256,"date":"2005-10-01T10:00:00","date_gmt":"2005-10-01T08:00:00","guid":{"rendered":"https:\/\/www.lynxeds.com\/product\/la-pucu-no-vol-ser-eruga\/"},"modified":"2024-07-16T15:55:45","modified_gmt":"2024-07-16T13:55:45","slug":"la-pucu-no-vol-ser-eruga","status":"publish","type":"product","link":"https:\/\/lynxnaturebooks.com\/ca\/producte\/la-pucu-no-vol-ser-eruga\/","title":{"rendered":"La Pucu no vol ser eruga"},"content":{"rendered":"<p>La Pucu \u00e9s una eruga que pensa que tots els animals s\u00f3n m\u00e9s bonics que ella o es diverteixen m\u00e9s que ella. Per\u00f2 Pucu aviat s&#8217;adonar\u00e0 que ella tamb\u00e9 \u00e9s molt especial&#8230; Amb aquesta hist\u00f2ria veurem que tothom \u00e9s excepcional d&#8217;una manera o una altra, i descobrirem que molts animals amaguen sorpreses espectaculars sota les seves aparences habituals.<\/p>\n<p>&nbsp;<\/p>\n<p>Secci\u00f3 de no ficci\u00f3 sobre erugues i papallones.<\/p>\n","protected":false},"excerpt":{"rendered":"<p>La Pucu \u00e9s una eruga que pensa que tots els animals s\u00f3n m\u00e9s bonics que ella o es diverteixen m\u00e9s que ella. Per\u00f2 Pucu aviat s&#8217;adonar\u00e0 que ella tamb\u00e9 \u00e9s molt especial&#8230; Amb aquesta hist\u00f2ria veurem que tothom \u00e9s excepcional d&#8217;una manera o una altra, i descobrirem que molts animals amaguen sorpreses espectaculars sota les seves aparences habituals.<\/p>\n<p>&nbsp;<\/p>\n<p>Secci\u00f3 de no ficci\u00f3 sobre erugues i papallones.<\/p>\n","protected":false},"featured_media":1585,"comment_status":"open","ping_status":"closed","template":"","meta":[],"collection":[],"product_brand":[],"product_cat":[615,618],"product_tag":[],"class_list":{"0":"post-3256","1":"product","2":"type-product","3":"status-publish","4":"has-post-thumbnail","6":"product_cat-llibres-infantils","7":"product_cat-miscellania-2","9":"first","10":"discontinued","11":"shipping-taxable","12":"product-type-simple"},"_links":{"self":[{"href":"https:\/\/lynxnaturebooks.com\/ca\/wp-json\/wp\/v2\/product\/3256","targetHints":{"allow":["GET"]}}],"collection":[{"href":"https:\/\/lynxnaturebooks.com\/ca\/wp-json\/wp\/v2\/product"}],"about":[{"href":"https:\/\/lynxnaturebooks.com\/ca\/wp-json\/wp\/v2\/types\/product"}],"replies":[{"embeddable":true,"href":"https:\/\/lynxnaturebooks.com\/ca\/wp-json\/wp\/v2\/comments?post=3256"}],"wp:featuredmedia":[{"embeddable":true,"href":"https:\/\/lynxnaturebooks.com\/ca\/wp-json\/wp\/v2\/media\/1585"}],"wp:attachment":[{"href":"https:\/\/lynxnaturebooks.com\/ca\/wp-json\/wp\/v2\/media?parent=3256"}],"wp:term":[{"taxonomy":"collection","embeddable":true,"href":"https:\/\/lynxnaturebooks.com\/ca\/wp-json\/wp\/v2\/collection?post=3256"},{"taxonomy":"product_brand","embeddable":true,"href":"https:\/\/lynxnaturebooks.com\/ca\/wp-json\/wp\/v2\/product_brand?post=3256"},{"taxonomy":"product_cat","embeddable":true,"href":"https:\/\/lynxnaturebooks.com\/ca\/wp-json\/wp\/v2\/product_cat?post=3256"},{"taxonomy":"product_tag","embeddable":true,"href":"https:\/\/lynxnaturebooks.com\/ca\/wp-json\/wp\/v2\/product_tag?post=3256"}],"curies":[{"name":"wp","href":"https:\/\/api.w.org\/{rel}","templated":true}]}}