{"id":3144,"date":"2006-03-01T10:00:00","date_gmt":"2006-03-01T09:00:00","guid":{"rendered":"https:\/\/www.lynxeds.com\/product\/versos-con-alas\/"},"modified":"2024-07-16T15:55:44","modified_gmt":"2024-07-16T13:55:44","slug":"versos-con-alas","status":"publish","type":"product","link":"https:\/\/lynxnaturebooks.com\/ca\/producte\/versos-con-alas\/","title":{"rendered":"Versos con alas"},"content":{"rendered":"<p>&#8220;Quan hi ha un ocell en un poema, el poema t\u00e9 ales&#8221;. Aix\u00f2 \u00e9s el que Antonio Garc\u00eda Teijeiro vol transmetre en aquest poemari. A trav\u00e9s de les seves p\u00e0gines trobareu tot el<br \/>\nocells que us podeu imaginar, sobrevolant versos inspirats en els poetes que, com Antonio, una vegada van posar ales a la seva poesia i tamb\u00e9 la van fer volar.<\/p>\n<p>Secci\u00f3 de no ficci\u00f3 sobre el cant dels ocells.<\/p>\n","protected":false},"excerpt":{"rendered":"<p>&#8220;Quan hi ha un ocell en un poema, el poema t\u00e9 ales&#8221;. Aix\u00f2 \u00e9s el que Antonio Garc\u00eda Teijeiro vol transmetre en aquest poemari. A trav\u00e9s de les seves p\u00e0gines trobareu tot el<br \/>\nocells que us podeu imaginar, sobrevolant versos inspirats en els poetes que, com Antonio, una vegada van posar ales a la seva poesia i tamb\u00e9 la van fer volar.<\/p>\n<p>Secci\u00f3 de no ficci\u00f3 sobre el cant dels ocells.<\/p>\n","protected":false},"featured_media":4553,"comment_status":"open","ping_status":"closed","template":"","meta":[],"collection":[],"product_brand":[],"product_cat":[615,618],"product_tag":[],"class_list":{"0":"post-3144","1":"product","2":"type-product","3":"status-publish","4":"has-post-thumbnail","6":"product_cat-llibres-infantils","7":"product_cat-miscellania-2","9":"first","10":"discontinued","11":"shipping-taxable","12":"product-type-simple"},"_links":{"self":[{"href":"https:\/\/lynxnaturebooks.com\/ca\/wp-json\/wp\/v2\/product\/3144","targetHints":{"allow":["GET"]}}],"collection":[{"href":"https:\/\/lynxnaturebooks.com\/ca\/wp-json\/wp\/v2\/product"}],"about":[{"href":"https:\/\/lynxnaturebooks.com\/ca\/wp-json\/wp\/v2\/types\/product"}],"replies":[{"embeddable":true,"href":"https:\/\/lynxnaturebooks.com\/ca\/wp-json\/wp\/v2\/comments?post=3144"}],"wp:featuredmedia":[{"embeddable":true,"href":"https:\/\/lynxnaturebooks.com\/ca\/wp-json\/wp\/v2\/media\/4553"}],"wp:attachment":[{"href":"https:\/\/lynxnaturebooks.com\/ca\/wp-json\/wp\/v2\/media?parent=3144"}],"wp:term":[{"taxonomy":"collection","embeddable":true,"href":"https:\/\/lynxnaturebooks.com\/ca\/wp-json\/wp\/v2\/collection?post=3144"},{"taxonomy":"product_brand","embeddable":true,"href":"https:\/\/lynxnaturebooks.com\/ca\/wp-json\/wp\/v2\/product_brand?post=3144"},{"taxonomy":"product_cat","embeddable":true,"href":"https:\/\/lynxnaturebooks.com\/ca\/wp-json\/wp\/v2\/product_cat?post=3144"},{"taxonomy":"product_tag","embeddable":true,"href":"https:\/\/lynxnaturebooks.com\/ca\/wp-json\/wp\/v2\/product_tag?post=3144"}],"curies":[{"name":"wp","href":"https:\/\/api.w.org\/{rel}","templated":true}]}}