{"id":3136,"date":"2007-04-01T10:00:00","date_gmt":"2007-04-01T08:00:00","guid":{"rendered":"https:\/\/www.lynxeds.com\/product\/vermell-tacat\/"},"modified":"2024-07-16T15:55:42","modified_gmt":"2024-07-16T13:55:42","slug":"vermell-tacat","status":"publish","type":"product","link":"https:\/\/lynxnaturebooks.com\/ca\/producte\/vermell-tacat\/","title":{"rendered":"Vermell tacat"},"content":{"rendered":"<p>La Berta \u00e9s una marieta que viu feli\u00e7 entre les plantes. Un dia, per\u00f2, comen\u00e7a a sentir-se sola i es proposa trobar parella. Al principi sembla f\u00e0cil; la seva companya ideal hauria de ser vermella com ella. Per\u00f2 la Berta descobrir\u00e0 que quan vols que alg\u00fa comparteixi la teva vida, no nom\u00e9s pots jutjar per les aparences.<\/p>\n<p>Secci\u00f3 de no ficci\u00f3 sobre marietes.<\/p>\n","protected":false},"excerpt":{"rendered":"<p>La Berta \u00e9s una marieta que viu feli\u00e7 entre les plantes. Un dia, per\u00f2, comen\u00e7a a sentir-se sola i es proposa trobar parella. Al principi sembla f\u00e0cil; la seva companya ideal hauria de ser vermella com ella. Per\u00f2 la Berta descobrir\u00e0 que quan vols que alg\u00fa comparteixi la teva vida, no nom\u00e9s pots jutjar per les aparences.<\/p>\n<p>Secci\u00f3 de no ficci\u00f3 sobre marietes.<\/p>\n","protected":false},"featured_media":1541,"comment_status":"open","ping_status":"closed","template":"","meta":[],"collection":[],"product_brand":[],"product_cat":[615,618],"product_tag":[],"class_list":{"0":"post-3136","1":"product","2":"type-product","3":"status-publish","4":"has-post-thumbnail","6":"product_cat-llibres-infantils","7":"product_cat-miscellania-2","9":"first","10":"discontinued","11":"shipping-taxable","12":"product-type-simple"},"_links":{"self":[{"href":"https:\/\/lynxnaturebooks.com\/ca\/wp-json\/wp\/v2\/product\/3136","targetHints":{"allow":["GET"]}}],"collection":[{"href":"https:\/\/lynxnaturebooks.com\/ca\/wp-json\/wp\/v2\/product"}],"about":[{"href":"https:\/\/lynxnaturebooks.com\/ca\/wp-json\/wp\/v2\/types\/product"}],"replies":[{"embeddable":true,"href":"https:\/\/lynxnaturebooks.com\/ca\/wp-json\/wp\/v2\/comments?post=3136"}],"wp:featuredmedia":[{"embeddable":true,"href":"https:\/\/lynxnaturebooks.com\/ca\/wp-json\/wp\/v2\/media\/1541"}],"wp:attachment":[{"href":"https:\/\/lynxnaturebooks.com\/ca\/wp-json\/wp\/v2\/media?parent=3136"}],"wp:term":[{"taxonomy":"collection","embeddable":true,"href":"https:\/\/lynxnaturebooks.com\/ca\/wp-json\/wp\/v2\/collection?post=3136"},{"taxonomy":"product_brand","embeddable":true,"href":"https:\/\/lynxnaturebooks.com\/ca\/wp-json\/wp\/v2\/product_brand?post=3136"},{"taxonomy":"product_cat","embeddable":true,"href":"https:\/\/lynxnaturebooks.com\/ca\/wp-json\/wp\/v2\/product_cat?post=3136"},{"taxonomy":"product_tag","embeddable":true,"href":"https:\/\/lynxnaturebooks.com\/ca\/wp-json\/wp\/v2\/product_tag?post=3136"}],"curies":[{"name":"wp","href":"https:\/\/api.w.org\/{rel}","templated":true}]}}