{"id":3132,"date":"2006-03-01T10:00:00","date_gmt":"2006-03-01T09:00:00","guid":{"rendered":"https:\/\/www.lynxeds.com\/product\/en-pingui-i-en-penguin\/"},"modified":"2024-07-16T15:55:44","modified_gmt":"2024-07-16T13:55:44","slug":"en-pingui-i-en-penguin","status":"publish","type":"product","link":"https:\/\/lynxnaturebooks.com\/ca\/producte\/en-pingui-i-en-penguin\/","title":{"rendered":"En Ping\u00fc\u00ed i en Penguin"},"content":{"rendered":"<p>Un mat\u00ed, Penguin es desperta amb una idea al cap. Vol volar, per\u00f2 encara no sap que els ping\u00fcins no poden volar. Penguin t\u00e9 un amic anomenat Ping\u00fcino. Junts, trobaran la manera de fer realitat el somni de Penguin i descobriran que dos ping\u00fcins junts poden fer el que es proposin. Nom\u00e9s han d&#8217;utilitzar la seva imaginaci\u00f3!<br \/>\nLa secci\u00f3 de no ficci\u00f3 tracta sobre ping\u00fcins.<\/p>\n","protected":false},"excerpt":{"rendered":"<p>Un mat\u00ed, Penguin es desperta amb una idea al cap. Vol volar, per\u00f2 encara no sap que els ping\u00fcins no poden volar. Penguin t\u00e9 un amic anomenat Ping\u00fcino. Junts, trobaran la manera de fer realitat el somni de Penguin i descobriran que dos ping\u00fcins junts poden fer el que es proposin. Nom\u00e9s han d&#8217;utilitzar la seva imaginaci\u00f3!<br \/>\nLa secci\u00f3 de no ficci\u00f3 tracta sobre ping\u00fcins.<\/p>\n","protected":false},"featured_media":1565,"comment_status":"open","ping_status":"closed","template":"","meta":[],"collection":[],"product_brand":[],"product_cat":[615,618],"product_tag":[],"class_list":{"0":"post-3132","1":"product","2":"type-product","3":"status-publish","4":"has-post-thumbnail","6":"product_cat-llibres-infantils","7":"product_cat-miscellania-2","9":"first","10":"discontinued","11":"shipping-taxable","12":"product-type-simple"},"_links":{"self":[{"href":"https:\/\/lynxnaturebooks.com\/ca\/wp-json\/wp\/v2\/product\/3132","targetHints":{"allow":["GET"]}}],"collection":[{"href":"https:\/\/lynxnaturebooks.com\/ca\/wp-json\/wp\/v2\/product"}],"about":[{"href":"https:\/\/lynxnaturebooks.com\/ca\/wp-json\/wp\/v2\/types\/product"}],"replies":[{"embeddable":true,"href":"https:\/\/lynxnaturebooks.com\/ca\/wp-json\/wp\/v2\/comments?post=3132"}],"wp:featuredmedia":[{"embeddable":true,"href":"https:\/\/lynxnaturebooks.com\/ca\/wp-json\/wp\/v2\/media\/1565"}],"wp:attachment":[{"href":"https:\/\/lynxnaturebooks.com\/ca\/wp-json\/wp\/v2\/media?parent=3132"}],"wp:term":[{"taxonomy":"collection","embeddable":true,"href":"https:\/\/lynxnaturebooks.com\/ca\/wp-json\/wp\/v2\/collection?post=3132"},{"taxonomy":"product_brand","embeddable":true,"href":"https:\/\/lynxnaturebooks.com\/ca\/wp-json\/wp\/v2\/product_brand?post=3132"},{"taxonomy":"product_cat","embeddable":true,"href":"https:\/\/lynxnaturebooks.com\/ca\/wp-json\/wp\/v2\/product_cat?post=3132"},{"taxonomy":"product_tag","embeddable":true,"href":"https:\/\/lynxnaturebooks.com\/ca\/wp-json\/wp\/v2\/product_tag?post=3132"}],"curies":[{"name":"wp","href":"https:\/\/api.w.org\/{rel}","templated":true}]}}