{"id":3120,"date":"2005-02-01T10:00:00","date_gmt":"2005-02-01T09:00:00","guid":{"rendered":"https:\/\/www.lynxeds.com\/product\/ballena\/"},"modified":"2024-07-16T15:55:45","modified_gmt":"2024-07-16T13:55:45","slug":"ballena","status":"publish","type":"product","link":"https:\/\/lynxnaturebooks.com\/ca\/producte\/ballena\/","title":{"rendered":"Ballena"},"content":{"rendered":"<p>Les balenes no poden somriure, perqu\u00e8 no tenen llavis per fer-ho. Per\u00f2 les balenes poden explicar hist\u00f2ries, com la balena d&#8217;aquest llibre, que ens parla de la seva vida al mar, de fars i mariners, del seu amic Jon\u00e1s i de la seva fam\u00edlia&#8230; A trav\u00e9s d&#8217;aquesta hist\u00f2ria po\u00e8tica descobrirem el m\u00f3n dels animals marins i tamb\u00e9 coneixeran els seus amics a terra.<\/p>\n<p>Secci\u00f3 de no ficci\u00f3 sobre balenes.<\/p>\n","protected":false},"excerpt":{"rendered":"<p>Les balenes no poden somriure, perqu\u00e8 no tenen llavis per fer-ho. Per\u00f2 les balenes poden explicar hist\u00f2ries, com la balena d&#8217;aquest llibre, que ens parla de la seva vida al mar, de fars i mariners, del seu amic Jon\u00e1s i de la seva fam\u00edlia&#8230; A trav\u00e9s d&#8217;aquesta hist\u00f2ria po\u00e8tica descobrirem el m\u00f3n dels animals marins i tamb\u00e9 coneixeran els seus amics a terra.<\/p>\n<p>Secci\u00f3 de no ficci\u00f3 sobre balenes.<\/p>\n","protected":false},"featured_media":1575,"comment_status":"open","ping_status":"closed","template":"","meta":[],"collection":[],"product_brand":[],"product_cat":[615,618],"product_tag":[],"class_list":{"0":"post-3120","1":"product","2":"type-product","3":"status-publish","4":"has-post-thumbnail","6":"product_cat-llibres-infantils","7":"product_cat-miscellania-2","9":"first","10":"discontinued","11":"shipping-taxable","12":"product-type-simple"},"_links":{"self":[{"href":"https:\/\/lynxnaturebooks.com\/ca\/wp-json\/wp\/v2\/product\/3120","targetHints":{"allow":["GET"]}}],"collection":[{"href":"https:\/\/lynxnaturebooks.com\/ca\/wp-json\/wp\/v2\/product"}],"about":[{"href":"https:\/\/lynxnaturebooks.com\/ca\/wp-json\/wp\/v2\/types\/product"}],"replies":[{"embeddable":true,"href":"https:\/\/lynxnaturebooks.com\/ca\/wp-json\/wp\/v2\/comments?post=3120"}],"wp:featuredmedia":[{"embeddable":true,"href":"https:\/\/lynxnaturebooks.com\/ca\/wp-json\/wp\/v2\/media\/1575"}],"wp:attachment":[{"href":"https:\/\/lynxnaturebooks.com\/ca\/wp-json\/wp\/v2\/media?parent=3120"}],"wp:term":[{"taxonomy":"collection","embeddable":true,"href":"https:\/\/lynxnaturebooks.com\/ca\/wp-json\/wp\/v2\/collection?post=3120"},{"taxonomy":"product_brand","embeddable":true,"href":"https:\/\/lynxnaturebooks.com\/ca\/wp-json\/wp\/v2\/product_brand?post=3120"},{"taxonomy":"product_cat","embeddable":true,"href":"https:\/\/lynxnaturebooks.com\/ca\/wp-json\/wp\/v2\/product_cat?post=3120"},{"taxonomy":"product_tag","embeddable":true,"href":"https:\/\/lynxnaturebooks.com\/ca\/wp-json\/wp\/v2\/product_tag?post=3120"}],"curies":[{"name":"wp","href":"https:\/\/api.w.org\/{rel}","templated":true}]}}