{"id":3112,"date":"2005-10-01T10:00:00","date_gmt":"2005-10-01T08:00:00","guid":{"rendered":"https:\/\/www.lynxeds.com\/product\/per-que-es-tan-peluda-la-vilma\/"},"modified":"2025-05-06T11:28:29","modified_gmt":"2025-05-06T09:28:29","slug":"per-que-es-tan-peluda-la-vilma","status":"publish","type":"product","link":"https:\/\/lynxnaturebooks.com\/ca\/producte\/per-que-es-tan-peluda-la-vilma\/","title":{"rendered":"Per qu\u00e8 \u00e9s tan peluda, la Vilma?"},"content":{"rendered":"<p>La Vilma \u00e9s un h\u00e0mster diferent. El seu p\u00e8l \u00e9s llarg i els seus ulls molt petitons. No \u00e9s la mascota que en Pau s&#8217;esperava, i quan els seus pares l&#8217;hi regalen, ell queda molt decebut&#8230; Per\u00f2 en Pau aprendr\u00e0 a estimar la Vilma i, amb el temps, l&#8217;h\u00e0mster es convertir\u00e0 en un dels seus millors amics.<\/p>\n<p><strong>Dues mirades a la natura<\/strong><\/p>\n<p>Per aprendre des de la imaginaci\u00f3 i des de la ci\u00e8ncia. Despr\u00e9s del conte, trobareu un apartat de coneixements sobre:<\/p>\n<p><strong>ELS H\u00c0MSTERS<\/strong><\/p>\n<p>D&#8217;on provenen?<\/p>\n<p>Quantes classes n&#8217;hi ha?<\/p>\n<p>Hi ha h\u00e0msters sense p\u00e8l?<\/p>\n<p>I h\u00e0msters salvatges?<\/p>\n<p>Per qu\u00e8 es diuen h\u00e0msters?<\/p>\n","protected":false},"excerpt":{"rendered":"<p>Vilma no \u00e9s un h\u00e0mster normal. El seu cabell \u00e9s llarg i t\u00e9 un color esva\u00eft, i els seus ulls s\u00f3n molt petits. Ella no \u00e9s la mascota que Pablo esperava, i quan els seus pares porten a la Vilma a casa, ell est\u00e0 molt decebut&#8230; Per\u00f2 Pablo aprendr\u00e0 a estimar la Vilma, i el h\u00e0mster pelut acabar\u00e0 convertint-se en un dels seus millors amics.<\/p>\n<p>Secci\u00f3 de no ficci\u00f3 sobre h\u00e0msters.<\/p>\n","protected":false},"featured_media":1581,"comment_status":"open","ping_status":"closed","template":"","meta":[],"collection":[],"product_brand":[],"product_cat":[615,618],"product_tag":[],"class_list":{"0":"post-3112","1":"product","2":"type-product","3":"status-publish","4":"has-post-thumbnail","6":"product_cat-llibres-infantils","7":"product_cat-miscellania-2","9":"first","10":"discontinued","11":"shipping-taxable","12":"product-type-simple"},"_links":{"self":[{"href":"https:\/\/lynxnaturebooks.com\/ca\/wp-json\/wp\/v2\/product\/3112","targetHints":{"allow":["GET"]}}],"collection":[{"href":"https:\/\/lynxnaturebooks.com\/ca\/wp-json\/wp\/v2\/product"}],"about":[{"href":"https:\/\/lynxnaturebooks.com\/ca\/wp-json\/wp\/v2\/types\/product"}],"replies":[{"embeddable":true,"href":"https:\/\/lynxnaturebooks.com\/ca\/wp-json\/wp\/v2\/comments?post=3112"}],"wp:featuredmedia":[{"embeddable":true,"href":"https:\/\/lynxnaturebooks.com\/ca\/wp-json\/wp\/v2\/media\/1581"}],"wp:attachment":[{"href":"https:\/\/lynxnaturebooks.com\/ca\/wp-json\/wp\/v2\/media?parent=3112"}],"wp:term":[{"taxonomy":"collection","embeddable":true,"href":"https:\/\/lynxnaturebooks.com\/ca\/wp-json\/wp\/v2\/collection?post=3112"},{"taxonomy":"product_brand","embeddable":true,"href":"https:\/\/lynxnaturebooks.com\/ca\/wp-json\/wp\/v2\/product_brand?post=3112"},{"taxonomy":"product_cat","embeddable":true,"href":"https:\/\/lynxnaturebooks.com\/ca\/wp-json\/wp\/v2\/product_cat?post=3112"},{"taxonomy":"product_tag","embeddable":true,"href":"https:\/\/lynxnaturebooks.com\/ca\/wp-json\/wp\/v2\/product_tag?post=3112"}],"curies":[{"name":"wp","href":"https:\/\/api.w.org\/{rel}","templated":true}]}}