{"id":3110,"date":"2005-02-01T10:00:00","date_gmt":"2005-02-01T09:00:00","guid":{"rendered":"https:\/\/www.lynxeds.com\/product\/los-tesoros-del-bosque\/"},"modified":"2024-07-16T15:55:45","modified_gmt":"2024-07-16T13:55:45","slug":"los-tesoros-del-bosque","status":"publish","type":"product","link":"https:\/\/lynxnaturebooks.com\/ca\/producte\/los-tesoros-del-bosque\/","title":{"rendered":"Los tesoros del bosque"},"content":{"rendered":"<p>Quan Roberto va amb el seu avi a buscar tresors al bosc, no sap que el que trobaran \u00e9s molt m\u00e9s meravell\u00f3s del que mai s&#8217;hagu\u00e9s imaginat&#8230; Aquesta \u00e9s l&#8217;apassionant hist\u00f2ria d&#8217;un nen que, en descobrir la fauna i flora del bosc proper al seu poble, apr\u00e8n quins s\u00f3n realment els tresors de la natura.<\/p>\n<p>Secci\u00f3 de no ficci\u00f3 sobre boscos.<\/p>\n","protected":false},"excerpt":{"rendered":"<p>Quan Roberto va amb el seu avi a buscar tresors al bosc, no sap que el que trobaran \u00e9s molt m\u00e9s meravell\u00f3s del que mai s&#8217;hagu\u00e9s imaginat&#8230; Aquesta \u00e9s l&#8217;apassionant hist\u00f2ria d&#8217;un nen que, en descobrir la fauna i flora del bosc proper al seu poble, apr\u00e8n quins s\u00f3n realment els tresors de la natura.<\/p>\n<p>Secci\u00f3 de no ficci\u00f3 sobre boscos.<\/p>\n","protected":false},"featured_media":1579,"comment_status":"open","ping_status":"closed","template":"","meta":[],"collection":[],"product_brand":[],"product_cat":[615,618],"product_tag":[],"class_list":{"0":"post-3110","1":"product","2":"type-product","3":"status-publish","4":"has-post-thumbnail","6":"product_cat-llibres-infantils","7":"product_cat-miscellania-2","9":"first","10":"discontinued","11":"shipping-taxable","12":"product-type-simple"},"_links":{"self":[{"href":"https:\/\/lynxnaturebooks.com\/ca\/wp-json\/wp\/v2\/product\/3110","targetHints":{"allow":["GET"]}}],"collection":[{"href":"https:\/\/lynxnaturebooks.com\/ca\/wp-json\/wp\/v2\/product"}],"about":[{"href":"https:\/\/lynxnaturebooks.com\/ca\/wp-json\/wp\/v2\/types\/product"}],"replies":[{"embeddable":true,"href":"https:\/\/lynxnaturebooks.com\/ca\/wp-json\/wp\/v2\/comments?post=3110"}],"wp:featuredmedia":[{"embeddable":true,"href":"https:\/\/lynxnaturebooks.com\/ca\/wp-json\/wp\/v2\/media\/1579"}],"wp:attachment":[{"href":"https:\/\/lynxnaturebooks.com\/ca\/wp-json\/wp\/v2\/media?parent=3110"}],"wp:term":[{"taxonomy":"collection","embeddable":true,"href":"https:\/\/lynxnaturebooks.com\/ca\/wp-json\/wp\/v2\/collection?post=3110"},{"taxonomy":"product_brand","embeddable":true,"href":"https:\/\/lynxnaturebooks.com\/ca\/wp-json\/wp\/v2\/product_brand?post=3110"},{"taxonomy":"product_cat","embeddable":true,"href":"https:\/\/lynxnaturebooks.com\/ca\/wp-json\/wp\/v2\/product_cat?post=3110"},{"taxonomy":"product_tag","embeddable":true,"href":"https:\/\/lynxnaturebooks.com\/ca\/wp-json\/wp\/v2\/product_tag?post=3110"}],"curies":[{"name":"wp","href":"https:\/\/api.w.org\/{rel}","templated":true}]}}