{"id":3108,"date":"2005-10-01T10:00:00","date_gmt":"2005-10-01T08:00:00","guid":{"rendered":"https:\/\/www.lynxeds.com\/product\/el-canto-de-la-luna\/"},"modified":"2024-07-16T15:55:44","modified_gmt":"2024-07-16T13:55:44","slug":"el-canto-de-la-luna","status":"publish","type":"product","link":"https:\/\/lynxnaturebooks.com\/ca\/producte\/el-canto-de-la-luna\/","title":{"rendered":"El canto de la Luna"},"content":{"rendered":"<p>Bernardo no vol anar al casal d&#8217;estiu. Prefereix quedar-se a casa i veure la televisi\u00f3 o jugar a videojocs. No sap que al campament passar\u00e0 per una experi\u00e8ncia m\u00e0gica que li canviar\u00e0 la vida per sempre. La Lluna i els elements de la Terra li parlaran de tots els problemes del Planeta Terra. La can\u00e7\u00f3 de la Lluna \u00e9s melanc\u00f2lica, per\u00f2 tamb\u00e9 est\u00e0 plena de for\u00e7a i esperan\u00e7a.<\/p>\n<p>Secci\u00f3 de no ficci\u00f3 sobre \u201cles veus de la Terra\u201d i els problemes ambientals.<\/p>\n","protected":false},"excerpt":{"rendered":"<p>Bernardo no vol anar al casal d&#8217;estiu. Prefereix quedar-se a casa i veure la televisi\u00f3 o jugar a videojocs. No sap que al campament passar\u00e0 per una experi\u00e8ncia m\u00e0gica que li canviar\u00e0 la vida per sempre. La Lluna i els elements de la Terra li parlaran de tots els problemes del Planeta Terra. La can\u00e7\u00f3 de la Lluna \u00e9s melanc\u00f2lica, per\u00f2 tamb\u00e9 est\u00e0 plena de for\u00e7a i esperan\u00e7a.<\/p>\n<p>Secci\u00f3 de no ficci\u00f3 sobre \u201cles veus de la Terra\u201d i els problemes ambientals.<\/p>\n","protected":false},"featured_media":4841,"comment_status":"open","ping_status":"closed","template":"","meta":[],"collection":[],"product_brand":[],"product_cat":[615,618],"product_tag":[],"class_list":{"0":"post-3108","1":"product","2":"type-product","3":"status-publish","4":"has-post-thumbnail","6":"product_cat-llibres-infantils","7":"product_cat-miscellania-2","9":"first","10":"discontinued","11":"shipping-taxable","12":"product-type-simple"},"_links":{"self":[{"href":"https:\/\/lynxnaturebooks.com\/ca\/wp-json\/wp\/v2\/product\/3108","targetHints":{"allow":["GET"]}}],"collection":[{"href":"https:\/\/lynxnaturebooks.com\/ca\/wp-json\/wp\/v2\/product"}],"about":[{"href":"https:\/\/lynxnaturebooks.com\/ca\/wp-json\/wp\/v2\/types\/product"}],"replies":[{"embeddable":true,"href":"https:\/\/lynxnaturebooks.com\/ca\/wp-json\/wp\/v2\/comments?post=3108"}],"wp:featuredmedia":[{"embeddable":true,"href":"https:\/\/lynxnaturebooks.com\/ca\/wp-json\/wp\/v2\/media\/4841"}],"wp:attachment":[{"href":"https:\/\/lynxnaturebooks.com\/ca\/wp-json\/wp\/v2\/media?parent=3108"}],"wp:term":[{"taxonomy":"collection","embeddable":true,"href":"https:\/\/lynxnaturebooks.com\/ca\/wp-json\/wp\/v2\/collection?post=3108"},{"taxonomy":"product_brand","embeddable":true,"href":"https:\/\/lynxnaturebooks.com\/ca\/wp-json\/wp\/v2\/product_brand?post=3108"},{"taxonomy":"product_cat","embeddable":true,"href":"https:\/\/lynxnaturebooks.com\/ca\/wp-json\/wp\/v2\/product_cat?post=3108"},{"taxonomy":"product_tag","embeddable":true,"href":"https:\/\/lynxnaturebooks.com\/ca\/wp-json\/wp\/v2\/product_tag?post=3108"}],"curies":[{"name":"wp","href":"https:\/\/api.w.org\/{rel}","templated":true}]}}