{"id":3102,"date":"1990-03-01T10:00:00","date_gmt":"1990-03-01T09:00:00","guid":{"rendered":"https:\/\/www.lynxeds.com\/product\/las-aves-de-donana\/"},"modified":"2024-07-16T15:55:49","modified_gmt":"2024-07-16T13:55:49","slug":"las-aves-de-donana","status":"publish","type":"product","link":"https:\/\/lynxnaturebooks.com\/ca\/producte\/las-aves-de-donana\/","title":{"rendered":"Las Aves de Do\u00f1ana"},"content":{"rendered":"<p>H\u00e0bitats del Parc Nacional de Do\u00f1ana i guia d&#8217;identificaci\u00f3 de les 342 esp\u00e8cies d&#8217;ocells registrades fins ara.<\/p>\n","protected":false},"excerpt":{"rendered":"<p>H\u00e0bitats del Parc Nacional de Do\u00f1ana i guia d&#8217;identificaci\u00f3 de les 342 esp\u00e8cies d&#8217;ocells registrades fins ara.<\/p>\n","protected":false},"featured_media":5368,"comment_status":"open","ping_status":"closed","template":"","meta":[],"collection":[],"product_brand":[],"product_cat":[253,227,179],"product_tag":[],"class_list":{"0":"post-3102","1":"product","2":"type-product","3":"status-publish","4":"has-post-thumbnail","6":"product_cat-guies-de-camp","7":"product_cat-ocells","8":"product_cat-paleartica-ca","10":"first","11":"discontinued","12":"shipping-taxable","13":"product-type-simple"},"_links":{"self":[{"href":"https:\/\/lynxnaturebooks.com\/ca\/wp-json\/wp\/v2\/product\/3102","targetHints":{"allow":["GET"]}}],"collection":[{"href":"https:\/\/lynxnaturebooks.com\/ca\/wp-json\/wp\/v2\/product"}],"about":[{"href":"https:\/\/lynxnaturebooks.com\/ca\/wp-json\/wp\/v2\/types\/product"}],"replies":[{"embeddable":true,"href":"https:\/\/lynxnaturebooks.com\/ca\/wp-json\/wp\/v2\/comments?post=3102"}],"wp:featuredmedia":[{"embeddable":true,"href":"https:\/\/lynxnaturebooks.com\/ca\/wp-json\/wp\/v2\/media\/5368"}],"wp:attachment":[{"href":"https:\/\/lynxnaturebooks.com\/ca\/wp-json\/wp\/v2\/media?parent=3102"}],"wp:term":[{"taxonomy":"collection","embeddable":true,"href":"https:\/\/lynxnaturebooks.com\/ca\/wp-json\/wp\/v2\/collection?post=3102"},{"taxonomy":"product_brand","embeddable":true,"href":"https:\/\/lynxnaturebooks.com\/ca\/wp-json\/wp\/v2\/product_brand?post=3102"},{"taxonomy":"product_cat","embeddable":true,"href":"https:\/\/lynxnaturebooks.com\/ca\/wp-json\/wp\/v2\/product_cat?post=3102"},{"taxonomy":"product_tag","embeddable":true,"href":"https:\/\/lynxnaturebooks.com\/ca\/wp-json\/wp\/v2\/product_tag?post=3102"}],"curies":[{"name":"wp","href":"https:\/\/api.w.org\/{rel}","templated":true}]}}