{"id":3085,"date":"1997-10-01T10:00:00","date_gmt":"1997-10-01T08:00:00","guid":{"rendered":"https:\/\/www.lynxeds.com\/product\/la-fauna-del-parc-natural-del-cadi-moixero\/"},"modified":"2024-07-16T15:55:48","modified_gmt":"2024-07-16T13:55:48","slug":"la-fauna-del-parc-natural-del-cadi-moixero","status":"publish","type":"product","link":"https:\/\/lynxnaturebooks.com\/ca\/producte\/la-fauna-del-parc-natural-del-cadi-moixero\/","title":{"rendered":"La Fauna del parc Natural del Cad\u00ed-Moixer\u00f3"},"content":{"rendered":"<p class=\"resum\">Descripci\u00f3 de totes les esp\u00e8cies de peixos, amfibis, r\u00e8ptils, aus i mam\u00edfers que es troben al Parc Natural del Cad\u00ed-Moixer\u00f3.<\/p>\n","protected":false},"excerpt":{"rendered":"<p class=\"resum\">Descripci\u00f3 de totes les esp\u00e8cies de peixos, amfibis, r\u00e8ptils, aus i mam\u00edfers que es troben al Parc Natural del Cad\u00ed-Moixer\u00f3.<\/p>\n","protected":false},"featured_media":5359,"comment_status":"open","ping_status":"closed","template":"","meta":[],"collection":[],"product_brand":[],"product_cat":[253,169,187,227,179,199],"product_tag":[],"class_list":{"0":"post-3085","1":"product","2":"type-product","3":"status-publish","4":"has-post-thumbnail","6":"product_cat-guies-de-camp","7":"product_cat-invertebrats-ca","8":"product_cat-mamifers","9":"product_cat-ocells","10":"product_cat-paleartica-ca","11":"product_cat-reptils-i-amfibis","13":"first","14":"discontinued","15":"shipping-taxable","16":"product-type-simple"},"_links":{"self":[{"href":"https:\/\/lynxnaturebooks.com\/ca\/wp-json\/wp\/v2\/product\/3085","targetHints":{"allow":["GET"]}}],"collection":[{"href":"https:\/\/lynxnaturebooks.com\/ca\/wp-json\/wp\/v2\/product"}],"about":[{"href":"https:\/\/lynxnaturebooks.com\/ca\/wp-json\/wp\/v2\/types\/product"}],"replies":[{"embeddable":true,"href":"https:\/\/lynxnaturebooks.com\/ca\/wp-json\/wp\/v2\/comments?post=3085"}],"wp:featuredmedia":[{"embeddable":true,"href":"https:\/\/lynxnaturebooks.com\/ca\/wp-json\/wp\/v2\/media\/5359"}],"wp:attachment":[{"href":"https:\/\/lynxnaturebooks.com\/ca\/wp-json\/wp\/v2\/media?parent=3085"}],"wp:term":[{"taxonomy":"collection","embeddable":true,"href":"https:\/\/lynxnaturebooks.com\/ca\/wp-json\/wp\/v2\/collection?post=3085"},{"taxonomy":"product_brand","embeddable":true,"href":"https:\/\/lynxnaturebooks.com\/ca\/wp-json\/wp\/v2\/product_brand?post=3085"},{"taxonomy":"product_cat","embeddable":true,"href":"https:\/\/lynxnaturebooks.com\/ca\/wp-json\/wp\/v2\/product_cat?post=3085"},{"taxonomy":"product_tag","embeddable":true,"href":"https:\/\/lynxnaturebooks.com\/ca\/wp-json\/wp\/v2\/product_tag?post=3085"}],"curies":[{"name":"wp","href":"https:\/\/api.w.org\/{rel}","templated":true}]}}