{"id":3063,"date":"1993-12-01T10:00:00","date_gmt":"1993-12-01T09:00:00","guid":{"rendered":"https:\/\/www.lynxeds.com\/product\/donde-ver-aves-en-espana-peninsular\/"},"modified":"2024-07-16T15:55:49","modified_gmt":"2024-07-16T13:55:49","slug":"donde-ver-aves-en-espana-peninsular","status":"publish","type":"product","link":"https:\/\/lynxnaturebooks.com\/ca\/producte\/donde-ver-aves-en-espana-peninsular\/","title":{"rendered":"D\u00f3nde Ver Aves en Espa\u00f1a Peninsular"},"content":{"rendered":"<p>309 itineraris per les millors zones per a l&#8217;observaci\u00f3 d&#8217;aus de l&#8217;Espanya peninsular.<\/p>\n","protected":false},"excerpt":{"rendered":"<p>309 itineraris per les millors zones per a l&#8217;observaci\u00f3 d&#8217;aus de l&#8217;Espanya peninsular.<\/p>\n","protected":false},"featured_media":5401,"comment_status":"open","ping_status":"closed","template":"","meta":[],"collection":[],"product_brand":[],"product_cat":[253,227,179],"product_tag":[],"class_list":{"0":"post-3063","1":"product","2":"type-product","3":"status-publish","4":"has-post-thumbnail","6":"product_cat-guies-de-camp","7":"product_cat-ocells","8":"product_cat-paleartica-ca","10":"first","11":"discontinued","12":"shipping-taxable","13":"product-type-simple"},"_links":{"self":[{"href":"https:\/\/lynxnaturebooks.com\/ca\/wp-json\/wp\/v2\/product\/3063","targetHints":{"allow":["GET"]}}],"collection":[{"href":"https:\/\/lynxnaturebooks.com\/ca\/wp-json\/wp\/v2\/product"}],"about":[{"href":"https:\/\/lynxnaturebooks.com\/ca\/wp-json\/wp\/v2\/types\/product"}],"replies":[{"embeddable":true,"href":"https:\/\/lynxnaturebooks.com\/ca\/wp-json\/wp\/v2\/comments?post=3063"}],"wp:featuredmedia":[{"embeddable":true,"href":"https:\/\/lynxnaturebooks.com\/ca\/wp-json\/wp\/v2\/media\/5401"}],"wp:attachment":[{"href":"https:\/\/lynxnaturebooks.com\/ca\/wp-json\/wp\/v2\/media?parent=3063"}],"wp:term":[{"taxonomy":"collection","embeddable":true,"href":"https:\/\/lynxnaturebooks.com\/ca\/wp-json\/wp\/v2\/collection?post=3063"},{"taxonomy":"product_brand","embeddable":true,"href":"https:\/\/lynxnaturebooks.com\/ca\/wp-json\/wp\/v2\/product_brand?post=3063"},{"taxonomy":"product_cat","embeddable":true,"href":"https:\/\/lynxnaturebooks.com\/ca\/wp-json\/wp\/v2\/product_cat?post=3063"},{"taxonomy":"product_tag","embeddable":true,"href":"https:\/\/lynxnaturebooks.com\/ca\/wp-json\/wp\/v2\/product_tag?post=3063"}],"curies":[{"name":"wp","href":"https:\/\/api.w.org\/{rel}","templated":true}]}}