{"id":3056,"date":"1995-04-01T10:00:00","date_gmt":"1995-04-01T10:00:00","guid":{"rendered":"https:\/\/www.lynxeds.com\/product\/castells-i-castellers\/"},"modified":"2024-07-16T15:55:48","modified_gmt":"2024-07-16T13:55:48","slug":"castells-i-castellers","status":"publish","type":"product","link":"https:\/\/lynxnaturebooks.com\/ca\/producte\/castells-i-castellers\/","title":{"rendered":"Castells i castellers"},"content":{"rendered":"<p>Diferents tipus de castells, estructures i t\u00e8cniques, hist\u00f2ria, interpretaci\u00f3 d&#8217;espectacles, calendari de castellers, colles, les millors actuacions i vocabulari casteller.<\/p>\n","protected":false},"excerpt":{"rendered":"<p>Diferents tipus de castells, estructures i t\u00e8cniques, hist\u00f2ria, interpretaci\u00f3 d&#8217;espectacles, calendari de castellers, colles, les millors actuacions i vocabulari casteller.<\/p>\n","protected":false},"featured_media":5284,"comment_status":"open","ping_status":"closed","template":"","meta":[],"collection":[],"product_brand":[],"product_cat":[218],"product_tag":[],"class_list":{"0":"post-3056","1":"product","2":"type-product","3":"status-publish","4":"has-post-thumbnail","6":"product_cat-sense-categoria","8":"first","9":"discontinued","10":"shipping-taxable","11":"product-type-simple"},"_links":{"self":[{"href":"https:\/\/lynxnaturebooks.com\/ca\/wp-json\/wp\/v2\/product\/3056","targetHints":{"allow":["GET"]}}],"collection":[{"href":"https:\/\/lynxnaturebooks.com\/ca\/wp-json\/wp\/v2\/product"}],"about":[{"href":"https:\/\/lynxnaturebooks.com\/ca\/wp-json\/wp\/v2\/types\/product"}],"replies":[{"embeddable":true,"href":"https:\/\/lynxnaturebooks.com\/ca\/wp-json\/wp\/v2\/comments?post=3056"}],"wp:featuredmedia":[{"embeddable":true,"href":"https:\/\/lynxnaturebooks.com\/ca\/wp-json\/wp\/v2\/media\/5284"}],"wp:attachment":[{"href":"https:\/\/lynxnaturebooks.com\/ca\/wp-json\/wp\/v2\/media?parent=3056"}],"wp:term":[{"taxonomy":"collection","embeddable":true,"href":"https:\/\/lynxnaturebooks.com\/ca\/wp-json\/wp\/v2\/collection?post=3056"},{"taxonomy":"product_brand","embeddable":true,"href":"https:\/\/lynxnaturebooks.com\/ca\/wp-json\/wp\/v2\/product_brand?post=3056"},{"taxonomy":"product_cat","embeddable":true,"href":"https:\/\/lynxnaturebooks.com\/ca\/wp-json\/wp\/v2\/product_cat?post=3056"},{"taxonomy":"product_tag","embeddable":true,"href":"https:\/\/lynxnaturebooks.com\/ca\/wp-json\/wp\/v2\/product_tag?post=3056"}],"curies":[{"name":"wp","href":"https:\/\/api.w.org\/{rel}","templated":true}]}}