{"id":3038,"date":"2019-01-01T10:00:00","date_gmt":"2019-01-01T10:00:00","guid":{"rendered":"https:\/\/www.lynxeds.com\/product\/handbook-of-the-mammals-of-the-world-volume-9\/"},"modified":"2026-01-02T00:09:03","modified_gmt":"2026-01-01T23:09:03","slug":"handbook-of-the-mammals-of-the-world-volume-9","status":"publish","type":"product","link":"https:\/\/lynxnaturebooks.com\/ca\/producte\/handbook-of-the-mammals-of-the-world-volume-9\/","title":{"rendered":"<span class=\"title\">Handbook of the Mammals of the World<\/span><span class=\"subtitle\">Volume 9: Bats<\/span>"},"content":{"rendered":"\n<div class=\"wp-block-group quote-group\"><div class=\"wp-block-group__inner-container is-layout-constrained wp-block-group-is-layout-constrained\">\n<p class=\"has-text-align-center has-medium-font-size\">&#8220;Aquest \u00faltim llibre \u00e9s una proesa notable en si mateix. Per\u00f2 penseu en la quantitat de treball que ha suposat produir tota la s\u00e8rie: classificar l&#8217;\u00faltima taxonomia; trobar milers d&#8217;imatges; escriure comptes per a cada esp\u00e8cie i trobar les persones adequades per escriure&#8217;ls; preparant il\u00b7lustracions per a tots els mam\u00edfers del planeta. Aquest va ser un projecte herculi i estic segur que molts observadors de mam\u00edfers estan molt agra\u00efts a tots els implicats. \/&#8230;\/ El volum final garanteix que el manual acabi amb una nota alta. Encara no l&#8217;he llegit amb detall, i estic segur que hi haur\u00e0 desacords amb algunes de les opcions taxon\u00f2mices. Per\u00f2 les fotografies s\u00f3n fabuloses i inclouen diverses persones que informen regularment en aquest lloc: r\u00e0pidament vaig veure fotos de Vladimir Dinets Jose Gabriel Martinez i algunes de mi. Algunes de les fotografies en vol en particular s\u00f3n excel\u00b7lents; probablement no n&#8217;hauria d&#8217;afegir cap aqu\u00ed per motius de drets d&#8217;autor, per\u00f2 mireu una selecci\u00f3 al <a href=\"https:\/\/lynxnaturebooks.com\/ca\/producte\/handbook-of-the-mammals-of-the-world-volume-9\/\" target=\"_blank\" rel=\"noreferrer noopener\">lloc de l&#8217;editor<\/a> . Tamb\u00e9 vaig recon\u00e8ixer la majoria dels autors que van col\u00b7laborar, molts dels quals han tingut l&#8217;amabilitat de respondre a les meves preguntes al llarg dels anys. Els ratpenats solen ser els m\u00e9s amables i apassionats de tots els mam\u00edfers&#8221;.<\/p>\n\n\n\n<p class=\"has-text-align-center\">Jon Hall, <a href=\"https:\/\/www.mammalwatching.com\/2019\/10\/27\/book-review-handbook-of-the-mammals-of-the-world-vol-9-the-bats\/\" target=\"_blank\" rel=\"noreferrer noopener\"><em><strong>Mammal Watching<\/strong><\/em><\/a> , octubre de 2019<\/p>\n<\/div><\/div>\n\n\n\n<div style=\"height:32px\" aria-hidden=\"true\" class=\"wp-block-spacer\"><\/div>\n\n\n<div class=\"wp-block-columns attributes-columns\"><div class=\"wp-block-column\"><svg width=\"28px\" height=\"35px\" viewBox=\"0 0 28 35\" version=\"1.1\" xmlns=\"http:\/\/www.w3.org\/2000\/svg\" xmlns:xlink=\"http:\/\/www.w3.org\/1999\/xlink\">\n                            <g id=\"Page-1\" stroke=\"none\" stroke-width=\"1\" fill=\"none\" fill-rule=\"evenodd\" opacity=\"0.147770473\">\n                                <g id=\"24\" transform=\"translate(-287.000000, -1522.000000)\" fill=\"#000000\" fill-rule=\"nonzero\" stroke=\"#000000\" stroke-width=\"0.799586777\">\n                                    <g id=\"Group-3\" transform=\"translate(233.000000, 1504.000000)\">\n                                        <g id=\"Shape-3\" transform=\"translate(55.000000, 19.000000)\">\n                                            <path d=\"M13,0 C9.82319737,0 7.22466566,2.63962325 7.22466566,5.86666055 C7.22466566,8.71794192 9.25407358,11.1008511 11.9171246,11.6187379 L11.9171246,13.9333188 L6.8637075,13.9333188 C6.8261332,13.9313284 6.78848231,13.9313284 6.75090801,13.9333188 C6.331882,13.9764915 5.97550223,14.2625282 5.83723204,14.6666514 L0.0618978813,31.5333078 C-0.0555594524,31.8709186 -0.00391373208,32.2454751 0.200335189,32.5373134 C0.40458411,32.8291517 0.7358774,33.0017525 1.08837297,32.9999866 L13,32.9999866 L24.9116267,32.9999866 C25.2641223,33.0017526 25.5954157,32.8291519 25.7996647,32.5373136 C26.0039137,32.2454752 26.0555595,31.8709186 25.9381021,31.5333078 L20.162768,14.6666514 C20.0091004,14.2252213 19.5972147,13.9309628 19.1362925,13.9333188 L14.082875,13.9333188 L14.082875,11.6187379 C16.7459261,11.1008511 18.775334,8.71794192 18.775334,5.86666055 C18.775334,2.63962325 16.1768026,0 13,0 L13,0 Z M12.9999998,2.19999771 C15.0063443,2.19999771 16.6095839,3.82859001 16.6095839,5.86666055 C16.6095839,7.52644516 15.5508938,8.91385538 14.071595,9.3729069 C13.99526,8.77759028 13.4631728,8.35436769 12.8759203,8.42186622 C12.3828087,8.48076346 11.9922861,8.87273886 11.9284046,9.3729069 C10.4491059,8.91385538 9.39041606,7.52644516 9.39041606,5.86666055 C9.39041606,3.82859001 10.9936557,2.19999771 12.9999998,2.19999771 L12.9999998,2.19999771 Z M7.6307439,16.1333239 L12.9999998,16.1333239 L18.3692561,16.1333239 L23.3888335,30.7999752 L12.9999998,30.7999752 L2.61116648,30.7999752 L7.6307439,16.1333239 L7.6307439,16.1333239 Z\" id=\"Shape\"><\/path>\n                                        <\/g>\n                                    <\/g>\n                                <\/g>\n                            <\/g>\n                        <\/svg><p class=\"has-small-font-size\">Pes<\/p><p class=\"attribute\">4.3 kg<\/p><\/div><div class=\"wp-block-column\"><svg width=\"34px\" height=\"35px\" viewBox=\"0 0 34 35\" version=\"1.1\" xmlns=\"http:\/\/www.w3.org\/2000\/svg\" xmlns:xlink=\"http:\/\/www.w3.org\/1999\/xlink\">\n                            <g id=\"Page-1\" stroke=\"none\" stroke-width=\"1\" fill=\"none\" fill-rule=\"evenodd\" opacity=\"0.147770473\">\n                                <g id=\"24\" transform=\"translate(-471.000000, -1523.000000)\" fill=\"#000000\" fill-rule=\"nonzero\">\n                                    <g id=\"Group-3\" transform=\"translate(233.000000, 1504.000000)\">\n                                        <g id=\"Group-10\" transform=\"translate(238.000000, 19.000000)\">\n                                            <polygon id=\"Path\" points=\"0 9.72222222 2 9.72222222 2 33.0555556 0 33.0555556 0 35 6 35 6 33.0555556 4 33.0555556 4 9.72222222 6 9.72222222 6 7.77777778 0 7.77777778\"><\/polygon>\n                                            <polygon id=\"Path\" points=\"32 1.94444444 10 1.94444444 10 0 8 0 8 5.83333333 10 5.83333333 10 3.88888889 32 3.88888889 32 5.83333333 34 5.83333333 34 0 32 0\"><\/polygon>\n                                            <path d=\"M8,7.77777778 L8,30.1388889 L13,35 L33,35 L33,12.6388889 L28,7.77777778 L8,7.77777778 Z M11,10.6944444 L26,10.6944444 L26,28.1944444 L11,28.1944444 L11,10.6944444 Z M30,32.0833333 L14.24,32.0833333 L12.24,30.1388889 L28,30.1388889 L28,11.9 L30,13.8444444 L30,32.0833333 Z\" id=\"Shape\"><\/path>\n                                            <rect id=\"Rectangle\" x=\"13\" y=\"15.5555556\" width=\"11\" height=\"1.94444444\"><\/rect>\n                                            <rect id=\"Rectangle\" x=\"15\" y=\"19.4444444\" width=\"7\" height=\"1.94444444\"><\/rect>\n                                        <\/g>\n                                    <\/g>\n                                <\/g>\n                            <\/g>\n                        <\/svg><p class=\"has-small-font-size\">Dimensions<\/p><p class=\"attribute\">24 &times; 31 cm<\/p><\/div><div class=\"wp-block-column\"><svg width=\"26px\" height=\"30px\" viewBox=\"0 0 26 30\" version=\"1.1\" xmlns=\"http:\/\/www.w3.org\/2000\/svg\" xmlns:xlink=\"http:\/\/www.w3.org\/1999\/xlink\">\n                            <g id=\"Page-1\" stroke=\"none\" stroke-width=\"1\" fill=\"none\" fill-rule=\"evenodd\" opacity=\"0.147770473\">\n                                <g id=\"24\" transform=\"translate(-849.000000, -1528.000000)\" fill=\"#000000\" fill-rule=\"nonzero\">\n                                    <g id=\"Group-3\" transform=\"translate(233.000000, 1504.000000)\">\n                                        <g id=\"Group-11\" transform=\"translate(616.000000, 24.000000)\">\n                                            <path d=\"M0,0 L0,25.8333333 L4.19354839,30 L26,30 L26,4.16666667 L21.8064516,0 L0,0 Z M2.51612903,2.5 L20.1290323,2.5 L20.1290323,24.1666667 L2.51612903,24.1666667 L2.51612903,2.5 Z M23.483871,27.5 L5.23354839,27.5 L3.55612903,25.8333333 L21.8064516,25.8333333 L21.8064516,3.53333333 L23.483871,5.2 L23.483871,27.5 Z\" id=\"Shape\"><\/path>\n                                            <path d=\"M5.03225806,13.3333333 L17.6129032,13.3333333 L17.6129032,5 L5.03225806,5 L5.03225806,13.3333333 Z M6.70967742,6.66666667 L15.9354839,6.66666667 L15.9354839,11.6666667 L6.70967742,11.6666667 L6.70967742,6.66666667 Z\" id=\"Shape\"><\/path>\n                                        <\/g>\n                                    <\/g>\n                                <\/g>\n                            <\/g>\n                        <\/svg><p class=\"has-small-font-size\">Format<\/p><p class=\"attribute\">Tapa dura<\/p><\/div><div class=\"wp-block-column\"><svg width=\"26px\" height=\"30px\" viewBox=\"0 0 26 30\" version=\"1.1\" xmlns=\"http:\/\/www.w3.org\/2000\/svg\" xmlns:xlink=\"http:\/\/www.w3.org\/1999\/xlink\">\n                            <g id=\"Page-1\" stroke=\"none\" stroke-width=\"1\" fill=\"none\" fill-rule=\"evenodd\" opacity=\"0.147770473\">\n                                <g id=\"24\" transform=\"translate(-661.000000, -1528.000000)\" fill=\"#000000\" fill-rule=\"nonzero\">\n                                    <g id=\"Group-3\" transform=\"translate(233.000000, 1504.000000)\">\n                                        <g id=\"Group-12\" transform=\"translate(428.000000, 24.000000)\">\n                                            <path d=\"M0,0 L0,25.8333333 L4.19354839,30 L26,30 L26,4.16666667 L21.8064516,0 M2.01290323,2.5 L20.1290323,2.5 L20.1290323,24.1666667 L2.01290323,24.1666667 L2.01290323,2.5 Z M23.483871,27.5 L5.23354839,27.5 L3.55612903,25.8333333 L21.8064516,25.8333333 L21.8064516,3.53333333 L23.483871,5.2 L23.483871,27.5 Z\" id=\"Shape\"><\/path>\n                                            <rect id=\"Rectangle\" x=\"7.5483871\" y=\"8.33333333\" width=\"10.9032258\" height=\"1.66666667\"><\/rect>\n                                            <rect id=\"Rectangle\" x=\"7.5483871\" y=\"11.6666667\" width=\"10.9032258\" height=\"1.66666667\"><\/rect>\n                                            <rect id=\"Rectangle\" x=\"7.5483871\" y=\"15\" width=\"10.9032258\" height=\"1.66666667\"><\/rect>\n                                            <rect id=\"Rectangle\" x=\"7.5483871\" y=\"18.3333333\" width=\"5.87096774\" height=\"1.66666667\"><\/rect>\n                                        <\/g>\n                                    <\/g>\n                                <\/g>\n                            <\/g>\n                        <\/svg><p class=\"has-small-font-size\">P\u00e0gines<\/p><p class=\"attribute\">1008<\/p><\/div><div class=\"wp-block-column\"><svg width=\"26px\" height=\"30px\" viewBox=\"0 0 26 30\" version=\"1.1\" xmlns=\"http:\/\/www.w3.org\/2000\/svg\" xmlns:xlink=\"http:\/\/www.w3.org\/1999\/xlink\">\n                            <g id=\"Page-1\" stroke=\"none\" stroke-width=\"1\" fill=\"none\" fill-rule=\"evenodd\" opacity=\"0.147770473\">\n                                <g id=\"24\" transform=\"translate(-849.000000, -1528.000000)\" fill=\"#000000\" fill-rule=\"nonzero\">\n                                    <g id=\"Group-3\" transform=\"translate(233.000000, 1504.000000)\">\n                                        <g id=\"Group-11\" transform=\"translate(616.000000, 24.000000)\">\n                                            <path d=\"M0,0 L0,25.8333333 L4.19354839,30 L26,30 L26,4.16666667 L21.8064516,0 L0,0 Z M2.51612903,2.5 L20.1290323,2.5 L20.1290323,24.1666667 L2.51612903,24.1666667 L2.51612903,2.5 Z M23.483871,27.5 L5.23354839,27.5 L3.55612903,25.8333333 L21.8064516,25.8333333 L21.8064516,3.53333333 L23.483871,5.2 L23.483871,27.5 Z\" id=\"Shape\"><\/path>\n                                            <path d=\"M5.03225806,13.3333333 L17.6129032,13.3333333 L17.6129032,5 L5.03225806,5 L5.03225806,13.3333333 Z M6.70967742,6.66666667 L15.9354839,6.66666667 L15.9354839,11.6666667 L6.70967742,11.6666667 L6.70967742,6.66666667 Z\" id=\"Shape\"><\/path>\n                                        <\/g>\n                                    <\/g>\n                                <\/g>\n                            <\/g>\n                        <\/svg><p class=\"has-small-font-size\">Data de publicaci\u00f3<\/p><p class=\"attribute\">October 2019<\/p><\/div><div class=\"wp-block-column\"><svg width=\"26px\" height=\"30px\" viewBox=\"0 0 26 30\" version=\"1.1\" xmlns=\"http:\/\/www.w3.org\/2000\/svg\" xmlns:xlink=\"http:\/\/www.w3.org\/1999\/xlink\">\n                            <g id=\"Page-1\" stroke=\"none\" stroke-width=\"1\" fill=\"none\" fill-rule=\"evenodd\" opacity=\"0.147770473\">\n                                <g id=\"24\" transform=\"translate(-1222.000000, -1528.000000)\" fill=\"#000000\" fill-rule=\"nonzero\">\n                                    <g id=\"Group-3\" transform=\"translate(233.000000, 1504.000000)\">\n                                        <g id=\"Shape-2\" transform=\"translate(989.000000, 24.000000)\">\n                                            <path d=\"M0,0 L0,25.8333333 L4.19354839,30 L26,30 L26,4.16666667 L21.8064516,0 L0,0 Z M6.70967742,2.5 L10.0645161,2.5 L10.0645161,10.1 L8.38709677,9 L6.70967742,10.1 L6.70967742,2.5 Z M2.51612903,2.5 L5.03225806,2.5 L5.03225806,13.2333333 L8.38709677,11 L11.7419355,13.2333333 L11.7419355,2.5 L20.1290323,2.5 L20.1290323,24.1666667 L2.51612903,24.1666667 L2.51612903,2.5 Z M23.483871,27.5 L5.23354839,27.5 L3.55612903,25.8333333 L21.8064516,25.8333333 L21.8064516,3.53333333 L23.483871,5.2 L23.483871,27.5 Z\" id=\"Shape\"><\/path>\n                                        <\/g>\n                                    <\/g>\n                                <\/g>\n                            <\/g>\n                        <\/svg><p class=\"has-small-font-size\">Publicat per<\/p><p class=\"attribute\">Lynx Edicions<\/p><\/div><\/div><div id=\"professionals\" class=\"max-width padding-sides\"><h2>Editors<\/h2><div class=\"professionals-wrapper\"><p class=\"professional\"><a href=\"https:\/\/lynxnaturebooks.com\/ca\/professional\/don-e-wilson\/\">Don E. Wilson<\/a><\/p><p class=\"professional\"><a href=\"https:\/\/lynxnaturebooks.com\/ca\/professional\/russell-a-mittermeier\/\">Russell A. Mittermeier<\/a><\/p><\/div><h2>Il\u00b7lustradors<\/h2><div class=\"professionals-wrapper\"><p class=\"professional\"><a href=\"https:\/\/lynxnaturebooks.com\/professional\/ilian-velikov\/\">Ilian Velikov<\/a><\/p><p class=\"professional\"><a href=\"https:\/\/lynxnaturebooks.com\/ca\/professional\/alex-mascarell\/\">\u00c0lex Mascarell<\/a><\/p><p class=\"professional\"><a href=\"https:\/\/lynxnaturebooks.com\/ca\/professional\/lluis-sogorb\/\">Llu\u00eds Sogorb<\/a><\/p><p class=\"professional\"><a href=\"https:\/\/lynxnaturebooks.com\/ca\/professional\/blanca-marti\/\">Blanca Mart\u00ed<\/a><\/p><p class=\"professional\"><a href=\"https:\/\/lynxnaturebooks.com\/professional\/francesc-jutglar\/\">Francesc Jutglar<\/a><\/p><p class=\"professional\"><a href=\"https:\/\/lynxnaturebooks.com\/ca\/professional\/faansie-peacock\/\">Faansie Peacock<\/a><\/p><p class=\"professional\"><a href=\"https:\/\/lynxnaturebooks.com\/ca\/professional\/jesus-rodriguez-osorio\/\">Jes\u00fas Rodr\u00edguez-Osorio<\/a><\/p><\/div><\/div>        <!-- <h2 id=\"autors\" class=\"has-text-align-center\"><\/h2>\n        <div class=\"product-autors max-width-narrow\">\n                    <\/div> -->\n    \n\n\n\n<div class=\"wp-block-group max-width-narrow max-height\"><div class=\"wp-block-group__inner-container is-layout-constrained wp-block-group-is-layout-constrained\">\n<h2 class=\"wp-block-heading has-text-align-center\">Descripci\u00f3<\/h2>\n\n\n\n<p>Hem guardat el millor per al final! El volum 9 completa la s\u00e8rie <em>Handbook of Mammals of the World<\/em> , i tracta sobre els ratpenats, l&#8217;ordre dels Chiroptera.<\/p>\n\n\n\n<p>El nostre coneixement dels ratpenats ha esclatat en les \u00faltimes dues d\u00e8cades, i tota aquesta informaci\u00f3 es reflecteix en aquest volum. El nombre d&#8217;esp\u00e8cies reconegudes ha augmentat en m\u00e9s de 400 durant aquest temps i segueix creixent. Els ratpenats ocupen gaireb\u00e9 tots els h\u00e0bitats dels sis continents i la seva ecologia \u00e9s incre\u00efblement diversa. Pol\u00b7linitzadors i dispersors de llavors per a milers d&#8217;esp\u00e8cies de plantes, els ratpenats s\u00f3n fonamentals per al manteniment dels ecosistemes tropicals.<\/p>\n\n\n\n<p>Com sempre, el text inclou informaci\u00f3 actualitzada sobre cada esp\u00e8cie, i cadascuna est\u00e0 acuradament il\u00b7lustrada. Els relats familiars inclouen fotografies en color que documenten una varietat de comportaments d&#8217;aquests interessants mam\u00edfers.<\/p>\n\n\n\n<div class=\"wp-block-columns are-vertically-aligned-center is-layout-flex wp-container-core-columns-is-layout-9d6595d7 wp-block-columns-is-layout-flex\">\n<div class=\"wp-block-column is-vertically-aligned-center is-layout-flow wp-block-column-is-layout-flow\" style=\"flex-basis:33.33%\"><div class=\"wp-block-image\">\n<figure class=\"aligncenter\"><img loading=\"lazy\" decoding=\"async\" width=\"150\" height=\"150\" src=\"https:\/\/lynxnaturebooks.com\/wp-content\/uploads\/2020\/12\/Choice-Academic-Title-150x150.png\" alt=\"\" class=\"wp-image-36501\" srcset=\"https:\/\/lynxnaturebooks.com\/wp-content\/uploads\/2020\/12\/Choice-Academic-Title-150x150.png 150w, https:\/\/lynxnaturebooks.com\/wp-content\/uploads\/2020\/12\/Choice-Academic-Title-100x100.png 100w, https:\/\/lynxnaturebooks.com\/wp-content\/uploads\/2020\/12\/Choice-Academic-Title-510x509.png 510w, https:\/\/lynxnaturebooks.com\/wp-content\/uploads\/2020\/12\/Choice-Academic-Title-300x300.png 300w, https:\/\/lynxnaturebooks.com\/wp-content\/uploads\/2020\/12\/Choice-Academic-Title.png 600w\" sizes=\"auto, (max-width: 150px) 100vw, 150px\" \/><\/figure>\n<\/div><\/div>\n\n\n\n<div class=\"wp-block-column is-vertically-aligned-center is-layout-flow wp-block-column-is-layout-flow\" style=\"flex-basis:66.66%\">\n<p>Atorgat <a href=\"https:\/\/lynxnaturebooks.com\/wp-content\/uploads\/2020\/12\/Choice-Award-2020-HMW9.pdf\" target=\"_blank\" rel=\"noreferrer noopener\">al t\u00edtol acad\u00e8mic destacat, 2020<\/a> <strong>&#8216; <a href=\"http:\/\/www.ala.org\/acrl\/choice\/outstanding\" target=\"_blank\" rel=\"noreferrer noopener\">CHOICE<\/a> : Current Reviews for Academic Libraries&#8217;.<\/strong><\/p>\n\n\n\n<p><em>Choice<\/em> publica una llista de t\u00edtols acad\u00e8mics destacats que es van revisar durant l&#8217;any natural anterior. Aquesta prestigiosa llista reflecteix el millor en t\u00edtols acad\u00e8mics revisats per <em>Choice<\/em> i porta amb si l&#8217;extraordinari reconeixement de la comunitat de biblioteques acad\u00e8mics.<\/p>\n<\/div>\n<\/div>\n\n\n\n<p><strong>Continguts i autors:<\/strong><\/p>\n\n\n\n<p><strong>Comanda CHIROPTERA<\/strong><\/p>\n\n\n\n<figure class=\"wp-block-table\"><table><tbody><tr><td>Fam\u00edlia Pteropodidae (Ratpenats de fruites del Vell M\u00f3n)<\/td><td>Norberto Giannini, Connor Burgin, Victor Van Cakenberghe, Susan Tsang, Stefan Hintsche, Tyrone Lavery, Frank Bonaccorso, Francisca Almeida i Brian O&#8217;Toole<\/td><\/tr><tr><td>Fam\u00edlia Rhinopomatidae (Ratpenats de cua de ratol\u00ed)<\/td><td>Ivan Hor\u00e1\u010dek<\/td><\/tr><tr><td>Fam\u00edlia Craseonycteridae (Ratpenat de nas de porc)<\/td><td>Tigga Kingston i Pipat Soisook<\/td><\/tr><tr><td>Fam\u00edlia Megadermatidae (Ratpenats falsos vampirs)<\/td><td>Carles M. Francesc<\/td><\/tr><tr><td>Fam\u00edlia Rhinonycteridae (Ratpenats tridents)<\/td><td>Petr Benda<\/td><\/tr><tr><td>Fam\u00edlia Hipposisididae (Ratpenats de nas de fulla del Vell M\u00f3n)<\/td><td>Ara Monadjem, Pipat Soisook, Vu Dinh Thong i Carme Tuneu-Corral<\/td><\/tr><tr><td>Fam\u00edlia Rhinolophidae (Ratpenats de ferradura)<\/td><td>G\u00e1bor Csorba, Anthony Hutson, Steve Rossiter i Connor Burgin<\/td><\/tr><tr><td>Fam\u00edlia Emballonuridae (Ratpenats de cua de beina)<\/td><td>Frank Bonaccorso<\/td><\/tr><tr><td>Fam\u00edlia Nycteridae (Ratpenats de cara escletxada)<\/td><td>Ara Monadjem<\/td><\/tr><tr><td>Fam\u00edlia Myzopodidae (Ratpenats amb peus ventosos de Madagascar)<\/td><td>Steve Goodman<\/td><\/tr><tr><td>Fam\u00edlia Mystacinidae (Ratpenats de cua curta de Nova Zelanda)<\/td><td>Cory Toth<\/td><\/tr><tr><td>Fam\u00edlia Noctilionidae (Ratpenats Bulldog)<\/td><td>Rodrigo Medell\u00edn<\/td><\/tr><tr><td>Fam\u00edlia Furipteridae (Ratpenat fumat i ratpenat sense polze)<\/td><td>Joaqu\u00edn Arroyo-Cabrales<\/td><\/tr><tr><td>Fam\u00edlia Thyropteridae (Ratpenats amb ales de disc)<\/td><td>Thomas Lee, Jr<\/td><\/tr><tr><td>Fam\u00edlia Mormoopidae ( ratpenats amb cara de fantasma, ratpenats d&#8217;esquena nu i ratpenats amb bigoti)<\/td><td>Ana Pavan<\/td><\/tr><tr><td>Fam\u00edlia Phyllostomidae (Ratpenats de nas de fulla del Nou M\u00f3n)<\/td><td>Sergio Solari, Rodrigo Medell\u00edn, Bernal Rodr\u00edguez-Herrera, Valeria da Cunha Tavares, Guilherme Garbino, M. Alejandra Camacho, Diego Tirira Sa\u00e1, Burton Lim, Joaqu\u00edn Arroyo-Cabrales, Armando Rodr\u00edguez-Dur\u00e1n, Elizabeth Dumont, Santiago Burneo, Luis F. Aguirre Urioste, Marco Tschapka &amp; Deborah Espinosa<\/td><\/tr><tr><td>Fam\u00edlia Natalidae (Ratpenats d&#8217;orelles d&#8217;embut)<\/td><td>Adri\u00e1n Tejedor<\/td><\/tr><tr><td>Fam\u00edlia Molossidae (Ratpenats de cua lliure)<\/td><td>Peter Taylor, Burton Lim, Michael Pennay, Pipat Soisook, Tigga Kingston, Livia Loureiro i Ligiane Moras<\/td><\/tr><tr><td>Fam\u00edlia Miniopteridae (Ratpenats de dits llargs)<\/td><td>Carlos Ib\u00e1\u00f1ez i Javier Juste<\/td><\/tr><tr><td>Fam\u00edlia Cistugidae (Ratpenats de les gl\u00e0ndules alars)<\/td><td>Manuel Ruedi<\/td><\/tr><tr><td>Fam\u00edlia Vespertilionidae (Vesper Rats)<\/td><td>Ricardo Moratelli, Connor Burgin, Vin\u00edcius Cl\u00e1udio, Roberto Novaes, Adri\u00e0 L\u00f3pez-Baucells i Rudolf Haslauer<\/td><\/tr><\/tbody><\/table><\/figure>\n\n\n\n<ul class=\"wp-block-list\">\n<li>73 l\u00e0mines de colors<\/li>\n\n\n\n<li>M\u00e9s de 450 fotografies en color<\/li>\n\n\n\n<li>1423 mapes de distribuci\u00f3<\/li>\n<\/ul>\n\n\n\n<p class=\"has-text-align-center button-link button-view-all\"><a href=\"#viewall\">Veure tot<\/a><\/p>\n<\/div><\/div>\n\n\n\n<div style=\"height:20px\" aria-hidden=\"true\" class=\"wp-block-spacer\"><\/div>\n\n\n\n<div class=\"wp-block-group max-width-narrow max-height\"><div class=\"wp-block-group__inner-container is-layout-constrained wp-block-group-is-layout-constrained\"><div class=\"wp-block-group max-width-narrow\"><\/div>\n\n\n\n<p class=\"has-text-align-center button-link button-view-all\"><a href=\"#viewall\">Veure tot<\/a><\/p>\n<\/div><\/div>\n","protected":false},"excerpt":{"rendered":"<p>Publicat per <strong>Lynx Edicions en associaci\u00f3 amb Conservation International i la UICN<\/strong> Hem guardat el millor per al final! El volum 9 completa la s\u00e8rie <em>Handbook of Mammals of the World<\/em> , i tracta sobre els ratpenats, l&#8217;ordre dels Chiroptera. El nostre coneixement dels ratpenats ha esclatat en les \u00faltimes dues d\u00e8cades, i tota aquesta informaci\u00f3 es reflecteix en aquest volum. El nombre d&#8217;esp\u00e8cies reconegudes ha augmentat en m\u00e9s de 400 durant aquest temps i segueix creixent. Els ratpenats ocupen gaireb\u00e9 tots els h\u00e0bitats dels sis continents i la seva ecologia \u00e9s incre\u00efblement diversa. Pol\u00b7linitzadors i dispersors de llavors per a milers d&#8217;esp\u00e8cies de plantes, els ratpenats s\u00f3n fonamentals per al manteniment dels ecosistemes tropicals. Com sempre, el text inclou informaci\u00f3 actualitzada sobre cada esp\u00e8cie, i cadascuna est\u00e0 acuradament il\u00b7lustrada. Els relats familiars inclouen fotografies en color que documenten una varietat de comportaments d&#8217;aquests interessants mam\u00edfers.<\/p>\n","protected":false},"featured_media":87438,"comment_status":"open","ping_status":"closed","template":"","meta":[],"collection":[],"product_brand":[],"product_cat":[243,190,187],"product_tag":[566],"class_list":{"0":"post-3038","1":"product","2":"type-product","3":"status-publish","4":"has-post-thumbnail","6":"product_cat-enciclopedies","7":"product_cat-handbook-of-the-mammals-of-the-world-ca","8":"product_cat-mamifers","9":"product_tag-ratpenats","11":"first","12":"instock","13":"shipping-taxable","14":"purchasable","15":"product-type-simple"},"_links":{"self":[{"href":"https:\/\/lynxnaturebooks.com\/ca\/wp-json\/wp\/v2\/product\/3038","targetHints":{"allow":["GET"]}}],"collection":[{"href":"https:\/\/lynxnaturebooks.com\/ca\/wp-json\/wp\/v2\/product"}],"about":[{"href":"https:\/\/lynxnaturebooks.com\/ca\/wp-json\/wp\/v2\/types\/product"}],"replies":[{"embeddable":true,"href":"https:\/\/lynxnaturebooks.com\/ca\/wp-json\/wp\/v2\/comments?post=3038"}],"wp:featuredmedia":[{"embeddable":true,"href":"https:\/\/lynxnaturebooks.com\/ca\/wp-json\/wp\/v2\/media\/87438"}],"wp:attachment":[{"href":"https:\/\/lynxnaturebooks.com\/ca\/wp-json\/wp\/v2\/media?parent=3038"}],"wp:term":[{"taxonomy":"collection","embeddable":true,"href":"https:\/\/lynxnaturebooks.com\/ca\/wp-json\/wp\/v2\/collection?post=3038"},{"taxonomy":"product_brand","embeddable":true,"href":"https:\/\/lynxnaturebooks.com\/ca\/wp-json\/wp\/v2\/product_brand?post=3038"},{"taxonomy":"product_cat","embeddable":true,"href":"https:\/\/lynxnaturebooks.com\/ca\/wp-json\/wp\/v2\/product_cat?post=3038"},{"taxonomy":"product_tag","embeddable":true,"href":"https:\/\/lynxnaturebooks.com\/ca\/wp-json\/wp\/v2\/product_tag?post=3038"}],"curies":[{"name":"wp","href":"https:\/\/api.w.org\/{rel}","templated":true}]}}