{"id":3037,"date":"2009-07-01T10:00:00","date_gmt":"2009-07-01T08:00:00","guid":{"rendered":"https:\/\/www.lynxeds.com\/product\/wildlife-in-a-changing-world\/"},"modified":"2024-07-16T15:55:41","modified_gmt":"2024-07-16T13:55:41","slug":"wildlife-in-a-changing-world","status":"publish","type":"product","link":"https:\/\/lynxnaturebooks.com\/ca\/producte\/wildlife-in-a-changing-world\/","title":{"rendered":"Wildlife in a changing world"},"content":{"rendered":"<p>La Llista Vermella d&#8217;Esp\u00e8cies Amena\u00e7ades\u2122 de la UICN \u00e9s la font d&#8217;informaci\u00f3 m\u00e9s completa sobre l&#8217;estat de conservaci\u00f3 global de les esp\u00e8cies vegetals i animals del m\u00f3n. Es basa en un sistema objectiu per avaluar el risc d&#8217;extinci\u00f3 d&#8217;una esp\u00e8cie. Les esp\u00e8cies catalogades com a en perill cr\u00edtic, en perill d&#8217;extinci\u00f3 o vulnerables es consideren amena\u00e7ades i, per tant, necessiten m\u00e9s atenci\u00f3 per la conservaci\u00f3.<\/p>\n<p>En aquest volum trobareu la informaci\u00f3 m\u00e9s actualitzada sobre els patrons d&#8217;esp\u00e8cies que s&#8217;enfronten a l&#8217;extinci\u00f3 en alguns dels ecosistemes m\u00e9s importants del m\u00f3n i els motius del seu estat en declivi. Per als gestors, aquesta informaci\u00f3 ajudar\u00e0 a dissenyar i oferir accions dirigides per mitigar aquestes amenaces. Des d&#8217;una perspectiva pol\u00edtica, la Llista Vermella ofereix una eina progressivament m\u00e9s valuosa. Proporciona cada cop m\u00e9s la informaci\u00f3 fonamental necess\u00e0ria per oferir indicadors de seguiment: progr\u00e9s respecte a les obligacions nacionals en virtut del CDB; l&#8217;estat de conservaci\u00f3 d&#8217;aquestes esp\u00e8cies en el comer\u00e7 internacional sota CITES; l&#8217;abast i la magnitud dels impactes del canvi clim\u00e0tic per informar a trav\u00e9s de la CMNUCC o per perfeccionar el nostre coneixement sobre les esp\u00e8cies migrat\u00f2ries a prop\u00f2sit de la CMS.<\/p>\n<p>La Llista Vermella ha crescut cont\u00ednuament pel que fa a la seva for\u00e7a t\u00e8cnica i amplitud, proporcionant una eina particularment \u00fanica i important per als qui prenen decisions. Amb totes les esp\u00e8cies d&#8217;amfibis, aus, mam\u00edfers i subconjunts d&#8217;altres grups taxon\u00f2mics ara avaluats, la Llista Vermella proporciona una pe\u00e7a de base important per als conservacionistes en descrivint els patrons de l&#8217;estat de conservaci\u00f3 de les esp\u00e8cies en els paisatges i els paisatges marins.<\/p>\n<p>Com a resultat de la seva cont\u00ednua actualitzaci\u00f3, expansi\u00f3 i aprofundiment del contingut, ara sabem millor que mai que el pron\u00f2stic de les esp\u00e8cies a tot el Planeta \u00e9s terrible. Aquest volum informa de nova informaci\u00f3 sobre esp\u00e8cies marines i d&#8217;aigua dol\u00e7a, que ofereixen serveis ecosist\u00e8mics importants, incl\u00f2s el subministrament de prote\u00efnes a algunes de les comunitats m\u00e9s pobres del m\u00f3n. Ara se sap que aquestes esp\u00e8cies s&#8217;enfronten a una amena\u00e7a extrema per la sobreexplotaci\u00f3 i la p\u00e8rdua d&#8217;h\u00e0bitat. Els nous coneixements presentats aqu\u00ed tamb\u00e9 ens ajuden a entendre millor les respostes diferencials i els patrons geogr\u00e0fics m\u00e9s probables que s&#8217;esperen quan els efectes del canvi clim\u00e0tic global comencen a afectar les esp\u00e8cies m\u00e9s susceptibles del m\u00f3n. Aquest treball d&#8217;avantguarda proporcionar\u00e0 capacitats predictives per a la planificaci\u00f3 a llarg termini i el desenvolupament de pol\u00edtiques a mesura que els efectes del canvi clim\u00e0tic es fan sentir cada cop m\u00e9s a tot el m\u00f3n.<\/p>\n<p>Gr\u00e0cies als esfor\u00e7os dedicats de milers de cient\u00edfics i professionals, la Llista Vermella de la UICN s&#8217;ha convertit en un dels est\u00e0ndards mundials m\u00e9s autoritzats que donen suport a les pol\u00edtiques i accions per conservar les esp\u00e8cies a tot el m\u00f3n.<\/p>\n<ul>\n<li>Versi\u00f3 francesa disponible: <a href=\"https:\/\/lynxnaturebooks.com\/product\/la-vie-sauvage-dans-un-monde-en-mutation\/\">La vie Sauvage dans un monde en mutation<\/a><\/li>\n<\/ul>\n","protected":false},"excerpt":{"rendered":"<p style=\"text-align: justify;\">La Llista Vermella d&#8217;Esp\u00e8cies Amena\u00e7ades\u2122 de la UICN \u00e9s la font d&#8217;informaci\u00f3 m\u00e9s completa sobre l&#8217;estat de conservaci\u00f3 global de les esp\u00e8cies vegetals i animals del m\u00f3n. Es basa en un sistema objectiu per avaluar el risc d&#8217;extinci\u00f3 d&#8217;una esp\u00e8cie. Les esp\u00e8cies catalogades com a en perill cr\u00edtic, en perill d&#8217;extinci\u00f3 o vulnerables es consideren amena\u00e7ades i, per tant, necessiten m\u00e9s atenci\u00f3 per la conservaci\u00f3.<\/p>\n","protected":false},"featured_media":1431,"comment_status":"open","ping_status":"closed","template":"","meta":[],"collection":[],"product_brand":[],"product_cat":[187,180],"product_tag":[],"class_list":{"0":"post-3037","1":"product","2":"type-product","3":"status-publish","4":"has-post-thumbnail","6":"product_cat-mamifers","7":"product_cat-monografies","9":"first","10":"discontinued","11":"shipping-taxable","12":"product-type-simple"},"_links":{"self":[{"href":"https:\/\/lynxnaturebooks.com\/ca\/wp-json\/wp\/v2\/product\/3037","targetHints":{"allow":["GET"]}}],"collection":[{"href":"https:\/\/lynxnaturebooks.com\/ca\/wp-json\/wp\/v2\/product"}],"about":[{"href":"https:\/\/lynxnaturebooks.com\/ca\/wp-json\/wp\/v2\/types\/product"}],"replies":[{"embeddable":true,"href":"https:\/\/lynxnaturebooks.com\/ca\/wp-json\/wp\/v2\/comments?post=3037"}],"wp:featuredmedia":[{"embeddable":true,"href":"https:\/\/lynxnaturebooks.com\/ca\/wp-json\/wp\/v2\/media\/1431"}],"wp:attachment":[{"href":"https:\/\/lynxnaturebooks.com\/ca\/wp-json\/wp\/v2\/media?parent=3037"}],"wp:term":[{"taxonomy":"collection","embeddable":true,"href":"https:\/\/lynxnaturebooks.com\/ca\/wp-json\/wp\/v2\/collection?post=3037"},{"taxonomy":"product_brand","embeddable":true,"href":"https:\/\/lynxnaturebooks.com\/ca\/wp-json\/wp\/v2\/product_brand?post=3037"},{"taxonomy":"product_cat","embeddable":true,"href":"https:\/\/lynxnaturebooks.com\/ca\/wp-json\/wp\/v2\/product_cat?post=3037"},{"taxonomy":"product_tag","embeddable":true,"href":"https:\/\/lynxnaturebooks.com\/ca\/wp-json\/wp\/v2\/product_tag?post=3037"}],"curies":[{"name":"wp","href":"https:\/\/api.w.org\/{rel}","templated":true}]}}