{"id":3035,"date":"2009-10-01T10:00:00","date_gmt":"2009-10-01T08:00:00","guid":{"rendered":"https:\/\/www.lynxeds.com\/product\/els-ericons-i-la-terra-fosca\/"},"modified":"2024-07-16T15:55:41","modified_gmt":"2024-07-16T13:55:41","slug":"els-ericons-i-la-terra-fosca","status":"publish","type":"product","link":"https:\/\/lynxnaturebooks.com\/ca\/producte\/els-ericons-i-la-terra-fosca\/","title":{"rendered":"Els eri\u00e7ons i la terra fosca"},"content":{"rendered":"<p>L&#8217;eri\u00e7\u00f3 Pincho viu amb la seva fam\u00edlia al vessant d&#8217;una muntanya. \u00c9s curi\u00f3s i aventurer, aix\u00ed que quan s&#8217;assabenta de les terres fosques, simplement ha d&#8217;anar a descobrir aquest lloc misteri\u00f3s i amena\u00e7ador. El que Pincho no s&#8217;adona \u00e9s que les terres fosques seran l&#8217;\u00fanic lloc d&#8217;escapament quan hi hagi un incendi terrible&#8230;<\/p>\n<p>Secci\u00f3 de no ficci\u00f3 sobre eri\u00e7ons.<\/p>\n","protected":false},"excerpt":{"rendered":"<p>L&#8217;eri\u00e7\u00f3 Pincho viu amb la seva fam\u00edlia al vessant d&#8217;una muntanya. \u00c9s curi\u00f3s i aventurer, aix\u00ed que quan s&#8217;assabenta de les terres fosques, simplement ha d&#8217;anar a descobrir aquest lloc misteri\u00f3s i amena\u00e7ador. El que Pincho no s&#8217;adona \u00e9s que les terres fosques seran l&#8217;\u00fanic lloc d&#8217;escapament quan hi hagi un incendi terrible&#8230;<\/p>\n<p>Secci\u00f3 de no ficci\u00f3 sobre eri\u00e7ons.<\/p>\n","protected":false},"featured_media":1429,"comment_status":"open","ping_status":"closed","template":"","meta":[],"collection":[],"product_brand":[],"product_cat":[615,618],"product_tag":[],"class_list":{"0":"post-3035","1":"product","2":"type-product","3":"status-publish","4":"has-post-thumbnail","6":"product_cat-llibres-infantils","7":"product_cat-miscellania-2","9":"first","10":"discontinued","11":"shipping-taxable","12":"product-type-simple"},"_links":{"self":[{"href":"https:\/\/lynxnaturebooks.com\/ca\/wp-json\/wp\/v2\/product\/3035","targetHints":{"allow":["GET"]}}],"collection":[{"href":"https:\/\/lynxnaturebooks.com\/ca\/wp-json\/wp\/v2\/product"}],"about":[{"href":"https:\/\/lynxnaturebooks.com\/ca\/wp-json\/wp\/v2\/types\/product"}],"replies":[{"embeddable":true,"href":"https:\/\/lynxnaturebooks.com\/ca\/wp-json\/wp\/v2\/comments?post=3035"}],"wp:featuredmedia":[{"embeddable":true,"href":"https:\/\/lynxnaturebooks.com\/ca\/wp-json\/wp\/v2\/media\/1429"}],"wp:attachment":[{"href":"https:\/\/lynxnaturebooks.com\/ca\/wp-json\/wp\/v2\/media?parent=3035"}],"wp:term":[{"taxonomy":"collection","embeddable":true,"href":"https:\/\/lynxnaturebooks.com\/ca\/wp-json\/wp\/v2\/collection?post=3035"},{"taxonomy":"product_brand","embeddable":true,"href":"https:\/\/lynxnaturebooks.com\/ca\/wp-json\/wp\/v2\/product_brand?post=3035"},{"taxonomy":"product_cat","embeddable":true,"href":"https:\/\/lynxnaturebooks.com\/ca\/wp-json\/wp\/v2\/product_cat?post=3035"},{"taxonomy":"product_tag","embeddable":true,"href":"https:\/\/lynxnaturebooks.com\/ca\/wp-json\/wp\/v2\/product_tag?post=3035"}],"curies":[{"name":"wp","href":"https:\/\/api.w.org\/{rel}","templated":true}]}}