{"id":3031,"date":"2007-03-01T10:00:00","date_gmt":"2007-03-01T09:00:00","guid":{"rendered":"https:\/\/www.lynxeds.com\/product\/los-aucells-de-teia-i-masnou\/"},"modified":"2024-07-16T15:55:42","modified_gmt":"2024-07-16T13:55:42","slug":"los-aucells-de-teia-i-masnou","status":"publish","type":"product","link":"https:\/\/lynxnaturebooks.com\/ca\/producte\/los-aucells-de-teia-i-masnou\/","title":{"rendered":"Los Aucells de Tei\u00e0 i Masnou"},"content":{"rendered":"<p>Nova edici\u00f3 d&#8217;un dels primers textos ornitol\u00f2gics escrits en catal\u00e0. Inclou un relat biogr\u00e0fic de Jacint Barrera (Tei\u00e0, 1852 \u2013 1932) i una valoraci\u00f3 del seu treball cient\u00edfic.<\/p>\n","protected":false},"excerpt":{"rendered":"<p>Nova edici\u00f3 d&#8217;un dels primers textos ornitol\u00f2gics escrits en catal\u00e0, inclou un relat biogr\u00e0fic de Jacint Barrera (Tei\u00e0, 1852 \u2013 1932) i una valoraci\u00f3 del seu treball cient\u00edfic.<\/p>\n","protected":false},"featured_media":84638,"comment_status":"open","ping_status":"closed","template":"","meta":[],"collection":[],"product_brand":[],"product_cat":[180,227,179],"product_tag":[],"class_list":{"0":"post-3031","1":"product","2":"type-product","3":"status-publish","4":"has-post-thumbnail","6":"product_cat-monografies","7":"product_cat-ocells","8":"product_cat-paleartica-ca","10":"first","11":"discontinued","12":"sale","13":"shipping-taxable","14":"product-type-simple"},"_links":{"self":[{"href":"https:\/\/lynxnaturebooks.com\/ca\/wp-json\/wp\/v2\/product\/3031","targetHints":{"allow":["GET"]}}],"collection":[{"href":"https:\/\/lynxnaturebooks.com\/ca\/wp-json\/wp\/v2\/product"}],"about":[{"href":"https:\/\/lynxnaturebooks.com\/ca\/wp-json\/wp\/v2\/types\/product"}],"replies":[{"embeddable":true,"href":"https:\/\/lynxnaturebooks.com\/ca\/wp-json\/wp\/v2\/comments?post=3031"}],"wp:featuredmedia":[{"embeddable":true,"href":"https:\/\/lynxnaturebooks.com\/ca\/wp-json\/wp\/v2\/media\/84638"}],"wp:attachment":[{"href":"https:\/\/lynxnaturebooks.com\/ca\/wp-json\/wp\/v2\/media?parent=3031"}],"wp:term":[{"taxonomy":"collection","embeddable":true,"href":"https:\/\/lynxnaturebooks.com\/ca\/wp-json\/wp\/v2\/collection?post=3031"},{"taxonomy":"product_brand","embeddable":true,"href":"https:\/\/lynxnaturebooks.com\/ca\/wp-json\/wp\/v2\/product_brand?post=3031"},{"taxonomy":"product_cat","embeddable":true,"href":"https:\/\/lynxnaturebooks.com\/ca\/wp-json\/wp\/v2\/product_cat?post=3031"},{"taxonomy":"product_tag","embeddable":true,"href":"https:\/\/lynxnaturebooks.com\/ca\/wp-json\/wp\/v2\/product_tag?post=3031"}],"curies":[{"name":"wp","href":"https:\/\/api.w.org\/{rel}","templated":true}]}}