{"id":3000,"date":"2010-05-01T10:00:00","date_gmt":"2010-05-01T08:00:00","guid":{"rendered":"https:\/\/www.lynxeds.com\/product\/la-llico-den-quatre-potes\/"},"modified":"2025-05-06T12:05:13","modified_gmt":"2025-05-06T10:05:13","slug":"la-llico-den-quatre-potes","status":"publish","type":"product","link":"https:\/\/lynxnaturebooks.com\/ca\/producte\/la-llico-den-quatre-potes\/","title":{"rendered":"La lli\u00e7\u00f3 d&#8217;en Quatre Potes"},"content":{"rendered":"<p>Un conte emocionant i tendre que far\u00e0 reflexionar els m\u00e9s petits sobre la relaci\u00f3 entre els humans i els animals.<\/p>\n<p>Cada dia, en Quatre Potes, el ximpanz\u00e9 m\u00e9s vell i savi del grup, reuneix els m\u00e9s joves a l\u2019ombra d\u2019un arbre per fer-los classe. Avui els parlar\u00e0 dels \u00e9ssers humans, de com han evolucionat i de com aquesta evoluci\u00f3 els ha allunyat de la natura. A trav\u00e9s d\u2019aquesta lli\u00e7\u00f3 magistral, els petits simis descobriran com vivien els humans, qu\u00e8 han perdut pel cam\u00ed i com les seves accions poden afectar la resta d\u2019esp\u00e8cies.<\/p>\n<p>Amb una narraci\u00f3 propera, clara i plena d\u2019humor, aquest llibre esdev\u00e9 una eina per aprendre a estimar la natura i entendre la import\u00e0ncia de protegir-la. A m\u00e9s, inclou una secci\u00f3 final de divulgaci\u00f3 cient\u00edfica per aprofundir en el coneixement dels ximpanz\u00e9s i els seus h\u00e0bitats.<\/p>\n<p>Ideal per a fam\u00edlies i escoles que vulguin fomentar una mirada cr\u00edtica, emp\u00e0tica i compromesa amb el medi ambient.<\/p>\n","protected":false},"excerpt":{"rendered":"<p>Un conte entranyable sobre un ximpanz\u00e9 savi i la seva classe m\u00e9s important: entendre els humans.<br \/>\n<em>La lli\u00e7\u00f3 d\u2019en Quatre Potes<\/em> convida els petits lectors a reflexionar sobre l\u2019evoluci\u00f3, la natura i els vincles entre esp\u00e8cies amb tendresa i un toc d\u2019humor.<\/p>\n","protected":false},"featured_media":1413,"comment_status":"open","ping_status":"closed","template":"","meta":[],"collection":[],"product_brand":[],"product_cat":[615,618],"product_tag":[],"class_list":{"0":"post-3000","1":"product","2":"type-product","3":"status-publish","4":"has-post-thumbnail","6":"product_cat-llibres-infantils","7":"product_cat-miscellania-2","9":"first","10":"discontinued","11":"shipping-taxable","12":"product-type-simple"},"_links":{"self":[{"href":"https:\/\/lynxnaturebooks.com\/ca\/wp-json\/wp\/v2\/product\/3000","targetHints":{"allow":["GET"]}}],"collection":[{"href":"https:\/\/lynxnaturebooks.com\/ca\/wp-json\/wp\/v2\/product"}],"about":[{"href":"https:\/\/lynxnaturebooks.com\/ca\/wp-json\/wp\/v2\/types\/product"}],"replies":[{"embeddable":true,"href":"https:\/\/lynxnaturebooks.com\/ca\/wp-json\/wp\/v2\/comments?post=3000"}],"wp:featuredmedia":[{"embeddable":true,"href":"https:\/\/lynxnaturebooks.com\/ca\/wp-json\/wp\/v2\/media\/1413"}],"wp:attachment":[{"href":"https:\/\/lynxnaturebooks.com\/ca\/wp-json\/wp\/v2\/media?parent=3000"}],"wp:term":[{"taxonomy":"collection","embeddable":true,"href":"https:\/\/lynxnaturebooks.com\/ca\/wp-json\/wp\/v2\/collection?post=3000"},{"taxonomy":"product_brand","embeddable":true,"href":"https:\/\/lynxnaturebooks.com\/ca\/wp-json\/wp\/v2\/product_brand?post=3000"},{"taxonomy":"product_cat","embeddable":true,"href":"https:\/\/lynxnaturebooks.com\/ca\/wp-json\/wp\/v2\/product_cat?post=3000"},{"taxonomy":"product_tag","embeddable":true,"href":"https:\/\/lynxnaturebooks.com\/ca\/wp-json\/wp\/v2\/product_tag?post=3000"}],"curies":[{"name":"wp","href":"https:\/\/api.w.org\/{rel}","templated":true}]}}