{"id":2999,"date":"2010-05-01T10:00:00","date_gmt":"2010-05-01T08:00:00","guid":{"rendered":"https:\/\/www.lynxeds.com\/product\/la-ratolina-al-circ\/"},"modified":"2024-07-16T15:55:40","modified_gmt":"2024-07-16T13:55:40","slug":"la-ratolina-al-circ","status":"publish","type":"product","link":"https:\/\/lynxnaturebooks.com\/ca\/producte\/la-ratolina-al-circ\/","title":{"rendered":"La Ratolina al circ"},"content":{"rendered":"<p>Quan el circ arriba a la ciutat, Ratolina queda sorpr\u00e8s davant l&#8217;enorme i imponent lle\u00f3. La b\u00e8stia, per\u00f2, \u00e9s infeli\u00e7: odia ser tancat en una g\u00e0bia i desitja ser tan lliure com quan era jove i vivia a la sabana. A Ratolina li agradaria ser tan gran i forta com el lle\u00f3, entrar al ring i escoltar els aplaudiments del p\u00fablic. T\u00e9 una idea: el mag t\u00e9 una caixa m\u00e0gica que pot utilitzar per convertir-se en un lle\u00f3, i el lle\u00f3 en un ratol\u00ed. Llavors cadascun d&#8217;ells pot descobrir com \u00e9s la vida de l&#8217;altre&#8230;<\/p>\n<p>&nbsp;<\/p>\n<p>Secci\u00f3 de no ficci\u00f3 sobre lleons.<\/p>\n","protected":false},"excerpt":{"rendered":"<p>Quan el circ arriba a la ciutat, Ratolina es sorpr\u00e8n davant l&#8217;enorme i imponent lle\u00f3. La b\u00e8stia, per\u00f2, \u00e9s infeli\u00e7: odia ser tancat en una g\u00e0bia i desitja ser tan lliure com quan era jove i vivia a la sabana. A Ratolina li agradaria ser tan gran i forta com el lle\u00f3, entrar al ring i escoltar els aplaudiments del p\u00fablic. T\u00e9 una idea: el mag t\u00e9 una caixa m\u00e0gica que pot utilitzar per convertir-se en un lle\u00f3, i el lle\u00f3 en un ratol\u00ed. Llavors cadascun d&#8217;ells pot descobrir com \u00e9s la vida de l&#8217;altre&#8230;<\/p>\n<p>&nbsp;<\/p>\n<p>Secci\u00f3 de no ficci\u00f3 sobre lleons.<\/p>\n","protected":false},"featured_media":1415,"comment_status":"open","ping_status":"closed","template":"","meta":[],"collection":[],"product_brand":[],"product_cat":[615,618],"product_tag":[],"class_list":{"0":"post-2999","1":"product","2":"type-product","3":"status-publish","4":"has-post-thumbnail","6":"product_cat-llibres-infantils","7":"product_cat-miscellania-2","9":"first","10":"discontinued","11":"shipping-taxable","12":"product-type-simple"},"_links":{"self":[{"href":"https:\/\/lynxnaturebooks.com\/ca\/wp-json\/wp\/v2\/product\/2999","targetHints":{"allow":["GET"]}}],"collection":[{"href":"https:\/\/lynxnaturebooks.com\/ca\/wp-json\/wp\/v2\/product"}],"about":[{"href":"https:\/\/lynxnaturebooks.com\/ca\/wp-json\/wp\/v2\/types\/product"}],"replies":[{"embeddable":true,"href":"https:\/\/lynxnaturebooks.com\/ca\/wp-json\/wp\/v2\/comments?post=2999"}],"wp:featuredmedia":[{"embeddable":true,"href":"https:\/\/lynxnaturebooks.com\/ca\/wp-json\/wp\/v2\/media\/1415"}],"wp:attachment":[{"href":"https:\/\/lynxnaturebooks.com\/ca\/wp-json\/wp\/v2\/media?parent=2999"}],"wp:term":[{"taxonomy":"collection","embeddable":true,"href":"https:\/\/lynxnaturebooks.com\/ca\/wp-json\/wp\/v2\/collection?post=2999"},{"taxonomy":"product_brand","embeddable":true,"href":"https:\/\/lynxnaturebooks.com\/ca\/wp-json\/wp\/v2\/product_brand?post=2999"},{"taxonomy":"product_cat","embeddable":true,"href":"https:\/\/lynxnaturebooks.com\/ca\/wp-json\/wp\/v2\/product_cat?post=2999"},{"taxonomy":"product_tag","embeddable":true,"href":"https:\/\/lynxnaturebooks.com\/ca\/wp-json\/wp\/v2\/product_tag?post=2999"}],"curies":[{"name":"wp","href":"https:\/\/api.w.org\/{rel}","templated":true}]}}