{"id":2988,"date":"2010-11-01T10:00:00","date_gmt":"2010-11-01T09:00:00","guid":{"rendered":"https:\/\/www.lynxeds.com\/product\/el-mundo-mas-bonito\/"},"modified":"2024-07-16T15:55:40","modified_gmt":"2024-07-16T13:55:40","slug":"el-mundo-mas-bonito","status":"publish","type":"product","link":"https:\/\/lynxnaturebooks.com\/ca\/producte\/el-mundo-mas-bonito\/","title":{"rendered":"El mundo m\u00e1s bonito"},"content":{"rendered":"<p>Mosseyes i Goldeneyes s\u00f3n dos cadells de llop que encara s\u00f3n massa joves per deixar la cova sols. Un dia, quan els seus pares surten a ca\u00e7ar, Ulls d&#8217;Or no poden resistir la temptaci\u00f3 de sortir. Mosseyes haur\u00e0 d&#8217;ajudar-lo a escapar dels perills que l&#8217;esperen quan es troben lluny de casa&#8230;<\/p>\n<p>La secci\u00f3 de no ficci\u00f3 tracta sobre els llops.<\/p>\n","protected":false},"excerpt":{"rendered":"<p>Mosseyes i Goldeneyes s\u00f3n dos cadells de llop que encara s\u00f3n massa joves per deixar la cova sols. Un dia, quan els seus pares surten a ca\u00e7ar, Ulls d&#8217;Or no poden resistir la temptaci\u00f3 de sortir. Mosseyes haur\u00e0 d&#8217;ajudar-lo a escapar dels perills que l&#8217;esperen quan es troben lluny de casa&#8230;<\/p>\n<p>La secci\u00f3 de no ficci\u00f3 tracta sobre els llops.<\/p>\n","protected":false},"featured_media":1393,"comment_status":"open","ping_status":"closed","template":"","meta":[],"collection":[],"product_brand":[],"product_cat":[615,618],"product_tag":[],"class_list":{"0":"post-2988","1":"product","2":"type-product","3":"status-publish","4":"has-post-thumbnail","6":"product_cat-llibres-infantils","7":"product_cat-miscellania-2","9":"first","10":"discontinued","11":"shipping-taxable","12":"product-type-simple"},"_links":{"self":[{"href":"https:\/\/lynxnaturebooks.com\/ca\/wp-json\/wp\/v2\/product\/2988","targetHints":{"allow":["GET"]}}],"collection":[{"href":"https:\/\/lynxnaturebooks.com\/ca\/wp-json\/wp\/v2\/product"}],"about":[{"href":"https:\/\/lynxnaturebooks.com\/ca\/wp-json\/wp\/v2\/types\/product"}],"replies":[{"embeddable":true,"href":"https:\/\/lynxnaturebooks.com\/ca\/wp-json\/wp\/v2\/comments?post=2988"}],"wp:featuredmedia":[{"embeddable":true,"href":"https:\/\/lynxnaturebooks.com\/ca\/wp-json\/wp\/v2\/media\/1393"}],"wp:attachment":[{"href":"https:\/\/lynxnaturebooks.com\/ca\/wp-json\/wp\/v2\/media?parent=2988"}],"wp:term":[{"taxonomy":"collection","embeddable":true,"href":"https:\/\/lynxnaturebooks.com\/ca\/wp-json\/wp\/v2\/collection?post=2988"},{"taxonomy":"product_brand","embeddable":true,"href":"https:\/\/lynxnaturebooks.com\/ca\/wp-json\/wp\/v2\/product_brand?post=2988"},{"taxonomy":"product_cat","embeddable":true,"href":"https:\/\/lynxnaturebooks.com\/ca\/wp-json\/wp\/v2\/product_cat?post=2988"},{"taxonomy":"product_tag","embeddable":true,"href":"https:\/\/lynxnaturebooks.com\/ca\/wp-json\/wp\/v2\/product_tag?post=2988"}],"curies":[{"name":"wp","href":"https:\/\/api.w.org\/{rel}","templated":true}]}}