{"id":2984,"date":"2010-11-01T10:00:00","date_gmt":"2010-11-01T09:00:00","guid":{"rendered":"https:\/\/www.lynxeds.com\/product\/el-camaleo-enfadat\/"},"modified":"2024-07-16T15:55:40","modified_gmt":"2024-07-16T13:55:40","slug":"el-camaleo-enfadat","status":"publish","type":"product","link":"https:\/\/lynxnaturebooks.com\/ca\/producte\/el-camaleo-enfadat\/","title":{"rendered":"El camale\u00f3 enfadat"},"content":{"rendered":"<p>En Bernat \u00e9s un camale\u00f3 enfadat. No li agrada canviar de color ni que ho facin altres camaleons. Sempre est\u00e0 sol i li agrada el seu color enfadat. Un dia coneix en Seraf\u00ed, un altre camale\u00f3 que li fa veure que el que en Bernat pensa que \u00e9s un color enfadat, \u00e9s realment el color de la tristesa. A poc a poc en Bernat comen\u00e7a a adonar-se que tenir amics i provar els colors de tots els diferents sentiments i emocions que ofereix la vida \u00e9s molt millor que estar sol, trist i enfadat.<\/p>\n","protected":false},"excerpt":{"rendered":"<p>En Bernat \u00e9s un camale\u00f3 enfadat. No li agrada canviar de color ni que ho facin altres camaleons. Sempre est\u00e0 sol i li agrada el seu color enfadat. Un dia coneix en Seraf\u00ed, un altre camale\u00f3 que li fa veure que el que en Bernat pensa que \u00e9s un color enfadat, \u00e9s realment el color de la tristesa. A poc a poc en Bernat comen\u00e7a a adonar-se que tenir amics i provar els colors de tots els diferents sentiments i emocions que ofereix la vida \u00e9s molt millor que estar sol, trist i enfadat.<\/p>\n","protected":false},"featured_media":1397,"comment_status":"open","ping_status":"closed","template":"","meta":[],"collection":[],"product_brand":[],"product_cat":[615,618],"product_tag":[],"class_list":{"0":"post-2984","1":"product","2":"type-product","3":"status-publish","4":"has-post-thumbnail","6":"product_cat-llibres-infantils","7":"product_cat-miscellania-2","9":"first","10":"discontinued","11":"shipping-taxable","12":"product-type-simple"},"_links":{"self":[{"href":"https:\/\/lynxnaturebooks.com\/ca\/wp-json\/wp\/v2\/product\/2984","targetHints":{"allow":["GET"]}}],"collection":[{"href":"https:\/\/lynxnaturebooks.com\/ca\/wp-json\/wp\/v2\/product"}],"about":[{"href":"https:\/\/lynxnaturebooks.com\/ca\/wp-json\/wp\/v2\/types\/product"}],"replies":[{"embeddable":true,"href":"https:\/\/lynxnaturebooks.com\/ca\/wp-json\/wp\/v2\/comments?post=2984"}],"wp:featuredmedia":[{"embeddable":true,"href":"https:\/\/lynxnaturebooks.com\/ca\/wp-json\/wp\/v2\/media\/1397"}],"wp:attachment":[{"href":"https:\/\/lynxnaturebooks.com\/ca\/wp-json\/wp\/v2\/media?parent=2984"}],"wp:term":[{"taxonomy":"collection","embeddable":true,"href":"https:\/\/lynxnaturebooks.com\/ca\/wp-json\/wp\/v2\/collection?post=2984"},{"taxonomy":"product_brand","embeddable":true,"href":"https:\/\/lynxnaturebooks.com\/ca\/wp-json\/wp\/v2\/product_brand?post=2984"},{"taxonomy":"product_cat","embeddable":true,"href":"https:\/\/lynxnaturebooks.com\/ca\/wp-json\/wp\/v2\/product_cat?post=2984"},{"taxonomy":"product_tag","embeddable":true,"href":"https:\/\/lynxnaturebooks.com\/ca\/wp-json\/wp\/v2\/product_tag?post=2984"}],"curies":[{"name":"wp","href":"https:\/\/api.w.org\/{rel}","templated":true}]}}