{"id":2982,"date":"1992-09-01T10:00:00","date_gmt":"1992-09-01T10:00:00","guid":{"rendered":"https:\/\/www.lynxeds.com\/product\/handbook-of-the-birds-of-the-world-volume-1\/"},"modified":"2026-04-23T02:23:58","modified_gmt":"2026-04-23T00:23:58","slug":"handbook-of-the-birds-of-the-world-volume-1","status":"publish","type":"product","link":"https:\/\/lynxnaturebooks.com\/ca\/producte\/handbook-of-the-birds-of-the-world-volume-1\/","title":{"rendered":"<span class=\"title\">Handbook of the Birds of the World<\/span><span class=\"subtitle\">Volume 1: Ostrich to Ducks<\/span>"},"content":{"rendered":"\n<div class=\"wp-block-group frases-slide\"><div class=\"wp-block-group__inner-container is-layout-constrained wp-block-group-is-layout-constrained\">\n<div class=\"wp-block-group quote-group slide\"><div class=\"wp-block-group__inner-container is-layout-constrained wp-block-group-is-layout-constrained\">\n<p class=\"has-text-align-center has-medium-font-size\">&#8220;Comencem aquesta ressenya amb un simple i contundent &#8220;Uau!&#8221;. Aquest impressionant primer volum dona inici a un projecte realment ambici\u00f3s: documentar els ocells del m\u00f3n en 10 grans volums\u2026 Ning\u00fa de nosaltres estava preparat per a un llibre tan extraordinari. No t\u00e9 veritables rivals\u2026 una obra sensacional\u2026 amb un text ric i detallat, fotografies de primera qualitat\u2026 i una edici\u00f3 impecable tant pel que fa al contingut com a l\u2019aspecte t\u00e8cnic&#8221;.<\/p>\n\n\n\n<p class=\"has-text-align-center\">Frank B. Gill, <em><strong>The Condor<\/strong><\/em>, 1994<\/p>\n<\/div><\/div>\n\n\n\n<div class=\"wp-block-group quote-group slide\"><div class=\"wp-block-group__inner-container is-layout-constrained wp-block-group-is-layout-constrained\">\n<p class=\"has-text-align-center has-medium-font-size\">&#8220;No hi ha cap altre llibre sobre ocells com aquest \/&#8230;\/ una guia de refer\u00e8ncia essencial per a tots els estudiants seriosos d\u2019ornitologia, sense oblidar els conservacionistes en general&#8221;.<\/p>\n\n\n\n<p class=\"has-text-align-center\">R.K. Brooke, <em><strong>Ostrich<\/strong><\/em>, setembre de 1994<\/p>\n<\/div><\/div>\n\n\n\n<div class=\"wp-block-group quote-group slide\"><div class=\"wp-block-group__inner-container is-layout-constrained wp-block-group-is-layout-constrained\">\n<p class=\"has-text-align-center has-medium-font-size\">&#8220;El primer volum \u00e9s realment magn\u00edfic&#8230; un assoliment extraordinari&#8221;.<\/p>\n\n\n\n<p class=\"has-text-align-center\">Bruce C. Forrester, <strong><em>Birding<\/em><\/strong> Volume XXVV N\u00ba 1, febrer de 1993<\/p>\n<\/div><\/div>\n\n\n\n<div class=\"wp-block-group quote-group slide\"><div class=\"wp-block-group__inner-container is-layout-constrained wp-block-group-is-layout-constrained\">\n<p class=\"has-text-align-center has-medium-font-size\">&#8220;Aquesta obra \u00e9s una aut\u00e8ntica obra mestra de la m\u00e9s alta qualitat, imprescindible per a qualsevol ornit\u00f2leg o observador d\u2019ocells, i no es pot recomanar prou&#8221;.<\/p>\n\n\n\n<p class=\"has-text-align-center\">Dominic Mitchell , <strong><em>Birdwatch<\/em><\/strong> Volum 2 N\u00ba 1, gener de 1993<\/p>\n<\/div><\/div>\n\n\n\n<div class=\"wp-block-group quote-group slide\"><div class=\"wp-block-group__inner-container is-layout-constrained wp-block-group-is-layout-constrained\">\n<p class=\"has-text-align-center has-medium-font-size\">&#8220;No he vist mai una obra millor ni m\u00e9s completa\u2026 no t\u00e9 rival entre els llibres d\u2019ocells&#8221;.<\/p>\n\n\n\n<p class=\"has-text-align-center\">Arnold Small, <em><strong>Birding<\/strong><\/em> (ABA)<\/p>\n<\/div><\/div>\n<\/div><\/div>\n\n\n\n<div style=\"height:23px\" aria-hidden=\"true\" class=\"wp-block-spacer\"><\/div>\n\n\n<div class=\"wp-block-columns attributes-columns\"><div class=\"wp-block-column\"><svg width=\"28px\" height=\"35px\" viewBox=\"0 0 28 35\" version=\"1.1\" xmlns=\"http:\/\/www.w3.org\/2000\/svg\" xmlns:xlink=\"http:\/\/www.w3.org\/1999\/xlink\">\n                            <g id=\"Page-1\" stroke=\"none\" stroke-width=\"1\" fill=\"none\" fill-rule=\"evenodd\" opacity=\"0.147770473\">\n                                <g id=\"24\" transform=\"translate(-287.000000, -1522.000000)\" fill=\"#000000\" fill-rule=\"nonzero\" stroke=\"#000000\" stroke-width=\"0.799586777\">\n                                    <g id=\"Group-3\" transform=\"translate(233.000000, 1504.000000)\">\n                                        <g id=\"Shape-3\" transform=\"translate(55.000000, 19.000000)\">\n                                            <path d=\"M13,0 C9.82319737,0 7.22466566,2.63962325 7.22466566,5.86666055 C7.22466566,8.71794192 9.25407358,11.1008511 11.9171246,11.6187379 L11.9171246,13.9333188 L6.8637075,13.9333188 C6.8261332,13.9313284 6.78848231,13.9313284 6.75090801,13.9333188 C6.331882,13.9764915 5.97550223,14.2625282 5.83723204,14.6666514 L0.0618978813,31.5333078 C-0.0555594524,31.8709186 -0.00391373208,32.2454751 0.200335189,32.5373134 C0.40458411,32.8291517 0.7358774,33.0017525 1.08837297,32.9999866 L13,32.9999866 L24.9116267,32.9999866 C25.2641223,33.0017526 25.5954157,32.8291519 25.7996647,32.5373136 C26.0039137,32.2454752 26.0555595,31.8709186 25.9381021,31.5333078 L20.162768,14.6666514 C20.0091004,14.2252213 19.5972147,13.9309628 19.1362925,13.9333188 L14.082875,13.9333188 L14.082875,11.6187379 C16.7459261,11.1008511 18.775334,8.71794192 18.775334,5.86666055 C18.775334,2.63962325 16.1768026,0 13,0 L13,0 Z M12.9999998,2.19999771 C15.0063443,2.19999771 16.6095839,3.82859001 16.6095839,5.86666055 C16.6095839,7.52644516 15.5508938,8.91385538 14.071595,9.3729069 C13.99526,8.77759028 13.4631728,8.35436769 12.8759203,8.42186622 C12.3828087,8.48076346 11.9922861,8.87273886 11.9284046,9.3729069 C10.4491059,8.91385538 9.39041606,7.52644516 9.39041606,5.86666055 C9.39041606,3.82859001 10.9936557,2.19999771 12.9999998,2.19999771 L12.9999998,2.19999771 Z M7.6307439,16.1333239 L12.9999998,16.1333239 L18.3692561,16.1333239 L23.3888335,30.7999752 L12.9999998,30.7999752 L2.61116648,30.7999752 L7.6307439,16.1333239 L7.6307439,16.1333239 Z\" id=\"Shape\"><\/path>\n                                        <\/g>\n                                    <\/g>\n                                <\/g>\n                            <\/g>\n                        <\/svg><p class=\"has-small-font-size\">Pes<\/p><p class=\"attribute\">3.96 kg<\/p><\/div><div class=\"wp-block-column\"><svg width=\"34px\" height=\"35px\" viewBox=\"0 0 34 35\" version=\"1.1\" xmlns=\"http:\/\/www.w3.org\/2000\/svg\" xmlns:xlink=\"http:\/\/www.w3.org\/1999\/xlink\">\n                            <g id=\"Page-1\" stroke=\"none\" stroke-width=\"1\" fill=\"none\" fill-rule=\"evenodd\" opacity=\"0.147770473\">\n                                <g id=\"24\" transform=\"translate(-471.000000, -1523.000000)\" fill=\"#000000\" fill-rule=\"nonzero\">\n                                    <g id=\"Group-3\" transform=\"translate(233.000000, 1504.000000)\">\n                                        <g id=\"Group-10\" transform=\"translate(238.000000, 19.000000)\">\n                                            <polygon id=\"Path\" points=\"0 9.72222222 2 9.72222222 2 33.0555556 0 33.0555556 0 35 6 35 6 33.0555556 4 33.0555556 4 9.72222222 6 9.72222222 6 7.77777778 0 7.77777778\"><\/polygon>\n                                            <polygon id=\"Path\" points=\"32 1.94444444 10 1.94444444 10 0 8 0 8 5.83333333 10 5.83333333 10 3.88888889 32 3.88888889 32 5.83333333 34 5.83333333 34 0 32 0\"><\/polygon>\n                                            <path d=\"M8,7.77777778 L8,30.1388889 L13,35 L33,35 L33,12.6388889 L28,7.77777778 L8,7.77777778 Z M11,10.6944444 L26,10.6944444 L26,28.1944444 L11,28.1944444 L11,10.6944444 Z M30,32.0833333 L14.24,32.0833333 L12.24,30.1388889 L28,30.1388889 L28,11.9 L30,13.8444444 L30,32.0833333 Z\" id=\"Shape\"><\/path>\n                                            <rect id=\"Rectangle\" x=\"13\" y=\"15.5555556\" width=\"11\" height=\"1.94444444\"><\/rect>\n                                            <rect id=\"Rectangle\" x=\"15\" y=\"19.4444444\" width=\"7\" height=\"1.94444444\"><\/rect>\n                                        <\/g>\n                                    <\/g>\n                                <\/g>\n                            <\/g>\n                        <\/svg><p class=\"has-small-font-size\">Dimensions<\/p><p class=\"attribute\">24 &times; 31 cm<\/p><\/div><div class=\"wp-block-column\"><svg width=\"26px\" height=\"30px\" viewBox=\"0 0 26 30\" version=\"1.1\" xmlns=\"http:\/\/www.w3.org\/2000\/svg\" xmlns:xlink=\"http:\/\/www.w3.org\/1999\/xlink\">\n                            <g id=\"Page-1\" stroke=\"none\" stroke-width=\"1\" fill=\"none\" fill-rule=\"evenodd\" opacity=\"0.147770473\">\n                                <g id=\"24\" transform=\"translate(-661.000000, -1528.000000)\" fill=\"#000000\" fill-rule=\"nonzero\">\n                                    <g id=\"Group-3\" transform=\"translate(233.000000, 1504.000000)\">\n                                        <g id=\"Group-12\" transform=\"translate(428.000000, 24.000000)\">\n                                            <path d=\"M0,0 L0,25.8333333 L4.19354839,30 L26,30 L26,4.16666667 L21.8064516,0 M2.01290323,2.5 L20.1290323,2.5 L20.1290323,24.1666667 L2.01290323,24.1666667 L2.01290323,2.5 Z M23.483871,27.5 L5.23354839,27.5 L3.55612903,25.8333333 L21.8064516,25.8333333 L21.8064516,3.53333333 L23.483871,5.2 L23.483871,27.5 Z\" id=\"Shape\"><\/path>\n                                            <rect id=\"Rectangle\" x=\"7.5483871\" y=\"8.33333333\" width=\"10.9032258\" height=\"1.66666667\"><\/rect>\n                                            <rect id=\"Rectangle\" x=\"7.5483871\" y=\"11.6666667\" width=\"10.9032258\" height=\"1.66666667\"><\/rect>\n                                            <rect id=\"Rectangle\" x=\"7.5483871\" y=\"15\" width=\"10.9032258\" height=\"1.66666667\"><\/rect>\n                                            <rect id=\"Rectangle\" x=\"7.5483871\" y=\"18.3333333\" width=\"5.87096774\" height=\"1.66666667\"><\/rect>\n                                        <\/g>\n                                    <\/g>\n                                <\/g>\n                            <\/g>\n                        <\/svg><p class=\"has-small-font-size\">Idioma<\/p><p class=\"attribute\">Angl\u00e8s<\/p><\/div><div class=\"wp-block-column\"><svg width=\"26px\" height=\"30px\" viewBox=\"0 0 26 30\" version=\"1.1\" xmlns=\"http:\/\/www.w3.org\/2000\/svg\" xmlns:xlink=\"http:\/\/www.w3.org\/1999\/xlink\">\n                            <g id=\"Page-1\" stroke=\"none\" stroke-width=\"1\" fill=\"none\" fill-rule=\"evenodd\" opacity=\"0.147770473\">\n                                <g id=\"24\" transform=\"translate(-849.000000, -1528.000000)\" fill=\"#000000\" fill-rule=\"nonzero\">\n                                    <g id=\"Group-3\" transform=\"translate(233.000000, 1504.000000)\">\n                                        <g id=\"Group-11\" transform=\"translate(616.000000, 24.000000)\">\n                                            <path d=\"M0,0 L0,25.8333333 L4.19354839,30 L26,30 L26,4.16666667 L21.8064516,0 L0,0 Z M2.51612903,2.5 L20.1290323,2.5 L20.1290323,24.1666667 L2.51612903,24.1666667 L2.51612903,2.5 Z M23.483871,27.5 L5.23354839,27.5 L3.55612903,25.8333333 L21.8064516,25.8333333 L21.8064516,3.53333333 L23.483871,5.2 L23.483871,27.5 Z\" id=\"Shape\"><\/path>\n                                            <path d=\"M5.03225806,13.3333333 L17.6129032,13.3333333 L17.6129032,5 L5.03225806,5 L5.03225806,13.3333333 Z M6.70967742,6.66666667 L15.9354839,6.66666667 L15.9354839,11.6666667 L6.70967742,11.6666667 L6.70967742,6.66666667 Z\" id=\"Shape\"><\/path>\n                                        <\/g>\n                                    <\/g>\n                                <\/g>\n                            <\/g>\n                        <\/svg><p class=\"has-small-font-size\">Format<\/p><p class=\"attribute\">Tapa dura<\/p><\/div><div class=\"wp-block-column\"><svg width=\"26px\" height=\"30px\" viewBox=\"0 0 26 30\" version=\"1.1\" xmlns=\"http:\/\/www.w3.org\/2000\/svg\" xmlns:xlink=\"http:\/\/www.w3.org\/1999\/xlink\">\n                            <g id=\"Page-1\" stroke=\"none\" stroke-width=\"1\" fill=\"none\" fill-rule=\"evenodd\" opacity=\"0.147770473\">\n                                <g id=\"24\" transform=\"translate(-661.000000, -1528.000000)\" fill=\"#000000\" fill-rule=\"nonzero\">\n                                    <g id=\"Group-3\" transform=\"translate(233.000000, 1504.000000)\">\n                                        <g id=\"Group-12\" transform=\"translate(428.000000, 24.000000)\">\n                                            <path d=\"M0,0 L0,25.8333333 L4.19354839,30 L26,30 L26,4.16666667 L21.8064516,0 M2.01290323,2.5 L20.1290323,2.5 L20.1290323,24.1666667 L2.01290323,24.1666667 L2.01290323,2.5 Z M23.483871,27.5 L5.23354839,27.5 L3.55612903,25.8333333 L21.8064516,25.8333333 L21.8064516,3.53333333 L23.483871,5.2 L23.483871,27.5 Z\" id=\"Shape\"><\/path>\n                                            <rect id=\"Rectangle\" x=\"7.5483871\" y=\"8.33333333\" width=\"10.9032258\" height=\"1.66666667\"><\/rect>\n                                            <rect id=\"Rectangle\" x=\"7.5483871\" y=\"11.6666667\" width=\"10.9032258\" height=\"1.66666667\"><\/rect>\n                                            <rect id=\"Rectangle\" x=\"7.5483871\" y=\"15\" width=\"10.9032258\" height=\"1.66666667\"><\/rect>\n                                            <rect id=\"Rectangle\" x=\"7.5483871\" y=\"18.3333333\" width=\"5.87096774\" height=\"1.66666667\"><\/rect>\n                                        <\/g>\n                                    <\/g>\n                                <\/g>\n                            <\/g>\n                        <\/svg><p class=\"has-small-font-size\">P\u00e0gines<\/p><p class=\"attribute\">696<\/p><\/div><div class=\"wp-block-column\"><svg width=\"26px\" height=\"30px\" viewBox=\"0 0 26 30\" version=\"1.1\" xmlns=\"http:\/\/www.w3.org\/2000\/svg\" xmlns:xlink=\"http:\/\/www.w3.org\/1999\/xlink\">\n                            <g id=\"Page-1\" stroke=\"none\" stroke-width=\"1\" fill=\"none\" fill-rule=\"evenodd\" opacity=\"0.147770473\">\n                                <g id=\"24\" transform=\"translate(-849.000000, -1528.000000)\" fill=\"#000000\" fill-rule=\"nonzero\">\n                                    <g id=\"Group-3\" transform=\"translate(233.000000, 1504.000000)\">\n                                        <g id=\"Group-11\" transform=\"translate(616.000000, 24.000000)\">\n                                            <path d=\"M0,0 L0,25.8333333 L4.19354839,30 L26,30 L26,4.16666667 L21.8064516,0 L0,0 Z M2.51612903,2.5 L20.1290323,2.5 L20.1290323,24.1666667 L2.51612903,24.1666667 L2.51612903,2.5 Z M23.483871,27.5 L5.23354839,27.5 L3.55612903,25.8333333 L21.8064516,25.8333333 L21.8064516,3.53333333 L23.483871,5.2 L23.483871,27.5 Z\" id=\"Shape\"><\/path>\n                                            <path d=\"M5.03225806,13.3333333 L17.6129032,13.3333333 L17.6129032,5 L5.03225806,5 L5.03225806,13.3333333 Z M6.70967742,6.66666667 L15.9354839,6.66666667 L15.9354839,11.6666667 L6.70967742,11.6666667 L6.70967742,6.66666667 Z\" id=\"Shape\"><\/path>\n                                        <\/g>\n                                    <\/g>\n                                <\/g>\n                            <\/g>\n                        <\/svg><p class=\"has-small-font-size\">Data de publicaci\u00f3<\/p><p class=\"attribute\">September 1992<\/p><\/div><div class=\"wp-block-column\"><svg width=\"26px\" height=\"30px\" viewBox=\"0 0 26 30\" version=\"1.1\" xmlns=\"http:\/\/www.w3.org\/2000\/svg\" xmlns:xlink=\"http:\/\/www.w3.org\/1999\/xlink\">\n                            <g id=\"Page-1\" stroke=\"none\" stroke-width=\"1\" fill=\"none\" fill-rule=\"evenodd\" opacity=\"0.147770473\">\n                                <g id=\"24\" transform=\"translate(-1222.000000, -1528.000000)\" fill=\"#000000\" fill-rule=\"nonzero\">\n                                    <g id=\"Group-3\" transform=\"translate(233.000000, 1504.000000)\">\n                                        <g id=\"Shape-2\" transform=\"translate(989.000000, 24.000000)\">\n                                            <path d=\"M0,0 L0,25.8333333 L4.19354839,30 L26,30 L26,4.16666667 L21.8064516,0 L0,0 Z M6.70967742,2.5 L10.0645161,2.5 L10.0645161,10.1 L8.38709677,9 L6.70967742,10.1 L6.70967742,2.5 Z M2.51612903,2.5 L5.03225806,2.5 L5.03225806,13.2333333 L8.38709677,11 L11.7419355,13.2333333 L11.7419355,2.5 L20.1290323,2.5 L20.1290323,24.1666667 L2.51612903,24.1666667 L2.51612903,2.5 Z M23.483871,27.5 L5.23354839,27.5 L3.55612903,25.8333333 L21.8064516,25.8333333 L21.8064516,3.53333333 L23.483871,5.2 L23.483871,27.5 Z\" id=\"Shape\"><\/path>\n                                        <\/g>\n                                    <\/g>\n                                <\/g>\n                            <\/g>\n                        <\/svg><p class=\"has-small-font-size\">Publicat per<\/p><p class=\"attribute\">Lynx Editions<\/p><\/div><\/div><div id=\"professionals\" class=\"max-width padding-sides\"><h2>Editors<\/h2><div class=\"professionals-wrapper\"><p class=\"professional\"><a href=\"https:\/\/lynxnaturebooks.com\/professional\/josep-del-hoyo\/\">Josep del Hoyo<\/a><\/p><p class=\"professional\"><a href=\"https:\/\/lynxnaturebooks.com\/ca\/professional\/andrew-elliott\/\">Andrew Elliott<\/a><\/p><p class=\"professional\"><a href=\"https:\/\/lynxnaturebooks.com\/ca\/professional\/jordi-sargatal\/\">Jordi Sargatal<\/a><\/p><\/div><\/div>        <!-- <h2 id=\"autors\" class=\"has-text-align-center\"><\/h2>\n        <div class=\"product-autors max-width-narrow\">\n                    <\/div> -->\n    \n\n\n\n<div class=\"wp-block-group max-width-narrow max-height\"><div class=\"wp-block-group__inner-container is-layout-constrained wp-block-group-is-layout-constrained\">\n<h2 class=\"wp-block-heading has-text-align-center\">Descripci\u00f3<\/h2>\n\n\n\n<p>El <em>Handbook of the Birds of the World<\/em> (HBW) \u00e9s un projecte ambici\u00f3s i complet, i el primer volum, Ostrich to Ducks, representa l\u2019inici emblem\u00e0tic d\u2019aquesta s\u00e8rie monumental, publicada el 1992. Aquest volum cobreix 27 fam\u00edlies d\u2019ocells, des de l\u2019estru\u00e7 fins als \u00e0necs, incloent esp\u00e8cies que van des de grups amb distribucions geogr\u00e0ficament localitzades, com els casuaris i els kiwis, fins a ocells marins i aqu\u00e0tics amb una \u00e0mplia distribuci\u00f3 global, com els ping\u00fcins, els pelicans i els \u00e0necs.<\/p>\n\n\n\n<p>El volum s\u2019obre amb un <strong>pr\u00f2leg de Christoph Imboden<\/strong>, que introdueix el projecte HBW, seguit d\u2019una detallada introducci\u00f3 de 38 p\u00e0gines sobre la biologia dels ocells, que serveix com a base per al tractament en profunditat de cada fam\u00edlia d\u2019ocells.<\/p>\n\n\n\n<figure class=\"wp-block-table\"><table><tbody><tr><td> <strong>Classe AVES<\/strong><\/td><td>  Eduardo de Juana<\/td><\/tr><tr><td> <strong>Ordre STRUTHIONIFORMES<\/strong><\/td><td>&nbsp;<\/td><\/tr><tr><td>Fam\u00edlia Struthionidae (estru\u00e7)<\/td><td>Anna Folch<\/td><\/tr><tr><td>Fam\u00edlia Rheidae (Rheas)<\/td><td>Anna Folch<\/td><\/tr><tr><td>Fam\u00edlia Casuariidae (Cassowaries)<\/td><td>Anna Folch<\/td><\/tr><tr><td>Fam\u00edlia Dromaiidae (Emu)<\/td><td>Anna Folch<\/td><\/tr><tr><td>Fam\u00edlia Apterygidae (Kiwis)<\/td><td>Anna Folch<\/td><\/tr><tr><td> <strong>Comanda TINAMIFORMES<\/strong><\/td><td>&nbsp;<\/td><\/tr><tr><td>Fam\u00edlia Tinamidae (Tinamous)<\/td><td>Jos\u00e9 Cabot<\/td><\/tr><tr><td> <strong>Ordre SPHENISCIFORMES<\/strong><\/td><td>&nbsp;<\/td><\/tr><tr><td>Fam\u00edlia Spheniscidae (ping\u00fcins)<\/td><td>Isabel Mart\u00ednez<\/td><\/tr><tr><td> <strong>Ordre GAVIIFORMES<\/strong><\/td><td>&nbsp;<\/td><\/tr><tr><td>Fam\u00edlia Gaviidae (Bussejadors)<\/td><td>Carles Carboneras<\/td><\/tr><tr><td> <strong>Comanda PODICIPEDIFORMES<\/strong><\/td><td>&nbsp;<\/td><\/tr><tr><td>Fam\u00edlia Podicipedidae (Grebes)<\/td><td>Francesc Llimona &amp; Josep del Hoyo<\/td><\/tr><tr><td> <strong>Ordre PROCELLARIIFORMES<\/strong><\/td><td>&nbsp;<\/td><\/tr><tr><td>Fam\u00edlia Diomedeidae (Albatros)<\/td><td>Carles Carboneras<\/td><\/tr><tr><td>Fam\u00edlia Procel\u00b7l\u00e0riidae (Petrels i Pardelas)<\/td><td>Carles Carboneras<\/td><\/tr><tr><td>Fam\u00edlia Hydrobatidae (Petrels de tempesta)<\/td><td>Carles Carboneras<\/td><\/tr><tr><td>Fam\u00edlia Pelecanoididae (Petrels de busseig)<\/td><td>Carles Carboneras<\/td><\/tr><tr><td> <strong>Comanda PELECANIFORMES<\/strong><\/td><td>&nbsp;<\/td><\/tr><tr><td>Fam\u00edlia Phaethontidae (Tropicbirds)<\/td><td>Jaume Orta<\/td><\/tr><tr><td>Fam\u00edlia Pelecanidae (Pelicans)<\/td><td>Andrew Elliott<\/td><\/tr><tr><td>Fam\u00edlia Sulidae (alcats i piquers)<\/td><td>Carles Carboneras<\/td><\/tr><tr><td>Fam\u00edlia Phalacrocoracidae (Corb mar\u00ed)<\/td><td>Jaume Orta<\/td><\/tr><tr><td>Fam\u00edlia Anhingidae (Darders)<\/td><td>Jaume Orta<\/td><\/tr><tr><td>Fam\u00edlia Fregatidae (Fragates)<\/td><td>Jaume Orta<\/td><\/tr><tr><td> <strong>Ordre CICONIIFORMES<\/strong><\/td><td>&nbsp;<\/td><\/tr><tr><td>Fam\u00edlia Ardeidae (garses)<\/td><td>Albert Mart\u00ednez-Vilalta &amp; Anna Motis<\/td><\/tr><tr><td>Fam\u00edlia Sc\u00f2pidae (Hamerkop)<\/td><td>Andrew Elliott<\/td><\/tr><tr><td>Fam\u00edlia Ciconiidae (cigonyes)<\/td><td>Andrew Elliott<\/td><\/tr><tr><td>Fam\u00edlia Balaenicipitidae (Shoebill)<\/td><td>Andrew Elliott<\/td><\/tr><tr><td>Fam\u00edlia Threskiornithidae (Ibis i Culleres)<\/td><td>Elo\u00efsa Matheu &amp; Josep del Hoyo<\/td><\/tr><tr><td> <strong>Ordre PHOENICOPTERIFORMES<\/strong><\/td><td>&nbsp;<\/td><\/tr><tr><td>Fam\u00edlia Phoenicopteridae (Flamingos)<\/td><td>Josep del Hoyo<\/td><\/tr><tr><td> <strong>Ordre ANSERIFORMES<\/strong><\/td><td>&nbsp;<\/td><\/tr><tr><td>Fam\u00edlia Anhimidae (Screamers)<\/td><td>Carles Carboneras<\/td><\/tr><tr><td>Fam\u00edlia Anatidae (\u00e0necs, oques i cignes)<\/td><td>Carles Carboneras<\/td><\/tr><\/tbody><\/table><\/figure>\n\n\n\n<p>Cada cap\u00edtol de fam\u00edlia d&#8217;ocells inclou seccions detallades sobre sistem\u00e0tica, morfologia, h\u00e0bitat, comportament general, reproducci\u00f3, alimentaci\u00f3, veu, moviments i interacci\u00f3 amb els humans. La informaci\u00f3 exhaustiva s\u2019acompanya de l\u00e0mines a tot color i fotografies impressionants, que il\u00b7lustren cada esp\u00e8cie amb un detall extraordinari, a m\u00e9s de 568 mapes de distribuci\u00f3.<\/p>\n\n\n\n<h3 class=\"wp-block-heading\">Caracter\u00edstiques principals<\/h3>\n\n\n\n<ul class=\"wp-block-list\">\n<li>Pr\u00f2leg de Christoph Imboden presentant el projecte HBW.<\/li>\n\n\n\n<li>27 fam\u00edlies d\u2019ocells, incloent-hi estru\u00e7os, kiwis, ping\u00fcins, albatros, \u00e0necs i m\u00e9s.<\/li>\n\n\n\n<li>14 l\u00e0mines anat\u00f2miques en color i 50 l\u00e0mines d\u2019ocells en color.<\/li>\n\n\n\n<li>382 fotografies espectaculars d\u2019ocells i 568 mapes de distribuci\u00f3.<\/li>\n\n\n\n<li>M\u00e9s de 6.000 refer\u00e8ncies bibliogr\u00e0fiques.<\/li>\n<\/ul>\n\n\n\n<p>Un referent fonamental per a ornit\u00f2legs, entusiastes dels ocells i biblioteques, aquest volum estableix el model per a l\u2019obra exhaustiva i visualment captivadora que defineix la col\u00b7lecci\u00f3 <em>Handbook of the Birds of the World<\/em>.<\/p>\n\n\n\n<p class=\"has-text-align-center button-link button-view-all\"><a href=\"#viewall\">Veure tot<\/a><\/p>\n\n\n\n<div style=\"height:20px\" aria-hidden=\"true\" class=\"wp-block-spacer\"><\/div>\n<\/div><\/div>\n\n\n\n<div class=\"wp-block-group max-width-narrow max-height\"><div class=\"wp-block-group__inner-container is-layout-constrained wp-block-group-is-layout-constrained\"><div class=\"wp-block-group max-width-narrow\"><\/div>\n\n\n\n<p class=\"has-text-align-center button-link button-view-all\"><a href=\"#viewall\">Veure tot<\/a><\/p>\n<\/div><\/div>\n","protected":false},"excerpt":{"rendered":"<p>Aquest \u00e9s l&#8217;emblem\u00e0tic primer volum de la s\u00e8rie, publicat l&#8217;any 1992. Cont\u00e9 un pr\u00f2leg de Christoph Imboden, que presenta el projecte. Tamb\u00e9 hi ha un article introductori de 38 p\u00e0gines que ofereix una descripci\u00f3 general completa de la biologia dels ocells.<\/p>\n","protected":false},"featured_media":86640,"comment_status":"open","ping_status":"closed","template":"","meta":[],"collection":[],"product_brand":[],"product_cat":[243,193,227],"product_tag":[459],"class_list":{"0":"post-2982","1":"product","2":"type-product","3":"status-publish","4":"has-post-thumbnail","6":"product_cat-enciclopedies","7":"product_cat-handbook-of-the-birds-of-the-world","8":"product_cat-ocells","9":"product_tag-australia-ca","11":"first","12":"instock","13":"shipping-taxable","14":"purchasable","15":"product-type-simple"},"_links":{"self":[{"href":"https:\/\/lynxnaturebooks.com\/ca\/wp-json\/wp\/v2\/product\/2982","targetHints":{"allow":["GET"]}}],"collection":[{"href":"https:\/\/lynxnaturebooks.com\/ca\/wp-json\/wp\/v2\/product"}],"about":[{"href":"https:\/\/lynxnaturebooks.com\/ca\/wp-json\/wp\/v2\/types\/product"}],"replies":[{"embeddable":true,"href":"https:\/\/lynxnaturebooks.com\/ca\/wp-json\/wp\/v2\/comments?post=2982"}],"wp:featuredmedia":[{"embeddable":true,"href":"https:\/\/lynxnaturebooks.com\/ca\/wp-json\/wp\/v2\/media\/86640"}],"wp:attachment":[{"href":"https:\/\/lynxnaturebooks.com\/ca\/wp-json\/wp\/v2\/media?parent=2982"}],"wp:term":[{"taxonomy":"collection","embeddable":true,"href":"https:\/\/lynxnaturebooks.com\/ca\/wp-json\/wp\/v2\/collection?post=2982"},{"taxonomy":"product_brand","embeddable":true,"href":"https:\/\/lynxnaturebooks.com\/ca\/wp-json\/wp\/v2\/product_brand?post=2982"},{"taxonomy":"product_cat","embeddable":true,"href":"https:\/\/lynxnaturebooks.com\/ca\/wp-json\/wp\/v2\/product_cat?post=2982"},{"taxonomy":"product_tag","embeddable":true,"href":"https:\/\/lynxnaturebooks.com\/ca\/wp-json\/wp\/v2\/product_tag?post=2982"}],"curies":[{"name":"wp","href":"https:\/\/api.w.org\/{rel}","templated":true}]}}