{"id":2969,"date":"2005-09-01T10:00:00","date_gmt":"2005-09-01T10:00:00","guid":{"rendered":"https:\/\/www.lynxeds.com\/product\/handbook-of-the-birds-of-the-world-volume-10\/"},"modified":"2026-04-07T02:05:09","modified_gmt":"2026-04-07T00:05:09","slug":"handbook-of-the-birds-of-the-world-volume-10","status":"publish","type":"product","link":"https:\/\/lynxnaturebooks.com\/ca\/producte\/handbook-of-the-birds-of-the-world-volume-10\/","title":{"rendered":"<span class=\"title\">Handbook of the Birds of the World<\/span><span class=\"subtitle\">Volume 10: Cuckoo-shrikes to Thrushes<\/span>"},"content":{"rendered":"<div class=\"wp-block-columns attributes-columns\"><div class=\"wp-block-column\"><svg width=\"28px\" height=\"35px\" viewBox=\"0 0 28 35\" version=\"1.1\" xmlns=\"http:\/\/www.w3.org\/2000\/svg\" xmlns:xlink=\"http:\/\/www.w3.org\/1999\/xlink\">\n                            <g id=\"Page-1\" stroke=\"none\" stroke-width=\"1\" fill=\"none\" fill-rule=\"evenodd\" opacity=\"0.147770473\">\n                                <g id=\"24\" transform=\"translate(-287.000000, -1522.000000)\" fill=\"#000000\" fill-rule=\"nonzero\" stroke=\"#000000\" stroke-width=\"0.799586777\">\n                                    <g id=\"Group-3\" transform=\"translate(233.000000, 1504.000000)\">\n                                        <g id=\"Shape-3\" transform=\"translate(55.000000, 19.000000)\">\n                                            <path d=\"M13,0 C9.82319737,0 7.22466566,2.63962325 7.22466566,5.86666055 C7.22466566,8.71794192 9.25407358,11.1008511 11.9171246,11.6187379 L11.9171246,13.9333188 L6.8637075,13.9333188 C6.8261332,13.9313284 6.78848231,13.9313284 6.75090801,13.9333188 C6.331882,13.9764915 5.97550223,14.2625282 5.83723204,14.6666514 L0.0618978813,31.5333078 C-0.0555594524,31.8709186 -0.00391373208,32.2454751 0.200335189,32.5373134 C0.40458411,32.8291517 0.7358774,33.0017525 1.08837297,32.9999866 L13,32.9999866 L24.9116267,32.9999866 C25.2641223,33.0017526 25.5954157,32.8291519 25.7996647,32.5373136 C26.0039137,32.2454752 26.0555595,31.8709186 25.9381021,31.5333078 L20.162768,14.6666514 C20.0091004,14.2252213 19.5972147,13.9309628 19.1362925,13.9333188 L14.082875,13.9333188 L14.082875,11.6187379 C16.7459261,11.1008511 18.775334,8.71794192 18.775334,5.86666055 C18.775334,2.63962325 16.1768026,0 13,0 L13,0 Z M12.9999998,2.19999771 C15.0063443,2.19999771 16.6095839,3.82859001 16.6095839,5.86666055 C16.6095839,7.52644516 15.5508938,8.91385538 14.071595,9.3729069 C13.99526,8.77759028 13.4631728,8.35436769 12.8759203,8.42186622 C12.3828087,8.48076346 11.9922861,8.87273886 11.9284046,9.3729069 C10.4491059,8.91385538 9.39041606,7.52644516 9.39041606,5.86666055 C9.39041606,3.82859001 10.9936557,2.19999771 12.9999998,2.19999771 L12.9999998,2.19999771 Z M7.6307439,16.1333239 L12.9999998,16.1333239 L18.3692561,16.1333239 L23.3888335,30.7999752 L12.9999998,30.7999752 L2.61116648,30.7999752 L7.6307439,16.1333239 L7.6307439,16.1333239 Z\" id=\"Shape\"><\/path>\n                                        <\/g>\n                                    <\/g>\n                                <\/g>\n                            <\/g>\n                        <\/svg><p class=\"has-small-font-size\">Pes<\/p><p class=\"attribute\">4.25 kg<\/p><\/div><div class=\"wp-block-column\"><svg width=\"34px\" height=\"35px\" viewBox=\"0 0 34 35\" version=\"1.1\" xmlns=\"http:\/\/www.w3.org\/2000\/svg\" xmlns:xlink=\"http:\/\/www.w3.org\/1999\/xlink\">\n                            <g id=\"Page-1\" stroke=\"none\" stroke-width=\"1\" fill=\"none\" fill-rule=\"evenodd\" opacity=\"0.147770473\">\n                                <g id=\"24\" transform=\"translate(-471.000000, -1523.000000)\" fill=\"#000000\" fill-rule=\"nonzero\">\n                                    <g id=\"Group-3\" transform=\"translate(233.000000, 1504.000000)\">\n                                        <g id=\"Group-10\" transform=\"translate(238.000000, 19.000000)\">\n                                            <polygon id=\"Path\" points=\"0 9.72222222 2 9.72222222 2 33.0555556 0 33.0555556 0 35 6 35 6 33.0555556 4 33.0555556 4 9.72222222 6 9.72222222 6 7.77777778 0 7.77777778\"><\/polygon>\n                                            <polygon id=\"Path\" points=\"32 1.94444444 10 1.94444444 10 0 8 0 8 5.83333333 10 5.83333333 10 3.88888889 32 3.88888889 32 5.83333333 34 5.83333333 34 0 32 0\"><\/polygon>\n                                            <path d=\"M8,7.77777778 L8,30.1388889 L13,35 L33,35 L33,12.6388889 L28,7.77777778 L8,7.77777778 Z M11,10.6944444 L26,10.6944444 L26,28.1944444 L11,28.1944444 L11,10.6944444 Z M30,32.0833333 L14.24,32.0833333 L12.24,30.1388889 L28,30.1388889 L28,11.9 L30,13.8444444 L30,32.0833333 Z\" id=\"Shape\"><\/path>\n                                            <rect id=\"Rectangle\" x=\"13\" y=\"15.5555556\" width=\"11\" height=\"1.94444444\"><\/rect>\n                                            <rect id=\"Rectangle\" x=\"15\" y=\"19.4444444\" width=\"7\" height=\"1.94444444\"><\/rect>\n                                        <\/g>\n                                    <\/g>\n                                <\/g>\n                            <\/g>\n                        <\/svg><p class=\"has-small-font-size\">Dimensions<\/p><p class=\"attribute\">24 &times; 31 cm<\/p><\/div><div class=\"wp-block-column\"><svg width=\"26px\" height=\"30px\" viewBox=\"0 0 26 30\" version=\"1.1\" xmlns=\"http:\/\/www.w3.org\/2000\/svg\" xmlns:xlink=\"http:\/\/www.w3.org\/1999\/xlink\">\n                            <g id=\"Page-1\" stroke=\"none\" stroke-width=\"1\" fill=\"none\" fill-rule=\"evenodd\" opacity=\"0.147770473\">\n                                <g id=\"24\" transform=\"translate(-661.000000, -1528.000000)\" fill=\"#000000\" fill-rule=\"nonzero\">\n                                    <g id=\"Group-3\" transform=\"translate(233.000000, 1504.000000)\">\n                                        <g id=\"Group-12\" transform=\"translate(428.000000, 24.000000)\">\n                                            <path d=\"M0,0 L0,25.8333333 L4.19354839,30 L26,30 L26,4.16666667 L21.8064516,0 M2.01290323,2.5 L20.1290323,2.5 L20.1290323,24.1666667 L2.01290323,24.1666667 L2.01290323,2.5 Z M23.483871,27.5 L5.23354839,27.5 L3.55612903,25.8333333 L21.8064516,25.8333333 L21.8064516,3.53333333 L23.483871,5.2 L23.483871,27.5 Z\" id=\"Shape\"><\/path>\n                                            <rect id=\"Rectangle\" x=\"7.5483871\" y=\"8.33333333\" width=\"10.9032258\" height=\"1.66666667\"><\/rect>\n                                            <rect id=\"Rectangle\" x=\"7.5483871\" y=\"11.6666667\" width=\"10.9032258\" height=\"1.66666667\"><\/rect>\n                                            <rect id=\"Rectangle\" x=\"7.5483871\" y=\"15\" width=\"10.9032258\" height=\"1.66666667\"><\/rect>\n                                            <rect id=\"Rectangle\" x=\"7.5483871\" y=\"18.3333333\" width=\"5.87096774\" height=\"1.66666667\"><\/rect>\n                                        <\/g>\n                                    <\/g>\n                                <\/g>\n                            <\/g>\n                        <\/svg><p class=\"has-small-font-size\">Idioma<\/p><p class=\"attribute\">Angl\u00e8s<\/p><\/div><div class=\"wp-block-column\"><svg width=\"26px\" height=\"30px\" viewBox=\"0 0 26 30\" version=\"1.1\" xmlns=\"http:\/\/www.w3.org\/2000\/svg\" xmlns:xlink=\"http:\/\/www.w3.org\/1999\/xlink\">\n                            <g id=\"Page-1\" stroke=\"none\" stroke-width=\"1\" fill=\"none\" fill-rule=\"evenodd\" opacity=\"0.147770473\">\n                                <g id=\"24\" transform=\"translate(-849.000000, -1528.000000)\" fill=\"#000000\" fill-rule=\"nonzero\">\n                                    <g id=\"Group-3\" transform=\"translate(233.000000, 1504.000000)\">\n                                        <g id=\"Group-11\" transform=\"translate(616.000000, 24.000000)\">\n                                            <path d=\"M0,0 L0,25.8333333 L4.19354839,30 L26,30 L26,4.16666667 L21.8064516,0 L0,0 Z M2.51612903,2.5 L20.1290323,2.5 L20.1290323,24.1666667 L2.51612903,24.1666667 L2.51612903,2.5 Z M23.483871,27.5 L5.23354839,27.5 L3.55612903,25.8333333 L21.8064516,25.8333333 L21.8064516,3.53333333 L23.483871,5.2 L23.483871,27.5 Z\" id=\"Shape\"><\/path>\n                                            <path d=\"M5.03225806,13.3333333 L17.6129032,13.3333333 L17.6129032,5 L5.03225806,5 L5.03225806,13.3333333 Z M6.70967742,6.66666667 L15.9354839,6.66666667 L15.9354839,11.6666667 L6.70967742,11.6666667 L6.70967742,6.66666667 Z\" id=\"Shape\"><\/path>\n                                        <\/g>\n                                    <\/g>\n                                <\/g>\n                            <\/g>\n                        <\/svg><p class=\"has-small-font-size\">Format<\/p><p class=\"attribute\">Tapa dura<\/p><\/div><div class=\"wp-block-column\"><svg width=\"26px\" height=\"30px\" viewBox=\"0 0 26 30\" version=\"1.1\" xmlns=\"http:\/\/www.w3.org\/2000\/svg\" xmlns:xlink=\"http:\/\/www.w3.org\/1999\/xlink\">\n                            <g id=\"Page-1\" stroke=\"none\" stroke-width=\"1\" fill=\"none\" fill-rule=\"evenodd\" opacity=\"0.147770473\">\n                                <g id=\"24\" transform=\"translate(-661.000000, -1528.000000)\" fill=\"#000000\" fill-rule=\"nonzero\">\n                                    <g id=\"Group-3\" transform=\"translate(233.000000, 1504.000000)\">\n                                        <g id=\"Group-12\" transform=\"translate(428.000000, 24.000000)\">\n                                            <path d=\"M0,0 L0,25.8333333 L4.19354839,30 L26,30 L26,4.16666667 L21.8064516,0 M2.01290323,2.5 L20.1290323,2.5 L20.1290323,24.1666667 L2.01290323,24.1666667 L2.01290323,2.5 Z M23.483871,27.5 L5.23354839,27.5 L3.55612903,25.8333333 L21.8064516,25.8333333 L21.8064516,3.53333333 L23.483871,5.2 L23.483871,27.5 Z\" id=\"Shape\"><\/path>\n                                            <rect id=\"Rectangle\" x=\"7.5483871\" y=\"8.33333333\" width=\"10.9032258\" height=\"1.66666667\"><\/rect>\n                                            <rect id=\"Rectangle\" x=\"7.5483871\" y=\"11.6666667\" width=\"10.9032258\" height=\"1.66666667\"><\/rect>\n                                            <rect id=\"Rectangle\" x=\"7.5483871\" y=\"15\" width=\"10.9032258\" height=\"1.66666667\"><\/rect>\n                                            <rect id=\"Rectangle\" x=\"7.5483871\" y=\"18.3333333\" width=\"5.87096774\" height=\"1.66666667\"><\/rect>\n                                        <\/g>\n                                    <\/g>\n                                <\/g>\n                            <\/g>\n                        <\/svg><p class=\"has-small-font-size\">P\u00e0gines<\/p><p class=\"attribute\">895<\/p><\/div><div class=\"wp-block-column\"><svg width=\"26px\" height=\"30px\" viewBox=\"0 0 26 30\" version=\"1.1\" xmlns=\"http:\/\/www.w3.org\/2000\/svg\" xmlns:xlink=\"http:\/\/www.w3.org\/1999\/xlink\">\n                            <g id=\"Page-1\" stroke=\"none\" stroke-width=\"1\" fill=\"none\" fill-rule=\"evenodd\" opacity=\"0.147770473\">\n                                <g id=\"24\" transform=\"translate(-849.000000, -1528.000000)\" fill=\"#000000\" fill-rule=\"nonzero\">\n                                    <g id=\"Group-3\" transform=\"translate(233.000000, 1504.000000)\">\n                                        <g id=\"Group-11\" transform=\"translate(616.000000, 24.000000)\">\n                                            <path d=\"M0,0 L0,25.8333333 L4.19354839,30 L26,30 L26,4.16666667 L21.8064516,0 L0,0 Z M2.51612903,2.5 L20.1290323,2.5 L20.1290323,24.1666667 L2.51612903,24.1666667 L2.51612903,2.5 Z M23.483871,27.5 L5.23354839,27.5 L3.55612903,25.8333333 L21.8064516,25.8333333 L21.8064516,3.53333333 L23.483871,5.2 L23.483871,27.5 Z\" id=\"Shape\"><\/path>\n                                            <path d=\"M5.03225806,13.3333333 L17.6129032,13.3333333 L17.6129032,5 L5.03225806,5 L5.03225806,13.3333333 Z M6.70967742,6.66666667 L15.9354839,6.66666667 L15.9354839,11.6666667 L6.70967742,11.6666667 L6.70967742,6.66666667 Z\" id=\"Shape\"><\/path>\n                                        <\/g>\n                                    <\/g>\n                                <\/g>\n                            <\/g>\n                        <\/svg><p class=\"has-small-font-size\">Data de publicaci\u00f3<\/p><p class=\"attribute\">September 2005<\/p><\/div><div class=\"wp-block-column\"><svg width=\"26px\" height=\"30px\" viewBox=\"0 0 26 30\" version=\"1.1\" xmlns=\"http:\/\/www.w3.org\/2000\/svg\" xmlns:xlink=\"http:\/\/www.w3.org\/1999\/xlink\">\n                            <g id=\"Page-1\" stroke=\"none\" stroke-width=\"1\" fill=\"none\" fill-rule=\"evenodd\" opacity=\"0.147770473\">\n                                <g id=\"24\" transform=\"translate(-1222.000000, -1528.000000)\" fill=\"#000000\" fill-rule=\"nonzero\">\n                                    <g id=\"Group-3\" transform=\"translate(233.000000, 1504.000000)\">\n                                        <g id=\"Shape-2\" transform=\"translate(989.000000, 24.000000)\">\n                                            <path d=\"M0,0 L0,25.8333333 L4.19354839,30 L26,30 L26,4.16666667 L21.8064516,0 L0,0 Z M6.70967742,2.5 L10.0645161,2.5 L10.0645161,10.1 L8.38709677,9 L6.70967742,10.1 L6.70967742,2.5 Z M2.51612903,2.5 L5.03225806,2.5 L5.03225806,13.2333333 L8.38709677,11 L11.7419355,13.2333333 L11.7419355,2.5 L20.1290323,2.5 L20.1290323,24.1666667 L2.51612903,24.1666667 L2.51612903,2.5 Z M23.483871,27.5 L5.23354839,27.5 L3.55612903,25.8333333 L21.8064516,25.8333333 L21.8064516,3.53333333 L23.483871,5.2 L23.483871,27.5 Z\" id=\"Shape\"><\/path>\n                                        <\/g>\n                                    <\/g>\n                                <\/g>\n                            <\/g>\n                        <\/svg><p class=\"has-small-font-size\">Publicat per<\/p><p class=\"attribute\">Lynx Edicions<\/p><\/div><\/div><div id=\"professionals\" class=\"max-width padding-sides\"><h2>Autors<\/h2><div class=\"professionals-wrapper\"><p class=\"professional\"><a href=\"https:\/\/lynxnaturebooks.com\/ca\/professional\/simon-j-aspinall\/\">Simon J. Aspinall<\/a><\/p><p class=\"professional\"><a href=\"https:\/\/lynxnaturebooks.com\/ca\/professional\/tim-m-blackburn\/\">Tim M. Blackburn<\/a><\/p><p class=\"professional\"><a href=\"https:\/\/lynxnaturebooks.com\/ca\/professional\/david-brewer\/\">David Brewer<\/a><\/p><p class=\"professional\"><a href=\"https:\/\/lynxnaturebooks.com\/ca\/professional\/phillip-cassey\/\">Phillip Cassey<\/a><\/p><p class=\"professional\"><a href=\"https:\/\/lynxnaturebooks.com\/ca\/professional\/miyoko-c-chu\/\">Miyoko C. Chu<\/a><\/p><p class=\"professional\"><a href=\"https:\/\/lynxnaturebooks.com\/ca\/professional\/jordi-clavell\/\">Jordi Clavell<\/a><\/p><p class=\"professional\"><a href=\"https:\/\/lynxnaturebooks.com\/ca\/professional\/martin-l-cody\/\">Martin L. Cody<\/a><\/p><p class=\"professional\"><a href=\"https:\/\/lynxnaturebooks.com\/ca\/professional\/nigel-j-collar\/\">Nigel J. Collar<\/a><\/p><p class=\"professional\"><a href=\"https:\/\/lynxnaturebooks.com\/ca\/professional\/richard-p-duncan\/\">Richard P. Duncan<\/a><\/p><p class=\"professional\"><a href=\"https:\/\/lynxnaturebooks.com\/ca\/professional\/lincoln-d-c-fishpool\/\">Lincoln D. C. Fishpool<\/a><\/p><p class=\"professional\"><a href=\"https:\/\/lynxnaturebooks.com\/ca\/professional\/ben-j-hatchwell\/\">Ben J. Hatchwell<\/a><\/p><p class=\"professional\"><a href=\"https:\/\/lynxnaturebooks.com\/ca\/professional\/donald-d-kroodsma\/\">Donald D. Kroodsma<\/a><\/p><p class=\"professional\"><a href=\"https:\/\/lynxnaturebooks.com\/ca\/professional\/d-james-mountjoy\/\">D. James Mountjoy<\/a><\/p><p class=\"professional\"><a href=\"https:\/\/lynxnaturebooks.com\/ca\/professional\/steve-j-ormerod\/\">Steve J. Ormerod<\/a><\/p><p class=\"professional\"><a href=\"https:\/\/lynxnaturebooks.com\/ca\/professional\/richard-f-porter\/\">Richard F. Porter<\/a><\/p><p class=\"professional\"><a href=\"https:\/\/lynxnaturebooks.com\/ca\/professional\/daniel-sol\/\">Daniel Sol<\/a><\/p><p class=\"professional\"><a href=\"https:\/\/lynxnaturebooks.com\/ca\/professional\/barry-taylor\/\">Barry Taylor<\/a><\/p><p class=\"professional\"><a href=\"https:\/\/lynxnaturebooks.com\/ca\/professional\/helen-j-temple\/\">Helen J. Temple<\/a><\/p><p class=\"professional\"><a href=\"https:\/\/lynxnaturebooks.com\/ca\/professional\/joseph-a-tobias\/\">Joseph A. Tobias<\/a><\/p><p class=\"professional\"><a href=\"https:\/\/lynxnaturebooks.com\/ca\/professional\/stephanie-j-tyler\/\">Stephanie J. Tyler<\/a><\/p><p class=\"professional\"><a href=\"https:\/\/lynxnaturebooks.com\/ca\/professional\/david-r-wells\/\">David R. Wells<\/a><\/p><\/div><h2>Editors<\/h2><div class=\"professionals-wrapper\"><p class=\"professional\"><a href=\"https:\/\/lynxnaturebooks.com\/professional\/josep-del-hoyo\/\">Josep del Hoyo<\/a><\/p><p class=\"professional\"><a href=\"https:\/\/lynxnaturebooks.com\/ca\/professional\/andrew-elliott\/\">Andrew Elliott<\/a><\/p><p class=\"professional\"><a href=\"https:\/\/lynxnaturebooks.com\/ca\/professional\/david-a-christie\/\">David A. Christie<\/a><\/p><\/div><h2>Il\u00b7lustradors<\/h2><div class=\"professionals-wrapper\"><p class=\"professional\"><a href=\"https:\/\/lynxnaturebooks.com\/ca\/professional\/norman-arlott\/\">Norman Arlott<\/a><\/p><p class=\"professional\"><a href=\"https:\/\/lynxnaturebooks.com\/ca\/professional\/hilary-burn\/\">Hilary Burn<\/a><\/p><p class=\"professional\"><a href=\"https:\/\/lynxnaturebooks.com\/ca\/professional\/john-cox\/\">John Cox<\/a><\/p><p class=\"professional\"><a href=\"https:\/\/lynxnaturebooks.com\/ca\/professional\/francois-desbordes\/\">Fran\u00e7ois Desbordes<\/a><\/p><p class=\"professional\"><a href=\"https:\/\/lynxnaturebooks.com\/ca\/professional\/ren-hathway\/\">Ren Hathway<\/a><\/p><p class=\"professional\"><a href=\"https:\/\/lynxnaturebooks.com\/ca\/professional\/ian-lewington\/\">Ian Lewington<\/a><\/p><p class=\"professional\"><a href=\"https:\/\/lynxnaturebooks.com\/ca\/professional\/h-douglas-pratt\/\">H. Douglas Pratt<\/a><\/p><p class=\"professional\"><a href=\"https:\/\/lynxnaturebooks.com\/ca\/professional\/chris-rose\/\">Chris Rose<\/a><\/p><p class=\"professional\"><a href=\"https:\/\/lynxnaturebooks.com\/ca\/professional\/brian-small\/\">Brian Small<\/a><\/p><p class=\"professional\"><a href=\"https:\/\/lynxnaturebooks.com\/ca\/professional\/jan-wilczur\/\">Jan Wilczur<\/a><\/p><p class=\"professional\"><a href=\"https:\/\/lynxnaturebooks.com\/ca\/professional\/ian-willis\/\">Ian Willis<\/a><\/p><p class=\"professional\"><a href=\"https:\/\/lynxnaturebooks.com\/ca\/professional\/tim-worfolk\/\">Tim Worfolk<\/a><\/p><\/div><\/div>        <!-- <h2 id=\"autors\" class=\"has-text-align-center\"><\/h2>\n        <div class=\"product-autors max-width-narrow\">\n                    <\/div> -->\n    \n\n<div style=\"height:23px\" aria-hidden=\"true\" class=\"wp-block-spacer\"><\/div>\n\n\n\n<h3 class=\"wp-block-heading has-text-align-center\">\u00cdndex de fam\u00edlia de la s\u00e8rie Handbook of the Birds of the World<\/h3>\n\n\n\n<p class=\"has-text-align-center\">Descarrega i imprimeix aquests \u00edndexs r\u00e0pids de totes les fam\u00edlies cobertes per HBW.<\/p>\n\n\n\n<div class=\"wp-block-columns is-layout-flex wp-container-core-columns-is-layout-9d6595d7 wp-block-columns-is-layout-flex\">\n<div class=\"wp-block-column is-layout-flow wp-block-column-is-layout-flow\">\n<p class=\"has-text-align-center button-link\"><a href=\"https:\/\/www.lynxeds.info\/doc\/hbwfam1-7\" target=\"_blank\" rel=\"noopener\">\u00cdndex de no passeres (vol. 1 a 7)<\/a><\/p>\n<\/div>\n\n\n\n<div class=\"wp-block-column is-layout-flow wp-block-column-is-layout-flow\">\n<p class=\"has-text-align-center button-link\"><a href=\"https:\/\/www.lynxeds.info\/doc\/hbwfam8-16\" target=\"_blank\" rel=\"noopener\">\u00cdndex de passeriformes (vol. 8 a 16)<\/a><\/p>\n<\/div>\n<\/div>\n\n<div class=\"wp-block-group max-width-narrow max-height\"><div class=\"wp-block-group__inner-container is-layout-constrained wp-block-group-is-layout-constrained\">\n<h2 class=\"wp-block-heading has-text-align-center\">Descripci\u00f3<\/h2>\n\n\n\n<p>Aquest volum \u00e9s el m\u00e9s gran de la s\u00e8rie (895 p\u00e0gines) i inclou la segona part d&#8217;oscines, amb 12 fam\u00edlies. Es cobreixen les fam\u00edlies d&#8217;\u00c0frica i el sud d&#8217;\u00c0sia (cucuts, bulbuls, ocells de fulla, fades blaves, ioras, Hypocolius), aix\u00ed com les del Nou M\u00f3n (mosquers sedosos, palmera, mockingbirds &amp; thrashers), entre d&#8217;altres que tamb\u00e9 estan representats a Europa i al nord d&#8217;\u00c0sia, com ara les ales de cera, els cassos i els roigs gaireb\u00e9 exclusivament americans, que inclouen l&#8217;excepci\u00f3 del roig del nord com\u00fa, un ocell pale\u00e0rtic. El volum acaba amb els accentors, exclusivament eurasi\u00e0tics, i la fam\u00edlia m\u00e9s nombrosa i estesa dels tords, que inclou alguns dels ocells m\u00e9s coneguts i estudiats, mereixedors del Text Familiar m\u00e9s llarg de l&#8217;enciclop\u00e8dia.<\/p>\n\n\n\n<h3 class=\"wp-block-heading\">Pr\u00f2leg sobre l&#8217;ecologia i l&#8217;impacte dels ocells no aut\u00f2ctons de <em>Daniel Sol<\/em> , <em>Tim Blackburn<\/em> , <em>Phillip Cassey<\/em> , <em>Richard Duncan<\/em> i <em>Jordi Clavell<\/em> .<\/h3>\n\n\n\n<figure class=\"wp-block-table\"><table><tbody><tr><td><strong>Ordre PASSERIFORMES<\/strong><\/td><td>\u00a0<\/td><td>\u00a0<\/td><\/tr><tr><td>Fam\u00edlia Campephagidae (Cucut-algues)<\/td><td>\u00a0<\/td><td>Barry Taylor<\/td><\/tr><tr><td>Fam\u00edlia Pycnonotidae (Bulbuls)<\/td><td>\u00a0<\/td><td>Lincoln Fishpool i Joe Tobias<\/td><\/tr><tr><td>Fam\u00edlia Chloropseidae (aus de fulla)<\/td><td>\u00a0<\/td><td>David Wells<\/td><\/tr><tr><td>Fam\u00edlia Irenidae (Fairy-bluebirds)<\/td><td>\u00a0<\/td><td>David Wells<\/td><\/tr><tr><td>Fam\u00edlia Aegithinidae (Ioras)<\/td><td>\u00a0<\/td><td>David Wells<\/td><\/tr><tr><td>Fam\u00edlia Ptilogonatidae (Patamosques sedosos)<\/td><td>\u00a0<\/td><td>Miyoko Chu<\/td><\/tr><tr><td>Fam\u00edlia Bombycillidae (Waxwings)<\/td><td>\u00a0<\/td><td>Jim Mountjoy<\/td><\/tr><tr><td>Fam\u00edlia Hypocoliidae (Hypocolius)<\/td><td>\u00a0<\/td><td>Richard Porter i Simon Aspinall<\/td><\/tr><tr><td>Fam\u00edlia Dulidae (Palmchat)<\/td><td>\u00a0<\/td><td>Helen Temple<\/td><\/tr><tr><td>Fam\u00edlia Cinclidae (Dippers)<\/td><td>\u00a0<\/td><td>Steve Ormerod i Stephanie Tyler<\/td><\/tr><tr><td>Fam\u00edlia Troglodytidae (Wrens)<\/td><td>\u00a0<\/td><td>Donald Kroodsma i David Brewer<\/td><\/tr><tr><td>Fam\u00edlia Mimidae (Mockingbirds and Thrashers)<\/td><td>\u00a0<\/td><td>Martin Cody<\/td><\/tr><tr><td>Fam\u00edlia Prunellidae (Accentors)<\/td><td>\u00a0<\/td><td>Ben Hatchwell<\/td><\/tr><tr><td>Fam\u00edlia Turdidae (tords)<\/td><td>\u00a0<\/td><td>Nigel Collar<\/td><\/tr><\/tbody><\/table><\/figure>\n\n\n\n<ul class=\"wp-block-list\">\n<li>81 plaques de colors<\/li>\n\n\n\n<li>427 fotografies<\/li>\n\n\n\n<li>737 mapes de distribuci\u00f3<\/li>\n\n\n\n<li>c. 6000 refer\u00e8ncies bibliogr\u00e0fiques<\/li>\n<\/ul>\n\n\n\n<p class=\"has-text-align-center button-link button-view-all\"><a href=\"#viewall\">Veure tot<\/a><\/p>\n<\/div><\/div>\n\n<div style=\"height:20px\" aria-hidden=\"true\" class=\"wp-block-spacer\"><\/div>\n\n<div class=\"wp-block-group max-width-narrow max-height\"><div class=\"wp-block-group__inner-container is-layout-constrained wp-block-group-is-layout-constrained\"><div class=\"wp-block-group max-width-narrow\"><\/div>\n\n\n\n<p class=\"has-text-align-center button-link button-view-all\"><a href=\"#viewall\">Veure tot<\/a><\/p>\n<\/div><\/div>\n","protected":false},"excerpt":{"rendered":"<p>El pr\u00f2leg, de Daniel Sol, Tim Blackburn, Phillip Cassey, Richard Duncan i Jordi Clavell, tracta sobre l&#8217;ecologia i l&#8217;impacte dels ocells ex\u00f2tics.<\/p>\n<p>Aquest volum \u00e9s el m\u00e9s gran de la s\u00e8rie (895 p\u00e0gines) i inclou la segona part d&#8217;oscines, amb 12 fam\u00edlies.<\/p>\n","protected":false},"featured_media":83662,"comment_status":"open","ping_status":"closed","template":"","meta":[],"collection":[],"product_brand":[],"product_cat":[243,193,227],"product_tag":[],"class_list":{"0":"post-2969","1":"product","2":"type-product","3":"status-publish","4":"has-post-thumbnail","6":"product_cat-enciclopedies","7":"product_cat-handbook-of-the-birds-of-the-world","8":"product_cat-ocells","10":"first","11":"instock","12":"shipping-taxable","13":"purchasable","14":"product-type-simple"},"_links":{"self":[{"href":"https:\/\/lynxnaturebooks.com\/ca\/wp-json\/wp\/v2\/product\/2969","targetHints":{"allow":["GET"]}}],"collection":[{"href":"https:\/\/lynxnaturebooks.com\/ca\/wp-json\/wp\/v2\/product"}],"about":[{"href":"https:\/\/lynxnaturebooks.com\/ca\/wp-json\/wp\/v2\/types\/product"}],"replies":[{"embeddable":true,"href":"https:\/\/lynxnaturebooks.com\/ca\/wp-json\/wp\/v2\/comments?post=2969"}],"wp:featuredmedia":[{"embeddable":true,"href":"https:\/\/lynxnaturebooks.com\/ca\/wp-json\/wp\/v2\/media\/83662"}],"wp:attachment":[{"href":"https:\/\/lynxnaturebooks.com\/ca\/wp-json\/wp\/v2\/media?parent=2969"}],"wp:term":[{"taxonomy":"collection","embeddable":true,"href":"https:\/\/lynxnaturebooks.com\/ca\/wp-json\/wp\/v2\/collection?post=2969"},{"taxonomy":"product_brand","embeddable":true,"href":"https:\/\/lynxnaturebooks.com\/ca\/wp-json\/wp\/v2\/product_brand?post=2969"},{"taxonomy":"product_cat","embeddable":true,"href":"https:\/\/lynxnaturebooks.com\/ca\/wp-json\/wp\/v2\/product_cat?post=2969"},{"taxonomy":"product_tag","embeddable":true,"href":"https:\/\/lynxnaturebooks.com\/ca\/wp-json\/wp\/v2\/product_tag?post=2969"}],"curies":[{"name":"wp","href":"https:\/\/api.w.org\/{rel}","templated":true}]}}